{"id":10027,"date":"2024-07-03T17:11:52","date_gmt":"2024-07-03T09:11:52","guid":{"rendered":"http:\/\/govtfurniture.com\/?post_type=product&#038;p=10027"},"modified":"2024-07-17T17:21:39","modified_gmt":"2024-07-17T09:21:39","slug":"159-4","status":"publish","type":"product","link":"https:\/\/govtfurniture.com\/cs\/produkt\/159-4\/","title":{"rendered":"Modern\u00ed kancel\u00e1\u0159sk\u00fd n\u00e1bytek Ergonomick\u00e1 designov\u00e1 \u017eidle ze s\u00ed\u0165oviny"},"content":{"rendered":"<div data-elementor-type=\"product-post\" data-elementor-id=\"10027\" class=\"elementor elementor-10027\">\n\t\t\t\t\t\t<section class=\"elementor-section elementor-top-section elementor-element elementor-element-48b19e20 elementor-section-boxed elementor-section-height-default elementor-section-height-default wd-section-disabled\" data-id=\"48b19e20\" data-element_type=\"section\">\n\t\t\t\t\t\t<div class=\"elementor-container elementor-column-gap-default\">\n\t\t\t\t\t<div class=\"elementor-column elementor-col-100 elementor-top-column elementor-element elementor-element-15d2c0c3\" data-id=\"15d2c0c3\" data-element_type=\"column\">\n\t\t\t<div class=\"elementor-widget-wrap elementor-element-populated\">\n\t\t\t\t\t\t<div class=\"elementor-element elementor-element-3acd7761 color-scheme-inherit text-left elementor-widget elementor-widget-text-editor\" data-id=\"3acd7761\" data-element_type=\"widget\" data-widget_type=\"text-editor.default\">\n\t\t\t\t\t\t\t\t\t<p><strong><img fetchpriority=\"high\" decoding=\"async\" class=\"alignnone size-full wp-image-9976\" src=\"http:\/\/govtfurniture.com\/wp-content\/uploads\/2024\/07\/SJA159-KT\u573a\u666f\u9ed1\u7f51-scaled.jpg\" alt=\"\" width=\"2560\" height=\"1498\" srcset=\"https:\/\/govtfurniture.com\/wp-content\/uploads\/2024\/07\/SJA159-KT\u573a\u666f\u9ed1\u7f51-scaled.jpg 2560w, https:\/\/govtfurniture.com\/wp-content\/uploads\/2024\/07\/SJA159-KT\u573a\u666f\u9ed1\u7f51-400x234.jpg 400w, https:\/\/govtfurniture.com\/wp-content\/uploads\/2024\/07\/SJA159-KT\u573a\u666f\u9ed1\u7f51-1300x760.jpg 1300w, https:\/\/govtfurniture.com\/wp-content\/uploads\/2024\/07\/SJA159-KT\u573a\u666f\u9ed1\u7f51-768x449.jpg 768w, https:\/\/govtfurniture.com\/wp-content\/uploads\/2024\/07\/SJA159-KT\u573a\u666f\u9ed1\u7f51-1536x899.jpg 1536w, https:\/\/govtfurniture.com\/wp-content\/uploads\/2024\/07\/SJA159-KT\u573a\u666f\u9ed1\u7f51-2048x1198.jpg 2048w, https:\/\/govtfurniture.com\/wp-content\/uploads\/2024\/07\/SJA159-KT\u573a\u666f\u9ed1\u7f51-18x12.jpg 18w, https:\/\/govtfurniture.com\/wp-content\/uploads\/2024\/07\/SJA159-KT\u573a\u666f\u9ed1\u7f51-860x503.jpg 860w, https:\/\/govtfurniture.com\/wp-content\/uploads\/2024\/07\/SJA159-KT\u573a\u666f\u9ed1\u7f51-430x252.jpg 430w, https:\/\/govtfurniture.com\/wp-content\/uploads\/2024\/07\/SJA159-KT\u573a\u666f\u9ed1\u7f51-700x409.jpg 700w, https:\/\/govtfurniture.com\/wp-content\/uploads\/2024\/07\/SJA159-KT\u573a\u666f\u9ed1\u7f51-150x88.jpg 150w\" sizes=\"(max-width: 2560px) 100vw, 2560px\" \/><\/strong><\/p><h2>Ergonomick\u00e1 kancel\u00e1\u0159sk\u00e1 \u017eidle se d\u00edky 9 nastaviteln\u00fdm bod\u016fm p\u0159izp\u016fsob\u00ed va\u0161emu t\u011blu a zajist\u00ed v\u00e1m pohodl\u00ed po cel\u00fd den.\u00a0<\/h2>\t\t\t\t\t\t\t\t<\/div>\n\t\t\t\t\t<\/div>\n\t\t<\/div>\n\t\t\t\t\t<\/div>\n\t\t<\/section>\n\t\t\t\t<section class=\"elementor-section elementor-top-section elementor-element elementor-element-24e5722 elementor-section-boxed elementor-section-height-default elementor-section-height-default wd-section-disabled\" data-id=\"24e5722\" data-element_type=\"section\">\n\t\t\t\t\t\t<div class=\"elementor-container elementor-column-gap-default\">\n\t\t\t\t\t<div class=\"elementor-column elementor-col-50 elementor-top-column elementor-element elementor-element-e9dfd0c\" data-id=\"e9dfd0c\" data-element_type=\"column\">\n\t\t\t<div class=\"elementor-widget-wrap elementor-element-populated\">\n\t\t\t\t\t\t<div class=\"elementor-element elementor-element-6cc20d1 elementor-widget elementor-widget-wd_image_or_svg\" data-id=\"6cc20d1\" data-element_type=\"widget\" data-widget_type=\"wd_image_or_svg.default\">\n\t\t\t\t<div class=\"elementor-widget-container\">\n\t\t\t\t\t\n\t\t<div class=\"wd-image text-left\">\n\t\t\t\t\t\t\t\t<img decoding=\"async\" width=\"2560\" height=\"2560\" src=\"https:\/\/govtfurniture.com\/wp-content\/uploads\/2024\/07\/SJA159-KT3\u4fa7\u8eba-scaled.jpg\" class=\"attachment-full size-full wp-image-9988\" alt=\"Kancel\u00e1\u0159sk\u00e1 \u017eidle,Ergonomick\u00e1 \u017eidle,\u017didle ze s\u00ed\u0165oviny\" srcset=\"https:\/\/govtfurniture.com\/wp-content\/uploads\/2024\/07\/SJA159-KT3\u4fa7\u8eba-scaled.jpg 2560w, https:\/\/govtfurniture.com\/wp-content\/uploads\/2024\/07\/SJA159-KT3\u4fa7\u8eba-300x300.jpg 300w, https:\/\/govtfurniture.com\/wp-content\/uploads\/2024\/07\/SJA159-KT3\u4fa7\u8eba-800x800.jpg 800w, https:\/\/govtfurniture.com\/wp-content\/uploads\/2024\/07\/SJA159-KT3\u4fa7\u8eba-150x150.jpg 150w, https:\/\/govtfurniture.com\/wp-content\/uploads\/2024\/07\/SJA159-KT3\u4fa7\u8eba-768x768.jpg 768w, https:\/\/govtfurniture.com\/wp-content\/uploads\/2024\/07\/SJA159-KT3\u4fa7\u8eba-1536x1536.jpg 1536w, https:\/\/govtfurniture.com\/wp-content\/uploads\/2024\/07\/SJA159-KT3\u4fa7\u8eba-2048x2048.jpg 2048w, https:\/\/govtfurniture.com\/wp-content\/uploads\/2024\/07\/SJA159-KT3\u4fa7\u8eba-12x12.jpg 12w, https:\/\/govtfurniture.com\/wp-content\/uploads\/2024\/07\/SJA159-KT3\u4fa7\u8eba-860x860.jpg 860w, https:\/\/govtfurniture.com\/wp-content\/uploads\/2024\/07\/SJA159-KT3\u4fa7\u8eba-430x430.jpg 430w, https:\/\/govtfurniture.com\/wp-content\/uploads\/2024\/07\/SJA159-KT3\u4fa7\u8eba-700x700.jpg 700w\" sizes=\"(max-width: 2560px) 100vw, 2560px\" \/>\t\t\t\t\t<\/div>\n\n\t\t\t\t\t\t<\/div>\n\t\t\t\t<\/div>\n\t\t\t\t\t<\/div>\n\t\t<\/div>\n\t\t\t\t<div class=\"elementor-column elementor-col-50 elementor-top-column elementor-element elementor-element-47d5cf8\" data-id=\"47d5cf8\" data-element_type=\"column\">\n\t\t\t<div class=\"elementor-widget-wrap elementor-element-populated\">\n\t\t\t\t\t\t<div class=\"elementor-element elementor-element-5129f46 elementor-widget elementor-widget-wd_image_or_svg\" data-id=\"5129f46\" data-element_type=\"widget\" data-widget_type=\"wd_image_or_svg.default\">\n\t\t\t\t<div class=\"elementor-widget-container\">\n\t\t\t\t\t\n\t\t<div class=\"wd-image text-left\">\n\t\t\t\t\t\t\t\t<img decoding=\"async\" width=\"2560\" height=\"2560\" src=\"https:\/\/govtfurniture.com\/wp-content\/uploads\/2024\/07\/SJA159-KT3\u540e-scaled.jpg\" class=\"attachment-full size-full wp-image-9986\" alt=\"Kancel\u00e1\u0159sk\u00e1 \u017eidle,Ergonomick\u00e1 \u017eidle,\u017didle ze s\u00ed\u0165oviny\" srcset=\"https:\/\/govtfurniture.com\/wp-content\/uploads\/2024\/07\/SJA159-KT3\u540e-scaled.jpg 2560w, https:\/\/govtfurniture.com\/wp-content\/uploads\/2024\/07\/SJA159-KT3\u540e-300x300.jpg 300w, https:\/\/govtfurniture.com\/wp-content\/uploads\/2024\/07\/SJA159-KT3\u540e-800x800.jpg 800w, https:\/\/govtfurniture.com\/wp-content\/uploads\/2024\/07\/SJA159-KT3\u540e-150x150.jpg 150w, https:\/\/govtfurniture.com\/wp-content\/uploads\/2024\/07\/SJA159-KT3\u540e-768x768.jpg 768w, https:\/\/govtfurniture.com\/wp-content\/uploads\/2024\/07\/SJA159-KT3\u540e-1536x1536.jpg 1536w, https:\/\/govtfurniture.com\/wp-content\/uploads\/2024\/07\/SJA159-KT3\u540e-2048x2048.jpg 2048w, https:\/\/govtfurniture.com\/wp-content\/uploads\/2024\/07\/SJA159-KT3\u540e-12x12.jpg 12w, https:\/\/govtfurniture.com\/wp-content\/uploads\/2024\/07\/SJA159-KT3\u540e-860x860.jpg 860w, https:\/\/govtfurniture.com\/wp-content\/uploads\/2024\/07\/SJA159-KT3\u540e-430x430.jpg 430w, https:\/\/govtfurniture.com\/wp-content\/uploads\/2024\/07\/SJA159-KT3\u540e-700x700.jpg 700w\" sizes=\"(max-width: 2560px) 100vw, 2560px\" \/>\t\t\t\t\t<\/div>\n\n\t\t\t\t\t\t<\/div>\n\t\t\t\t<\/div>\n\t\t\t\t\t<\/div>\n\t\t<\/div>\n\t\t\t\t\t<\/div>\n\t\t<\/section>\n\t\t\t\t<\/div>","protected":false},"excerpt":{"rendered":"<p>Ergonomick\u00e1 kancel\u00e1\u0159sk\u00e1 \u017eidle se d\u00edky 9 nastaviteln\u00fdm bod\u016fm p\u0159izp\u016fsob\u00ed va\u0161emu t\u011blu a zajist\u00ed v\u00e1m pohodl\u00ed po cel\u00fd den.<\/p>","protected":false},"featured_media":9987,"comment_status":"open","ping_status":"closed","template":"","meta":{"_monsterinsights_skip_tracking":false,"_monsterinsights_sitenote_active":false,"_monsterinsights_sitenote_note":"","_monsterinsights_sitenote_category":0},"product_brand":[],"product_cat":[124,123],"product_tag":[],"class_list":{"0":"post-10027","1":"product","2":"type-product","3":"status-publish","4":"has-post-thumbnail","6":"product_cat-ergonomic-chair","7":"product_cat-office-chair-series","9":"first","10":"instock","11":"sale","12":"featured","13":"shipping-taxable","14":"purchasable","15":"product-type-simple"},"yoast_head":"<!-- This site is optimized with the Yoast SEO Premium plugin v23.9 (Yoast SEO v25.1) - https:\/\/yoast.com\/wordpress\/plugins\/seo\/ -->\n<title>Modern Office Furniture Ergonomic Mesh Design Chair - factory<\/title>\n<meta name=\"description\" content=\"Our main products include boss desk, office desk, conference table, office sofa, filing cabinet, reception desk, office chair, office cubical screen\uff0cetc.\" \/>\n<meta name=\"robots\" content=\"index, follow, max-snippet:-1, max-image-preview:large, max-video-preview:-1\" \/>\n<link rel=\"canonical\" href=\"https:\/\/govtfurniture.com\/cs\/produk\/159-4\/\" \/>\n<meta property=\"og:locale\" content=\"cs_CZ\" \/>\n<meta property=\"og:type\" content=\"article\" \/>\n<meta property=\"og:title\" content=\"Modern Office Furniture Ergonomic Mesh Design Chair\" \/>\n<meta property=\"og:description\" content=\"Our main products include boss desk, office desk, conference table, office sofa, filing cabinet, reception desk, office chair, office cubical screen\uff0cetc.\" \/>\n<meta property=\"og:url\" content=\"https:\/\/govtfurniture.com\/cs\/produk\/159-4\/\" \/>\n<meta property=\"og:site_name\" content=\"ROYAL PRIDE Furniture Co., Ltd. Global Government Furniture Manufacturing\" \/>\n<meta property=\"article:publisher\" content=\"https:\/\/www.facebook.com\/profile.php?id=61560913657184\" \/>\n<meta property=\"article:modified_time\" content=\"2024-07-17T09:21:39+00:00\" \/>\n<meta property=\"og:image\" content=\"https:\/\/govtfurniture.com\/wp-content\/uploads\/2024\/07\/SJA159-KT3\u524d45\u5ea6-scaled.jpg\" \/>\n\t<meta property=\"og:image:width\" content=\"2560\" \/>\n\t<meta property=\"og:image:height\" content=\"2560\" \/>\n\t<meta property=\"og:image:type\" content=\"image\/jpeg\" \/>\n<meta name=\"twitter:card\" content=\"summary_large_image\" \/>\n<meta name=\"twitter:site\" content=\"@huangpai688\" \/>\n<meta name=\"twitter:label1\" content=\"Odhadovan\u00e1 doba \u010dten\u00ed\" \/>\n\t<meta name=\"twitter:data1\" content=\"1 minuta\" \/>\n<script type=\"application\/ld+json\" class=\"yoast-schema-graph\">{\"@context\":\"https:\/\/schema.org\",\"@graph\":[{\"@type\":\"WebPage\",\"@id\":\"https:\/\/govtfurniture.com\/id\/produk\/159-4\/\",\"url\":\"https:\/\/govtfurniture.com\/id\/produk\/159-4\/\",\"name\":\"Modern Office Furniture Ergonomic Mesh Design Chair - factory\",\"isPartOf\":{\"@id\":\"https:\/\/govtfurniture.com\/pt\/#website\"},\"primaryImageOfPage\":{\"@id\":\"https:\/\/govtfurniture.com\/id\/produk\/159-4\/#primaryimage\"},\"image\":{\"@id\":\"https:\/\/govtfurniture.com\/id\/produk\/159-4\/#primaryimage\"},\"thumbnailUrl\":\"https:\/\/govtfurniture.com\/wp-content\/uploads\/2024\/07\/SJA159-KT3\u524d45\u5ea6-scaled.jpg\",\"datePublished\":\"2024-07-03T09:11:52+00:00\",\"dateModified\":\"2024-07-17T09:21:39+00:00\",\"description\":\"Our main products include boss desk, office desk, conference table, office sofa, filing cabinet, reception desk, office chair, office cubical screen\uff0cetc.\",\"breadcrumb\":{\"@id\":\"https:\/\/govtfurniture.com\/id\/produk\/159-4\/#breadcrumb\"},\"inLanguage\":\"cs\",\"potentialAction\":[{\"@type\":\"ReadAction\",\"target\":[\"https:\/\/govtfurniture.com\/id\/produk\/159-4\/\"]}]},{\"@type\":\"ImageObject\",\"inLanguage\":\"cs\",\"@id\":\"https:\/\/govtfurniture.com\/id\/produk\/159-4\/#primaryimage\",\"url\":\"https:\/\/govtfurniture.com\/wp-content\/uploads\/2024\/07\/SJA159-KT3\u524d45\u5ea6-scaled.jpg\",\"contentUrl\":\"https:\/\/govtfurniture.com\/wp-content\/uploads\/2024\/07\/SJA159-KT3\u524d45\u5ea6-scaled.jpg\",\"width\":2560,\"height\":2560,\"caption\":\"Office Chair,Ergonomic Chair,Mesh Chair\"},{\"@type\":\"BreadcrumbList\",\"@id\":\"https:\/\/govtfurniture.com\/id\/produk\/159-4\/#breadcrumb\",\"itemListElement\":[{\"@type\":\"ListItem\",\"position\":1,\"name\":\"\u9996\u9875\",\"item\":\"https:\/\/govtfurniture.com\/\"},{\"@type\":\"ListItem\",\"position\":2,\"name\":\"Product\",\"item\":\"https:\/\/govtfurniture.com\/shop\/\"},{\"@type\":\"ListItem\",\"position\":3,\"name\":\"Modern Office Furniture Ergonomic Mesh Design Chair\"}]},{\"@type\":\"WebSite\",\"@id\":\"https:\/\/govtfurniture.com\/pt\/#website\",\"url\":\"https:\/\/govtfurniture.com\/pt\/\",\"name\":\"ROYAL PRIDE Furniture Co., Ltd.\",\"description\":\"Government furniture customization Creating environmentally friendly, healthy and comfortable furniture products\",\"publisher\":{\"@id\":\"https:\/\/govtfurniture.com\/pt\/#organization\"},\"alternateName\":\"huangpai Furniture\",\"potentialAction\":[{\"@type\":\"SearchAction\",\"target\":{\"@type\":\"EntryPoint\",\"urlTemplate\":\"https:\/\/govtfurniture.com\/pt\/?s={search_term_string}\"},\"query-input\":{\"@type\":\"PropertyValueSpecification\",\"valueRequired\":true,\"valueName\":\"search_term_string\"}}],\"inLanguage\":\"cs\"},{\"@type\":\"Organization\",\"@id\":\"https:\/\/govtfurniture.com\/pt\/#organization\",\"name\":\"ROYAL PRIDE Furniture Co., Ltd.\",\"url\":\"https:\/\/govtfurniture.com\/pt\/\",\"logo\":{\"@type\":\"ImageObject\",\"inLanguage\":\"cs\",\"@id\":\"https:\/\/govtfurniture.com\/pt\/#\/schema\/logo\/image\/\",\"url\":\"https:\/\/govtfurniture.com\/wp-content\/uploads\/2024\/07\/logo3.jpg\",\"contentUrl\":\"https:\/\/govtfurniture.com\/wp-content\/uploads\/2024\/07\/logo3.jpg\",\"width\":512,\"height\":512,\"caption\":\"ROYAL PRIDE Furniture Co., Ltd.\"},\"image\":{\"@id\":\"https:\/\/govtfurniture.com\/pt\/#\/schema\/logo\/image\/\"},\"sameAs\":[\"https:\/\/www.facebook.com\/profile.php?id=61560913657184\",\"https:\/\/x.com\/huangpai688\",\"https:\/\/www.youtube.com\/@RoyalPrideFurniture\",\"https:\/\/www.pinterest.com\/pin\/890235051338475626\/\",\"https:\/\/www.tiktok.com\/@ryalprideofficefurniture\"]}]}<\/script>\n<!-- \/ Yoast SEO Premium plugin. -->","yoast_head_json":{"title":"Modern Office Furniture Ergonomic Mesh Design Chair - factory","description":"Our main products include boss desk, office desk, conference table, office sofa, filing cabinet, reception desk, office chair, office cubical screen\uff0cetc.","robots":{"index":"index","follow":"follow","max-snippet":"max-snippet:-1","max-image-preview":"max-image-preview:large","max-video-preview":"max-video-preview:-1"},"canonical":"https:\/\/govtfurniture.com\/cs\/produk\/159-4\/","og_locale":"cs_CZ","og_type":"article","og_title":"Modern Office Furniture Ergonomic Mesh Design Chair","og_description":"Our main products include boss desk, office desk, conference table, office sofa, filing cabinet, reception desk, office chair, office cubical screen\uff0cetc.","og_url":"https:\/\/govtfurniture.com\/cs\/produk\/159-4\/","og_site_name":"ROYAL PRIDE Furniture Co., Ltd. Global Government Furniture Manufacturing","article_publisher":"https:\/\/www.facebook.com\/profile.php?id=61560913657184","article_modified_time":"2024-07-17T09:21:39+00:00","og_image":[{"width":2560,"height":2560,"url":"https:\/\/govtfurniture.com\/wp-content\/uploads\/2024\/07\/SJA159-KT3\u524d45\u5ea6-scaled.jpg","type":"image\/jpeg"}],"twitter_card":"summary_large_image","twitter_site":"@huangpai688","twitter_misc":{"Odhadovan\u00e1 doba \u010dten\u00ed":"1 minuta"},"schema":{"@context":"https:\/\/schema.org","@graph":[{"@type":"WebPage","@id":"https:\/\/govtfurniture.com\/id\/produk\/159-4\/","url":"https:\/\/govtfurniture.com\/id\/produk\/159-4\/","name":"Modern Office Furniture Ergonomic Mesh Design Chair - factory","isPartOf":{"@id":"https:\/\/govtfurniture.com\/pt\/#website"},"primaryImageOfPage":{"@id":"https:\/\/govtfurniture.com\/id\/produk\/159-4\/#primaryimage"},"image":{"@id":"https:\/\/govtfurniture.com\/id\/produk\/159-4\/#primaryimage"},"thumbnailUrl":"https:\/\/govtfurniture.com\/wp-content\/uploads\/2024\/07\/SJA159-KT3\u524d45\u5ea6-scaled.jpg","datePublished":"2024-07-03T09:11:52+00:00","dateModified":"2024-07-17T09:21:39+00:00","description":"Our main products include boss desk, office desk, conference table, office sofa, filing cabinet, reception desk, office chair, office cubical screen\uff0cetc.","breadcrumb":{"@id":"https:\/\/govtfurniture.com\/id\/produk\/159-4\/#breadcrumb"},"inLanguage":"cs","potentialAction":[{"@type":"ReadAction","target":["https:\/\/govtfurniture.com\/id\/produk\/159-4\/"]}]},{"@type":"ImageObject","inLanguage":"cs","@id":"https:\/\/govtfurniture.com\/id\/produk\/159-4\/#primaryimage","url":"https:\/\/govtfurniture.com\/wp-content\/uploads\/2024\/07\/SJA159-KT3\u524d45\u5ea6-scaled.jpg","contentUrl":"https:\/\/govtfurniture.com\/wp-content\/uploads\/2024\/07\/SJA159-KT3\u524d45\u5ea6-scaled.jpg","width":2560,"height":2560,"caption":"Office Chair,Ergonomic Chair,Mesh Chair"},{"@type":"BreadcrumbList","@id":"https:\/\/govtfurniture.com\/id\/produk\/159-4\/#breadcrumb","itemListElement":[{"@type":"ListItem","position":1,"name":"\u9996\u9875","item":"https:\/\/govtfurniture.com\/"},{"@type":"ListItem","position":2,"name":"Product","item":"https:\/\/govtfurniture.com\/shop\/"},{"@type":"ListItem","position":3,"name":"Modern Office Furniture Ergonomic Mesh Design Chair"}]},{"@type":"WebSite","@id":"https:\/\/govtfurniture.com\/pt\/#website","url":"https:\/\/govtfurniture.com\/pt\/","name":"ROYAL PRIDE Furniture Co., Ltd.","description":"Government furniture customization Creating environmentally friendly, healthy and comfortable furniture products","publisher":{"@id":"https:\/\/govtfurniture.com\/pt\/#organization"},"alternateName":"huangpai Furniture","potentialAction":[{"@type":"SearchAction","target":{"@type":"EntryPoint","urlTemplate":"https:\/\/govtfurniture.com\/pt\/?s={search_term_string}"},"query-input":{"@type":"PropertyValueSpecification","valueRequired":true,"valueName":"search_term_string"}}],"inLanguage":"cs"},{"@type":"Organization","@id":"https:\/\/govtfurniture.com\/pt\/#organization","name":"ROYAL PRIDE Furniture Co., Ltd.","url":"https:\/\/govtfurniture.com\/pt\/","logo":{"@type":"ImageObject","inLanguage":"cs","@id":"https:\/\/govtfurniture.com\/pt\/#\/schema\/logo\/image\/","url":"https:\/\/govtfurniture.com\/wp-content\/uploads\/2024\/07\/logo3.jpg","contentUrl":"https:\/\/govtfurniture.com\/wp-content\/uploads\/2024\/07\/logo3.jpg","width":512,"height":512,"caption":"ROYAL PRIDE Furniture Co., Ltd."},"image":{"@id":"https:\/\/govtfurniture.com\/pt\/#\/schema\/logo\/image\/"},"sameAs":["https:\/\/www.facebook.com\/profile.php?id=61560913657184","https:\/\/x.com\/huangpai688","https:\/\/www.youtube.com\/@RoyalPrideFurniture","https:\/\/www.pinterest.com\/pin\/890235051338475626\/","https:\/\/www.tiktok.com\/@ryalprideofficefurniture"]}]}},"_links":{"self":[{"href":"https:\/\/govtfurniture.com\/cs\/wp-json\/wp\/v2\/product\/10027","targetHints":{"allow":["GET"]}}],"collection":[{"href":"https:\/\/govtfurniture.com\/cs\/wp-json\/wp\/v2\/product"}],"about":[{"href":"https:\/\/govtfurniture.com\/cs\/wp-json\/wp\/v2\/types\/product"}],"replies":[{"embeddable":true,"href":"https:\/\/govtfurniture.com\/cs\/wp-json\/wp\/v2\/comments?post=10027"}],"version-history":[{"count":17,"href":"https:\/\/govtfurniture.com\/cs\/wp-json\/wp\/v2\/product\/10027\/revisions"}],"predecessor-version":[{"id":10785,"href":"https:\/\/govtfurniture.com\/cs\/wp-json\/wp\/v2\/product\/10027\/revisions\/10785"}],"wp:featuredmedia":[{"embeddable":true,"href":"https:\/\/govtfurniture.com\/cs\/wp-json\/wp\/v2\/media\/9987"}],"wp:attachment":[{"href":"https:\/\/govtfurniture.com\/cs\/wp-json\/wp\/v2\/media?parent=10027"}],"wp:term":[{"taxonomy":"product_brand","embeddable":true,"href":"https:\/\/govtfurniture.com\/cs\/wp-json\/wp\/v2\/product_brand?post=10027"},{"taxonomy":"product_cat","embeddable":true,"href":"https:\/\/govtfurniture.com\/cs\/wp-json\/wp\/v2\/product_cat?post=10027"},{"taxonomy":"product_tag","embeddable":true,"href":"https:\/\/govtfurniture.com\/cs\/wp-json\/wp\/v2\/product_tag?post=10027"}],"curies":[{"name":"wp","href":"https:\/\/api.w.org\/{rel}","templated":true}]}}