{"id":11533,"date":"2024-10-09T15:22:58","date_gmt":"2024-10-09T07:22:58","guid":{"rendered":"http:\/\/govtfurniture.com\/?post_type=product&#038;p=11533"},"modified":"2024-11-29T16:11:24","modified_gmt":"2024-11-29T08:11:24","slug":"115","status":"publish","type":"product","link":"https:\/\/govtfurniture.com\/cs\/produkt\/115\/","title":{"rendered":"Vl\u00e1dn\u00ed kancel\u00e1\u0159sk\u00fd n\u00e1bytek Velkoobchod Profesion\u00e1ln\u00ed pohodln\u00e9 360 stup\u0148\u016f oto\u010dn\u00e9 Premium kancel\u00e1\u0159sk\u00e9 luxusn\u00ed ko\u017een\u00e9 \u017eidle, \u010c\u00edna Modern\u00ed kancel\u00e1\u0159sk\u00fd n\u00e1bytek \u017eidle"},"content":{"rendered":"<div data-elementor-type=\"product-post\" data-elementor-id=\"11533\" class=\"elementor elementor-11533\">\n\t\t\t\t\t\t<section class=\"elementor-section elementor-top-section elementor-element elementor-element-4a6ab59 elementor-section-boxed elementor-section-height-default elementor-section-height-default wd-section-disabled\" data-id=\"4a6ab59\" data-element_type=\"section\">\n\t\t\t\t\t\t<div class=\"elementor-container elementor-column-gap-default\">\n\t\t\t\t\t<div class=\"elementor-column elementor-col-100 elementor-top-column elementor-element elementor-element-34ee871e\" data-id=\"34ee871e\" data-element_type=\"column\">\n\t\t\t<div class=\"elementor-widget-wrap elementor-element-populated\">\n\t\t\t\t\t\t\t<\/div>\n\t\t<\/div>\n\t\t\t\t\t<\/div>\n\t\t<\/section>\n\t\t\t\t<section class=\"elementor-section elementor-top-section elementor-element elementor-element-6509ba3a elementor-section-content-middle elementor-section-boxed elementor-section-height-default elementor-section-height-default wd-section-disabled\" data-id=\"6509ba3a\" data-element_type=\"section\">\n\t\t\t\t\t\t<div class=\"elementor-container elementor-column-gap-default\">\n\t\t\t\t\t<div class=\"elementor-column elementor-col-50 elementor-top-column elementor-element elementor-element-25d21b6d\" data-id=\"25d21b6d\" data-element_type=\"column\">\n\t\t\t<div class=\"elementor-widget-wrap elementor-element-populated\">\n\t\t\t\t\t\t<div class=\"elementor-element elementor-element-4fe0dfc8 elementor-widget elementor-widget-wd_3d_view\" data-id=\"4fe0dfc8\" data-element_type=\"widget\" data-widget_type=\"wd_3d_view.default\">\n\t\t\t\t<div class=\"elementor-widget-container\">\n\t\t\t\t\t\t\t<div class=\"wd-threed-view\" data-args='{\"frames_count\":12,\"images\":[\"https:\\\/\\\/govtfurniture.com\\\/wp-content\\\/uploads\\\/2024\\\/10\\\/YH04-6-1-800x800.jpg\",\"https:\\\/\\\/govtfurniture.com\\\/wp-content\\\/uploads\\\/2024\\\/10\\\/YH04-16-1-800x800.jpg\",\"https:\\\/\\\/govtfurniture.com\\\/wp-content\\\/uploads\\\/2024\\\/10\\\/YH04-26-800x800.jpg\",\"https:\\\/\\\/govtfurniture.com\\\/wp-content\\\/uploads\\\/2024\\\/10\\\/YH04-8-800x800.jpg\",\"https:\\\/\\\/govtfurniture.com\\\/wp-content\\\/uploads\\\/2024\\\/10\\\/YH04-7-800x800.jpg\",\"https:\\\/\\\/govtfurniture.com\\\/wp-content\\\/uploads\\\/2024\\\/10\\\/YH04-17-1-800x800.jpg\",\"https:\\\/\\\/govtfurniture.com\\\/wp-content\\\/uploads\\\/2024\\\/10\\\/YH04-9-800x800.jpg\",\"https:\\\/\\\/govtfurniture.com\\\/wp-content\\\/uploads\\\/2024\\\/10\\\/YH04-23-800x800.jpg\",\"https:\\\/\\\/govtfurniture.com\\\/wp-content\\\/uploads\\\/2024\\\/10\\\/YH04-24-800x800.jpg\",\"https:\\\/\\\/govtfurniture.com\\\/wp-content\\\/uploads\\\/2024\\\/10\\\/YH04-25-800x800.jpg\",\"https:\\\/\\\/govtfurniture.com\\\/wp-content\\\/uploads\\\/2024\\\/10\\\/YH04-4-1-800x800.jpg\",\"https:\\\/\\\/govtfurniture.com\\\/wp-content\\\/uploads\\\/2024\\\/10\\\/YH04-3-1-800x800.jpg\"],\"width\":800,\"height\":800}'>\n\t\t\t<ul class=\"threed-view-images\"><\/ul>\n\t\t\t<div class=\"spinner\">\n\t\t\t\t<span>0%<\/span>\n\t\t\t<\/div>\n\t\t<\/div>\n\t\t\t\t\t\t<\/div>\n\t\t\t\t<\/div>\n\t\t\t\t\t<\/div>\n\t\t<\/div>\n\t\t\t\t<div class=\"elementor-column elementor-col-50 elementor-top-column elementor-element elementor-element-64108223 text-center\" data-id=\"64108223\" data-element_type=\"column\">\n\t\t\t<div class=\"elementor-widget-wrap elementor-element-populated\">\n\t\t\t\t\t\t<div class=\"elementor-element elementor-element-79ced9ab elementor-widget elementor-widget-wd_title\" data-id=\"79ced9ab\" data-element_type=\"widget\" data-widget_type=\"wd_title.default\">\n\t\t\t\t<div class=\"elementor-widget-container\">\n\t\t\t\t\t\t\t<div class=\"title-wrapper set-mb-s reset-last-child wd-title-color-primary wd-title-style-default wd-title-size-large text-left\">\n\n\t\t\t\n\t\t\t<div class=\"liner-continer\">\n\t\t\t\t<h4 class=\"woodmart-title-container title wd-fontsize-xxl\">M\u00f3dn\u00ed vzhled ukazuje mimo\u0159\u00e1dn\u00fd vkus.<br \/>\n<\/h4> \n\t\t\t\t\t\t\t<\/div>\n\n\t\t\t\t\t\t\t<div class=\"title-after_title set-cont-mb-s reset-last-child wd-fontsize-s\">\n\t\t\t\t\t<h3>K\u016f\u017ee je m\u011bkk\u00e1 a jemn\u00e1, pln\u00e1 lesku. Je nejen pohodln\u00e1, ale tak\u00e9 se snadno \u010dist\u00ed. Kovov\u00fd r\u00e1m je pevn\u00fd a odoln\u00fd. Po jemn\u00e9m brou\u0161en\u00ed a o\u0161et\u0159en\u00ed je odoln\u00fd proti korozi a korozi a vydr\u017e\u00ed dlouhodob\u00e9 pou\u017e\u00edv\u00e1n\u00ed. Ka\u017ed\u00fd detail je pe\u010dliv\u011b zpracov\u00e1n jen proto, aby v\u00e1m p\u0159inesl ten nejlep\u0161\u00ed kancel\u00e1\u0159sk\u00fd z\u00e1\u017eitek.<\/h3>\t\t\t\t<\/div>\n\t\t\t\t\t<\/div>\n\t\t\t\t\t\t<\/div>\n\t\t\t\t<\/div>\n\t\t\t\t<div class=\"elementor-element elementor-element-145e5098 elementor-widget__width-auto elementor-widget elementor-widget-wd_button\" data-id=\"145e5098\" data-element_type=\"widget\" data-widget_type=\"wd_button.default\">\n\t\t\t\t<div class=\"elementor-widget-container\">\n\t\t\t\t\t\t\t<div class=\"wd-button-wrapper text-center\" >\n\t\t\t<a class=\"btn btn-style-default btn-style-rectangle btn-size-default btn-color-black btn-icon-pos-right\"  href=\"#\">\n\t\t\t\t<span class=\"wd-btn-text\" data-elementor-setting-key=\"text\">\n\t\t\t\t\tNAKUPOVAT NYN\u00cd\t\t\t\t<\/span>\n\n\t\t\t\t\t\t\t<\/a>\n\t\t<\/div>\n\t\t\t\t\t\t<\/div>\n\t\t\t\t<\/div>\n\t\t\t\t<div class=\"elementor-element elementor-element-6bcb9bb4 elementor-widget__width-auto elementor-widget elementor-widget-wd_button\" data-id=\"6bcb9bb4\" data-element_type=\"widget\" data-widget_type=\"wd_button.default\">\n\t\t\t\t<div class=\"elementor-widget-container\">\n\t\t\t\t\t\t\t<div class=\"wd-button-wrapper text-center\" >\n\t\t\t<a class=\"btn btn-style-bordered btn-style-rectangle btn-size-default btn-color-default btn-icon-pos-right\"  href=\"#\">\n\t\t\t\t<span class=\"wd-btn-text\" data-elementor-setting-key=\"text\">\n\t\t\t\t\tZOBRAZIT V\u00cdCE\t\t\t\t<\/span>\n\n\t\t\t\t\t\t\t<\/a>\n\t\t<\/div>\n\t\t\t\t\t\t<\/div>\n\t\t\t\t<\/div>\n\t\t\t\t\t<\/div>\n\t\t<\/div>\n\t\t\t\t\t<\/div>\n\t\t<\/section>\n\t\t\t\t<section class=\"elementor-section elementor-top-section elementor-element elementor-element-23dfa675 elementor-section-boxed elementor-section-height-default elementor-section-height-default wd-section-disabled\" data-id=\"23dfa675\" data-element_type=\"section\">\n\t\t\t\t\t\t<div class=\"elementor-container elementor-column-gap-default\">\n\t\t\t\t\t<div class=\"elementor-column elementor-col-100 elementor-top-column elementor-element elementor-element-57c79f13\" data-id=\"57c79f13\" data-element_type=\"column\">\n\t\t\t<div class=\"elementor-widget-wrap\">\n\t\t\t\t\t\t\t<\/div>\n\t\t<\/div>\n\t\t\t\t\t<\/div>\n\t\t<\/section>\n\t\t\t\t<section class=\"elementor-section elementor-top-section elementor-element elementor-element-835762b wd-section-stretch elementor-section-boxed elementor-section-height-default elementor-section-height-default\" data-id=\"835762b\" data-element_type=\"section\" data-settings=\"{&quot;background_background&quot;:&quot;classic&quot;}\">\n\t\t\t\t\t\t<div class=\"elementor-container elementor-column-gap-default\">\n\t\t\t\t\t\t<link rel=\"stylesheet\" id=\"wd-collapsible-content-css\" href=\"https:\/\/govtfurniture.com\/wp-content\/themes\/woodmart\/css\/parts\/elem-opt-collapsible-content.min.css?ver=7.0.3\" type=\"text\/css\" media=\"all\" \/> \t\t\t\t\t<div class=\"elementor-column elementor-col-100 elementor-top-column elementor-element elementor-element-716ea144 wd-collapsible-content\" data-id=\"716ea144\" data-element_type=\"column\">\n\t\t\t<div class=\"elementor-widget-wrap elementor-element-populated\">\n\t\t\t\t\t\t<div class=\"elementor-element elementor-element-4d6f4e2f elementor-widget elementor-widget-wd_title\" data-id=\"4d6f4e2f\" data-element_type=\"widget\" data-widget_type=\"wd_title.default\">\n\t\t\t\t<div class=\"elementor-widget-container\">\n\t\t\t\t\t\t\t<div class=\"title-wrapper set-mb-s reset-last-child wd-title-color-default wd-title-style-default wd-title-size-default text-left\">\n\n\t\t\t\n\t\t\t<div class=\"liner-continer\">\n\t\t\t\t<h4 class=\"woodmart-title-container title wd-fontsize-l\">O kancel\u00e1\u0159sk\u00fdch \u017eidl\u00edch<\/h4> \n\t\t\t\t\t\t\t<\/div>\n\n\t\t\t\t\t<\/div>\n\t\t\t\t\t\t<\/div>\n\t\t\t\t<\/div>\n\t\t\t\t<div class=\"elementor-element elementor-element-13353d78 elementor-widget elementor-widget-wd_text_block\" data-id=\"13353d78\" data-element_type=\"widget\" data-widget_type=\"wd_text_block.default\">\n\t\t\t\t<div class=\"elementor-widget-container\">\n\t\t\t\t\t\t\t<div class=\"wd-text-block reset-last-child text-left\">\n\t\t\t\n\t\t\t<h5><span style=\"color: #000000;\"><b>Jak se zm\u011b\u0159\u00edm p\u0159i v\u00fdb\u011bru kancel\u00e1\u0159sk\u00e9 \u017eidle?<\/b><\/span><br \/><span style=\"color: #000000;\">Nejprve si stoupn\u011bte p\u0159ed kancel\u00e1\u0159skou \u017eidli, abyste zjistili ide\u00e1ln\u00ed v\u00fd\u0161ku sedadla. Nastavte v\u00fd\u0161ku sed\u00e1ku nebo pol\u0161t\u00e1\u0159e tak, aby horn\u00ed \u010d\u00e1st ergonomick\u00e9 po\u010d\u00edta\u010dov\u00e9 \u017eidle nebo pol\u0161t\u00e1\u0159e byla pod va\u0161\u00ed \u010d\u00e9\u0161kou. Nastavte v\u00fd\u0161ku sedadla pracovn\u00ed \u017eidle tak, aby va\u0161e lokty vytv\u00e1\u0159ely \u0161irok\u00fd \u00fahel 90-100 stup\u0148\u016f. M\u011b\u0148te v\u00fd\u0161ku \u017eidle tak dlouho, dokud nebudou va\u0161e pa\u017ee rovnob\u011b\u017en\u00e9 se stolem nebo m\u00edrn\u011b sklon\u011bn\u00e9 sm\u011brem k n\u011bmu.<\/span><\/h5><p><span style=\"color: #000000;\"><b>Jak se ur\u010duje v\u00fd\u0161ka sed\u00e1ku \u017eidle?<\/b><\/span><br \/><span style=\"color: #000000;\">Sedadlo mus\u00ed m\u00edt takovou v\u00fd\u0161ku, abyste mohli pohodln\u011b sed\u011bt s koleny pokr\u010den\u00fdmi v prav\u00e9m \u00fahlu a s chodidly polo\u017een\u00fdmi na podlaze. Budete tak\u00e9 pot\u0159ebovat podru\u010dky, kter\u00e9 v\u00e1m umo\u017en\u00ed p\u0159i psan\u00ed a pou\u017e\u00edv\u00e1n\u00ed my\u0161i p\u0159irozen\u011b op\u0159\u00edt ruce v \u00fahlu 90 stup\u0148\u016f.<\/span><\/p><p><span style=\"color: #000000;\"><b>Mohou kancel\u00e1\u0159sk\u00e9 \u017eidle explodovat?<\/b><\/span><br \/><span style=\"color: #000000;\">Ne - v\u011bt\u0161ina kancel\u00e1\u0159sk\u00fdch \u017eidl\u00ed pou\u017e\u00edv\u00e1 k regulaci v\u00fd\u0161ky sedadla plynov\u00fd zdvih. Je d\u016fle\u017eit\u00e9 zd\u016fraznit, \u017ee \"tlakov\u00e1 ty\u010d\" je pouze kovov\u00e1 ty\u010d napln\u011bn\u00e1 vzduchem. Je velmi bezpe\u010dn\u00e1 a vyroben\u00e1 podle nejvy\u0161\u0161\u00edch standard\u016f. Tak\u017ee ne, kancel\u00e1\u0159sk\u00e9 \u017eidle nevybuchuj\u00ed, ale mohou se porouchat.<\/span><\/p><p><span style=\"color: #000000;\"><b>Mohou kancel\u00e1\u0159sk\u00e9 \u017eidle zni\u010dit koberce?<\/b><\/span><br \/><span style=\"color: #000000;\">Kvalitn\u00ed koberce se p\u0159i opatrn\u00e9m pou\u017e\u00edv\u00e1n\u00ed a spr\u00e1vn\u00e9 \u00fadr\u017eb\u011b kole\u010dek dob\u0159e vyrovnaj\u00ed s kancel\u00e1\u0159sk\u00fdmi \u017eidlemi. P\u0159i del\u0161\u00edm pou\u017e\u00edv\u00e1n\u00ed v\u0161ak dojde k ur\u010dit\u00e9mu opot\u0159eben\u00ed.<\/span><\/p>\n\t\t\t\t\t<\/div>\n\t\t\t\t\t\t<\/div>\n\t\t\t\t<\/div>\n\t\t\t\t<div class=\"elementor-element elementor-element-15d052e8 elementor-widget elementor-widget-wd_button\" data-id=\"15d052e8\" data-element_type=\"widget\" data-widget_type=\"wd_button.default\">\n\t\t\t\t<div class=\"elementor-widget-container\">\n\t\t\t\t\t\t\t<div class=\"wd-button-wrapper text-left wd-collapsible-button\" >\n\t\t\t<a class=\"btn btn-style-link btn-style- btn-size-default btn-color-primary btn-icon-pos-right\"  href=\"#\">\n\t\t\t\t<span class=\"wd-btn-text\" data-elementor-setting-key=\"text\">\n\t\t\t\t\tP\u0159e\u010dt\u011bte si v\u00edce\t\t\t\t<\/span>\n\n\t\t\t\t\t\t\t<\/a>\n\t\t<\/div>\n\t\t\t\t\t\t<\/div>\n\t\t\t\t<\/div>\n\t\t\t\t\t<\/div>\n\t\t<\/div>\n\t\t\t\t\t<\/div>\n\t\t<\/section>\n\t\t\t\t<\/div>","protected":false},"excerpt":{"rendered":"<p>0% Fashionable appearance shows extraordinary taste. The leather is soft and delicate, full of luster. It is not only comfortable<\/p>","protected":false},"featured_media":11534,"comment_status":"open","ping_status":"closed","template":"","meta":{"_monsterinsights_skip_tracking":false,"_monsterinsights_sitenote_active":false,"_monsterinsights_sitenote_note":"","_monsterinsights_sitenote_category":0},"product_brand":[],"product_cat":[127,86,74],"product_tag":[159],"class_list":{"0":"post-11533","1":"product","2":"type-product","3":"status-publish","4":"has-post-thumbnail","6":"product_cat-conference-chair","7":"product_cat-executive-chair","8":"product_cat-govt-furniture-2","9":"product_tag-government-office-furnituregovernment-office-chairgovernment-furniture-suppliergovernment-furniture-cataloggovernment-furniture-onlinegovernment-furniture","11":"first","12":"instock","13":"sale","14":"shipping-taxable","15":"purchasable","16":"product-type-simple"},"yoast_head":"<!-- This site is optimized with the Yoast SEO Premium plugin v23.9 (Yoast SEO v25.1) - https:\/\/yoast.com\/wordpress\/plugins\/seo\/ -->\n<title>government office furniture\uff0cGovernment Office Chair,Leather<\/title>\n<meta name=\"description\" content=\"Our main products include Desk,Office chair,File cabinet,Conference table,Sofa,Coffee table,Partition,Bookshelf,Office worksation, etc.\" \/>\n<meta name=\"robots\" content=\"index, follow, max-snippet:-1, max-image-preview:large, max-video-preview:-1\" \/>\n<link rel=\"canonical\" href=\"https:\/\/govtfurniture.com\/cs\/\u88fd\u54c1\/115\/\" \/>\n<meta property=\"og:locale\" content=\"cs_CZ\" \/>\n<meta property=\"og:type\" content=\"article\" \/>\n<meta property=\"og:title\" content=\"government office furniture Wholesale Professional Comfortable 360 Degree Swivel Premium Office Luxury leather chair,china Modern Office Furniture chairs\" \/>\n<meta property=\"og:description\" content=\"Our main products include Desk,Office chair,File cabinet,Conference table,Sofa,Coffee table,Partition,Bookshelf,Office worksation, etc.\" \/>\n<meta property=\"og:url\" content=\"https:\/\/govtfurniture.com\/cs\/\u88fd\u54c1\/115\/\" \/>\n<meta property=\"og:site_name\" content=\"ROYAL PRIDE Furniture Co., Ltd. Global Government Furniture Manufacturing\" \/>\n<meta property=\"article:publisher\" content=\"https:\/\/www.facebook.com\/profile.php?id=61560913657184\" \/>\n<meta property=\"article:modified_time\" content=\"2024-11-29T08:11:24+00:00\" \/>\n<meta property=\"og:image\" content=\"https:\/\/govtfurniture.com\/wp-content\/uploads\/2024\/10\/YH04-1.jpg\" \/>\n\t<meta property=\"og:image:width\" content=\"1000\" \/>\n\t<meta property=\"og:image:height\" content=\"1000\" \/>\n\t<meta property=\"og:image:type\" content=\"image\/jpeg\" \/>\n<meta name=\"twitter:card\" content=\"summary_large_image\" \/>\n<meta name=\"twitter:site\" content=\"@huangpai688\" \/>\n<meta name=\"twitter:label1\" content=\"Odhadovan\u00e1 doba \u010dten\u00ed\" \/>\n\t<meta name=\"twitter:data1\" content=\"2 minuty\" \/>\n<script type=\"application\/ld+json\" class=\"yoast-schema-graph\">{\"@context\":\"https:\/\/schema.org\",\"@graph\":[{\"@type\":\"WebPage\",\"@id\":\"https:\/\/govtfurniture.com\/ja\/\u88fd\u54c1\/115\/\",\"url\":\"https:\/\/govtfurniture.com\/ja\/\u88fd\u54c1\/115\/\",\"name\":\"government office furniture\uff0cGovernment Office Chair,Leather\",\"isPartOf\":{\"@id\":\"https:\/\/govtfurniture.com\/pt\/#website\"},\"primaryImageOfPage\":{\"@id\":\"https:\/\/govtfurniture.com\/ja\/\u88fd\u54c1\/115\/#primaryimage\"},\"image\":{\"@id\":\"https:\/\/govtfurniture.com\/ja\/\u88fd\u54c1\/115\/#primaryimage\"},\"thumbnailUrl\":\"https:\/\/govtfurniture.com\/wp-content\/uploads\/2024\/10\/YH04-1.jpg\",\"datePublished\":\"2024-10-09T07:22:58+00:00\",\"dateModified\":\"2024-11-29T08:11:24+00:00\",\"description\":\"Our main products include Desk,Office chair,File cabinet,Conference table,Sofa,Coffee table,Partition,Bookshelf,Office worksation, etc.\",\"breadcrumb\":{\"@id\":\"https:\/\/govtfurniture.com\/ja\/\u88fd\u54c1\/115\/#breadcrumb\"},\"inLanguage\":\"cs\",\"potentialAction\":[{\"@type\":\"ReadAction\",\"target\":[\"https:\/\/govtfurniture.com\/ja\/\u88fd\u54c1\/115\/\"]}]},{\"@type\":\"ImageObject\",\"inLanguage\":\"cs\",\"@id\":\"https:\/\/govtfurniture.com\/ja\/\u88fd\u54c1\/115\/#primaryimage\",\"url\":\"https:\/\/govtfurniture.com\/wp-content\/uploads\/2024\/10\/YH04-1.jpg\",\"contentUrl\":\"https:\/\/govtfurniture.com\/wp-content\/uploads\/2024\/10\/YH04-1.jpg\",\"width\":1000,\"height\":1000,\"caption\":\"YH04 (1)\"},{\"@type\":\"BreadcrumbList\",\"@id\":\"https:\/\/govtfurniture.com\/ja\/\u88fd\u54c1\/115\/#breadcrumb\",\"itemListElement\":[{\"@type\":\"ListItem\",\"position\":1,\"name\":\"\u9996\u9875\",\"item\":\"https:\/\/govtfurniture.com\/\"},{\"@type\":\"ListItem\",\"position\":2,\"name\":\"Product\",\"item\":\"https:\/\/govtfurniture.com\/shop\/\"},{\"@type\":\"ListItem\",\"position\":3,\"name\":\"government office furniture Wholesale Professional Comfortable 360 Degree Swivel Premium Office Luxury leather chair,china Modern Office Furniture chairs\"}]},{\"@type\":\"WebSite\",\"@id\":\"https:\/\/govtfurniture.com\/pt\/#website\",\"url\":\"https:\/\/govtfurniture.com\/pt\/\",\"name\":\"ROYAL PRIDE Furniture Co., Ltd.\",\"description\":\"Government furniture customization Creating environmentally friendly, healthy and comfortable furniture products\",\"publisher\":{\"@id\":\"https:\/\/govtfurniture.com\/pt\/#organization\"},\"alternateName\":\"huangpai Furniture\",\"potentialAction\":[{\"@type\":\"SearchAction\",\"target\":{\"@type\":\"EntryPoint\",\"urlTemplate\":\"https:\/\/govtfurniture.com\/pt\/?s={search_term_string}\"},\"query-input\":{\"@type\":\"PropertyValueSpecification\",\"valueRequired\":true,\"valueName\":\"search_term_string\"}}],\"inLanguage\":\"cs\"},{\"@type\":\"Organization\",\"@id\":\"https:\/\/govtfurniture.com\/pt\/#organization\",\"name\":\"ROYAL PRIDE Furniture Co., Ltd.\",\"url\":\"https:\/\/govtfurniture.com\/pt\/\",\"logo\":{\"@type\":\"ImageObject\",\"inLanguage\":\"cs\",\"@id\":\"https:\/\/govtfurniture.com\/pt\/#\/schema\/logo\/image\/\",\"url\":\"https:\/\/govtfurniture.com\/wp-content\/uploads\/2024\/07\/logo3.jpg\",\"contentUrl\":\"https:\/\/govtfurniture.com\/wp-content\/uploads\/2024\/07\/logo3.jpg\",\"width\":512,\"height\":512,\"caption\":\"ROYAL PRIDE Furniture Co., Ltd.\"},\"image\":{\"@id\":\"https:\/\/govtfurniture.com\/pt\/#\/schema\/logo\/image\/\"},\"sameAs\":[\"https:\/\/www.facebook.com\/profile.php?id=61560913657184\",\"https:\/\/x.com\/huangpai688\",\"https:\/\/www.youtube.com\/@RoyalPrideFurniture\",\"https:\/\/www.pinterest.com\/pin\/890235051338475626\/\",\"https:\/\/www.tiktok.com\/@ryalprideofficefurniture\"]}]}<\/script>\n<!-- \/ Yoast SEO Premium plugin. -->","yoast_head_json":{"title":"government office furniture\uff0cGovernment Office Chair,Leather","description":"Our main products include Desk,Office chair,File cabinet,Conference table,Sofa,Coffee table,Partition,Bookshelf,Office worksation, etc.","robots":{"index":"index","follow":"follow","max-snippet":"max-snippet:-1","max-image-preview":"max-image-preview:large","max-video-preview":"max-video-preview:-1"},"canonical":"https:\/\/govtfurniture.com\/cs\/\u88fd\u54c1\/115\/","og_locale":"cs_CZ","og_type":"article","og_title":"government office furniture Wholesale Professional Comfortable 360 Degree Swivel Premium Office Luxury leather chair,china Modern Office Furniture chairs","og_description":"Our main products include Desk,Office chair,File cabinet,Conference table,Sofa,Coffee table,Partition,Bookshelf,Office worksation, etc.","og_url":"https:\/\/govtfurniture.com\/cs\/\u88fd\u54c1\/115\/","og_site_name":"ROYAL PRIDE Furniture Co., Ltd. Global Government Furniture Manufacturing","article_publisher":"https:\/\/www.facebook.com\/profile.php?id=61560913657184","article_modified_time":"2024-11-29T08:11:24+00:00","og_image":[{"width":1000,"height":1000,"url":"https:\/\/govtfurniture.com\/wp-content\/uploads\/2024\/10\/YH04-1.jpg","type":"image\/jpeg"}],"twitter_card":"summary_large_image","twitter_site":"@huangpai688","twitter_misc":{"Odhadovan\u00e1 doba \u010dten\u00ed":"2 minuty"},"schema":{"@context":"https:\/\/schema.org","@graph":[{"@type":"WebPage","@id":"https:\/\/govtfurniture.com\/ja\/\u88fd\u54c1\/115\/","url":"https:\/\/govtfurniture.com\/ja\/\u88fd\u54c1\/115\/","name":"government office furniture\uff0cGovernment Office Chair,Leather","isPartOf":{"@id":"https:\/\/govtfurniture.com\/pt\/#website"},"primaryImageOfPage":{"@id":"https:\/\/govtfurniture.com\/ja\/\u88fd\u54c1\/115\/#primaryimage"},"image":{"@id":"https:\/\/govtfurniture.com\/ja\/\u88fd\u54c1\/115\/#primaryimage"},"thumbnailUrl":"https:\/\/govtfurniture.com\/wp-content\/uploads\/2024\/10\/YH04-1.jpg","datePublished":"2024-10-09T07:22:58+00:00","dateModified":"2024-11-29T08:11:24+00:00","description":"Our main products include Desk,Office chair,File cabinet,Conference table,Sofa,Coffee table,Partition,Bookshelf,Office worksation, etc.","breadcrumb":{"@id":"https:\/\/govtfurniture.com\/ja\/\u88fd\u54c1\/115\/#breadcrumb"},"inLanguage":"cs","potentialAction":[{"@type":"ReadAction","target":["https:\/\/govtfurniture.com\/ja\/\u88fd\u54c1\/115\/"]}]},{"@type":"ImageObject","inLanguage":"cs","@id":"https:\/\/govtfurniture.com\/ja\/\u88fd\u54c1\/115\/#primaryimage","url":"https:\/\/govtfurniture.com\/wp-content\/uploads\/2024\/10\/YH04-1.jpg","contentUrl":"https:\/\/govtfurniture.com\/wp-content\/uploads\/2024\/10\/YH04-1.jpg","width":1000,"height":1000,"caption":"YH04 (1)"},{"@type":"BreadcrumbList","@id":"https:\/\/govtfurniture.com\/ja\/\u88fd\u54c1\/115\/#breadcrumb","itemListElement":[{"@type":"ListItem","position":1,"name":"\u9996\u9875","item":"https:\/\/govtfurniture.com\/"},{"@type":"ListItem","position":2,"name":"Product","item":"https:\/\/govtfurniture.com\/shop\/"},{"@type":"ListItem","position":3,"name":"government office furniture Wholesale Professional Comfortable 360 Degree Swivel Premium Office Luxury leather chair,china Modern Office Furniture chairs"}]},{"@type":"WebSite","@id":"https:\/\/govtfurniture.com\/pt\/#website","url":"https:\/\/govtfurniture.com\/pt\/","name":"ROYAL PRIDE Furniture Co., Ltd.","description":"Government furniture customization Creating environmentally friendly, healthy and comfortable furniture products","publisher":{"@id":"https:\/\/govtfurniture.com\/pt\/#organization"},"alternateName":"huangpai Furniture","potentialAction":[{"@type":"SearchAction","target":{"@type":"EntryPoint","urlTemplate":"https:\/\/govtfurniture.com\/pt\/?s={search_term_string}"},"query-input":{"@type":"PropertyValueSpecification","valueRequired":true,"valueName":"search_term_string"}}],"inLanguage":"cs"},{"@type":"Organization","@id":"https:\/\/govtfurniture.com\/pt\/#organization","name":"ROYAL PRIDE Furniture Co., Ltd.","url":"https:\/\/govtfurniture.com\/pt\/","logo":{"@type":"ImageObject","inLanguage":"cs","@id":"https:\/\/govtfurniture.com\/pt\/#\/schema\/logo\/image\/","url":"https:\/\/govtfurniture.com\/wp-content\/uploads\/2024\/07\/logo3.jpg","contentUrl":"https:\/\/govtfurniture.com\/wp-content\/uploads\/2024\/07\/logo3.jpg","width":512,"height":512,"caption":"ROYAL PRIDE Furniture Co., Ltd."},"image":{"@id":"https:\/\/govtfurniture.com\/pt\/#\/schema\/logo\/image\/"},"sameAs":["https:\/\/www.facebook.com\/profile.php?id=61560913657184","https:\/\/x.com\/huangpai688","https:\/\/www.youtube.com\/@RoyalPrideFurniture","https:\/\/www.pinterest.com\/pin\/890235051338475626\/","https:\/\/www.tiktok.com\/@ryalprideofficefurniture"]}]}},"_links":{"self":[{"href":"https:\/\/govtfurniture.com\/cs\/wp-json\/wp\/v2\/product\/11533","targetHints":{"allow":["GET"]}}],"collection":[{"href":"https:\/\/govtfurniture.com\/cs\/wp-json\/wp\/v2\/product"}],"about":[{"href":"https:\/\/govtfurniture.com\/cs\/wp-json\/wp\/v2\/types\/product"}],"replies":[{"embeddable":true,"href":"https:\/\/govtfurniture.com\/cs\/wp-json\/wp\/v2\/comments?post=11533"}],"version-history":[{"count":7,"href":"https:\/\/govtfurniture.com\/cs\/wp-json\/wp\/v2\/product\/11533\/revisions"}],"predecessor-version":[{"id":12317,"href":"https:\/\/govtfurniture.com\/cs\/wp-json\/wp\/v2\/product\/11533\/revisions\/12317"}],"wp:featuredmedia":[{"embeddable":true,"href":"https:\/\/govtfurniture.com\/cs\/wp-json\/wp\/v2\/media\/11534"}],"wp:attachment":[{"href":"https:\/\/govtfurniture.com\/cs\/wp-json\/wp\/v2\/media?parent=11533"}],"wp:term":[{"taxonomy":"product_brand","embeddable":true,"href":"https:\/\/govtfurniture.com\/cs\/wp-json\/wp\/v2\/product_brand?post=11533"},{"taxonomy":"product_cat","embeddable":true,"href":"https:\/\/govtfurniture.com\/cs\/wp-json\/wp\/v2\/product_cat?post=11533"},{"taxonomy":"product_tag","embeddable":true,"href":"https:\/\/govtfurniture.com\/cs\/wp-json\/wp\/v2\/product_tag?post=11533"}],"curies":[{"name":"wp","href":"https:\/\/api.w.org\/{rel}","templated":true}]}}