{"id":12737,"date":"2024-12-07T17:07:48","date_gmt":"2024-12-07T09:07:48","guid":{"rendered":"http:\/\/govtfurniture.com\/?post_type=product&#038;p=12737"},"modified":"2024-12-07T17:09:32","modified_gmt":"2024-12-07T09:09:32","slug":"police-station-furniture-prisoner-chair","status":"publish","type":"product","link":"https:\/\/govtfurniture.com\/cs\/produkt\/police-station-furniture-prisoner-chair\/","title":{"rendered":"Police Station Furniture Prisoner Chair"},"content":{"rendered":"<p><img fetchpriority=\"high\" decoding=\"async\" class=\"wp-image-12738 aligncenter\" title=\"mmexport1608124779125\" src=\"http:\/\/govtfurniture.com\/wp-content\/uploads\/2024\/12\/mmexport1608124779125-300x300.jpg\" alt=\"Police Station Furniture Prisoner Chair\" width=\"750\" height=\"750\" srcset=\"https:\/\/govtfurniture.com\/wp-content\/uploads\/2024\/12\/mmexport1608124779125-300x300.jpg 300w, https:\/\/govtfurniture.com\/wp-content\/uploads\/2024\/12\/mmexport1608124779125-800x800.jpg 800w, https:\/\/govtfurniture.com\/wp-content\/uploads\/2024\/12\/mmexport1608124779125-150x150.jpg 150w, https:\/\/govtfurniture.com\/wp-content\/uploads\/2024\/12\/mmexport1608124779125-768x768.jpg 768w, https:\/\/govtfurniture.com\/wp-content\/uploads\/2024\/12\/mmexport1608124779125-12x12.jpg 12w, https:\/\/govtfurniture.com\/wp-content\/uploads\/2024\/12\/mmexport1608124779125-860x860.jpg 860w, https:\/\/govtfurniture.com\/wp-content\/uploads\/2024\/12\/mmexport1608124779125-430x430.jpg 430w, https:\/\/govtfurniture.com\/wp-content\/uploads\/2024\/12\/mmexport1608124779125-700x700.jpg 700w, https:\/\/govtfurniture.com\/wp-content\/uploads\/2024\/12\/mmexport1608124779125.jpg 1080w\" sizes=\"(max-width: 750px) 100vw, 750px\" \/> <img decoding=\"async\" class=\"wp-image-12739 aligncenter\" title=\"mmexport1616402310457\" src=\"http:\/\/govtfurniture.com\/wp-content\/uploads\/2024\/12\/mmexport1616402310457-400x189.jpg\" alt=\"Police Station Furniture Prisoner Chair\" width=\"750\" height=\"355\" srcset=\"https:\/\/govtfurniture.com\/wp-content\/uploads\/2024\/12\/mmexport1616402310457-400x189.jpg 400w, https:\/\/govtfurniture.com\/wp-content\/uploads\/2024\/12\/mmexport1616402310457-1300x615.jpg 1300w, https:\/\/govtfurniture.com\/wp-content\/uploads\/2024\/12\/mmexport1616402310457-768x363.jpg 768w, https:\/\/govtfurniture.com\/wp-content\/uploads\/2024\/12\/mmexport1616402310457-1536x726.jpg 1536w, https:\/\/govtfurniture.com\/wp-content\/uploads\/2024\/12\/mmexport1616402310457-18x9.jpg 18w, https:\/\/govtfurniture.com\/wp-content\/uploads\/2024\/12\/mmexport1616402310457-860x407.jpg 860w, https:\/\/govtfurniture.com\/wp-content\/uploads\/2024\/12\/mmexport1616402310457-430x203.jpg 430w, https:\/\/govtfurniture.com\/wp-content\/uploads\/2024\/12\/mmexport1616402310457-700x331.jpg 700w, https:\/\/govtfurniture.com\/wp-content\/uploads\/2024\/12\/mmexport1616402310457-150x71.jpg 150w, https:\/\/govtfurniture.com\/wp-content\/uploads\/2024\/12\/mmexport1616402310457.jpg 1920w\" sizes=\"(max-width: 750px) 100vw, 750px\" \/> <img decoding=\"async\" class=\"wp-image-12740 aligncenter\" title=\"mmexport1616402329621\" src=\"http:\/\/govtfurniture.com\/wp-content\/uploads\/2024\/12\/mmexport1616402329621-225x300.jpg\" alt=\"Police Station Furniture Prisoner Chair\" width=\"750\" height=\"1000\" srcset=\"https:\/\/govtfurniture.com\/wp-content\/uploads\/2024\/12\/mmexport1616402329621-225x300.jpg 225w, https:\/\/govtfurniture.com\/wp-content\/uploads\/2024\/12\/mmexport1616402329621-600x800.jpg 600w, https:\/\/govtfurniture.com\/wp-content\/uploads\/2024\/12\/mmexport1616402329621-768x1024.jpg 768w, https:\/\/govtfurniture.com\/wp-content\/uploads\/2024\/12\/mmexport1616402329621-9x12.jpg 9w, https:\/\/govtfurniture.com\/wp-content\/uploads\/2024\/12\/mmexport1616402329621-860x1147.jpg 860w, https:\/\/govtfurniture.com\/wp-content\/uploads\/2024\/12\/mmexport1616402329621-430x573.jpg 430w, https:\/\/govtfurniture.com\/wp-content\/uploads\/2024\/12\/mmexport1616402329621-700x933.jpg 700w, https:\/\/govtfurniture.com\/wp-content\/uploads\/2024\/12\/mmexport1616402329621-150x200.jpg 150w, https:\/\/govtfurniture.com\/wp-content\/uploads\/2024\/12\/mmexport1616402329621.jpg 1080w\" sizes=\"(max-width: 750px) 100vw, 750px\" \/> <img loading=\"lazy\" decoding=\"async\" class=\"wp-image-12741 aligncenter\" title=\"mmexport1616402372292\" src=\"http:\/\/govtfurniture.com\/wp-content\/uploads\/2024\/12\/mmexport1616402372292-225x300.jpg\" alt=\"Police Station Furniture Prisoner Chair\" width=\"750\" height=\"1000\" srcset=\"https:\/\/govtfurniture.com\/wp-content\/uploads\/2024\/12\/mmexport1616402372292-225x300.jpg 225w, https:\/\/govtfurniture.com\/wp-content\/uploads\/2024\/12\/mmexport1616402372292-600x800.jpg 600w, https:\/\/govtfurniture.com\/wp-content\/uploads\/2024\/12\/mmexport1616402372292-768x1024.jpg 768w, https:\/\/govtfurniture.com\/wp-content\/uploads\/2024\/12\/mmexport1616402372292-9x12.jpg 9w, https:\/\/govtfurniture.com\/wp-content\/uploads\/2024\/12\/mmexport1616402372292-860x1147.jpg 860w, https:\/\/govtfurniture.com\/wp-content\/uploads\/2024\/12\/mmexport1616402372292-430x573.jpg 430w, https:\/\/govtfurniture.com\/wp-content\/uploads\/2024\/12\/mmexport1616402372292-700x933.jpg 700w, https:\/\/govtfurniture.com\/wp-content\/uploads\/2024\/12\/mmexport1616402372292-150x200.jpg 150w, https:\/\/govtfurniture.com\/wp-content\/uploads\/2024\/12\/mmexport1616402372292.jpg 1080w\" sizes=\"(max-width: 750px) 100vw, 750px\" \/> <img loading=\"lazy\" decoding=\"async\" class=\"wp-image-12742 aligncenter\" title=\"mmexport1617281595938\" src=\"http:\/\/govtfurniture.com\/wp-content\/uploads\/2024\/12\/mmexport1617281595938-225x300.jpg\" alt=\"Police Station Furniture Prisoner Chair\" width=\"750\" height=\"1000\" srcset=\"https:\/\/govtfurniture.com\/wp-content\/uploads\/2024\/12\/mmexport1617281595938-225x300.jpg 225w, https:\/\/govtfurniture.com\/wp-content\/uploads\/2024\/12\/mmexport1617281595938-600x800.jpg 600w, https:\/\/govtfurniture.com\/wp-content\/uploads\/2024\/12\/mmexport1617281595938-768x1024.jpg 768w, https:\/\/govtfurniture.com\/wp-content\/uploads\/2024\/12\/mmexport1617281595938-9x12.jpg 9w, https:\/\/govtfurniture.com\/wp-content\/uploads\/2024\/12\/mmexport1617281595938-860x1147.jpg 860w, https:\/\/govtfurniture.com\/wp-content\/uploads\/2024\/12\/mmexport1617281595938-430x573.jpg 430w, https:\/\/govtfurniture.com\/wp-content\/uploads\/2024\/12\/mmexport1617281595938-700x933.jpg 700w, https:\/\/govtfurniture.com\/wp-content\/uploads\/2024\/12\/mmexport1617281595938-150x200.jpg 150w, https:\/\/govtfurniture.com\/wp-content\/uploads\/2024\/12\/mmexport1617281595938.jpg 1080w\" sizes=\"(max-width: 750px) 100vw, 750px\" \/> <img loading=\"lazy\" decoding=\"async\" class=\"wp-image-12743 aligncenter\" title=\"mmexport1662247965350\" src=\"http:\/\/govtfurniture.com\/wp-content\/uploads\/2024\/12\/mmexport1662247965350-225x300.jpg\" alt=\"Police Station Furniture Prisoner Chair\" width=\"750\" height=\"1000\" srcset=\"https:\/\/govtfurniture.com\/wp-content\/uploads\/2024\/12\/mmexport1662247965350-225x300.jpg 225w, https:\/\/govtfurniture.com\/wp-content\/uploads\/2024\/12\/mmexport1662247965350-600x800.jpg 600w, https:\/\/govtfurniture.com\/wp-content\/uploads\/2024\/12\/mmexport1662247965350-768x1024.jpg 768w, https:\/\/govtfurniture.com\/wp-content\/uploads\/2024\/12\/mmexport1662247965350-9x12.jpg 9w, https:\/\/govtfurniture.com\/wp-content\/uploads\/2024\/12\/mmexport1662247965350-860x1147.jpg 860w, https:\/\/govtfurniture.com\/wp-content\/uploads\/2024\/12\/mmexport1662247965350-430x573.jpg 430w, https:\/\/govtfurniture.com\/wp-content\/uploads\/2024\/12\/mmexport1662247965350-700x933.jpg 700w, https:\/\/govtfurniture.com\/wp-content\/uploads\/2024\/12\/mmexport1662247965350-150x200.jpg 150w, https:\/\/govtfurniture.com\/wp-content\/uploads\/2024\/12\/mmexport1662247965350.jpg 1080w\" sizes=\"(max-width: 750px) 100vw, 750px\" \/> <img loading=\"lazy\" decoding=\"async\" class=\"wp-image-12744 aligncenter\" title=\"\u7ea6\u675f\u6905\" src=\"http:\/\/govtfurniture.com\/wp-content\/uploads\/2024\/12\/\u7ea6\u675f\u6905-225x300.jpg\" alt=\"Police Station Furniture Prisoner Chair\" width=\"750\" height=\"999\" srcset=\"https:\/\/govtfurniture.com\/wp-content\/uploads\/2024\/12\/\u7ea6\u675f\u6905-225x300.jpg 225w, https:\/\/govtfurniture.com\/wp-content\/uploads\/2024\/12\/\u7ea6\u675f\u6905-601x800.jpg 601w, https:\/\/govtfurniture.com\/wp-content\/uploads\/2024\/12\/\u7ea6\u675f\u6905-768x1023.jpg 768w, https:\/\/govtfurniture.com\/wp-content\/uploads\/2024\/12\/\u7ea6\u675f\u6905-9x12.jpg 9w, https:\/\/govtfurniture.com\/wp-content\/uploads\/2024\/12\/\u7ea6\u675f\u6905-860x1145.jpg 860w, https:\/\/govtfurniture.com\/wp-content\/uploads\/2024\/12\/\u7ea6\u675f\u6905-430x573.jpg 430w, https:\/\/govtfurniture.com\/wp-content\/uploads\/2024\/12\/\u7ea6\u675f\u6905-700x932.jpg 700w, https:\/\/govtfurniture.com\/wp-content\/uploads\/2024\/12\/\u7ea6\u675f\u6905-150x200.jpg 150w, https:\/\/govtfurniture.com\/wp-content\/uploads\/2024\/12\/\u7ea6\u675f\u6905.jpg 1080w\" sizes=\"(max-width: 750px) 100vw, 750px\" \/><\/p>","protected":false},"excerpt":{"rendered":"","protected":false},"featured_media":12743,"comment_status":"open","ping_status":"closed","template":"","meta":{"_monsterinsights_skip_tracking":false,"_monsterinsights_sitenote_active":false,"_monsterinsights_sitenote_note":"","_monsterinsights_sitenote_category":0},"product_brand":[],"product_cat":[20,82,154],"product_tag":[211],"class_list":{"0":"post-12737","1":"product","2":"type-product","3":"status-publish","4":"has-post-thumbnail","6":"product_cat-aall-classes","7":"product_cat-police-furniture","8":"product_cat-police-station","9":"product_tag-police-station-furniture-prisoner-chair","11":"first","12":"instock","13":"shipping-taxable","14":"product-type-simple"},"yoast_head":"<!-- This site is optimized with the Yoast SEO Premium plugin v23.9 (Yoast SEO v25.1) - https:\/\/yoast.com\/wordpress\/plugins\/seo\/ -->\n<title>Police Station Furniture Interrogation Table and Chairs<\/title>\n<meta name=\"description\" content=\"ROYALPRIDE Furniture Company specializes in customizing various police station furniture, including interrogation tables and chairs, prisoner chairs, prisoner bars, sobering chairs, anti-collision tables and chairs, etc. Providing furniture solutions for police stations.\" \/>\n<meta name=\"robots\" content=\"index, follow, max-snippet:-1, max-image-preview:large, max-video-preview:-1\" \/>\n<link rel=\"canonical\" href=\"https:\/\/govtfurniture.com\/cs\/produk\/police-station-furniture-prisoner-chair\/\" \/>\n<meta property=\"og:locale\" content=\"cs_CZ\" \/>\n<meta property=\"og:type\" content=\"article\" \/>\n<meta property=\"og:title\" content=\"Police Station Furniture Prisoner Chair\" \/>\n<meta property=\"og:description\" content=\"ROYALPRIDE Furniture Company specializes in customizing various police station furniture, including interrogation tables and chairs, prisoner chairs, prisoner bars, sobering chairs, anti-collision tables and chairs, etc. Providing furniture solutions for police stations.\" \/>\n<meta property=\"og:url\" content=\"https:\/\/govtfurniture.com\/cs\/produk\/police-station-furniture-prisoner-chair\/\" \/>\n<meta property=\"og:site_name\" content=\"ROYAL PRIDE Furniture Co., Ltd. Global Government Furniture Manufacturing\" \/>\n<meta property=\"article:publisher\" content=\"https:\/\/www.facebook.com\/profile.php?id=61560913657184\" \/>\n<meta property=\"article:modified_time\" content=\"2024-12-07T09:09:32+00:00\" \/>\n<meta property=\"og:image\" content=\"https:\/\/govtfurniture.com\/wp-content\/uploads\/2024\/12\/mmexport1662247965350.jpg\" \/>\n\t<meta property=\"og:image:width\" content=\"1080\" \/>\n\t<meta property=\"og:image:height\" content=\"1440\" \/>\n\t<meta property=\"og:image:type\" content=\"image\/jpeg\" \/>\n<meta name=\"twitter:card\" content=\"summary_large_image\" \/>\n<meta name=\"twitter:site\" content=\"@huangpai688\" \/>\n<meta name=\"twitter:label1\" content=\"Odhadovan\u00e1 doba \u010dten\u00ed\" \/>\n\t<meta name=\"twitter:data1\" content=\"2 minuty\" \/>\n<script type=\"application\/ld+json\" class=\"yoast-schema-graph\">{\"@context\":\"https:\/\/schema.org\",\"@graph\":[{\"@type\":\"WebPage\",\"@id\":\"https:\/\/govtfurniture.com\/id\/produk\/police-station-furniture-prisoner-chair\/\",\"url\":\"https:\/\/govtfurniture.com\/id\/produk\/police-station-furniture-prisoner-chair\/\",\"name\":\"Police Station Furniture Interrogation Table and Chairs\",\"isPartOf\":{\"@id\":\"https:\/\/govtfurniture.com\/pt\/#website\"},\"primaryImageOfPage\":{\"@id\":\"https:\/\/govtfurniture.com\/id\/produk\/police-station-furniture-prisoner-chair\/#primaryimage\"},\"image\":{\"@id\":\"https:\/\/govtfurniture.com\/id\/produk\/police-station-furniture-prisoner-chair\/#primaryimage\"},\"thumbnailUrl\":\"https:\/\/govtfurniture.com\/wp-content\/uploads\/2024\/12\/mmexport1662247965350.jpg\",\"datePublished\":\"2024-12-07T09:07:48+00:00\",\"dateModified\":\"2024-12-07T09:09:32+00:00\",\"description\":\"ROYALPRIDE Furniture Company specializes in customizing various police station furniture, including interrogation tables and chairs, prisoner chairs, prisoner bars, sobering chairs, anti-collision tables and chairs, etc. Providing furniture solutions for police stations.\",\"breadcrumb\":{\"@id\":\"https:\/\/govtfurniture.com\/id\/produk\/police-station-furniture-prisoner-chair\/#breadcrumb\"},\"inLanguage\":\"cs\",\"potentialAction\":[{\"@type\":\"ReadAction\",\"target\":[\"https:\/\/govtfurniture.com\/id\/produk\/police-station-furniture-prisoner-chair\/\"]}]},{\"@type\":\"ImageObject\",\"inLanguage\":\"cs\",\"@id\":\"https:\/\/govtfurniture.com\/id\/produk\/police-station-furniture-prisoner-chair\/#primaryimage\",\"url\":\"https:\/\/govtfurniture.com\/wp-content\/uploads\/2024\/12\/mmexport1662247965350.jpg\",\"contentUrl\":\"https:\/\/govtfurniture.com\/wp-content\/uploads\/2024\/12\/mmexport1662247965350.jpg\",\"width\":1080,\"height\":1440,\"caption\":\"mmexport1662247965350\"},{\"@type\":\"BreadcrumbList\",\"@id\":\"https:\/\/govtfurniture.com\/id\/produk\/police-station-furniture-prisoner-chair\/#breadcrumb\",\"itemListElement\":[{\"@type\":\"ListItem\",\"position\":1,\"name\":\"\u9996\u9875\",\"item\":\"https:\/\/govtfurniture.com\/\"},{\"@type\":\"ListItem\",\"position\":2,\"name\":\"Product\",\"item\":\"https:\/\/govtfurniture.com\/shop\/\"},{\"@type\":\"ListItem\",\"position\":3,\"name\":\"Police Station Furniture Prisoner Chair\"}]},{\"@type\":\"WebSite\",\"@id\":\"https:\/\/govtfurniture.com\/pt\/#website\",\"url\":\"https:\/\/govtfurniture.com\/pt\/\",\"name\":\"ROYAL PRIDE Furniture Co., Ltd.\",\"description\":\"Government furniture customization Creating environmentally friendly, healthy and comfortable furniture products\",\"publisher\":{\"@id\":\"https:\/\/govtfurniture.com\/pt\/#organization\"},\"alternateName\":\"huangpai Furniture\",\"potentialAction\":[{\"@type\":\"SearchAction\",\"target\":{\"@type\":\"EntryPoint\",\"urlTemplate\":\"https:\/\/govtfurniture.com\/pt\/?s={search_term_string}\"},\"query-input\":{\"@type\":\"PropertyValueSpecification\",\"valueRequired\":true,\"valueName\":\"search_term_string\"}}],\"inLanguage\":\"cs\"},{\"@type\":\"Organization\",\"@id\":\"https:\/\/govtfurniture.com\/pt\/#organization\",\"name\":\"ROYAL PRIDE Furniture Co., Ltd.\",\"url\":\"https:\/\/govtfurniture.com\/pt\/\",\"logo\":{\"@type\":\"ImageObject\",\"inLanguage\":\"cs\",\"@id\":\"https:\/\/govtfurniture.com\/pt\/#\/schema\/logo\/image\/\",\"url\":\"https:\/\/govtfurniture.com\/wp-content\/uploads\/2024\/07\/logo3.jpg\",\"contentUrl\":\"https:\/\/govtfurniture.com\/wp-content\/uploads\/2024\/07\/logo3.jpg\",\"width\":512,\"height\":512,\"caption\":\"ROYAL PRIDE Furniture Co., Ltd.\"},\"image\":{\"@id\":\"https:\/\/govtfurniture.com\/pt\/#\/schema\/logo\/image\/\"},\"sameAs\":[\"https:\/\/www.facebook.com\/profile.php?id=61560913657184\",\"https:\/\/x.com\/huangpai688\",\"https:\/\/www.youtube.com\/@RoyalPrideFurniture\",\"https:\/\/www.pinterest.com\/pin\/890235051338475626\/\",\"https:\/\/www.tiktok.com\/@ryalprideofficefurniture\"]}]}<\/script>\n<!-- \/ Yoast SEO Premium plugin. -->","yoast_head_json":{"title":"Police Station Furniture Interrogation Table and Chairs","description":"ROYALPRIDE Furniture Company specializes in customizing various police station furniture, including interrogation tables and chairs, prisoner chairs, prisoner bars, sobering chairs, anti-collision tables and chairs, etc. Providing furniture solutions for police stations.","robots":{"index":"index","follow":"follow","max-snippet":"max-snippet:-1","max-image-preview":"max-image-preview:large","max-video-preview":"max-video-preview:-1"},"canonical":"https:\/\/govtfurniture.com\/cs\/produk\/police-station-furniture-prisoner-chair\/","og_locale":"cs_CZ","og_type":"article","og_title":"Police Station Furniture Prisoner Chair","og_description":"ROYALPRIDE Furniture Company specializes in customizing various police station furniture, including interrogation tables and chairs, prisoner chairs, prisoner bars, sobering chairs, anti-collision tables and chairs, etc. Providing furniture solutions for police stations.","og_url":"https:\/\/govtfurniture.com\/cs\/produk\/police-station-furniture-prisoner-chair\/","og_site_name":"ROYAL PRIDE Furniture Co., Ltd. Global Government Furniture Manufacturing","article_publisher":"https:\/\/www.facebook.com\/profile.php?id=61560913657184","article_modified_time":"2024-12-07T09:09:32+00:00","og_image":[{"width":1080,"height":1440,"url":"https:\/\/govtfurniture.com\/wp-content\/uploads\/2024\/12\/mmexport1662247965350.jpg","type":"image\/jpeg"}],"twitter_card":"summary_large_image","twitter_site":"@huangpai688","twitter_misc":{"Odhadovan\u00e1 doba \u010dten\u00ed":"2 minuty"},"schema":{"@context":"https:\/\/schema.org","@graph":[{"@type":"WebPage","@id":"https:\/\/govtfurniture.com\/id\/produk\/police-station-furniture-prisoner-chair\/","url":"https:\/\/govtfurniture.com\/id\/produk\/police-station-furniture-prisoner-chair\/","name":"Police Station Furniture Interrogation Table and Chairs","isPartOf":{"@id":"https:\/\/govtfurniture.com\/pt\/#website"},"primaryImageOfPage":{"@id":"https:\/\/govtfurniture.com\/id\/produk\/police-station-furniture-prisoner-chair\/#primaryimage"},"image":{"@id":"https:\/\/govtfurniture.com\/id\/produk\/police-station-furniture-prisoner-chair\/#primaryimage"},"thumbnailUrl":"https:\/\/govtfurniture.com\/wp-content\/uploads\/2024\/12\/mmexport1662247965350.jpg","datePublished":"2024-12-07T09:07:48+00:00","dateModified":"2024-12-07T09:09:32+00:00","description":"ROYALPRIDE Furniture Company specializes in customizing various police station furniture, including interrogation tables and chairs, prisoner chairs, prisoner bars, sobering chairs, anti-collision tables and chairs, etc. Providing furniture solutions for police stations.","breadcrumb":{"@id":"https:\/\/govtfurniture.com\/id\/produk\/police-station-furniture-prisoner-chair\/#breadcrumb"},"inLanguage":"cs","potentialAction":[{"@type":"ReadAction","target":["https:\/\/govtfurniture.com\/id\/produk\/police-station-furniture-prisoner-chair\/"]}]},{"@type":"ImageObject","inLanguage":"cs","@id":"https:\/\/govtfurniture.com\/id\/produk\/police-station-furniture-prisoner-chair\/#primaryimage","url":"https:\/\/govtfurniture.com\/wp-content\/uploads\/2024\/12\/mmexport1662247965350.jpg","contentUrl":"https:\/\/govtfurniture.com\/wp-content\/uploads\/2024\/12\/mmexport1662247965350.jpg","width":1080,"height":1440,"caption":"mmexport1662247965350"},{"@type":"BreadcrumbList","@id":"https:\/\/govtfurniture.com\/id\/produk\/police-station-furniture-prisoner-chair\/#breadcrumb","itemListElement":[{"@type":"ListItem","position":1,"name":"\u9996\u9875","item":"https:\/\/govtfurniture.com\/"},{"@type":"ListItem","position":2,"name":"Product","item":"https:\/\/govtfurniture.com\/shop\/"},{"@type":"ListItem","position":3,"name":"Police Station Furniture Prisoner Chair"}]},{"@type":"WebSite","@id":"https:\/\/govtfurniture.com\/pt\/#website","url":"https:\/\/govtfurniture.com\/pt\/","name":"ROYAL PRIDE Furniture Co., Ltd.","description":"Government furniture customization Creating environmentally friendly, healthy and comfortable furniture products","publisher":{"@id":"https:\/\/govtfurniture.com\/pt\/#organization"},"alternateName":"huangpai Furniture","potentialAction":[{"@type":"SearchAction","target":{"@type":"EntryPoint","urlTemplate":"https:\/\/govtfurniture.com\/pt\/?s={search_term_string}"},"query-input":{"@type":"PropertyValueSpecification","valueRequired":true,"valueName":"search_term_string"}}],"inLanguage":"cs"},{"@type":"Organization","@id":"https:\/\/govtfurniture.com\/pt\/#organization","name":"ROYAL PRIDE Furniture Co., Ltd.","url":"https:\/\/govtfurniture.com\/pt\/","logo":{"@type":"ImageObject","inLanguage":"cs","@id":"https:\/\/govtfurniture.com\/pt\/#\/schema\/logo\/image\/","url":"https:\/\/govtfurniture.com\/wp-content\/uploads\/2024\/07\/logo3.jpg","contentUrl":"https:\/\/govtfurniture.com\/wp-content\/uploads\/2024\/07\/logo3.jpg","width":512,"height":512,"caption":"ROYAL PRIDE Furniture Co., Ltd."},"image":{"@id":"https:\/\/govtfurniture.com\/pt\/#\/schema\/logo\/image\/"},"sameAs":["https:\/\/www.facebook.com\/profile.php?id=61560913657184","https:\/\/x.com\/huangpai688","https:\/\/www.youtube.com\/@RoyalPrideFurniture","https:\/\/www.pinterest.com\/pin\/890235051338475626\/","https:\/\/www.tiktok.com\/@ryalprideofficefurniture"]}]}},"_links":{"self":[{"href":"https:\/\/govtfurniture.com\/cs\/wp-json\/wp\/v2\/product\/12737","targetHints":{"allow":["GET"]}}],"collection":[{"href":"https:\/\/govtfurniture.com\/cs\/wp-json\/wp\/v2\/product"}],"about":[{"href":"https:\/\/govtfurniture.com\/cs\/wp-json\/wp\/v2\/types\/product"}],"replies":[{"embeddable":true,"href":"https:\/\/govtfurniture.com\/cs\/wp-json\/wp\/v2\/comments?post=12737"}],"version-history":[{"count":3,"href":"https:\/\/govtfurniture.com\/cs\/wp-json\/wp\/v2\/product\/12737\/revisions"}],"predecessor-version":[{"id":12747,"href":"https:\/\/govtfurniture.com\/cs\/wp-json\/wp\/v2\/product\/12737\/revisions\/12747"}],"wp:featuredmedia":[{"embeddable":true,"href":"https:\/\/govtfurniture.com\/cs\/wp-json\/wp\/v2\/media\/12743"}],"wp:attachment":[{"href":"https:\/\/govtfurniture.com\/cs\/wp-json\/wp\/v2\/media?parent=12737"}],"wp:term":[{"taxonomy":"product_brand","embeddable":true,"href":"https:\/\/govtfurniture.com\/cs\/wp-json\/wp\/v2\/product_brand?post=12737"},{"taxonomy":"product_cat","embeddable":true,"href":"https:\/\/govtfurniture.com\/cs\/wp-json\/wp\/v2\/product_cat?post=12737"},{"taxonomy":"product_tag","embeddable":true,"href":"https:\/\/govtfurniture.com\/cs\/wp-json\/wp\/v2\/product_tag?post=12737"}],"curies":[{"name":"wp","href":"https:\/\/api.w.org\/{rel}","templated":true}]}}