{"id":11498,"date":"2024-10-09T12:42:05","date_gmt":"2024-10-09T04:42:05","guid":{"rendered":"http:\/\/govtfurniture.com\/?post_type=product&#038;p=11498"},"modified":"2024-10-09T15:20:59","modified_gmt":"2024-10-09T07:20:59","slug":"high-back-cadeira-de-escritorio-pu-executive-luxury-ergonomic-pu-padded-sleeping-leather-chair-office-desk-and-chair-set","status":"publish","type":"product","link":"https:\/\/govtfurniture.com\/de\/produkt\/hohe-zuruck-cadeira-de-escritorio-pu-executive-luxus-ergonomisch-pu-gepolstert-schlafen-leder-stuhl-buro-schreibtisch-und-stuhl-set\/","title":{"rendered":"Bequem Einstellbare Komfort Kopfst\u00fctze echtes Leder St\u00fchle Swivel Manager Boss Executive PU B\u00fcro Konferenzraum"},"content":{"rendered":"<div data-elementor-type=\"product-post\" data-elementor-id=\"11498\" class=\"elementor elementor-11498\">\n\t\t\t\t\t\t<section class=\"elementor-section elementor-top-section elementor-element elementor-element-4a6ab59 elementor-section-boxed elementor-section-height-default elementor-section-height-default wd-section-disabled\" data-id=\"4a6ab59\" data-element_type=\"section\">\n\t\t\t\t\t\t<div class=\"elementor-container elementor-column-gap-default\">\n\t\t\t\t\t<div class=\"elementor-column elementor-col-100 elementor-top-column elementor-element elementor-element-34ee871e\" data-id=\"34ee871e\" data-element_type=\"column\">\n\t\t\t<div class=\"elementor-widget-wrap elementor-element-populated\">\n\t\t\t\t\t\t\t<\/div>\n\t\t<\/div>\n\t\t\t\t\t<\/div>\n\t\t<\/section>\n\t\t\t\t<section class=\"elementor-section elementor-top-section elementor-element elementor-element-6509ba3a elementor-section-content-middle elementor-section-boxed elementor-section-height-default elementor-section-height-default wd-section-disabled\" data-id=\"6509ba3a\" data-element_type=\"section\">\n\t\t\t\t\t\t<div class=\"elementor-container elementor-column-gap-default\">\n\t\t\t\t\t<div class=\"elementor-column elementor-col-50 elementor-top-column elementor-element elementor-element-25d21b6d\" data-id=\"25d21b6d\" data-element_type=\"column\">\n\t\t\t<div class=\"elementor-widget-wrap elementor-element-populated\">\n\t\t\t\t\t\t<div class=\"elementor-element elementor-element-4fe0dfc8 elementor-widget elementor-widget-wd_3d_view\" data-id=\"4fe0dfc8\" data-element_type=\"widget\" data-widget_type=\"wd_3d_view.default\">\n\t\t\t\t<div class=\"elementor-widget-container\">\n\t\t\t\t\t\t\t<div class=\"wd-threed-view\" data-args='{\"frames_count\":10,\"images\":[\"https:\\\/\\\/govtfurniture.com\\\/wp-content\\\/uploads\\\/2024\\\/10\\\/YH04-196-1-800x800.jpg\",\"https:\\\/\\\/govtfurniture.com\\\/wp-content\\\/uploads\\\/2024\\\/10\\\/YH04-197-800x800.jpg\",\"https:\\\/\\\/govtfurniture.com\\\/wp-content\\\/uploads\\\/2024\\\/10\\\/YH04-377-800x800.jpg\",\"https:\\\/\\\/govtfurniture.com\\\/wp-content\\\/uploads\\\/2024\\\/10\\\/YH04-376-1-800x800.jpg\",\"https:\\\/\\\/govtfurniture.com\\\/wp-content\\\/uploads\\\/2024\\\/10\\\/YH04-374-1-800x800.jpg\",\"https:\\\/\\\/govtfurniture.com\\\/wp-content\\\/uploads\\\/2024\\\/10\\\/YH04-375-1-800x800.jpg\",\"https:\\\/\\\/govtfurniture.com\\\/wp-content\\\/uploads\\\/2024\\\/10\\\/YH04-373-800x800.jpg\",\"https:\\\/\\\/govtfurniture.com\\\/wp-content\\\/uploads\\\/2024\\\/10\\\/YH04-380-1-800x800.jpg\",\"https:\\\/\\\/govtfurniture.com\\\/wp-content\\\/uploads\\\/2024\\\/10\\\/YH04-381-800x800.jpg\",\"https:\\\/\\\/govtfurniture.com\\\/wp-content\\\/uploads\\\/2024\\\/10\\\/YH04-372-800x800.jpg\"],\"width\":800,\"height\":800}'>\n\t\t\t<ul class=\"threed-view-images\"><\/ul>\n\t\t\t<div class=\"spinner\">\n\t\t\t\t<span>0%<\/span>\n\t\t\t<\/div>\n\t\t<\/div>\n\t\t\t\t\t\t<\/div>\n\t\t\t\t<\/div>\n\t\t\t\t\t<\/div>\n\t\t<\/div>\n\t\t\t\t<div class=\"elementor-column elementor-col-50 elementor-top-column elementor-element elementor-element-64108223 text-center\" data-id=\"64108223\" data-element_type=\"column\">\n\t\t\t<div class=\"elementor-widget-wrap elementor-element-populated\">\n\t\t\t\t\t\t<div class=\"elementor-element elementor-element-79ced9ab elementor-widget elementor-widget-wd_title\" data-id=\"79ced9ab\" data-element_type=\"widget\" data-widget_type=\"wd_title.default\">\n\t\t\t\t<div class=\"elementor-widget-container\">\n\t\t\t\t\t\t\t<div class=\"title-wrapper set-mb-s reset-last-child wd-title-color-primary wd-title-style-default wd-title-size-large text-left\">\n\n\t\t\t\n\t\t\t<div class=\"liner-continer\">\n\t\t\t\t<h4 class=\"woodmart-title-container title wd-fontsize-xxl\">Modisches Aussehen zeugt von au\u00dfergew\u00f6hnlichem Geschmack.<br \/>\n<\/h4> \n\t\t\t\t\t\t\t<\/div>\n\n\t\t\t\t\t\t\t<div class=\"title-after_title set-cont-mb-s reset-last-child wd-fontsize-s\">\n\t\t\t\t\t<h3><strong>In der gesch\u00e4ftigen B\u00fcrowelt ist ein hervorragender Chefsessel nicht nur ein bequemer Sitzplatz, sondern auch ein Symbol f\u00fcr Status und Geschmack. Unser modischer Chefsessel mit seiner exquisiten Handwerkskunst und seinem einzigartigen Design definiert den Luxus und den Komfort von B\u00fcror\u00e4umen f\u00fcr Sie neu.<\/strong><\/h3>\t\t\t\t<\/div>\n\t\t\t\t\t<\/div>\n\t\t\t\t\t\t<\/div>\n\t\t\t\t<\/div>\n\t\t\t\t<div class=\"elementor-element elementor-element-145e5098 elementor-widget__width-auto elementor-widget elementor-widget-wd_button\" data-id=\"145e5098\" data-element_type=\"widget\" data-widget_type=\"wd_button.default\">\n\t\t\t\t<div class=\"elementor-widget-container\">\n\t\t\t\t\t\t\t<div class=\"wd-button-wrapper text-center\" >\n\t\t\t<a class=\"btn btn-style-default btn-style-rectangle btn-size-default btn-color-black btn-icon-pos-right\"  href=\"#\">\n\t\t\t\t<span class=\"wd-btn-text\" data-elementor-setting-key=\"text\">\n\t\t\t\t\tJETZT EINKAUFEN\t\t\t\t<\/span>\n\n\t\t\t\t\t\t\t<\/a>\n\t\t<\/div>\n\t\t\t\t\t\t<\/div>\n\t\t\t\t<\/div>\n\t\t\t\t<div class=\"elementor-element elementor-element-6bcb9bb4 elementor-widget__width-auto elementor-widget elementor-widget-wd_button\" data-id=\"6bcb9bb4\" data-element_type=\"widget\" data-widget_type=\"wd_button.default\">\n\t\t\t\t<div class=\"elementor-widget-container\">\n\t\t\t\t\t\t\t<div class=\"wd-button-wrapper text-center\" >\n\t\t\t<a class=\"btn btn-style-bordered btn-style-rectangle btn-size-default btn-color-default btn-icon-pos-right\"  href=\"#\">\n\t\t\t\t<span class=\"wd-btn-text\" data-elementor-setting-key=\"text\">\n\t\t\t\t\tMEHR ANSEHEN\t\t\t\t<\/span>\n\n\t\t\t\t\t\t\t<\/a>\n\t\t<\/div>\n\t\t\t\t\t\t<\/div>\n\t\t\t\t<\/div>\n\t\t\t\t\t<\/div>\n\t\t<\/div>\n\t\t\t\t\t<\/div>\n\t\t<\/section>\n\t\t\t\t<section class=\"elementor-section elementor-top-section elementor-element elementor-element-23dfa675 elementor-section-boxed elementor-section-height-default elementor-section-height-default wd-section-disabled\" data-id=\"23dfa675\" data-element_type=\"section\">\n\t\t\t\t\t\t<div class=\"elementor-container elementor-column-gap-default\">\n\t\t\t\t\t<div class=\"elementor-column elementor-col-100 elementor-top-column elementor-element elementor-element-57c79f13\" data-id=\"57c79f13\" data-element_type=\"column\">\n\t\t\t<div class=\"elementor-widget-wrap\">\n\t\t\t\t\t\t\t<\/div>\n\t\t<\/div>\n\t\t\t\t\t<\/div>\n\t\t<\/section>\n\t\t\t\t<section class=\"elementor-section elementor-top-section elementor-element elementor-element-835762b wd-section-stretch elementor-section-boxed elementor-section-height-default elementor-section-height-default\" data-id=\"835762b\" data-element_type=\"section\" data-settings=\"{&quot;background_background&quot;:&quot;classic&quot;}\">\n\t\t\t\t\t\t<div class=\"elementor-container elementor-column-gap-default\">\n\t\t\t\t\t<div class=\"elementor-column elementor-col-100 elementor-top-column elementor-element elementor-element-716ea144 wd-collapsible-content\" data-id=\"716ea144\" data-element_type=\"column\">\n\t\t\t<div class=\"elementor-widget-wrap elementor-element-populated\">\n\t\t\t\t\t\t<div class=\"elementor-element elementor-element-4d6f4e2f elementor-widget elementor-widget-wd_title\" data-id=\"4d6f4e2f\" data-element_type=\"widget\" data-widget_type=\"wd_title.default\">\n\t\t\t\t<div class=\"elementor-widget-container\">\n\t\t\t\t\t\t\t<div class=\"title-wrapper set-mb-s reset-last-child wd-title-color-default wd-title-style-default wd-title-size-default text-left\">\n\n\t\t\t\n\t\t\t<div class=\"liner-continer\">\n\t\t\t\t<h4 class=\"woodmart-title-container title wd-fontsize-l\">\u00dcber B\u00fcrost\u00fchle<\/h4> \n\t\t\t\t\t\t\t<\/div>\n\n\t\t\t\t\t<\/div>\n\t\t\t\t\t\t<\/div>\n\t\t\t\t<\/div>\n\t\t\t\t<div class=\"elementor-element elementor-element-13353d78 elementor-widget elementor-widget-wd_text_block\" data-id=\"13353d78\" data-element_type=\"widget\" data-widget_type=\"wd_text_block.default\">\n\t\t\t\t<div class=\"elementor-widget-container\">\n\t\t\t\t\t\t\t<div class=\"wd-text-block reset-last-child text-left\">\n\t\t\t\n\t\t\t<h5><span style=\"color: #000000;\"><b>Wie messe ich mich f\u00fcr einen B\u00fcrostuhl?<\/b><\/span><br \/><span style=\"color: #000000;\">Stellen Sie sich zun\u00e4chst vor den B\u00fcrostuhl, um die ideale Sitzh\u00f6he zu ermitteln. Stellen Sie die Sitzh\u00f6he bzw. das Sitzkissen so ein, dass die Oberkante des ergonomischen Computerstuhls bzw. des Kissens unterhalb Ihrer Kniescheibe liegt. Stellen Sie die Sitzh\u00f6he Ihres Arbeitsstuhls so ein, dass Ihre Ellbogen einen 90-100-Grad-Winkel bilden. Ver\u00e4ndern Sie die H\u00f6he Ihres Stuhls so lange, bis Ihre Arme parallel oder leicht geneigt zu Ihrem Schreibtisch sind.<\/span><\/h5><p><span style=\"color: #000000;\"><b>Wie bestimmt man die Sitzh\u00f6he eines Stuhls?<\/b><\/span><br \/><span style=\"color: #000000;\">Ihr Sitz muss eine H\u00f6he haben, die es Ihnen erm\u00f6glicht, bequem mit angewinkelten Knien zu sitzen und die F\u00fc\u00dfe flach auf den Boden zu stellen. Au\u00dferdem sollten die Armlehnen so angebracht sein, dass Sie Ihre Arme beim Tippen und Benutzen der Maus im 90-Grad-Winkel ablegen k\u00f6nnen.<\/span><\/p><p><span style=\"color: #000000;\"><b>K\u00f6nnen B\u00fcrost\u00fchle explodieren?<\/b><\/span><br \/><span style=\"color: #000000;\">Nein - Die meisten B\u00fcrost\u00fchle sind mit einer Gasdruckfeder ausgestattet, um die H\u00f6he des Sitzes zu regulieren. Es ist wichtig zu betonen, dass eine \"Druckstange\" nur eine mit Luft gef\u00fcllte Metallstange ist. Sie ist sehr sicher und wird nach den h\u00f6chsten Standards hergestellt. Also nein, B\u00fcrost\u00fchle explodieren nicht, aber sie k\u00f6nnen eine Fehlfunktion haben.<\/span><\/p><p><span style=\"color: #000000;\"><b>K\u00f6nnen B\u00fcrost\u00fchle Teppiche besch\u00e4digen?<\/b><\/span><br \/><span style=\"color: #000000;\">Bei sorgf\u00e4ltigem Gebrauch und gut gewarteten R\u00e4dern k\u00f6nnen hochwertige Teppiche gut mit B\u00fcrost\u00fchlen zurechtkommen. Bei l\u00e4ngerem Gebrauch kommt es jedoch zu einer gewissen Abnutzung.<\/span><\/p>\n\t\t\t\t\t<\/div>\n\t\t\t\t\t\t<\/div>\n\t\t\t\t<\/div>\n\t\t\t\t<div class=\"elementor-element elementor-element-15d052e8 elementor-widget elementor-widget-wd_button\" data-id=\"15d052e8\" data-element_type=\"widget\" data-widget_type=\"wd_button.default\">\n\t\t\t\t<div class=\"elementor-widget-container\">\n\t\t\t\t\t\t\t<div class=\"wd-button-wrapper text-left wd-collapsible-button\" >\n\t\t\t<a class=\"btn btn-style-link btn-style- btn-size-default btn-color-primary btn-icon-pos-right\"  href=\"#\">\n\t\t\t\t<span class=\"wd-btn-text\" data-elementor-setting-key=\"text\">\n\t\t\t\t\tMehr lesen\t\t\t\t<\/span>\n\n\t\t\t\t\t\t\t<\/a>\n\t\t<\/div>\n\t\t\t\t\t\t<\/div>\n\t\t\t\t<\/div>\n\t\t\t\t\t<\/div>\n\t\t<\/div>\n\t\t\t\t\t<\/div>\n\t\t<\/section>\n\t\t\t\t<\/div>","protected":false},"excerpt":{"rendered":"<p>0% Fashionable appearance shows extraordinary taste. In the busy office world, an excellent boss chair is not only a comfortable<\/p>","protected":false},"featured_media":11523,"comment_status":"open","ping_status":"closed","template":"","meta":{"_monsterinsights_skip_tracking":false,"_monsterinsights_sitenote_active":false,"_monsterinsights_sitenote_note":"","_monsterinsights_sitenote_category":0},"product_brand":[],"product_cat":[127,86],"product_tag":[],"class_list":{"0":"post-11498","1":"product","2":"type-product","3":"status-publish","4":"has-post-thumbnail","6":"product_cat-conference-chair","7":"product_cat-executive-chair","9":"first","10":"instock","11":"sale","12":"shipping-taxable","13":"purchasable","14":"product-type-simple"},"yoast_head":"<!-- This site is optimized with the Yoast SEO Premium plugin v23.9 (Yoast SEO v25.1) - https:\/\/yoast.com\/wordpress\/plugins\/seo\/ -->\n<title>Comfortable Adjustable comfort headrest genuine leather chairs Swivel Manager Boss Executive PU Office meeting room - ROYAL PRIDE Furniture Co., Ltd. Global Government Furniture Manufacturing<\/title>\n<meta name=\"description\" content=\"Our main products include Desk,Office chair,File cabinet,Conference table,Sofa,Coffee table,Partition,Bookshelf,Office worksation, etc.\" \/>\n<meta name=\"robots\" content=\"index, follow, max-snippet:-1, max-image-preview:large, max-video-preview:-1\" \/>\n<link rel=\"canonical\" href=\"https:\/\/govtfurniture.com\/de\/producto\/high-back-cadeira-de-escritorio-pu-executive-luxury-ergonomic-pu-padded-sleeping-leather-chair-office-desk-and-chair-set\/\" \/>\n<meta property=\"og:locale\" content=\"de_DE\" \/>\n<meta property=\"og:type\" content=\"article\" \/>\n<meta property=\"og:title\" content=\"Comfortable Adjustable comfort headrest genuine leather chairs Swivel Manager Boss Executive PU Office meeting room\" \/>\n<meta property=\"og:description\" content=\"Our main products include Desk,Office chair,File cabinet,Conference table,Sofa,Coffee table,Partition,Bookshelf,Office worksation, etc.\" \/>\n<meta property=\"og:url\" content=\"https:\/\/govtfurniture.com\/de\/producto\/high-back-cadeira-de-escritorio-pu-executive-luxury-ergonomic-pu-padded-sleeping-leather-chair-office-desk-and-chair-set\/\" \/>\n<meta property=\"og:site_name\" content=\"ROYAL PRIDE Furniture Co., Ltd. Global Government Furniture Manufacturing\" \/>\n<meta property=\"article:publisher\" content=\"https:\/\/www.facebook.com\/profile.php?id=61560913657184\" \/>\n<meta property=\"article:modified_time\" content=\"2024-10-09T07:20:59+00:00\" \/>\n<meta property=\"og:image\" content=\"https:\/\/govtfurniture.com\/wp-content\/uploads\/2024\/10\/YH04-380-1.jpg\" \/>\n\t<meta property=\"og:image:width\" content=\"1000\" \/>\n\t<meta property=\"og:image:height\" content=\"1000\" \/>\n\t<meta property=\"og:image:type\" content=\"image\/jpeg\" \/>\n<meta name=\"twitter:card\" content=\"summary_large_image\" \/>\n<meta name=\"twitter:site\" content=\"@huangpai688\" \/>\n<meta name=\"twitter:label1\" content=\"Gesch\u00e4tzte Lesezeit\" \/>\n\t<meta name=\"twitter:data1\" content=\"2\u00a0Minuten\" \/>\n<script type=\"application\/ld+json\" class=\"yoast-schema-graph\">{\"@context\":\"https:\/\/schema.org\",\"@graph\":[{\"@type\":\"WebPage\",\"@id\":\"https:\/\/govtfurniture.com\/es\/producto\/high-back-cadeira-de-escritorio-pu-executive-luxury-ergonomic-pu-padded-sleeping-leather-chair-office-desk-and-chair-set\/\",\"url\":\"https:\/\/govtfurniture.com\/es\/producto\/high-back-cadeira-de-escritorio-pu-executive-luxury-ergonomic-pu-padded-sleeping-leather-chair-office-desk-and-chair-set\/\",\"name\":\"Comfortable Adjustable comfort headrest genuine leather chairs Swivel Manager Boss Executive PU Office meeting room - ROYAL PRIDE Furniture Co., Ltd. Global Government Furniture Manufacturing\",\"isPartOf\":{\"@id\":\"https:\/\/govtfurniture.com\/pt\/#website\"},\"primaryImageOfPage\":{\"@id\":\"https:\/\/govtfurniture.com\/es\/producto\/high-back-cadeira-de-escritorio-pu-executive-luxury-ergonomic-pu-padded-sleeping-leather-chair-office-desk-and-chair-set\/#primaryimage\"},\"image\":{\"@id\":\"https:\/\/govtfurniture.com\/es\/producto\/high-back-cadeira-de-escritorio-pu-executive-luxury-ergonomic-pu-padded-sleeping-leather-chair-office-desk-and-chair-set\/#primaryimage\"},\"thumbnailUrl\":\"https:\/\/govtfurniture.com\/wp-content\/uploads\/2024\/10\/YH04-380-1.jpg\",\"datePublished\":\"2024-10-09T04:42:05+00:00\",\"dateModified\":\"2024-10-09T07:20:59+00:00\",\"description\":\"Our main products include Desk,Office chair,File cabinet,Conference table,Sofa,Coffee table,Partition,Bookshelf,Office worksation, etc.\",\"breadcrumb\":{\"@id\":\"https:\/\/govtfurniture.com\/es\/producto\/high-back-cadeira-de-escritorio-pu-executive-luxury-ergonomic-pu-padded-sleeping-leather-chair-office-desk-and-chair-set\/#breadcrumb\"},\"inLanguage\":\"de\",\"potentialAction\":[{\"@type\":\"ReadAction\",\"target\":[\"https:\/\/govtfurniture.com\/es\/producto\/high-back-cadeira-de-escritorio-pu-executive-luxury-ergonomic-pu-padded-sleeping-leather-chair-office-desk-and-chair-set\/\"]}]},{\"@type\":\"ImageObject\",\"inLanguage\":\"de\",\"@id\":\"https:\/\/govtfurniture.com\/es\/producto\/high-back-cadeira-de-escritorio-pu-executive-luxury-ergonomic-pu-padded-sleeping-leather-chair-office-desk-and-chair-set\/#primaryimage\",\"url\":\"https:\/\/govtfurniture.com\/wp-content\/uploads\/2024\/10\/YH04-380-1.jpg\",\"contentUrl\":\"https:\/\/govtfurniture.com\/wp-content\/uploads\/2024\/10\/YH04-380-1.jpg\",\"width\":1000,\"height\":1000,\"caption\":\"YH04 (380)\"},{\"@type\":\"BreadcrumbList\",\"@id\":\"https:\/\/govtfurniture.com\/es\/producto\/high-back-cadeira-de-escritorio-pu-executive-luxury-ergonomic-pu-padded-sleeping-leather-chair-office-desk-and-chair-set\/#breadcrumb\",\"itemListElement\":[{\"@type\":\"ListItem\",\"position\":1,\"name\":\"\u9996\u9875\",\"item\":\"https:\/\/govtfurniture.com\/\"},{\"@type\":\"ListItem\",\"position\":2,\"name\":\"Product\",\"item\":\"https:\/\/govtfurniture.com\/shop\/\"},{\"@type\":\"ListItem\",\"position\":3,\"name\":\"Comfortable Adjustable comfort headrest genuine leather chairs Swivel Manager Boss Executive PU Office meeting room\"}]},{\"@type\":\"WebSite\",\"@id\":\"https:\/\/govtfurniture.com\/pt\/#website\",\"url\":\"https:\/\/govtfurniture.com\/pt\/\",\"name\":\"ROYAL PRIDE Furniture Co., Ltd.\",\"description\":\"Government furniture customization Creating environmentally friendly, healthy and comfortable furniture products\",\"publisher\":{\"@id\":\"https:\/\/govtfurniture.com\/pt\/#organization\"},\"alternateName\":\"huangpai Furniture\",\"potentialAction\":[{\"@type\":\"SearchAction\",\"target\":{\"@type\":\"EntryPoint\",\"urlTemplate\":\"https:\/\/govtfurniture.com\/pt\/?s={search_term_string}\"},\"query-input\":{\"@type\":\"PropertyValueSpecification\",\"valueRequired\":true,\"valueName\":\"search_term_string\"}}],\"inLanguage\":\"de\"},{\"@type\":\"Organization\",\"@id\":\"https:\/\/govtfurniture.com\/pt\/#organization\",\"name\":\"ROYAL PRIDE Furniture Co., Ltd.\",\"url\":\"https:\/\/govtfurniture.com\/pt\/\",\"logo\":{\"@type\":\"ImageObject\",\"inLanguage\":\"de\",\"@id\":\"https:\/\/govtfurniture.com\/pt\/#\/schema\/logo\/image\/\",\"url\":\"https:\/\/govtfurniture.com\/wp-content\/uploads\/2024\/07\/logo3.jpg\",\"contentUrl\":\"https:\/\/govtfurniture.com\/wp-content\/uploads\/2024\/07\/logo3.jpg\",\"width\":512,\"height\":512,\"caption\":\"ROYAL PRIDE Furniture Co., Ltd.\"},\"image\":{\"@id\":\"https:\/\/govtfurniture.com\/pt\/#\/schema\/logo\/image\/\"},\"sameAs\":[\"https:\/\/www.facebook.com\/profile.php?id=61560913657184\",\"https:\/\/x.com\/huangpai688\",\"https:\/\/www.youtube.com\/@RoyalPrideFurniture\",\"https:\/\/www.pinterest.com\/pin\/890235051338475626\/\",\"https:\/\/www.tiktok.com\/@ryalprideofficefurniture\"]}]}<\/script>\n<!-- \/ Yoast SEO Premium plugin. -->","yoast_head_json":{"title":"Comfortable Adjustable comfort headrest genuine leather chairs Swivel Manager Boss Executive PU Office meeting room - ROYAL PRIDE Furniture Co., Ltd. Global Government Furniture Manufacturing","description":"Our main products include Desk,Office chair,File cabinet,Conference table,Sofa,Coffee table,Partition,Bookshelf,Office worksation, etc.","robots":{"index":"index","follow":"follow","max-snippet":"max-snippet:-1","max-image-preview":"max-image-preview:large","max-video-preview":"max-video-preview:-1"},"canonical":"https:\/\/govtfurniture.com\/de\/producto\/high-back-cadeira-de-escritorio-pu-executive-luxury-ergonomic-pu-padded-sleeping-leather-chair-office-desk-and-chair-set\/","og_locale":"de_DE","og_type":"article","og_title":"Comfortable Adjustable comfort headrest genuine leather chairs Swivel Manager Boss Executive PU Office meeting room","og_description":"Our main products include Desk,Office chair,File cabinet,Conference table,Sofa,Coffee table,Partition,Bookshelf,Office worksation, etc.","og_url":"https:\/\/govtfurniture.com\/de\/producto\/high-back-cadeira-de-escritorio-pu-executive-luxury-ergonomic-pu-padded-sleeping-leather-chair-office-desk-and-chair-set\/","og_site_name":"ROYAL PRIDE Furniture Co., Ltd. Global Government Furniture Manufacturing","article_publisher":"https:\/\/www.facebook.com\/profile.php?id=61560913657184","article_modified_time":"2024-10-09T07:20:59+00:00","og_image":[{"width":1000,"height":1000,"url":"https:\/\/govtfurniture.com\/wp-content\/uploads\/2024\/10\/YH04-380-1.jpg","type":"image\/jpeg"}],"twitter_card":"summary_large_image","twitter_site":"@huangpai688","twitter_misc":{"Gesch\u00e4tzte Lesezeit":"2\u00a0Minuten"},"schema":{"@context":"https:\/\/schema.org","@graph":[{"@type":"WebPage","@id":"https:\/\/govtfurniture.com\/es\/producto\/high-back-cadeira-de-escritorio-pu-executive-luxury-ergonomic-pu-padded-sleeping-leather-chair-office-desk-and-chair-set\/","url":"https:\/\/govtfurniture.com\/es\/producto\/high-back-cadeira-de-escritorio-pu-executive-luxury-ergonomic-pu-padded-sleeping-leather-chair-office-desk-and-chair-set\/","name":"Comfortable Adjustable comfort headrest genuine leather chairs Swivel Manager Boss Executive PU Office meeting room - ROYAL PRIDE Furniture Co., Ltd. Global Government Furniture Manufacturing","isPartOf":{"@id":"https:\/\/govtfurniture.com\/pt\/#website"},"primaryImageOfPage":{"@id":"https:\/\/govtfurniture.com\/es\/producto\/high-back-cadeira-de-escritorio-pu-executive-luxury-ergonomic-pu-padded-sleeping-leather-chair-office-desk-and-chair-set\/#primaryimage"},"image":{"@id":"https:\/\/govtfurniture.com\/es\/producto\/high-back-cadeira-de-escritorio-pu-executive-luxury-ergonomic-pu-padded-sleeping-leather-chair-office-desk-and-chair-set\/#primaryimage"},"thumbnailUrl":"https:\/\/govtfurniture.com\/wp-content\/uploads\/2024\/10\/YH04-380-1.jpg","datePublished":"2024-10-09T04:42:05+00:00","dateModified":"2024-10-09T07:20:59+00:00","description":"Our main products include Desk,Office chair,File cabinet,Conference table,Sofa,Coffee table,Partition,Bookshelf,Office worksation, etc.","breadcrumb":{"@id":"https:\/\/govtfurniture.com\/es\/producto\/high-back-cadeira-de-escritorio-pu-executive-luxury-ergonomic-pu-padded-sleeping-leather-chair-office-desk-and-chair-set\/#breadcrumb"},"inLanguage":"de","potentialAction":[{"@type":"ReadAction","target":["https:\/\/govtfurniture.com\/es\/producto\/high-back-cadeira-de-escritorio-pu-executive-luxury-ergonomic-pu-padded-sleeping-leather-chair-office-desk-and-chair-set\/"]}]},{"@type":"ImageObject","inLanguage":"de","@id":"https:\/\/govtfurniture.com\/es\/producto\/high-back-cadeira-de-escritorio-pu-executive-luxury-ergonomic-pu-padded-sleeping-leather-chair-office-desk-and-chair-set\/#primaryimage","url":"https:\/\/govtfurniture.com\/wp-content\/uploads\/2024\/10\/YH04-380-1.jpg","contentUrl":"https:\/\/govtfurniture.com\/wp-content\/uploads\/2024\/10\/YH04-380-1.jpg","width":1000,"height":1000,"caption":"YH04 (380)"},{"@type":"BreadcrumbList","@id":"https:\/\/govtfurniture.com\/es\/producto\/high-back-cadeira-de-escritorio-pu-executive-luxury-ergonomic-pu-padded-sleeping-leather-chair-office-desk-and-chair-set\/#breadcrumb","itemListElement":[{"@type":"ListItem","position":1,"name":"\u9996\u9875","item":"https:\/\/govtfurniture.com\/"},{"@type":"ListItem","position":2,"name":"Product","item":"https:\/\/govtfurniture.com\/shop\/"},{"@type":"ListItem","position":3,"name":"Comfortable Adjustable comfort headrest genuine leather chairs Swivel Manager Boss Executive PU Office meeting room"}]},{"@type":"WebSite","@id":"https:\/\/govtfurniture.com\/pt\/#website","url":"https:\/\/govtfurniture.com\/pt\/","name":"ROYAL PRIDE Furniture Co., Ltd.","description":"Government furniture customization Creating environmentally friendly, healthy and comfortable furniture products","publisher":{"@id":"https:\/\/govtfurniture.com\/pt\/#organization"},"alternateName":"huangpai Furniture","potentialAction":[{"@type":"SearchAction","target":{"@type":"EntryPoint","urlTemplate":"https:\/\/govtfurniture.com\/pt\/?s={search_term_string}"},"query-input":{"@type":"PropertyValueSpecification","valueRequired":true,"valueName":"search_term_string"}}],"inLanguage":"de"},{"@type":"Organization","@id":"https:\/\/govtfurniture.com\/pt\/#organization","name":"ROYAL PRIDE Furniture Co., Ltd.","url":"https:\/\/govtfurniture.com\/pt\/","logo":{"@type":"ImageObject","inLanguage":"de","@id":"https:\/\/govtfurniture.com\/pt\/#\/schema\/logo\/image\/","url":"https:\/\/govtfurniture.com\/wp-content\/uploads\/2024\/07\/logo3.jpg","contentUrl":"https:\/\/govtfurniture.com\/wp-content\/uploads\/2024\/07\/logo3.jpg","width":512,"height":512,"caption":"ROYAL PRIDE Furniture Co., Ltd."},"image":{"@id":"https:\/\/govtfurniture.com\/pt\/#\/schema\/logo\/image\/"},"sameAs":["https:\/\/www.facebook.com\/profile.php?id=61560913657184","https:\/\/x.com\/huangpai688","https:\/\/www.youtube.com\/@RoyalPrideFurniture","https:\/\/www.pinterest.com\/pin\/890235051338475626\/","https:\/\/www.tiktok.com\/@ryalprideofficefurniture"]}]}},"_links":{"self":[{"href":"https:\/\/govtfurniture.com\/de\/wp-json\/wp\/v2\/product\/11498","targetHints":{"allow":["GET"]}}],"collection":[{"href":"https:\/\/govtfurniture.com\/de\/wp-json\/wp\/v2\/product"}],"about":[{"href":"https:\/\/govtfurniture.com\/de\/wp-json\/wp\/v2\/types\/product"}],"replies":[{"embeddable":true,"href":"https:\/\/govtfurniture.com\/de\/wp-json\/wp\/v2\/comments?post=11498"}],"version-history":[{"count":9,"href":"https:\/\/govtfurniture.com\/de\/wp-json\/wp\/v2\/product\/11498\/revisions"}],"predecessor-version":[{"id":11529,"href":"https:\/\/govtfurniture.com\/de\/wp-json\/wp\/v2\/product\/11498\/revisions\/11529"}],"wp:featuredmedia":[{"embeddable":true,"href":"https:\/\/govtfurniture.com\/de\/wp-json\/wp\/v2\/media\/11523"}],"wp:attachment":[{"href":"https:\/\/govtfurniture.com\/de\/wp-json\/wp\/v2\/media?parent=11498"}],"wp:term":[{"taxonomy":"product_brand","embeddable":true,"href":"https:\/\/govtfurniture.com\/de\/wp-json\/wp\/v2\/product_brand?post=11498"},{"taxonomy":"product_cat","embeddable":true,"href":"https:\/\/govtfurniture.com\/de\/wp-json\/wp\/v2\/product_cat?post=11498"},{"taxonomy":"product_tag","embeddable":true,"href":"https:\/\/govtfurniture.com\/de\/wp-json\/wp\/v2\/product_tag?post=11498"}],"curies":[{"name":"wp","href":"https:\/\/api.w.org\/{rel}","templated":true}]}}