{"id":9896,"date":"2024-07-03T11:30:32","date_gmt":"2024-07-03T03:30:32","guid":{"rendered":"http:\/\/govtfurniture.com\/?post_type=product&#038;p=9896"},"modified":"2024-07-17T11:27:54","modified_gmt":"2024-07-17T03:27:54","slug":"7003-1","status":"publish","type":"product","link":"https:\/\/govtfurniture.com\/de\/produkt\/7003-1\/","title":{"rendered":"ergonomischer stuhl f\u00fcr f\u00fchrungskr\u00e4fte lieferanten verstellbar manager b\u00fcro ergo mesh ergonomischer stuhl hersteller"},"content":{"rendered":"<div data-elementor-type=\"product-post\" data-elementor-id=\"9896\" class=\"elementor elementor-9896\">\n\t\t\t\t\t\t<section class=\"elementor-section elementor-top-section elementor-element elementor-element-7b9d66d elementor-section-boxed elementor-section-height-default elementor-section-height-default wd-section-disabled\" data-id=\"7b9d66d\" data-element_type=\"section\">\n\t\t\t\t\t\t<div class=\"elementor-container elementor-column-gap-default\">\n\t\t\t\t\t<div class=\"elementor-column elementor-col-100 elementor-top-column elementor-element elementor-element-67ae7e38\" data-id=\"67ae7e38\" data-element_type=\"column\">\n\t\t\t<div class=\"elementor-widget-wrap elementor-element-populated\">\n\t\t\t\t\t\t<div class=\"elementor-element elementor-element-26c60fd0 color-scheme-inherit text-left elementor-widget elementor-widget-text-editor\" data-id=\"26c60fd0\" data-element_type=\"widget\" data-widget_type=\"text-editor.default\">\n\t\t\t\t\t\t\t\t\t<p><strong><img fetchpriority=\"high\" decoding=\"async\" class=\"alignnone size-full wp-image-9889\" src=\"http:\/\/govtfurniture.com\/wp-content\/uploads\/2024\/07\/\u5929\u5e55-17.png\" alt=\"\" width=\"4316\" height=\"2672\" srcset=\"https:\/\/govtfurniture.com\/wp-content\/uploads\/2024\/07\/\u5929\u5e55-17.png 4316w, https:\/\/govtfurniture.com\/wp-content\/uploads\/2024\/07\/\u5929\u5e55-17-400x248.png 400w, https:\/\/govtfurniture.com\/wp-content\/uploads\/2024\/07\/\u5929\u5e55-17-1292x800.png 1292w, https:\/\/govtfurniture.com\/wp-content\/uploads\/2024\/07\/\u5929\u5e55-17-768x475.png 768w, https:\/\/govtfurniture.com\/wp-content\/uploads\/2024\/07\/\u5929\u5e55-17-1536x951.png 1536w, https:\/\/govtfurniture.com\/wp-content\/uploads\/2024\/07\/\u5929\u5e55-17-2048x1268.png 2048w, https:\/\/govtfurniture.com\/wp-content\/uploads\/2024\/07\/\u5929\u5e55-17-18x12.png 18w, https:\/\/govtfurniture.com\/wp-content\/uploads\/2024\/07\/\u5929\u5e55-17-860x532.png 860w, https:\/\/govtfurniture.com\/wp-content\/uploads\/2024\/07\/\u5929\u5e55-17-430x266.png 430w, https:\/\/govtfurniture.com\/wp-content\/uploads\/2024\/07\/\u5929\u5e55-17-700x433.png 700w, https:\/\/govtfurniture.com\/wp-content\/uploads\/2024\/07\/\u5929\u5e55-17-150x93.png 150w\" sizes=\"(max-width: 4316px) 100vw, 4316px\" \/><\/strong><\/p><h2>Funktionen des ergonomischen B\u00fcrostuhls:<\/h2><h3>Verstellbare Sitzh\u00f6he, Polstertiefe, R\u00fcckenlehnenneigung, Lendenwirbelst\u00fctze f\u00fcr Vorder- und R\u00fcckenlehne, 4D-Armlehnen und 3D-Kopfst\u00fctze.<img decoding=\"async\" class=\"alignnone size-full wp-image-9890\" style=\"font-size: 14px; background-color: var(--bgcolor-white); color: var(--wd-text-color);\" src=\"http:\/\/govtfurniture.com\/wp-content\/uploads\/2024\/07\/\u5929\u5e55-18.png\" alt=\"\" width=\"3324\" height=\"2058\" srcset=\"https:\/\/govtfurniture.com\/wp-content\/uploads\/2024\/07\/\u5929\u5e55-18.png 3324w, https:\/\/govtfurniture.com\/wp-content\/uploads\/2024\/07\/\u5929\u5e55-18-400x248.png 400w, https:\/\/govtfurniture.com\/wp-content\/uploads\/2024\/07\/\u5929\u5e55-18-1292x800.png 1292w, https:\/\/govtfurniture.com\/wp-content\/uploads\/2024\/07\/\u5929\u5e55-18-768x475.png 768w, https:\/\/govtfurniture.com\/wp-content\/uploads\/2024\/07\/\u5929\u5e55-18-1536x951.png 1536w, https:\/\/govtfurniture.com\/wp-content\/uploads\/2024\/07\/\u5929\u5e55-18-2048x1268.png 2048w, https:\/\/govtfurniture.com\/wp-content\/uploads\/2024\/07\/\u5929\u5e55-18-18x12.png 18w, https:\/\/govtfurniture.com\/wp-content\/uploads\/2024\/07\/\u5929\u5e55-18-860x532.png 860w, https:\/\/govtfurniture.com\/wp-content\/uploads\/2024\/07\/\u5929\u5e55-18-430x266.png 430w, https:\/\/govtfurniture.com\/wp-content\/uploads\/2024\/07\/\u5929\u5e55-18-700x433.png 700w, https:\/\/govtfurniture.com\/wp-content\/uploads\/2024\/07\/\u5929\u5e55-18-150x93.png 150w\" sizes=\"(max-width: 3324px) 100vw, 3324px\" \/><\/h3>\t\t\t\t\t\t\t\t<\/div>\n\t\t\t\t\t<\/div>\n\t\t<\/div>\n\t\t\t\t\t<\/div>\n\t\t<\/section>\n\t\t\t\t<\/div>","protected":false},"excerpt":{"rendered":"<p>Functions of the ergonomic office chair: adjustable seat height, cushion depth, backrest angle, lumbar support for front and back adjustment,<\/p>","protected":false},"featured_media":9875,"comment_status":"open","ping_status":"closed","template":"","meta":{"_monsterinsights_skip_tracking":false,"_monsterinsights_sitenote_active":false,"_monsterinsights_sitenote_note":"","_monsterinsights_sitenote_category":0},"product_brand":[],"product_cat":[124,123],"product_tag":[],"class_list":{"0":"post-9896","1":"product","2":"type-product","3":"status-publish","4":"has-post-thumbnail","6":"product_cat-ergonomic-chair","7":"product_cat-office-chair-series","9":"first","10":"instock","11":"sale","12":"featured","13":"shipping-taxable","14":"purchasable","15":"product-type-simple"},"yoast_head":"<!-- This site is optimized with the Yoast SEO Premium plugin v23.9 (Yoast SEO v25.1) - https:\/\/yoast.com\/wordpress\/plugins\/seo\/ -->\n<title>ergonomic chair suppliers,ergonomic chair, ergo chair factory<\/title>\n<meta name=\"description\" content=\"Our main products include boss desk, office desk, conference table, office sofa, filing cabinet, reception desk, office chair, office cubical screen\uff0cetc.\" \/>\n<meta name=\"robots\" content=\"index, follow, max-snippet:-1, max-image-preview:large, max-video-preview:-1\" \/>\n<link rel=\"canonical\" href=\"https:\/\/govtfurniture.com\/de\/product\/7003-1\/\" \/>\n<meta property=\"og:locale\" content=\"de_DE\" \/>\n<meta property=\"og:type\" content=\"article\" \/>\n<meta property=\"og:title\" content=\"executive ergonomic chair suppliers adjustable manager office ergo mesh ergonomic chair manufacturers\" \/>\n<meta property=\"og:description\" content=\"Our main products include boss desk, office desk, conference table, office sofa, filing cabinet, reception desk, office chair, office cubical screen\uff0cetc.\" \/>\n<meta property=\"og:url\" content=\"https:\/\/govtfurniture.com\/de\/product\/7003-1\/\" \/>\n<meta property=\"og:site_name\" content=\"ROYAL PRIDE Furniture Co., Ltd. Global Government Furniture Manufacturing\" \/>\n<meta property=\"article:publisher\" content=\"https:\/\/www.facebook.com\/profile.php?id=61560913657184\" \/>\n<meta property=\"article:modified_time\" content=\"2024-07-17T03:27:54+00:00\" \/>\n<meta property=\"og:image\" content=\"https:\/\/govtfurniture.com\/wp-content\/uploads\/2024\/07\/\u5929\u5e551-19.jpg\" \/>\n\t<meta property=\"og:image:width\" content=\"1248\" \/>\n\t<meta property=\"og:image:height\" content=\"1125\" \/>\n\t<meta property=\"og:image:type\" content=\"image\/jpeg\" \/>\n<meta name=\"twitter:card\" content=\"summary_large_image\" \/>\n<meta name=\"twitter:site\" content=\"@huangpai688\" \/>\n<meta name=\"twitter:label1\" content=\"Gesch\u00e4tzte Lesezeit\" \/>\n\t<meta name=\"twitter:data1\" content=\"1\u00a0Minute\" \/>\n<script type=\"application\/ld+json\" class=\"yoast-schema-graph\">{\"@context\":\"https:\/\/schema.org\",\"@graph\":[{\"@type\":\"WebPage\",\"@id\":\"https:\/\/govtfurniture.com\/ar\/product\/7003-1\/\",\"url\":\"https:\/\/govtfurniture.com\/ar\/product\/7003-1\/\",\"name\":\"ergonomic chair suppliers,ergonomic chair, ergo chair factory\",\"isPartOf\":{\"@id\":\"https:\/\/govtfurniture.com\/pt\/#website\"},\"primaryImageOfPage\":{\"@id\":\"https:\/\/govtfurniture.com\/ar\/product\/7003-1\/#primaryimage\"},\"image\":{\"@id\":\"https:\/\/govtfurniture.com\/ar\/product\/7003-1\/#primaryimage\"},\"thumbnailUrl\":\"https:\/\/govtfurniture.com\/wp-content\/uploads\/2024\/07\/\u5929\u5e551-19.jpg\",\"datePublished\":\"2024-07-03T03:30:32+00:00\",\"dateModified\":\"2024-07-17T03:27:54+00:00\",\"description\":\"Our main products include boss desk, office desk, conference table, office sofa, filing cabinet, reception desk, office chair, office cubical screen\uff0cetc.\",\"breadcrumb\":{\"@id\":\"https:\/\/govtfurniture.com\/ar\/product\/7003-1\/#breadcrumb\"},\"inLanguage\":\"de\",\"potentialAction\":[{\"@type\":\"ReadAction\",\"target\":[\"https:\/\/govtfurniture.com\/ar\/product\/7003-1\/\"]}]},{\"@type\":\"ImageObject\",\"inLanguage\":\"de\",\"@id\":\"https:\/\/govtfurniture.com\/ar\/product\/7003-1\/#primaryimage\",\"url\":\"https:\/\/govtfurniture.com\/wp-content\/uploads\/2024\/07\/\u5929\u5e551-19.jpg\",\"contentUrl\":\"https:\/\/govtfurniture.com\/wp-content\/uploads\/2024\/07\/\u5929\u5e551-19.jpg\",\"width\":1248,\"height\":1125,\"caption\":\"Office Chair,Ergonomic Chair,Mesh Chair\"},{\"@type\":\"BreadcrumbList\",\"@id\":\"https:\/\/govtfurniture.com\/ar\/product\/7003-1\/#breadcrumb\",\"itemListElement\":[{\"@type\":\"ListItem\",\"position\":1,\"name\":\"\u9996\u9875\",\"item\":\"https:\/\/govtfurniture.com\/\"},{\"@type\":\"ListItem\",\"position\":2,\"name\":\"Product\",\"item\":\"https:\/\/govtfurniture.com\/shop\/\"},{\"@type\":\"ListItem\",\"position\":3,\"name\":\"executive ergonomic chair suppliers adjustable manager office ergo mesh ergonomic chair manufacturers\"}]},{\"@type\":\"WebSite\",\"@id\":\"https:\/\/govtfurniture.com\/pt\/#website\",\"url\":\"https:\/\/govtfurniture.com\/pt\/\",\"name\":\"ROYAL PRIDE Furniture Co., Ltd.\",\"description\":\"Government furniture customization Creating environmentally friendly, healthy and comfortable furniture products\",\"publisher\":{\"@id\":\"https:\/\/govtfurniture.com\/pt\/#organization\"},\"alternateName\":\"huangpai Furniture\",\"potentialAction\":[{\"@type\":\"SearchAction\",\"target\":{\"@type\":\"EntryPoint\",\"urlTemplate\":\"https:\/\/govtfurniture.com\/pt\/?s={search_term_string}\"},\"query-input\":{\"@type\":\"PropertyValueSpecification\",\"valueRequired\":true,\"valueName\":\"search_term_string\"}}],\"inLanguage\":\"de\"},{\"@type\":\"Organization\",\"@id\":\"https:\/\/govtfurniture.com\/pt\/#organization\",\"name\":\"ROYAL PRIDE Furniture Co., Ltd.\",\"url\":\"https:\/\/govtfurniture.com\/pt\/\",\"logo\":{\"@type\":\"ImageObject\",\"inLanguage\":\"de\",\"@id\":\"https:\/\/govtfurniture.com\/pt\/#\/schema\/logo\/image\/\",\"url\":\"https:\/\/govtfurniture.com\/wp-content\/uploads\/2024\/07\/logo3.jpg\",\"contentUrl\":\"https:\/\/govtfurniture.com\/wp-content\/uploads\/2024\/07\/logo3.jpg\",\"width\":512,\"height\":512,\"caption\":\"ROYAL PRIDE Furniture Co., Ltd.\"},\"image\":{\"@id\":\"https:\/\/govtfurniture.com\/pt\/#\/schema\/logo\/image\/\"},\"sameAs\":[\"https:\/\/www.facebook.com\/profile.php?id=61560913657184\",\"https:\/\/x.com\/huangpai688\",\"https:\/\/www.youtube.com\/@RoyalPrideFurniture\",\"https:\/\/www.pinterest.com\/pin\/890235051338475626\/\",\"https:\/\/www.tiktok.com\/@ryalprideofficefurniture\"]}]}<\/script>\n<!-- \/ Yoast SEO Premium plugin. -->","yoast_head_json":{"title":"ergonomic chair suppliers,ergonomic chair, ergo chair factory","description":"Our main products include boss desk, office desk, conference table, office sofa, filing cabinet, reception desk, office chair, office cubical screen\uff0cetc.","robots":{"index":"index","follow":"follow","max-snippet":"max-snippet:-1","max-image-preview":"max-image-preview:large","max-video-preview":"max-video-preview:-1"},"canonical":"https:\/\/govtfurniture.com\/de\/product\/7003-1\/","og_locale":"de_DE","og_type":"article","og_title":"executive ergonomic chair suppliers adjustable manager office ergo mesh ergonomic chair manufacturers","og_description":"Our main products include boss desk, office desk, conference table, office sofa, filing cabinet, reception desk, office chair, office cubical screen\uff0cetc.","og_url":"https:\/\/govtfurniture.com\/de\/product\/7003-1\/","og_site_name":"ROYAL PRIDE Furniture Co., Ltd. Global Government Furniture Manufacturing","article_publisher":"https:\/\/www.facebook.com\/profile.php?id=61560913657184","article_modified_time":"2024-07-17T03:27:54+00:00","og_image":[{"width":1248,"height":1125,"url":"https:\/\/govtfurniture.com\/wp-content\/uploads\/2024\/07\/\u5929\u5e551-19.jpg","type":"image\/jpeg"}],"twitter_card":"summary_large_image","twitter_site":"@huangpai688","twitter_misc":{"Gesch\u00e4tzte Lesezeit":"1\u00a0Minute"},"schema":{"@context":"https:\/\/schema.org","@graph":[{"@type":"WebPage","@id":"https:\/\/govtfurniture.com\/ar\/product\/7003-1\/","url":"https:\/\/govtfurniture.com\/ar\/product\/7003-1\/","name":"ergonomic chair suppliers,ergonomic chair, ergo chair factory","isPartOf":{"@id":"https:\/\/govtfurniture.com\/pt\/#website"},"primaryImageOfPage":{"@id":"https:\/\/govtfurniture.com\/ar\/product\/7003-1\/#primaryimage"},"image":{"@id":"https:\/\/govtfurniture.com\/ar\/product\/7003-1\/#primaryimage"},"thumbnailUrl":"https:\/\/govtfurniture.com\/wp-content\/uploads\/2024\/07\/\u5929\u5e551-19.jpg","datePublished":"2024-07-03T03:30:32+00:00","dateModified":"2024-07-17T03:27:54+00:00","description":"Our main products include boss desk, office desk, conference table, office sofa, filing cabinet, reception desk, office chair, office cubical screen\uff0cetc.","breadcrumb":{"@id":"https:\/\/govtfurniture.com\/ar\/product\/7003-1\/#breadcrumb"},"inLanguage":"de","potentialAction":[{"@type":"ReadAction","target":["https:\/\/govtfurniture.com\/ar\/product\/7003-1\/"]}]},{"@type":"ImageObject","inLanguage":"de","@id":"https:\/\/govtfurniture.com\/ar\/product\/7003-1\/#primaryimage","url":"https:\/\/govtfurniture.com\/wp-content\/uploads\/2024\/07\/\u5929\u5e551-19.jpg","contentUrl":"https:\/\/govtfurniture.com\/wp-content\/uploads\/2024\/07\/\u5929\u5e551-19.jpg","width":1248,"height":1125,"caption":"Office Chair,Ergonomic Chair,Mesh Chair"},{"@type":"BreadcrumbList","@id":"https:\/\/govtfurniture.com\/ar\/product\/7003-1\/#breadcrumb","itemListElement":[{"@type":"ListItem","position":1,"name":"\u9996\u9875","item":"https:\/\/govtfurniture.com\/"},{"@type":"ListItem","position":2,"name":"Product","item":"https:\/\/govtfurniture.com\/shop\/"},{"@type":"ListItem","position":3,"name":"executive ergonomic chair suppliers adjustable manager office ergo mesh ergonomic chair manufacturers"}]},{"@type":"WebSite","@id":"https:\/\/govtfurniture.com\/pt\/#website","url":"https:\/\/govtfurniture.com\/pt\/","name":"ROYAL PRIDE Furniture Co., Ltd.","description":"Government furniture customization Creating environmentally friendly, healthy and comfortable furniture products","publisher":{"@id":"https:\/\/govtfurniture.com\/pt\/#organization"},"alternateName":"huangpai Furniture","potentialAction":[{"@type":"SearchAction","target":{"@type":"EntryPoint","urlTemplate":"https:\/\/govtfurniture.com\/pt\/?s={search_term_string}"},"query-input":{"@type":"PropertyValueSpecification","valueRequired":true,"valueName":"search_term_string"}}],"inLanguage":"de"},{"@type":"Organization","@id":"https:\/\/govtfurniture.com\/pt\/#organization","name":"ROYAL PRIDE Furniture Co., Ltd.","url":"https:\/\/govtfurniture.com\/pt\/","logo":{"@type":"ImageObject","inLanguage":"de","@id":"https:\/\/govtfurniture.com\/pt\/#\/schema\/logo\/image\/","url":"https:\/\/govtfurniture.com\/wp-content\/uploads\/2024\/07\/logo3.jpg","contentUrl":"https:\/\/govtfurniture.com\/wp-content\/uploads\/2024\/07\/logo3.jpg","width":512,"height":512,"caption":"ROYAL PRIDE Furniture Co., Ltd."},"image":{"@id":"https:\/\/govtfurniture.com\/pt\/#\/schema\/logo\/image\/"},"sameAs":["https:\/\/www.facebook.com\/profile.php?id=61560913657184","https:\/\/x.com\/huangpai688","https:\/\/www.youtube.com\/@RoyalPrideFurniture","https:\/\/www.pinterest.com\/pin\/890235051338475626\/","https:\/\/www.tiktok.com\/@ryalprideofficefurniture"]}]}},"_links":{"self":[{"href":"https:\/\/govtfurniture.com\/de\/wp-json\/wp\/v2\/product\/9896","targetHints":{"allow":["GET"]}}],"collection":[{"href":"https:\/\/govtfurniture.com\/de\/wp-json\/wp\/v2\/product"}],"about":[{"href":"https:\/\/govtfurniture.com\/de\/wp-json\/wp\/v2\/types\/product"}],"replies":[{"embeddable":true,"href":"https:\/\/govtfurniture.com\/de\/wp-json\/wp\/v2\/comments?post=9896"}],"version-history":[{"count":5,"href":"https:\/\/govtfurniture.com\/de\/wp-json\/wp\/v2\/product\/9896\/revisions"}],"predecessor-version":[{"id":10646,"href":"https:\/\/govtfurniture.com\/de\/wp-json\/wp\/v2\/product\/9896\/revisions\/10646"}],"wp:featuredmedia":[{"embeddable":true,"href":"https:\/\/govtfurniture.com\/de\/wp-json\/wp\/v2\/media\/9875"}],"wp:attachment":[{"href":"https:\/\/govtfurniture.com\/de\/wp-json\/wp\/v2\/media?parent=9896"}],"wp:term":[{"taxonomy":"product_brand","embeddable":true,"href":"https:\/\/govtfurniture.com\/de\/wp-json\/wp\/v2\/product_brand?post=9896"},{"taxonomy":"product_cat","embeddable":true,"href":"https:\/\/govtfurniture.com\/de\/wp-json\/wp\/v2\/product_cat?post=9896"},{"taxonomy":"product_tag","embeddable":true,"href":"https:\/\/govtfurniture.com\/de\/wp-json\/wp\/v2\/product_tag?post=9896"}],"curies":[{"name":"wp","href":"https:\/\/api.w.org\/{rel}","templated":true}]}}