{"id":11354,"date":"2024-08-30T10:36:22","date_gmt":"2024-08-30T02:36:22","guid":{"rendered":"http:\/\/govtfurniture.com\/?post_type=product&#038;p=11354"},"modified":"2024-08-30T11:07:27","modified_gmt":"2024-08-30T03:07:27","slug":"professional-customized-luxury-l-shape-manager-ceo-boss-executive-working-table-office-desk-with-storage-function-%e5%a4%8d%e5%88%b6","status":"publish","type":"product","link":"https:\/\/govtfurniture.com\/de_ch\/produkt\/professional-customized-luxury-l-shape-manager-ceo-boss-executive-working-table-office-desk-with-storage-function-%e5%a4%8d%e5%88%b6\/","title":{"rendered":"Holz Luxus B\u00fcrotisch mit St\u00fchlen Design Chefb\u00fcro Schreibtischset Manager B\u00fcrom\u00f6bel Kommerzielle M\u00f6bel Arbeitstisch"},"content":{"rendered":"<div data-elementor-type=\"product-post\" data-elementor-id=\"11354\" class=\"elementor elementor-11354\">\n\t\t\t\t\t\t<section class=\"elementor-section elementor-top-section elementor-element elementor-element-75e4f12 elementor-section-boxed elementor-section-height-default elementor-section-height-default wd-section-disabled\" data-id=\"75e4f12\" data-element_type=\"section\">\n\t\t\t\t\t\t<div class=\"elementor-container elementor-column-gap-default\">\n\t\t\t\t\t<div class=\"elementor-column elementor-col-50 elementor-top-column elementor-element elementor-element-5768363\" data-id=\"5768363\" data-element_type=\"column\">\n\t\t\t<div class=\"elementor-widget-wrap elementor-element-populated\">\n\t\t\t\t\t\t<div class=\"elementor-element elementor-element-295cc6a elementor-widget elementor-widget-wd_image_or_svg\" data-id=\"295cc6a\" data-element_type=\"widget\" data-widget_type=\"wd_image_or_svg.default\">\n\t\t\t\t<div class=\"elementor-widget-container\">\n\t\t\t\t\t\n\t\t<div class=\"wd-image text-left\">\n\t\t\t\t\t\t\t\t<img fetchpriority=\"high\" decoding=\"async\" width=\"1000\" height=\"1000\" src=\"https:\/\/govtfurniture.com\/wp-content\/uploads\/2024\/08\/\u672a\u6765\u4e3b\u56fe-91.webp\" class=\"attachment-full size-full wp-image-11355\" alt=\"\u672a\u6765\u4e3b\u56fe (9)~1\" srcset=\"https:\/\/govtfurniture.com\/wp-content\/uploads\/2024\/08\/\u672a\u6765\u4e3b\u56fe-91.webp 1000w, https:\/\/govtfurniture.com\/wp-content\/uploads\/2024\/08\/\u672a\u6765\u4e3b\u56fe-91-300x300.webp 300w, https:\/\/govtfurniture.com\/wp-content\/uploads\/2024\/08\/\u672a\u6765\u4e3b\u56fe-91-800x800.webp 800w, https:\/\/govtfurniture.com\/wp-content\/uploads\/2024\/08\/\u672a\u6765\u4e3b\u56fe-91-150x150.webp 150w, https:\/\/govtfurniture.com\/wp-content\/uploads\/2024\/08\/\u672a\u6765\u4e3b\u56fe-91-768x768.webp 768w, https:\/\/govtfurniture.com\/wp-content\/uploads\/2024\/08\/\u672a\u6765\u4e3b\u56fe-91-12x12.webp 12w, https:\/\/govtfurniture.com\/wp-content\/uploads\/2024\/08\/\u672a\u6765\u4e3b\u56fe-91-860x860.webp 860w, https:\/\/govtfurniture.com\/wp-content\/uploads\/2024\/08\/\u672a\u6765\u4e3b\u56fe-91-430x430.webp 430w, https:\/\/govtfurniture.com\/wp-content\/uploads\/2024\/08\/\u672a\u6765\u4e3b\u56fe-91-700x700.webp 700w\" sizes=\"(max-width: 1000px) 100vw, 1000px\" \/>\t\t\t\t\t<\/div>\n\n\t\t\t\t\t\t<\/div>\n\t\t\t\t<\/div>\n\t\t\t\t\t<\/div>\n\t\t<\/div>\n\t\t\t\t<div class=\"elementor-column elementor-col-50 elementor-top-column elementor-element elementor-element-7e6ca47\" data-id=\"7e6ca47\" data-element_type=\"column\">\n\t\t\t<div class=\"elementor-widget-wrap elementor-element-populated\">\n\t\t\t\t\t\t<div class=\"elementor-element elementor-element-717b8e2 elementor-widget elementor-widget-wd_image_or_svg\" data-id=\"717b8e2\" data-element_type=\"widget\" data-widget_type=\"wd_image_or_svg.default\">\n\t\t\t\t<div class=\"elementor-widget-container\">\n\t\t\t\t\t\n\t\t<div class=\"wd-image text-left\">\n\t\t\t\t\t\t\t\t<img decoding=\"async\" width=\"1000\" height=\"1000\" src=\"https:\/\/govtfurniture.com\/wp-content\/uploads\/2024\/08\/\u672a\u6765\u4e3b\u56fe-71.webp\" class=\"attachment-full size-full wp-image-11356\" alt=\"\u672a\u6765\u4e3b\u56fe (7)~1\" srcset=\"https:\/\/govtfurniture.com\/wp-content\/uploads\/2024\/08\/\u672a\u6765\u4e3b\u56fe-71.webp 1000w, https:\/\/govtfurniture.com\/wp-content\/uploads\/2024\/08\/\u672a\u6765\u4e3b\u56fe-71-300x300.webp 300w, https:\/\/govtfurniture.com\/wp-content\/uploads\/2024\/08\/\u672a\u6765\u4e3b\u56fe-71-800x800.webp 800w, https:\/\/govtfurniture.com\/wp-content\/uploads\/2024\/08\/\u672a\u6765\u4e3b\u56fe-71-150x150.webp 150w, https:\/\/govtfurniture.com\/wp-content\/uploads\/2024\/08\/\u672a\u6765\u4e3b\u56fe-71-768x768.webp 768w, https:\/\/govtfurniture.com\/wp-content\/uploads\/2024\/08\/\u672a\u6765\u4e3b\u56fe-71-12x12.webp 12w, https:\/\/govtfurniture.com\/wp-content\/uploads\/2024\/08\/\u672a\u6765\u4e3b\u56fe-71-860x860.webp 860w, https:\/\/govtfurniture.com\/wp-content\/uploads\/2024\/08\/\u672a\u6765\u4e3b\u56fe-71-430x430.webp 430w, https:\/\/govtfurniture.com\/wp-content\/uploads\/2024\/08\/\u672a\u6765\u4e3b\u56fe-71-700x700.webp 700w\" sizes=\"(max-width: 1000px) 100vw, 1000px\" \/>\t\t\t\t\t<\/div>\n\n\t\t\t\t\t\t<\/div>\n\t\t\t\t<\/div>\n\t\t\t\t\t<\/div>\n\t\t<\/div>\n\t\t\t\t\t<\/div>\n\t\t<\/section>\n\t\t\t\t<section class=\"elementor-section elementor-top-section elementor-element elementor-element-3a7c4d9 elementor-section-boxed elementor-section-height-default elementor-section-height-default wd-section-disabled\" data-id=\"3a7c4d9\" data-element_type=\"section\">\n\t\t\t\t\t\t<div class=\"elementor-container elementor-column-gap-default\">\n\t\t\t\t\t<div class=\"elementor-column elementor-col-100 elementor-top-column elementor-element elementor-element-49b89be\" data-id=\"49b89be\" data-element_type=\"column\">\n\t\t\t<div class=\"elementor-widget-wrap elementor-element-populated\">\n\t\t\t\t\t\t<div class=\"elementor-element elementor-element-0f2fd20 elementor-widget elementor-widget-wd_text_block\" data-id=\"0f2fd20\" data-element_type=\"widget\" data-widget_type=\"wd_text_block.default\">\n\t\t\t\t<div class=\"elementor-widget-container\">\n\t\t\t\t\t\t\t<div class=\"wd-text-block reset-last-child text-left\">\n\t\t\t\n\t\t\t<h1>Wir k\u00f6nnen alle Arten von B\u00fcroschreibtischen, B\u00fcrost\u00fchlen, Sofas, Aktenschr\u00e4nken und anderen M\u00f6beln herstellen und anpassen. Willkommen zu konsultieren.<\/h1>\n\t\t\t\t\t<\/div>\n\t\t\t\t\t\t<\/div>\n\t\t\t\t<\/div>\n\t\t\t\t\t<\/div>\n\t\t<\/div>\n\t\t\t\t\t<\/div>\n\t\t<\/section>\n\t\t\t\t<section class=\"elementor-section elementor-top-section elementor-element elementor-element-4015c0a elementor-section-boxed elementor-section-height-default elementor-section-height-default wd-section-disabled\" data-id=\"4015c0a\" data-element_type=\"section\">\n\t\t\t\t\t\t<div class=\"elementor-container elementor-column-gap-default\">\n\t\t\t\t\t<div class=\"elementor-column elementor-col-50 elementor-top-column elementor-element elementor-element-fa3b515\" data-id=\"fa3b515\" data-element_type=\"column\">\n\t\t\t<div class=\"elementor-widget-wrap elementor-element-populated\">\n\t\t\t\t\t\t<div class=\"elementor-element elementor-element-08bb304 elementor-widget elementor-widget-wd_image_or_svg\" data-id=\"08bb304\" data-element_type=\"widget\" data-widget_type=\"wd_image_or_svg.default\">\n\t\t\t\t<div class=\"elementor-widget-container\">\n\t\t\t\t\t\n\t\t<div class=\"wd-image text-left\">\n\t\t\t\t\t\t\t\t<img decoding=\"async\" width=\"1000\" height=\"1000\" src=\"https:\/\/govtfurniture.com\/wp-content\/uploads\/2024\/08\/\u672a\u6765\u4e3b\u56fe-41.webp\" class=\"attachment-full size-full wp-image-11357\" alt=\"\u672a\u6765\u4e3b\u56fe (4)~1\" srcset=\"https:\/\/govtfurniture.com\/wp-content\/uploads\/2024\/08\/\u672a\u6765\u4e3b\u56fe-41.webp 1000w, https:\/\/govtfurniture.com\/wp-content\/uploads\/2024\/08\/\u672a\u6765\u4e3b\u56fe-41-300x300.webp 300w, https:\/\/govtfurniture.com\/wp-content\/uploads\/2024\/08\/\u672a\u6765\u4e3b\u56fe-41-800x800.webp 800w, https:\/\/govtfurniture.com\/wp-content\/uploads\/2024\/08\/\u672a\u6765\u4e3b\u56fe-41-150x150.webp 150w, https:\/\/govtfurniture.com\/wp-content\/uploads\/2024\/08\/\u672a\u6765\u4e3b\u56fe-41-768x768.webp 768w, https:\/\/govtfurniture.com\/wp-content\/uploads\/2024\/08\/\u672a\u6765\u4e3b\u56fe-41-12x12.webp 12w, https:\/\/govtfurniture.com\/wp-content\/uploads\/2024\/08\/\u672a\u6765\u4e3b\u56fe-41-860x860.webp 860w, https:\/\/govtfurniture.com\/wp-content\/uploads\/2024\/08\/\u672a\u6765\u4e3b\u56fe-41-430x430.webp 430w, https:\/\/govtfurniture.com\/wp-content\/uploads\/2024\/08\/\u672a\u6765\u4e3b\u56fe-41-700x700.webp 700w\" sizes=\"(max-width: 1000px) 100vw, 1000px\" \/>\t\t\t\t\t<\/div>\n\n\t\t\t\t\t\t<\/div>\n\t\t\t\t<\/div>\n\t\t\t\t\t<\/div>\n\t\t<\/div>\n\t\t\t\t<div class=\"elementor-column elementor-col-50 elementor-top-column elementor-element elementor-element-8768b7f\" data-id=\"8768b7f\" data-element_type=\"column\">\n\t\t\t<div class=\"elementor-widget-wrap elementor-element-populated\">\n\t\t\t\t\t\t<div class=\"elementor-element elementor-element-b045d62 elementor-widget elementor-widget-wd_image_or_svg\" data-id=\"b045d62\" data-element_type=\"widget\" data-widget_type=\"wd_image_or_svg.default\">\n\t\t\t\t<div class=\"elementor-widget-container\">\n\t\t\t\t\t\n\t\t<div class=\"wd-image text-left\">\n\t\t\t\t\t\t\t\t<img loading=\"lazy\" decoding=\"async\" width=\"1000\" height=\"1000\" src=\"https:\/\/govtfurniture.com\/wp-content\/uploads\/2024\/08\/\u672a\u6765\u4e3b\u56fe-111.webp\" class=\"attachment-full size-full wp-image-11358\" alt=\"\u672a\u6765\u4e3b\u56fe (11)~1\" srcset=\"https:\/\/govtfurniture.com\/wp-content\/uploads\/2024\/08\/\u672a\u6765\u4e3b\u56fe-111.webp 1000w, https:\/\/govtfurniture.com\/wp-content\/uploads\/2024\/08\/\u672a\u6765\u4e3b\u56fe-111-300x300.webp 300w, https:\/\/govtfurniture.com\/wp-content\/uploads\/2024\/08\/\u672a\u6765\u4e3b\u56fe-111-800x800.webp 800w, https:\/\/govtfurniture.com\/wp-content\/uploads\/2024\/08\/\u672a\u6765\u4e3b\u56fe-111-150x150.webp 150w, https:\/\/govtfurniture.com\/wp-content\/uploads\/2024\/08\/\u672a\u6765\u4e3b\u56fe-111-768x768.webp 768w, https:\/\/govtfurniture.com\/wp-content\/uploads\/2024\/08\/\u672a\u6765\u4e3b\u56fe-111-12x12.webp 12w, https:\/\/govtfurniture.com\/wp-content\/uploads\/2024\/08\/\u672a\u6765\u4e3b\u56fe-111-860x860.webp 860w, https:\/\/govtfurniture.com\/wp-content\/uploads\/2024\/08\/\u672a\u6765\u4e3b\u56fe-111-430x430.webp 430w, https:\/\/govtfurniture.com\/wp-content\/uploads\/2024\/08\/\u672a\u6765\u4e3b\u56fe-111-700x700.webp 700w\" sizes=\"(max-width: 1000px) 100vw, 1000px\" \/>\t\t\t\t\t<\/div>\n\n\t\t\t\t\t\t<\/div>\n\t\t\t\t<\/div>\n\t\t\t\t\t<\/div>\n\t\t<\/div>\n\t\t\t\t\t<\/div>\n\t\t<\/section>\n\t\t\t\t<\/div>","protected":false},"excerpt":{"rendered":"<p>We can produce and customize all kinds of office desks, office chairs, sofas, filing cabinets and other furniture. Welcome to<\/p>","protected":false},"featured_media":11362,"comment_status":"open","ping_status":"closed","template":"","meta":{"_monsterinsights_skip_tracking":false,"_monsterinsights_sitenote_active":false,"_monsterinsights_sitenote_note":"","_monsterinsights_sitenote_category":0},"product_brand":[],"product_cat":[85,94,83],"product_tag":[],"class_list":{"0":"post-11354","1":"product","2":"type-product","3":"status-publish","4":"has-post-thumbnail","6":"product_cat-paperless-meeting-desk","7":"product_cat-executive-desk","8":"product_cat-executive-furniture","10":"first","11":"instock","12":"featured","13":"shipping-taxable","14":"product-type-simple"},"yoast_head":"<!-- This site is optimized with the Yoast SEO Premium plugin v23.9 (Yoast SEO v25.1) - https:\/\/yoast.com\/wordpress\/plugins\/seo\/ -->\n<title>luxury CEO office table - Working Table- wooden Luxury Office Table<\/title>\n<meta name=\"description\" content=\"We specialize in the production and customization of office desks, meeting table, boss&#039;s table, office chair, filing cabinet, reception desk, and so on.\" \/>\n<meta name=\"robots\" content=\"index, follow, max-snippet:-1, max-image-preview:large, max-video-preview:-1\" \/>\n<link rel=\"canonical\" href=\"https:\/\/govtfurniture.com\/de_ch\/product\/professional-customized-luxury-l-shape-manager-ceo-boss-executive-working-table-office-desk-with-storage-function-\u590d\u5236\/\" \/>\n<meta property=\"og:locale\" content=\"de_DE\" \/>\n<meta property=\"og:type\" content=\"article\" \/>\n<meta property=\"og:title\" content=\"wooden Luxury Office Table with chairs design Executive office Desk set Manager Office furniture Commercial Furniture work desk\" \/>\n<meta property=\"og:description\" content=\"We specialize in the production and customization of office desks, meeting table, boss&#039;s table, office chair, filing cabinet, reception desk, and so on.\" \/>\n<meta property=\"og:url\" content=\"https:\/\/govtfurniture.com\/de_ch\/product\/professional-customized-luxury-l-shape-manager-ceo-boss-executive-working-table-office-desk-with-storage-function-\u590d\u5236\/\" \/>\n<meta property=\"og:site_name\" content=\"ROYAL PRIDE Furniture Co., Ltd. Global Government Furniture Manufacturing\" \/>\n<meta property=\"article:publisher\" content=\"https:\/\/www.facebook.com\/profile.php?id=61560913657184\" \/>\n<meta property=\"article:modified_time\" content=\"2024-08-30T03:07:27+00:00\" \/>\n<meta property=\"og:image\" content=\"https:\/\/govtfurniture.com\/wp-content\/uploads\/2024\/08\/\u672a\u6765\u4e3b\u56fe-11.webp\" \/>\n\t<meta property=\"og:image:width\" content=\"1000\" \/>\n\t<meta property=\"og:image:height\" content=\"1000\" \/>\n\t<meta property=\"og:image:type\" content=\"image\/webp\" \/>\n<meta name=\"twitter:card\" content=\"summary_large_image\" \/>\n<meta name=\"twitter:site\" content=\"@huangpai688\" \/>\n<meta name=\"twitter:label1\" content=\"Gesch\u00e4tzte Lesezeit\" \/>\n\t<meta name=\"twitter:data1\" content=\"2 Minuten\" \/>\n<script type=\"application\/ld+json\" class=\"yoast-schema-graph\">{\"@context\":\"https:\/\/schema.org\",\"@graph\":[{\"@type\":\"WebPage\",\"@id\":\"https:\/\/govtfurniture.com\/ka\/product\/professional-customized-luxury-l-shape-manager-ceo-boss-executive-working-table-office-desk-with-storage-function-%e5%a4%8d%e5%88%b6\/\",\"url\":\"https:\/\/govtfurniture.com\/ka\/product\/professional-customized-luxury-l-shape-manager-ceo-boss-executive-working-table-office-desk-with-storage-function-%e5%a4%8d%e5%88%b6\/\",\"name\":\"luxury CEO office table - Working Table- wooden Luxury Office Table\",\"isPartOf\":{\"@id\":\"https:\/\/govtfurniture.com\/pt\/#website\"},\"primaryImageOfPage\":{\"@id\":\"https:\/\/govtfurniture.com\/ka\/product\/professional-customized-luxury-l-shape-manager-ceo-boss-executive-working-table-office-desk-with-storage-function-%e5%a4%8d%e5%88%b6\/#primaryimage\"},\"image\":{\"@id\":\"https:\/\/govtfurniture.com\/ka\/product\/professional-customized-luxury-l-shape-manager-ceo-boss-executive-working-table-office-desk-with-storage-function-%e5%a4%8d%e5%88%b6\/#primaryimage\"},\"thumbnailUrl\":\"https:\/\/govtfurniture.com\/wp-content\/uploads\/2024\/08\/\u672a\u6765\u4e3b\u56fe-11.webp\",\"datePublished\":\"2024-08-30T02:36:22+00:00\",\"dateModified\":\"2024-08-30T03:07:27+00:00\",\"description\":\"We specialize in the production and customization of office desks, meeting table, boss's table, office chair, filing cabinet, reception desk, and so on.\",\"breadcrumb\":{\"@id\":\"https:\/\/govtfurniture.com\/ka\/product\/professional-customized-luxury-l-shape-manager-ceo-boss-executive-working-table-office-desk-with-storage-function-%e5%a4%8d%e5%88%b6\/#breadcrumb\"},\"inLanguage\":\"de-CH\",\"potentialAction\":[{\"@type\":\"ReadAction\",\"target\":[\"https:\/\/govtfurniture.com\/ka\/product\/professional-customized-luxury-l-shape-manager-ceo-boss-executive-working-table-office-desk-with-storage-function-%e5%a4%8d%e5%88%b6\/\"]}]},{\"@type\":\"ImageObject\",\"inLanguage\":\"de-CH\",\"@id\":\"https:\/\/govtfurniture.com\/ka\/product\/professional-customized-luxury-l-shape-manager-ceo-boss-executive-working-table-office-desk-with-storage-function-%e5%a4%8d%e5%88%b6\/#primaryimage\",\"url\":\"https:\/\/govtfurniture.com\/wp-content\/uploads\/2024\/08\/\u672a\u6765\u4e3b\u56fe-11.webp\",\"contentUrl\":\"https:\/\/govtfurniture.com\/wp-content\/uploads\/2024\/08\/\u672a\u6765\u4e3b\u56fe-11.webp\",\"width\":1000,\"height\":1000,\"caption\":\"\u672a\u6765\u4e3b\u56fe (1)~1\"},{\"@type\":\"BreadcrumbList\",\"@id\":\"https:\/\/govtfurniture.com\/ka\/product\/professional-customized-luxury-l-shape-manager-ceo-boss-executive-working-table-office-desk-with-storage-function-%e5%a4%8d%e5%88%b6\/#breadcrumb\",\"itemListElement\":[{\"@type\":\"ListItem\",\"position\":1,\"name\":\"\u9996\u9875\",\"item\":\"https:\/\/govtfurniture.com\/\"},{\"@type\":\"ListItem\",\"position\":2,\"name\":\"Product\",\"item\":\"https:\/\/govtfurniture.com\/shop\/\"},{\"@type\":\"ListItem\",\"position\":3,\"name\":\"wooden Luxury Office Table with chairs design Executive office Desk set Manager Office furniture Commercial Furniture work desk\"}]},{\"@type\":\"WebSite\",\"@id\":\"https:\/\/govtfurniture.com\/pt\/#website\",\"url\":\"https:\/\/govtfurniture.com\/pt\/\",\"name\":\"ROYAL PRIDE Furniture Co., Ltd.\",\"description\":\"Government furniture customization Creating environmentally friendly, healthy and comfortable furniture products\",\"publisher\":{\"@id\":\"https:\/\/govtfurniture.com\/pt\/#organization\"},\"alternateName\":\"huangpai Furniture\",\"potentialAction\":[{\"@type\":\"SearchAction\",\"target\":{\"@type\":\"EntryPoint\",\"urlTemplate\":\"https:\/\/govtfurniture.com\/pt\/?s={search_term_string}\"},\"query-input\":{\"@type\":\"PropertyValueSpecification\",\"valueRequired\":true,\"valueName\":\"search_term_string\"}}],\"inLanguage\":\"de-CH\"},{\"@type\":\"Organization\",\"@id\":\"https:\/\/govtfurniture.com\/pt\/#organization\",\"name\":\"ROYAL PRIDE Furniture Co., Ltd.\",\"url\":\"https:\/\/govtfurniture.com\/pt\/\",\"logo\":{\"@type\":\"ImageObject\",\"inLanguage\":\"de-CH\",\"@id\":\"https:\/\/govtfurniture.com\/pt\/#\/schema\/logo\/image\/\",\"url\":\"https:\/\/govtfurniture.com\/wp-content\/uploads\/2024\/07\/logo3.jpg\",\"contentUrl\":\"https:\/\/govtfurniture.com\/wp-content\/uploads\/2024\/07\/logo3.jpg\",\"width\":512,\"height\":512,\"caption\":\"ROYAL PRIDE Furniture Co., Ltd.\"},\"image\":{\"@id\":\"https:\/\/govtfurniture.com\/pt\/#\/schema\/logo\/image\/\"},\"sameAs\":[\"https:\/\/www.facebook.com\/profile.php?id=61560913657184\",\"https:\/\/x.com\/huangpai688\",\"https:\/\/www.youtube.com\/@RoyalPrideFurniture\",\"https:\/\/www.pinterest.com\/pin\/890235051338475626\/\",\"https:\/\/www.tiktok.com\/@ryalprideofficefurniture\"]}]}<\/script>\n<!-- \/ Yoast SEO Premium plugin. -->","yoast_head_json":{"title":"luxury CEO office table - Working Table- wooden Luxury Office Table","description":"We specialize in the production and customization of office desks, meeting table, boss's table, office chair, filing cabinet, reception desk, and so on.","robots":{"index":"index","follow":"follow","max-snippet":"max-snippet:-1","max-image-preview":"max-image-preview:large","max-video-preview":"max-video-preview:-1"},"canonical":"https:\/\/govtfurniture.com\/de_ch\/product\/professional-customized-luxury-l-shape-manager-ceo-boss-executive-working-table-office-desk-with-storage-function-\u590d\u5236\/","og_locale":"de_DE","og_type":"article","og_title":"wooden Luxury Office Table with chairs design Executive office Desk set Manager Office furniture Commercial Furniture work desk","og_description":"We specialize in the production and customization of office desks, meeting table, boss's table, office chair, filing cabinet, reception desk, and so on.","og_url":"https:\/\/govtfurniture.com\/de_ch\/product\/professional-customized-luxury-l-shape-manager-ceo-boss-executive-working-table-office-desk-with-storage-function-\u590d\u5236\/","og_site_name":"ROYAL PRIDE Furniture Co., Ltd. Global Government Furniture Manufacturing","article_publisher":"https:\/\/www.facebook.com\/profile.php?id=61560913657184","article_modified_time":"2024-08-30T03:07:27+00:00","og_image":[{"width":1000,"height":1000,"url":"https:\/\/govtfurniture.com\/wp-content\/uploads\/2024\/08\/\u672a\u6765\u4e3b\u56fe-11.webp","type":"image\/webp"}],"twitter_card":"summary_large_image","twitter_site":"@huangpai688","twitter_misc":{"Gesch\u00e4tzte Lesezeit":"2 Minuten"},"schema":{"@context":"https:\/\/schema.org","@graph":[{"@type":"WebPage","@id":"https:\/\/govtfurniture.com\/ka\/product\/professional-customized-luxury-l-shape-manager-ceo-boss-executive-working-table-office-desk-with-storage-function-%e5%a4%8d%e5%88%b6\/","url":"https:\/\/govtfurniture.com\/ka\/product\/professional-customized-luxury-l-shape-manager-ceo-boss-executive-working-table-office-desk-with-storage-function-%e5%a4%8d%e5%88%b6\/","name":"luxury CEO office table - Working Table- wooden Luxury Office Table","isPartOf":{"@id":"https:\/\/govtfurniture.com\/pt\/#website"},"primaryImageOfPage":{"@id":"https:\/\/govtfurniture.com\/ka\/product\/professional-customized-luxury-l-shape-manager-ceo-boss-executive-working-table-office-desk-with-storage-function-%e5%a4%8d%e5%88%b6\/#primaryimage"},"image":{"@id":"https:\/\/govtfurniture.com\/ka\/product\/professional-customized-luxury-l-shape-manager-ceo-boss-executive-working-table-office-desk-with-storage-function-%e5%a4%8d%e5%88%b6\/#primaryimage"},"thumbnailUrl":"https:\/\/govtfurniture.com\/wp-content\/uploads\/2024\/08\/\u672a\u6765\u4e3b\u56fe-11.webp","datePublished":"2024-08-30T02:36:22+00:00","dateModified":"2024-08-30T03:07:27+00:00","description":"We specialize in the production and customization of office desks, meeting table, boss's table, office chair, filing cabinet, reception desk, and so on.","breadcrumb":{"@id":"https:\/\/govtfurniture.com\/ka\/product\/professional-customized-luxury-l-shape-manager-ceo-boss-executive-working-table-office-desk-with-storage-function-%e5%a4%8d%e5%88%b6\/#breadcrumb"},"inLanguage":"de-CH","potentialAction":[{"@type":"ReadAction","target":["https:\/\/govtfurniture.com\/ka\/product\/professional-customized-luxury-l-shape-manager-ceo-boss-executive-working-table-office-desk-with-storage-function-%e5%a4%8d%e5%88%b6\/"]}]},{"@type":"ImageObject","inLanguage":"de-CH","@id":"https:\/\/govtfurniture.com\/ka\/product\/professional-customized-luxury-l-shape-manager-ceo-boss-executive-working-table-office-desk-with-storage-function-%e5%a4%8d%e5%88%b6\/#primaryimage","url":"https:\/\/govtfurniture.com\/wp-content\/uploads\/2024\/08\/\u672a\u6765\u4e3b\u56fe-11.webp","contentUrl":"https:\/\/govtfurniture.com\/wp-content\/uploads\/2024\/08\/\u672a\u6765\u4e3b\u56fe-11.webp","width":1000,"height":1000,"caption":"\u672a\u6765\u4e3b\u56fe (1)~1"},{"@type":"BreadcrumbList","@id":"https:\/\/govtfurniture.com\/ka\/product\/professional-customized-luxury-l-shape-manager-ceo-boss-executive-working-table-office-desk-with-storage-function-%e5%a4%8d%e5%88%b6\/#breadcrumb","itemListElement":[{"@type":"ListItem","position":1,"name":"\u9996\u9875","item":"https:\/\/govtfurniture.com\/"},{"@type":"ListItem","position":2,"name":"Product","item":"https:\/\/govtfurniture.com\/shop\/"},{"@type":"ListItem","position":3,"name":"wooden Luxury Office Table with chairs design Executive office Desk set Manager Office furniture Commercial Furniture work desk"}]},{"@type":"WebSite","@id":"https:\/\/govtfurniture.com\/pt\/#website","url":"https:\/\/govtfurniture.com\/pt\/","name":"ROYAL PRIDE Furniture Co., Ltd.","description":"Government furniture customization Creating environmentally friendly, healthy and comfortable furniture products","publisher":{"@id":"https:\/\/govtfurniture.com\/pt\/#organization"},"alternateName":"huangpai Furniture","potentialAction":[{"@type":"SearchAction","target":{"@type":"EntryPoint","urlTemplate":"https:\/\/govtfurniture.com\/pt\/?s={search_term_string}"},"query-input":{"@type":"PropertyValueSpecification","valueRequired":true,"valueName":"search_term_string"}}],"inLanguage":"de-CH"},{"@type":"Organization","@id":"https:\/\/govtfurniture.com\/pt\/#organization","name":"ROYAL PRIDE Furniture Co., Ltd.","url":"https:\/\/govtfurniture.com\/pt\/","logo":{"@type":"ImageObject","inLanguage":"de-CH","@id":"https:\/\/govtfurniture.com\/pt\/#\/schema\/logo\/image\/","url":"https:\/\/govtfurniture.com\/wp-content\/uploads\/2024\/07\/logo3.jpg","contentUrl":"https:\/\/govtfurniture.com\/wp-content\/uploads\/2024\/07\/logo3.jpg","width":512,"height":512,"caption":"ROYAL PRIDE Furniture Co., Ltd."},"image":{"@id":"https:\/\/govtfurniture.com\/pt\/#\/schema\/logo\/image\/"},"sameAs":["https:\/\/www.facebook.com\/profile.php?id=61560913657184","https:\/\/x.com\/huangpai688","https:\/\/www.youtube.com\/@RoyalPrideFurniture","https:\/\/www.pinterest.com\/pin\/890235051338475626\/","https:\/\/www.tiktok.com\/@ryalprideofficefurniture"]}]}},"_links":{"self":[{"href":"https:\/\/govtfurniture.com\/de_ch\/wp-json\/wp\/v2\/product\/11354","targetHints":{"allow":["GET"]}}],"collection":[{"href":"https:\/\/govtfurniture.com\/de_ch\/wp-json\/wp\/v2\/product"}],"about":[{"href":"https:\/\/govtfurniture.com\/de_ch\/wp-json\/wp\/v2\/types\/product"}],"replies":[{"embeddable":true,"href":"https:\/\/govtfurniture.com\/de_ch\/wp-json\/wp\/v2\/comments?post=11354"}],"version-history":[{"count":5,"href":"https:\/\/govtfurniture.com\/de_ch\/wp-json\/wp\/v2\/product\/11354\/revisions"}],"predecessor-version":[{"id":11374,"href":"https:\/\/govtfurniture.com\/de_ch\/wp-json\/wp\/v2\/product\/11354\/revisions\/11374"}],"wp:featuredmedia":[{"embeddable":true,"href":"https:\/\/govtfurniture.com\/de_ch\/wp-json\/wp\/v2\/media\/11362"}],"wp:attachment":[{"href":"https:\/\/govtfurniture.com\/de_ch\/wp-json\/wp\/v2\/media?parent=11354"}],"wp:term":[{"taxonomy":"product_brand","embeddable":true,"href":"https:\/\/govtfurniture.com\/de_ch\/wp-json\/wp\/v2\/product_brand?post=11354"},{"taxonomy":"product_cat","embeddable":true,"href":"https:\/\/govtfurniture.com\/de_ch\/wp-json\/wp\/v2\/product_cat?post=11354"},{"taxonomy":"product_tag","embeddable":true,"href":"https:\/\/govtfurniture.com\/de_ch\/wp-json\/wp\/v2\/product_tag?post=11354"}],"curies":[{"name":"wp","href":"https:\/\/api.w.org\/{rel}","templated":true}]}}