{"id":11473,"date":"2024-09-04T12:03:30","date_gmt":"2024-09-04T04:03:30","guid":{"rendered":"http:\/\/govtfurniture.com\/?post_type=product&#038;p=11473"},"modified":"2024-09-04T12:11:08","modified_gmt":"2024-09-04T04:11:08","slug":"modern-workspace-4-6-8-10-person-work-station-partition-staff-table-furniture-cubicle-modular-office-workstation","status":"publish","type":"product","link":"https:\/\/govtfurniture.com\/de_ch\/produkt\/moderne-arbeitsplatz-4-6-8-10-person-arbeitsplatz-partition-personal-tisch-mobel-cubicle-modular-buro-arbeitsplatz\/","title":{"rendered":"Modern Workspace 4 6 8 10 Person Work Station Partition Personal Tisch M\u00f6bel Cubicle Modular Office Workstation"},"content":{"rendered":"<div data-elementor-type=\"product-post\" data-elementor-id=\"11473\" class=\"elementor elementor-11473\">\n\t\t\t\t\t\t<section class=\"elementor-section elementor-top-section elementor-element elementor-element-4c047204 elementor-section-boxed elementor-section-height-default elementor-section-height-default wd-section-disabled\" data-id=\"4c047204\" data-element_type=\"section\">\n\t\t\t\t\t\t<div class=\"elementor-container elementor-column-gap-default\">\n\t\t\t\t\t<div class=\"elementor-column elementor-col-100 elementor-top-column elementor-element elementor-element-494f478\" data-id=\"494f478\" data-element_type=\"column\">\n\t\t\t<div class=\"elementor-widget-wrap elementor-element-populated\">\n\t\t\t\t\t\t<section class=\"elementor-section elementor-inner-section elementor-element elementor-element-254f0cde elementor-section-boxed elementor-section-height-default elementor-section-height-default wd-section-disabled\" data-id=\"254f0cde\" data-element_type=\"section\">\n\t\t\t\t\t\t<div class=\"elementor-container elementor-column-gap-default\">\n\t\t\t\t\t<div class=\"elementor-column elementor-col-50 elementor-inner-column elementor-element elementor-element-1cf8f34\" data-id=\"1cf8f34\" data-element_type=\"column\">\n\t\t\t<div class=\"elementor-widget-wrap elementor-element-populated\">\n\t\t\t\t\t\t<div class=\"elementor-element elementor-element-33744017 elementor-widget elementor-widget-image\" data-id=\"33744017\" data-element_type=\"widget\" data-widget_type=\"image.default\">\n\t\t\t\t\t\t\t\t\t\t\t\t\t\t\t<img fetchpriority=\"high\" decoding=\"async\" width=\"800\" height=\"800\" src=\"https:\/\/govtfurniture.com\/wp-content\/uploads\/2024\/09\/\u672a\u6765\u4e3b\u56fe-1891-800x800.webp\" class=\"attachment-large size-large wp-image-11483\" alt=\"\u672a\u6765\u4e3b\u56fe (189)~1\" srcset=\"https:\/\/govtfurniture.com\/wp-content\/uploads\/2024\/09\/\u672a\u6765\u4e3b\u56fe-1891-800x800.webp 800w, https:\/\/govtfurniture.com\/wp-content\/uploads\/2024\/09\/\u672a\u6765\u4e3b\u56fe-1891-300x300.webp 300w, https:\/\/govtfurniture.com\/wp-content\/uploads\/2024\/09\/\u672a\u6765\u4e3b\u56fe-1891-150x150.webp 150w, https:\/\/govtfurniture.com\/wp-content\/uploads\/2024\/09\/\u672a\u6765\u4e3b\u56fe-1891-768x768.webp 768w, https:\/\/govtfurniture.com\/wp-content\/uploads\/2024\/09\/\u672a\u6765\u4e3b\u56fe-1891-12x12.webp 12w, https:\/\/govtfurniture.com\/wp-content\/uploads\/2024\/09\/\u672a\u6765\u4e3b\u56fe-1891-860x860.webp 860w, https:\/\/govtfurniture.com\/wp-content\/uploads\/2024\/09\/\u672a\u6765\u4e3b\u56fe-1891-430x430.webp 430w, https:\/\/govtfurniture.com\/wp-content\/uploads\/2024\/09\/\u672a\u6765\u4e3b\u56fe-1891-700x700.webp 700w, https:\/\/govtfurniture.com\/wp-content\/uploads\/2024\/09\/\u672a\u6765\u4e3b\u56fe-1891.webp 1000w\" sizes=\"(max-width: 800px) 100vw, 800px\" \/>\t\t\t\t\t\t\t\t\t\t\t\t\t\t\t<\/div>\n\t\t\t\t\t<\/div>\n\t\t<\/div>\n\t\t\t\t<div class=\"elementor-column elementor-col-50 elementor-inner-column elementor-element elementor-element-a2e8829\" data-id=\"a2e8829\" data-element_type=\"column\">\n\t\t\t<div class=\"elementor-widget-wrap elementor-element-populated\">\n\t\t\t\t\t\t<div class=\"elementor-element elementor-element-5a4b732b elementor-widget elementor-widget-image\" data-id=\"5a4b732b\" data-element_type=\"widget\" data-widget_type=\"image.default\">\n\t\t\t\t\t\t\t\t\t\t\t\t\t\t\t<img decoding=\"async\" width=\"800\" height=\"800\" src=\"https:\/\/govtfurniture.com\/wp-content\/uploads\/2024\/09\/\u672a\u6765\u4e3b\u56fe-1831-800x800.webp\" class=\"attachment-large size-large wp-image-11484\" alt=\"\u672a\u6765\u4e3b\u56fe (183)~1\" srcset=\"https:\/\/govtfurniture.com\/wp-content\/uploads\/2024\/09\/\u672a\u6765\u4e3b\u56fe-1831-800x800.webp 800w, https:\/\/govtfurniture.com\/wp-content\/uploads\/2024\/09\/\u672a\u6765\u4e3b\u56fe-1831-300x300.webp 300w, https:\/\/govtfurniture.com\/wp-content\/uploads\/2024\/09\/\u672a\u6765\u4e3b\u56fe-1831-150x150.webp 150w, https:\/\/govtfurniture.com\/wp-content\/uploads\/2024\/09\/\u672a\u6765\u4e3b\u56fe-1831-768x768.webp 768w, https:\/\/govtfurniture.com\/wp-content\/uploads\/2024\/09\/\u672a\u6765\u4e3b\u56fe-1831-12x12.webp 12w, https:\/\/govtfurniture.com\/wp-content\/uploads\/2024\/09\/\u672a\u6765\u4e3b\u56fe-1831-860x860.webp 860w, https:\/\/govtfurniture.com\/wp-content\/uploads\/2024\/09\/\u672a\u6765\u4e3b\u56fe-1831-430x430.webp 430w, https:\/\/govtfurniture.com\/wp-content\/uploads\/2024\/09\/\u672a\u6765\u4e3b\u56fe-1831-700x700.webp 700w, https:\/\/govtfurniture.com\/wp-content\/uploads\/2024\/09\/\u672a\u6765\u4e3b\u56fe-1831.webp 1000w\" sizes=\"(max-width: 800px) 100vw, 800px\" \/>\t\t\t\t\t\t\t\t\t\t\t\t\t\t\t<\/div>\n\t\t\t\t\t<\/div>\n\t\t<\/div>\n\t\t\t\t\t<\/div>\n\t\t<\/section>\n\t\t\t\t\t<\/div>\n\t\t<\/div>\n\t\t\t\t\t<\/div>\n\t\t<\/section>\n\t\t\t\t<section class=\"elementor-section elementor-top-section elementor-element elementor-element-4215a47 elementor-section-boxed elementor-section-height-default elementor-section-height-default wd-section-disabled\" data-id=\"4215a47\" data-element_type=\"section\">\n\t\t\t\t\t\t<div class=\"elementor-container elementor-column-gap-default\">\n\t\t\t\t\t<div class=\"elementor-column elementor-col-100 elementor-top-column elementor-element elementor-element-e3cb3ec\" data-id=\"e3cb3ec\" data-element_type=\"column\">\n\t\t\t<div class=\"elementor-widget-wrap elementor-element-populated\">\n\t\t\t\t\t\t<div class=\"elementor-element elementor-element-10a17f7 elementor-widget elementor-widget-wd_text_block\" data-id=\"10a17f7\" data-element_type=\"widget\" data-widget_type=\"wd_text_block.default\">\n\t\t\t\t<div class=\"elementor-widget-container\">\n\t\t\t\t\t\t\t<div class=\"wd-text-block reset-last-child text-left\">\n\t\t\t\n\t\t\t<h1>Die Vorteile des B\u00fcrobildschirmsystems: Schutz von Informationen am Arbeitsplatz, F\u00f6rderung der Konzentration, Raum f\u00fcr pers\u00f6nliche Privatsph\u00e4re und Steigerung der Arbeitseffizienz<\/h1>\n\t\t\t\t\t<\/div>\n\t\t\t\t\t\t<\/div>\n\t\t\t\t<\/div>\n\t\t\t\t\t<\/div>\n\t\t<\/div>\n\t\t\t\t\t<\/div>\n\t\t<\/section>\n\t\t\t\t<section class=\"elementor-section elementor-top-section elementor-element elementor-element-11cb4a43 elementor-section-boxed elementor-section-height-default elementor-section-height-default wd-section-disabled\" data-id=\"11cb4a43\" data-element_type=\"section\">\n\t\t\t\t\t\t<div class=\"elementor-container elementor-column-gap-default\">\n\t\t\t\t\t<div class=\"elementor-column elementor-col-100 elementor-top-column elementor-element elementor-element-3157463e\" data-id=\"3157463e\" data-element_type=\"column\">\n\t\t\t<div class=\"elementor-widget-wrap elementor-element-populated\">\n\t\t\t\t\t\t<section class=\"elementor-section elementor-inner-section elementor-element elementor-element-50f05d14 elementor-section-boxed elementor-section-height-default elementor-section-height-default wd-section-disabled\" data-id=\"50f05d14\" data-element_type=\"section\">\n\t\t\t\t\t\t<div class=\"elementor-container elementor-column-gap-default\">\n\t\t\t\t\t<div class=\"elementor-column elementor-col-50 elementor-inner-column elementor-element elementor-element-2795f17c\" data-id=\"2795f17c\" data-element_type=\"column\">\n\t\t\t<div class=\"elementor-widget-wrap elementor-element-populated\">\n\t\t\t\t\t\t<div class=\"elementor-element elementor-element-a2fc9c1 elementor-widget elementor-widget-image\" data-id=\"a2fc9c1\" data-element_type=\"widget\" data-widget_type=\"image.default\">\n\t\t\t\t\t\t\t\t\t\t\t\t\t\t\t<img decoding=\"async\" width=\"800\" height=\"800\" src=\"https:\/\/govtfurniture.com\/wp-content\/uploads\/2024\/09\/\u672a\u6765\u4e3b\u56fe-1781-800x800.webp\" class=\"attachment-large size-large wp-image-11485\" alt=\"\u672a\u6765\u4e3b\u56fe (178)~1\" srcset=\"https:\/\/govtfurniture.com\/wp-content\/uploads\/2024\/09\/\u672a\u6765\u4e3b\u56fe-1781-800x800.webp 800w, https:\/\/govtfurniture.com\/wp-content\/uploads\/2024\/09\/\u672a\u6765\u4e3b\u56fe-1781-300x300.webp 300w, https:\/\/govtfurniture.com\/wp-content\/uploads\/2024\/09\/\u672a\u6765\u4e3b\u56fe-1781-150x150.webp 150w, https:\/\/govtfurniture.com\/wp-content\/uploads\/2024\/09\/\u672a\u6765\u4e3b\u56fe-1781-768x768.webp 768w, https:\/\/govtfurniture.com\/wp-content\/uploads\/2024\/09\/\u672a\u6765\u4e3b\u56fe-1781-12x12.webp 12w, https:\/\/govtfurniture.com\/wp-content\/uploads\/2024\/09\/\u672a\u6765\u4e3b\u56fe-1781-860x860.webp 860w, https:\/\/govtfurniture.com\/wp-content\/uploads\/2024\/09\/\u672a\u6765\u4e3b\u56fe-1781-430x430.webp 430w, https:\/\/govtfurniture.com\/wp-content\/uploads\/2024\/09\/\u672a\u6765\u4e3b\u56fe-1781-700x700.webp 700w, https:\/\/govtfurniture.com\/wp-content\/uploads\/2024\/09\/\u672a\u6765\u4e3b\u56fe-1781.webp 1000w\" sizes=\"(max-width: 800px) 100vw, 800px\" \/>\t\t\t\t\t\t\t\t\t\t\t\t\t\t\t<\/div>\n\t\t\t\t\t<\/div>\n\t\t<\/div>\n\t\t\t\t<div class=\"elementor-column elementor-col-50 elementor-inner-column elementor-element elementor-element-577ab458\" data-id=\"577ab458\" data-element_type=\"column\">\n\t\t\t<div class=\"elementor-widget-wrap elementor-element-populated\">\n\t\t\t\t\t\t<div class=\"elementor-element elementor-element-23270f6 elementor-widget elementor-widget-image\" data-id=\"23270f6\" data-element_type=\"widget\" data-widget_type=\"image.default\">\n\t\t\t\t\t\t\t\t\t\t\t\t\t\t\t<img loading=\"lazy\" decoding=\"async\" width=\"800\" height=\"800\" src=\"https:\/\/govtfurniture.com\/wp-content\/uploads\/2024\/06\/\u672a\u6807\u9898-10-800x800.jpg\" class=\"attachment-large size-large wp-image-9695\" alt=\"\u00d6ffentliche Arbeitsm\u00f6bel - Schreibtische f\u00fcr Mitarbeiter - B\u00fcrost\u00fchle\" srcset=\"https:\/\/govtfurniture.com\/wp-content\/uploads\/2024\/06\/\u672a\u6807\u9898-10-800x800.jpg 800w, https:\/\/govtfurniture.com\/wp-content\/uploads\/2024\/06\/\u672a\u6807\u9898-10-300x300.jpg 300w, https:\/\/govtfurniture.com\/wp-content\/uploads\/2024\/06\/\u672a\u6807\u9898-10-150x150.jpg 150w, https:\/\/govtfurniture.com\/wp-content\/uploads\/2024\/06\/\u672a\u6807\u9898-10-768x768.jpg 768w, https:\/\/govtfurniture.com\/wp-content\/uploads\/2024\/06\/\u672a\u6807\u9898-10-12x12.jpg 12w, https:\/\/govtfurniture.com\/wp-content\/uploads\/2024\/06\/\u672a\u6807\u9898-10-860x860.jpg 860w, https:\/\/govtfurniture.com\/wp-content\/uploads\/2024\/06\/\u672a\u6807\u9898-10-430x430.jpg 430w, https:\/\/govtfurniture.com\/wp-content\/uploads\/2024\/06\/\u672a\u6807\u9898-10-700x700.jpg 700w, https:\/\/govtfurniture.com\/wp-content\/uploads\/2024\/06\/\u672a\u6807\u9898-10.jpg 1000w\" sizes=\"(max-width: 800px) 100vw, 800px\" \/>\t\t\t\t\t\t\t\t\t\t\t\t\t\t\t<\/div>\n\t\t\t\t\t<\/div>\n\t\t<\/div>\n\t\t\t\t\t<\/div>\n\t\t<\/section>\n\t\t\t\t\t<\/div>\n\t\t<\/div>\n\t\t\t\t\t<\/div>\n\t\t<\/section>\n\t\t\t\t<\/div>","protected":false},"excerpt":{"rendered":"<p>Er besteht in der Regel aus mehreren unabh\u00e4ngigen Arbeitsbereichen, die durch Trennw\u00e4nde voneinander getrennt sind. Die H\u00f6he und das Material der Trennw\u00e4nde sind unterschiedlich. Einige sind halbhohe Glastrennw\u00e4nde, andere sind ganzhohe Paneelw\u00e4nde. Die Arbeitspl\u00e4tze sind in der Regel mit einer Grundausstattung an B\u00fcroger\u00e4ten wie Schreibtischen, B\u00fcrost\u00fchlen, Schubladen und Aktenschr\u00e4nken ausgestattet. So kann ein relativ unabh\u00e4ngiger und etwas privater Arbeitsbereich f\u00fcr die Mitarbeiter geschaffen werden, ohne dass die notwendige Kommunikation und Zusammenarbeit beeintr\u00e4chtigt wird. Dieses Design erf\u00fcllt nicht nur die Bed\u00fcrfnisse des Einzelnen nach Konzentration und Ruhe w\u00e4hrend der Arbeit, sondern erleichtert auch die Kommunikation und Interaktion zwischen den Teammitgliedern und macht den B\u00fcroraum effizienter, geordneter und komfortabler.<\/p>","protected":false},"featured_media":11477,"comment_status":"open","ping_status":"closed","template":"","meta":{"_monsterinsights_skip_tracking":false,"_monsterinsights_sitenote_active":false,"_monsterinsights_sitenote_note":"","_monsterinsights_sitenote_category":0},"product_brand":[],"product_cat":[132],"product_tag":[122,121],"class_list":{"0":"post-11473","1":"product","2":"type-product","3":"status-publish","4":"has-post-thumbnail","6":"product_cat-office-workstation-office-furniyture","7":"product_tag-122","8":"product_tag-121","10":"first","11":"instock","12":"featured","13":"shipping-taxable","14":"product-type-simple"},"yoast_head":"<!-- This site is optimized with the Yoast SEO Premium plugin v23.9 (Yoast SEO v25.1) - https:\/\/yoast.com\/wordpress\/plugins\/seo\/ -->\n<title>Modern Workspace 4 6 8 Person Work Station - Office Workstation<\/title>\n<meta name=\"description\" content=\"We are the furniture manufacturing factory in China and can customize the furniture products you need according to the demands.\" \/>\n<meta name=\"robots\" content=\"index, follow, max-snippet:-1, max-image-preview:large, max-video-preview:-1\" \/>\n<link rel=\"canonical\" href=\"https:\/\/govtfurniture.com\/de_ch\/produkt\/modern-workspace-4-6-8-10-person-work-station-partition-staff-table-furniture-cubicle-modular-office-workstation\/\" \/>\n<meta property=\"og:locale\" content=\"de_DE\" \/>\n<meta property=\"og:type\" content=\"article\" \/>\n<meta property=\"og:title\" content=\"Modern Workspace 4 6 8 10 Person Work Station Partition Staff Table Furniture Cubicle Modular Office Workstation\" \/>\n<meta property=\"og:description\" content=\"We are the furniture manufacturing factory in China and can customize the furniture products you need according to the demands.\" \/>\n<meta property=\"og:url\" content=\"https:\/\/govtfurniture.com\/de_ch\/produkt\/modern-workspace-4-6-8-10-person-work-station-partition-staff-table-furniture-cubicle-modular-office-workstation\/\" \/>\n<meta property=\"og:site_name\" content=\"ROYAL PRIDE Furniture Co., Ltd. Global Government Furniture Manufacturing\" \/>\n<meta property=\"article:publisher\" content=\"https:\/\/www.facebook.com\/profile.php?id=61560913657184\" \/>\n<meta property=\"article:modified_time\" content=\"2024-09-04T04:11:08+00:00\" \/>\n<meta property=\"og:image\" content=\"https:\/\/govtfurniture.com\/wp-content\/uploads\/2024\/09\/\u672a\u6765\u4e3b\u56fe-1841.webp\" \/>\n\t<meta property=\"og:image:width\" content=\"1000\" \/>\n\t<meta property=\"og:image:height\" content=\"1000\" \/>\n\t<meta property=\"og:image:type\" content=\"image\/webp\" \/>\n<meta name=\"twitter:card\" content=\"summary_large_image\" \/>\n<meta name=\"twitter:site\" content=\"@huangpai688\" \/>\n<meta name=\"twitter:label1\" content=\"Gesch\u00e4tzte Lesezeit\" \/>\n\t<meta name=\"twitter:data1\" content=\"2 Minuten\" \/>\n<script type=\"application\/ld+json\" class=\"yoast-schema-graph\">{\"@context\":\"https:\/\/schema.org\",\"@graph\":[{\"@type\":\"WebPage\",\"@id\":\"https:\/\/govtfurniture.com\/sv\/produkt\/modern-workspace-4-6-8-10-person-work-station-partition-staff-table-furniture-cubicle-modular-office-workstation\/\",\"url\":\"https:\/\/govtfurniture.com\/sv\/produkt\/modern-workspace-4-6-8-10-person-work-station-partition-staff-table-furniture-cubicle-modular-office-workstation\/\",\"name\":\"Modern Workspace 4 6 8 Person Work Station - Office Workstation\",\"isPartOf\":{\"@id\":\"https:\/\/govtfurniture.com\/pt\/#website\"},\"primaryImageOfPage\":{\"@id\":\"https:\/\/govtfurniture.com\/sv\/produkt\/modern-workspace-4-6-8-10-person-work-station-partition-staff-table-furniture-cubicle-modular-office-workstation\/#primaryimage\"},\"image\":{\"@id\":\"https:\/\/govtfurniture.com\/sv\/produkt\/modern-workspace-4-6-8-10-person-work-station-partition-staff-table-furniture-cubicle-modular-office-workstation\/#primaryimage\"},\"thumbnailUrl\":\"https:\/\/govtfurniture.com\/wp-content\/uploads\/2024\/09\/\u672a\u6765\u4e3b\u56fe-1841.webp\",\"datePublished\":\"2024-09-04T04:03:30+00:00\",\"dateModified\":\"2024-09-04T04:11:08+00:00\",\"description\":\"We are the furniture manufacturing factory in China and can customize the furniture products you need according to the demands.\",\"breadcrumb\":{\"@id\":\"https:\/\/govtfurniture.com\/sv\/produkt\/modern-workspace-4-6-8-10-person-work-station-partition-staff-table-furniture-cubicle-modular-office-workstation\/#breadcrumb\"},\"inLanguage\":\"de-CH\",\"potentialAction\":[{\"@type\":\"ReadAction\",\"target\":[\"https:\/\/govtfurniture.com\/sv\/produkt\/modern-workspace-4-6-8-10-person-work-station-partition-staff-table-furniture-cubicle-modular-office-workstation\/\"]}]},{\"@type\":\"ImageObject\",\"inLanguage\":\"de-CH\",\"@id\":\"https:\/\/govtfurniture.com\/sv\/produkt\/modern-workspace-4-6-8-10-person-work-station-partition-staff-table-furniture-cubicle-modular-office-workstation\/#primaryimage\",\"url\":\"https:\/\/govtfurniture.com\/wp-content\/uploads\/2024\/09\/\u672a\u6765\u4e3b\u56fe-1841.webp\",\"contentUrl\":\"https:\/\/govtfurniture.com\/wp-content\/uploads\/2024\/09\/\u672a\u6765\u4e3b\u56fe-1841.webp\",\"width\":1000,\"height\":1000,\"caption\":\"\u672a\u6765\u4e3b\u56fe (184)~1\"},{\"@type\":\"BreadcrumbList\",\"@id\":\"https:\/\/govtfurniture.com\/sv\/produkt\/modern-workspace-4-6-8-10-person-work-station-partition-staff-table-furniture-cubicle-modular-office-workstation\/#breadcrumb\",\"itemListElement\":[{\"@type\":\"ListItem\",\"position\":1,\"name\":\"\u9996\u9875\",\"item\":\"https:\/\/govtfurniture.com\/\"},{\"@type\":\"ListItem\",\"position\":2,\"name\":\"Product\",\"item\":\"https:\/\/govtfurniture.com\/shop\/\"},{\"@type\":\"ListItem\",\"position\":3,\"name\":\"Modern Workspace 4 6 8 10 Person Work Station Partition Staff Table Furniture Cubicle Modular Office Workstation\"}]},{\"@type\":\"WebSite\",\"@id\":\"https:\/\/govtfurniture.com\/pt\/#website\",\"url\":\"https:\/\/govtfurniture.com\/pt\/\",\"name\":\"ROYAL PRIDE Furniture Co., Ltd.\",\"description\":\"Government furniture customization Creating environmentally friendly, healthy and comfortable furniture products\",\"publisher\":{\"@id\":\"https:\/\/govtfurniture.com\/pt\/#organization\"},\"alternateName\":\"huangpai Furniture\",\"potentialAction\":[{\"@type\":\"SearchAction\",\"target\":{\"@type\":\"EntryPoint\",\"urlTemplate\":\"https:\/\/govtfurniture.com\/pt\/?s={search_term_string}\"},\"query-input\":{\"@type\":\"PropertyValueSpecification\",\"valueRequired\":true,\"valueName\":\"search_term_string\"}}],\"inLanguage\":\"de-CH\"},{\"@type\":\"Organization\",\"@id\":\"https:\/\/govtfurniture.com\/pt\/#organization\",\"name\":\"ROYAL PRIDE Furniture Co., Ltd.\",\"url\":\"https:\/\/govtfurniture.com\/pt\/\",\"logo\":{\"@type\":\"ImageObject\",\"inLanguage\":\"de-CH\",\"@id\":\"https:\/\/govtfurniture.com\/pt\/#\/schema\/logo\/image\/\",\"url\":\"https:\/\/govtfurniture.com\/wp-content\/uploads\/2024\/07\/logo3.jpg\",\"contentUrl\":\"https:\/\/govtfurniture.com\/wp-content\/uploads\/2024\/07\/logo3.jpg\",\"width\":512,\"height\":512,\"caption\":\"ROYAL PRIDE Furniture Co., Ltd.\"},\"image\":{\"@id\":\"https:\/\/govtfurniture.com\/pt\/#\/schema\/logo\/image\/\"},\"sameAs\":[\"https:\/\/www.facebook.com\/profile.php?id=61560913657184\",\"https:\/\/x.com\/huangpai688\",\"https:\/\/www.youtube.com\/@RoyalPrideFurniture\",\"https:\/\/www.pinterest.com\/pin\/890235051338475626\/\",\"https:\/\/www.tiktok.com\/@ryalprideofficefurniture\"]}]}<\/script>\n<!-- \/ Yoast SEO Premium plugin. -->","yoast_head_json":{"title":"Modern Workspace 4 6 8 Person Work Station - Office Workstation","description":"We are the furniture manufacturing factory in China and can customize the furniture products you need according to the demands.","robots":{"index":"index","follow":"follow","max-snippet":"max-snippet:-1","max-image-preview":"max-image-preview:large","max-video-preview":"max-video-preview:-1"},"canonical":"https:\/\/govtfurniture.com\/de_ch\/produkt\/modern-workspace-4-6-8-10-person-work-station-partition-staff-table-furniture-cubicle-modular-office-workstation\/","og_locale":"de_DE","og_type":"article","og_title":"Modern Workspace 4 6 8 10 Person Work Station Partition Staff Table Furniture Cubicle Modular Office Workstation","og_description":"We are the furniture manufacturing factory in China and can customize the furniture products you need according to the demands.","og_url":"https:\/\/govtfurniture.com\/de_ch\/produkt\/modern-workspace-4-6-8-10-person-work-station-partition-staff-table-furniture-cubicle-modular-office-workstation\/","og_site_name":"ROYAL PRIDE Furniture Co., Ltd. Global Government Furniture Manufacturing","article_publisher":"https:\/\/www.facebook.com\/profile.php?id=61560913657184","article_modified_time":"2024-09-04T04:11:08+00:00","og_image":[{"width":1000,"height":1000,"url":"https:\/\/govtfurniture.com\/wp-content\/uploads\/2024\/09\/\u672a\u6765\u4e3b\u56fe-1841.webp","type":"image\/webp"}],"twitter_card":"summary_large_image","twitter_site":"@huangpai688","twitter_misc":{"Gesch\u00e4tzte Lesezeit":"2 Minuten"},"schema":{"@context":"https:\/\/schema.org","@graph":[{"@type":"WebPage","@id":"https:\/\/govtfurniture.com\/sv\/produkt\/modern-workspace-4-6-8-10-person-work-station-partition-staff-table-furniture-cubicle-modular-office-workstation\/","url":"https:\/\/govtfurniture.com\/sv\/produkt\/modern-workspace-4-6-8-10-person-work-station-partition-staff-table-furniture-cubicle-modular-office-workstation\/","name":"Modern Workspace 4 6 8 Person Work Station - Office Workstation","isPartOf":{"@id":"https:\/\/govtfurniture.com\/pt\/#website"},"primaryImageOfPage":{"@id":"https:\/\/govtfurniture.com\/sv\/produkt\/modern-workspace-4-6-8-10-person-work-station-partition-staff-table-furniture-cubicle-modular-office-workstation\/#primaryimage"},"image":{"@id":"https:\/\/govtfurniture.com\/sv\/produkt\/modern-workspace-4-6-8-10-person-work-station-partition-staff-table-furniture-cubicle-modular-office-workstation\/#primaryimage"},"thumbnailUrl":"https:\/\/govtfurniture.com\/wp-content\/uploads\/2024\/09\/\u672a\u6765\u4e3b\u56fe-1841.webp","datePublished":"2024-09-04T04:03:30+00:00","dateModified":"2024-09-04T04:11:08+00:00","description":"We are the furniture manufacturing factory in China and can customize the furniture products you need according to the demands.","breadcrumb":{"@id":"https:\/\/govtfurniture.com\/sv\/produkt\/modern-workspace-4-6-8-10-person-work-station-partition-staff-table-furniture-cubicle-modular-office-workstation\/#breadcrumb"},"inLanguage":"de-CH","potentialAction":[{"@type":"ReadAction","target":["https:\/\/govtfurniture.com\/sv\/produkt\/modern-workspace-4-6-8-10-person-work-station-partition-staff-table-furniture-cubicle-modular-office-workstation\/"]}]},{"@type":"ImageObject","inLanguage":"de-CH","@id":"https:\/\/govtfurniture.com\/sv\/produkt\/modern-workspace-4-6-8-10-person-work-station-partition-staff-table-furniture-cubicle-modular-office-workstation\/#primaryimage","url":"https:\/\/govtfurniture.com\/wp-content\/uploads\/2024\/09\/\u672a\u6765\u4e3b\u56fe-1841.webp","contentUrl":"https:\/\/govtfurniture.com\/wp-content\/uploads\/2024\/09\/\u672a\u6765\u4e3b\u56fe-1841.webp","width":1000,"height":1000,"caption":"\u672a\u6765\u4e3b\u56fe (184)~1"},{"@type":"BreadcrumbList","@id":"https:\/\/govtfurniture.com\/sv\/produkt\/modern-workspace-4-6-8-10-person-work-station-partition-staff-table-furniture-cubicle-modular-office-workstation\/#breadcrumb","itemListElement":[{"@type":"ListItem","position":1,"name":"\u9996\u9875","item":"https:\/\/govtfurniture.com\/"},{"@type":"ListItem","position":2,"name":"Product","item":"https:\/\/govtfurniture.com\/shop\/"},{"@type":"ListItem","position":3,"name":"Modern Workspace 4 6 8 10 Person Work Station Partition Staff Table Furniture Cubicle Modular Office Workstation"}]},{"@type":"WebSite","@id":"https:\/\/govtfurniture.com\/pt\/#website","url":"https:\/\/govtfurniture.com\/pt\/","name":"ROYAL PRIDE Furniture Co., Ltd.","description":"Government furniture customization Creating environmentally friendly, healthy and comfortable furniture products","publisher":{"@id":"https:\/\/govtfurniture.com\/pt\/#organization"},"alternateName":"huangpai Furniture","potentialAction":[{"@type":"SearchAction","target":{"@type":"EntryPoint","urlTemplate":"https:\/\/govtfurniture.com\/pt\/?s={search_term_string}"},"query-input":{"@type":"PropertyValueSpecification","valueRequired":true,"valueName":"search_term_string"}}],"inLanguage":"de-CH"},{"@type":"Organization","@id":"https:\/\/govtfurniture.com\/pt\/#organization","name":"ROYAL PRIDE Furniture Co., Ltd.","url":"https:\/\/govtfurniture.com\/pt\/","logo":{"@type":"ImageObject","inLanguage":"de-CH","@id":"https:\/\/govtfurniture.com\/pt\/#\/schema\/logo\/image\/","url":"https:\/\/govtfurniture.com\/wp-content\/uploads\/2024\/07\/logo3.jpg","contentUrl":"https:\/\/govtfurniture.com\/wp-content\/uploads\/2024\/07\/logo3.jpg","width":512,"height":512,"caption":"ROYAL PRIDE Furniture Co., Ltd."},"image":{"@id":"https:\/\/govtfurniture.com\/pt\/#\/schema\/logo\/image\/"},"sameAs":["https:\/\/www.facebook.com\/profile.php?id=61560913657184","https:\/\/x.com\/huangpai688","https:\/\/www.youtube.com\/@RoyalPrideFurniture","https:\/\/www.pinterest.com\/pin\/890235051338475626\/","https:\/\/www.tiktok.com\/@ryalprideofficefurniture"]}]}},"_links":{"self":[{"href":"https:\/\/govtfurniture.com\/de_ch\/wp-json\/wp\/v2\/product\/11473","targetHints":{"allow":["GET"]}}],"collection":[{"href":"https:\/\/govtfurniture.com\/de_ch\/wp-json\/wp\/v2\/product"}],"about":[{"href":"https:\/\/govtfurniture.com\/de_ch\/wp-json\/wp\/v2\/types\/product"}],"replies":[{"embeddable":true,"href":"https:\/\/govtfurniture.com\/de_ch\/wp-json\/wp\/v2\/comments?post=11473"}],"version-history":[{"count":5,"href":"https:\/\/govtfurniture.com\/de_ch\/wp-json\/wp\/v2\/product\/11473\/revisions"}],"predecessor-version":[{"id":11492,"href":"https:\/\/govtfurniture.com\/de_ch\/wp-json\/wp\/v2\/product\/11473\/revisions\/11492"}],"wp:featuredmedia":[{"embeddable":true,"href":"https:\/\/govtfurniture.com\/de_ch\/wp-json\/wp\/v2\/media\/11477"}],"wp:attachment":[{"href":"https:\/\/govtfurniture.com\/de_ch\/wp-json\/wp\/v2\/media?parent=11473"}],"wp:term":[{"taxonomy":"product_brand","embeddable":true,"href":"https:\/\/govtfurniture.com\/de_ch\/wp-json\/wp\/v2\/product_brand?post=11473"},{"taxonomy":"product_cat","embeddable":true,"href":"https:\/\/govtfurniture.com\/de_ch\/wp-json\/wp\/v2\/product_cat?post=11473"},{"taxonomy":"product_tag","embeddable":true,"href":"https:\/\/govtfurniture.com\/de_ch\/wp-json\/wp\/v2\/product_tag?post=11473"}],"curies":[{"name":"wp","href":"https:\/\/api.w.org\/{rel}","templated":true}]}}