{"id":9750,"date":"2024-07-02T16:33:00","date_gmt":"2024-07-02T08:33:00","guid":{"rendered":"http:\/\/govtfurniture.com\/?post_type=product&#038;p=9750"},"modified":"2024-07-16T16:36:26","modified_gmt":"2024-07-16T08:36:26","slug":"gzz05","status":"publish","type":"product","link":"https:\/\/govtfurniture.com\/de_ch\/produkt\/gzz05\/","title":{"rendered":"B\u00fcro Innenarchitektur Modernes Call Center B\u00fcrom\u00f6bel Arbeitsplatz Arbeitsplatz Schreibtisch B\u00fcro Cubical Bildschirm"},"content":{"rendered":"<div data-elementor-type=\"product-post\" data-elementor-id=\"9750\" class=\"elementor elementor-9750\">\n\t\t\t\t\t\t<section class=\"elementor-section elementor-top-section elementor-element elementor-element-1992dcbe elementor-section-boxed elementor-section-height-default elementor-section-height-default wd-section-disabled\" data-id=\"1992dcbe\" data-element_type=\"section\">\n\t\t\t\t\t\t<div class=\"elementor-container elementor-column-gap-default\">\n\t\t\t\t\t<div class=\"elementor-column elementor-col-100 elementor-top-column elementor-element elementor-element-71f6cec7\" data-id=\"71f6cec7\" data-element_type=\"column\">\n\t\t\t<div class=\"elementor-widget-wrap elementor-element-populated\">\n\t\t\t\t\t\t<section class=\"elementor-section elementor-inner-section elementor-element elementor-element-1f7337bb elementor-section-boxed elementor-section-height-default elementor-section-height-default wd-section-disabled\" data-id=\"1f7337bb\" data-element_type=\"section\">\n\t\t\t\t\t\t<div class=\"elementor-container elementor-column-gap-default\">\n\t\t\t\t\t<div class=\"elementor-column elementor-col-50 elementor-inner-column elementor-element elementor-element-4413702\" data-id=\"4413702\" data-element_type=\"column\">\n\t\t\t<div class=\"elementor-widget-wrap elementor-element-populated\">\n\t\t\t\t\t\t<div class=\"elementor-element elementor-element-3db1e950 elementor-widget elementor-widget-image\" data-id=\"3db1e950\" data-element_type=\"widget\" data-widget_type=\"image.default\">\n\t\t\t\t\t\t\t\t\t\t\t\t\t\t\t<img fetchpriority=\"high\" decoding=\"async\" width=\"800\" height=\"800\" src=\"https:\/\/govtfurniture.com\/wp-content\/uploads\/2024\/06\/\u5c4f\u98ce56-1.jpg\" class=\"attachment-large size-large wp-image-9637\" alt=\"\u00d6ffentliche Arbeitsm\u00f6bel - Schreibtische f\u00fcr Mitarbeiter - B\u00fcrost\u00fchle\" srcset=\"https:\/\/govtfurniture.com\/wp-content\/uploads\/2024\/06\/\u5c4f\u98ce56-1.jpg 800w, https:\/\/govtfurniture.com\/wp-content\/uploads\/2024\/06\/\u5c4f\u98ce56-1-300x300.jpg 300w, https:\/\/govtfurniture.com\/wp-content\/uploads\/2024\/06\/\u5c4f\u98ce56-1-150x150.jpg 150w, https:\/\/govtfurniture.com\/wp-content\/uploads\/2024\/06\/\u5c4f\u98ce56-1-768x768.jpg 768w, https:\/\/govtfurniture.com\/wp-content\/uploads\/2024\/06\/\u5c4f\u98ce56-1-12x12.jpg 12w, https:\/\/govtfurniture.com\/wp-content\/uploads\/2024\/06\/\u5c4f\u98ce56-1-430x430.jpg 430w, https:\/\/govtfurniture.com\/wp-content\/uploads\/2024\/06\/\u5c4f\u98ce56-1-700x700.jpg 700w\" sizes=\"(max-width: 800px) 100vw, 800px\" \/>\t\t\t\t\t\t\t\t\t\t\t\t\t\t\t<\/div>\n\t\t\t\t\t<\/div>\n\t\t<\/div>\n\t\t\t\t<div class=\"elementor-column elementor-col-50 elementor-inner-column elementor-element elementor-element-6356cc97\" data-id=\"6356cc97\" data-element_type=\"column\">\n\t\t\t<div class=\"elementor-widget-wrap elementor-element-populated\">\n\t\t\t\t\t\t<div class=\"elementor-element elementor-element-5f324b46 elementor-widget elementor-widget-image\" data-id=\"5f324b46\" data-element_type=\"widget\" data-widget_type=\"image.default\">\n\t\t\t\t\t\t\t\t\t\t\t\t\t\t\t<img decoding=\"async\" width=\"800\" height=\"800\" src=\"https:\/\/govtfurniture.com\/wp-content\/uploads\/2024\/06\/\u5c4f\u98ce47-1.jpg\" class=\"attachment-large size-large wp-image-9627\" alt=\"\u00d6ffentliche Arbeitsm\u00f6bel - Schreibtische f\u00fcr Mitarbeiter - B\u00fcrost\u00fchle\" srcset=\"https:\/\/govtfurniture.com\/wp-content\/uploads\/2024\/06\/\u5c4f\u98ce47-1.jpg 800w, https:\/\/govtfurniture.com\/wp-content\/uploads\/2024\/06\/\u5c4f\u98ce47-1-300x300.jpg 300w, https:\/\/govtfurniture.com\/wp-content\/uploads\/2024\/06\/\u5c4f\u98ce47-1-150x150.jpg 150w, https:\/\/govtfurniture.com\/wp-content\/uploads\/2024\/06\/\u5c4f\u98ce47-1-768x768.jpg 768w, https:\/\/govtfurniture.com\/wp-content\/uploads\/2024\/06\/\u5c4f\u98ce47-1-12x12.jpg 12w, https:\/\/govtfurniture.com\/wp-content\/uploads\/2024\/06\/\u5c4f\u98ce47-1-430x430.jpg 430w, https:\/\/govtfurniture.com\/wp-content\/uploads\/2024\/06\/\u5c4f\u98ce47-1-700x700.jpg 700w\" sizes=\"(max-width: 800px) 100vw, 800px\" \/>\t\t\t\t\t\t\t\t\t\t\t\t\t\t\t<\/div>\n\t\t\t\t\t<\/div>\n\t\t<\/div>\n\t\t\t\t\t<\/div>\n\t\t<\/section>\n\t\t\t\t\t<\/div>\n\t\t<\/div>\n\t\t\t\t\t<\/div>\n\t\t<\/section>\n\t\t\t\t<section class=\"elementor-section elementor-top-section elementor-element elementor-element-7314338f elementor-section-boxed elementor-section-height-default elementor-section-height-default wd-section-disabled\" data-id=\"7314338f\" data-element_type=\"section\">\n\t\t\t\t\t\t<div class=\"elementor-container elementor-column-gap-default\">\n\t\t\t\t\t<div class=\"elementor-column elementor-col-100 elementor-top-column elementor-element elementor-element-14ce23db\" data-id=\"14ce23db\" data-element_type=\"column\">\n\t\t\t<div class=\"elementor-widget-wrap elementor-element-populated\">\n\t\t\t\t\t\t<section class=\"elementor-section elementor-inner-section elementor-element elementor-element-36629a65 elementor-section-boxed elementor-section-height-default elementor-section-height-default wd-section-disabled\" data-id=\"36629a65\" data-element_type=\"section\">\n\t\t\t\t\t\t<div class=\"elementor-container elementor-column-gap-default\">\n\t\t\t\t\t<div class=\"elementor-column elementor-col-50 elementor-inner-column elementor-element elementor-element-32ee358c\" data-id=\"32ee358c\" data-element_type=\"column\">\n\t\t\t<div class=\"elementor-widget-wrap elementor-element-populated\">\n\t\t\t\t\t\t<div class=\"elementor-element elementor-element-763944f elementor-widget elementor-widget-image\" data-id=\"763944f\" data-element_type=\"widget\" data-widget_type=\"image.default\">\n\t\t\t\t\t\t\t\t\t\t\t\t\t\t\t<img decoding=\"async\" width=\"800\" height=\"800\" src=\"https:\/\/govtfurniture.com\/wp-content\/uploads\/2024\/06\/\u672a\u6807\u9898-10-800x800.jpg\" class=\"attachment-large size-large wp-image-9695\" alt=\"\u00d6ffentliche Arbeitsm\u00f6bel - Schreibtische f\u00fcr Mitarbeiter - B\u00fcrost\u00fchle\" srcset=\"https:\/\/govtfurniture.com\/wp-content\/uploads\/2024\/06\/\u672a\u6807\u9898-10-800x800.jpg 800w, https:\/\/govtfurniture.com\/wp-content\/uploads\/2024\/06\/\u672a\u6807\u9898-10-300x300.jpg 300w, https:\/\/govtfurniture.com\/wp-content\/uploads\/2024\/06\/\u672a\u6807\u9898-10-150x150.jpg 150w, https:\/\/govtfurniture.com\/wp-content\/uploads\/2024\/06\/\u672a\u6807\u9898-10-768x768.jpg 768w, https:\/\/govtfurniture.com\/wp-content\/uploads\/2024\/06\/\u672a\u6807\u9898-10-12x12.jpg 12w, https:\/\/govtfurniture.com\/wp-content\/uploads\/2024\/06\/\u672a\u6807\u9898-10-860x860.jpg 860w, https:\/\/govtfurniture.com\/wp-content\/uploads\/2024\/06\/\u672a\u6807\u9898-10-430x430.jpg 430w, https:\/\/govtfurniture.com\/wp-content\/uploads\/2024\/06\/\u672a\u6807\u9898-10-700x700.jpg 700w, https:\/\/govtfurniture.com\/wp-content\/uploads\/2024\/06\/\u672a\u6807\u9898-10.jpg 1000w\" sizes=\"(max-width: 800px) 100vw, 800px\" \/>\t\t\t\t\t\t\t\t\t\t\t\t\t\t\t<\/div>\n\t\t\t\t\t<\/div>\n\t\t<\/div>\n\t\t\t\t<div class=\"elementor-column elementor-col-50 elementor-inner-column elementor-element elementor-element-18dfdf2e\" data-id=\"18dfdf2e\" data-element_type=\"column\">\n\t\t\t<div class=\"elementor-widget-wrap elementor-element-populated\">\n\t\t\t\t\t\t<div class=\"elementor-element elementor-element-4258554 elementor-widget elementor-widget-image\" data-id=\"4258554\" data-element_type=\"widget\" data-widget_type=\"image.default\">\n\t\t\t\t\t\t\t\t\t\t\t\t\t\t\t<img loading=\"lazy\" decoding=\"async\" width=\"800\" height=\"800\" src=\"https:\/\/govtfurniture.com\/wp-content\/uploads\/2024\/06\/\u672a\u6807\u9898-13-800x800.jpg\" class=\"attachment-large size-large wp-image-9694\" alt=\"\u00d6ffentliche Arbeitsm\u00f6bel - Schreibtische f\u00fcr Mitarbeiter - B\u00fcrost\u00fchle\" srcset=\"https:\/\/govtfurniture.com\/wp-content\/uploads\/2024\/06\/\u672a\u6807\u9898-13-800x800.jpg 800w, https:\/\/govtfurniture.com\/wp-content\/uploads\/2024\/06\/\u672a\u6807\u9898-13-300x300.jpg 300w, https:\/\/govtfurniture.com\/wp-content\/uploads\/2024\/06\/\u672a\u6807\u9898-13-150x150.jpg 150w, https:\/\/govtfurniture.com\/wp-content\/uploads\/2024\/06\/\u672a\u6807\u9898-13-768x768.jpg 768w, https:\/\/govtfurniture.com\/wp-content\/uploads\/2024\/06\/\u672a\u6807\u9898-13-12x12.jpg 12w, https:\/\/govtfurniture.com\/wp-content\/uploads\/2024\/06\/\u672a\u6807\u9898-13-860x860.jpg 860w, https:\/\/govtfurniture.com\/wp-content\/uploads\/2024\/06\/\u672a\u6807\u9898-13-430x430.jpg 430w, https:\/\/govtfurniture.com\/wp-content\/uploads\/2024\/06\/\u672a\u6807\u9898-13-700x700.jpg 700w, https:\/\/govtfurniture.com\/wp-content\/uploads\/2024\/06\/\u672a\u6807\u9898-13.jpg 1000w\" sizes=\"(max-width: 800px) 100vw, 800px\" \/>\t\t\t\t\t\t\t\t\t\t\t\t\t\t\t<\/div>\n\t\t\t\t\t<\/div>\n\t\t<\/div>\n\t\t\t\t\t<\/div>\n\t\t<\/section>\n\t\t\t\t\t<\/div>\n\t\t<\/div>\n\t\t\t\t\t<\/div>\n\t\t<\/section>\n\t\t\t\t<section class=\"elementor-section elementor-top-section elementor-element elementor-element-80ebf04 elementor-section-boxed elementor-section-height-default elementor-section-height-default wd-section-disabled\" data-id=\"80ebf04\" data-element_type=\"section\">\n\t\t\t\t\t\t<div class=\"elementor-container elementor-column-gap-default\">\n\t\t\t\t\t<div class=\"elementor-column elementor-col-100 elementor-top-column elementor-element elementor-element-6a44636\" data-id=\"6a44636\" data-element_type=\"column\">\n\t\t\t<div class=\"elementor-widget-wrap elementor-element-populated\">\n\t\t\t\t\t\t<div class=\"elementor-element elementor-element-0d4f495 elementor-widget elementor-widget-wd_text_block\" data-id=\"0d4f495\" data-element_type=\"widget\" data-widget_type=\"wd_text_block.default\">\n\t\t\t\t<div class=\"elementor-widget-container\">\n\t\t\t\t\t\t\t<div class=\"wd-text-block reset-last-child text-left\">\n\t\t\t\n\t\t\t<h1>Die Vorteile des B\u00fcroschirmsystems: Schutz von Informationen am Arbeitsplatz, F\u00f6rderung der Konzentration, Raum f\u00fcr pers\u00f6nliche Privatsph\u00e4re und Steigerung der Arbeitseffizienz.<\/h1>\n\t\t\t\t\t<\/div>\n\t\t\t\t\t\t<\/div>\n\t\t\t\t<\/div>\n\t\t\t\t\t<\/div>\n\t\t<\/div>\n\t\t\t\t\t<\/div>\n\t\t<\/section>\n\t\t\t\t<\/div>","protected":false},"excerpt":{"rendered":"<p>Er besteht in der Regel aus mehreren unabh\u00e4ngigen Arbeitsbereichen, die durch Trennw\u00e4nde voneinander getrennt sind. Die H\u00f6he und das Material der Trennw\u00e4nde sind unterschiedlich. Einige sind halbhohe Glastrennw\u00e4nde, andere sind ganzhohe Paneelw\u00e4nde. Die Arbeitspl\u00e4tze sind in der Regel mit einer Grundausstattung an B\u00fcroger\u00e4ten wie Schreibtischen, B\u00fcrost\u00fchlen, Schubladen und Aktenschr\u00e4nken ausgestattet. So kann ein relativ unabh\u00e4ngiger und etwas privater Arbeitsbereich f\u00fcr die Mitarbeiter geschaffen werden, ohne dass die notwendige Kommunikation und Zusammenarbeit beeintr\u00e4chtigt wird. Dieses Design erf\u00fcllt nicht nur die Bed\u00fcrfnisse des Einzelnen nach Konzentration und Ruhe w\u00e4hrend der Arbeit, sondern erleichtert auch die Kommunikation und Interaktion zwischen den Teammitgliedern und macht den B\u00fcroraum effizienter, geordneter und komfortabler.<\/p>","protected":false},"featured_media":9488,"comment_status":"open","ping_status":"closed","template":"","meta":{"_monsterinsights_skip_tracking":false,"_monsterinsights_sitenote_active":false,"_monsterinsights_sitenote_note":"","_monsterinsights_sitenote_category":0},"product_brand":[],"product_cat":[132],"product_tag":[122,121],"class_list":{"0":"post-9750","1":"product","2":"type-product","3":"status-publish","4":"has-post-thumbnail","6":"product_cat-office-workstation-office-furniyture","7":"product_tag-122","8":"product_tag-121","10":"first","11":"instock","12":"featured","13":"shipping-taxable","14":"product-type-simple"},"yoast_head":"<!-- This site is optimized with the Yoast SEO Premium plugin v23.9 (Yoast SEO v25.1) - https:\/\/yoast.com\/wordpress\/plugins\/seo\/ -->\n<title>Workstation Desk - office cubical screen -office furniture factory<\/title>\n<meta name=\"description\" content=\"Our main products include Desk,Office chair,File cabinet,Conference table,Sofa,Coffee table,Partition,Bookshelf,Office worksation, etc.\" \/>\n<meta name=\"robots\" content=\"index, follow, max-snippet:-1, max-image-preview:large, max-video-preview:-1\" \/>\n<link rel=\"canonical\" href=\"https:\/\/govtfurniture.com\/de_ch\/produkt\/gzz05\/\" \/>\n<meta property=\"og:locale\" content=\"de_DE\" \/>\n<meta property=\"og:type\" content=\"article\" \/>\n<meta property=\"og:title\" content=\"Office Interior Design Modern Call Center Office Furniture Work Station Workstation Desk office cubical screen\" \/>\n<meta property=\"og:description\" content=\"Our main products include Desk,Office chair,File cabinet,Conference table,Sofa,Coffee table,Partition,Bookshelf,Office worksation, etc.\" \/>\n<meta property=\"og:url\" content=\"https:\/\/govtfurniture.com\/de_ch\/produkt\/gzz05\/\" \/>\n<meta property=\"og:site_name\" content=\"ROYAL PRIDE Furniture Co., Ltd. Global Government Furniture Manufacturing\" \/>\n<meta property=\"article:publisher\" content=\"https:\/\/www.facebook.com\/profile.php?id=61560913657184\" \/>\n<meta property=\"article:modified_time\" content=\"2024-07-16T08:36:26+00:00\" \/>\n<meta property=\"og:image\" content=\"https:\/\/govtfurniture.com\/wp-content\/uploads\/2024\/06\/\u5c4f\u98ce111-1.jpg\" \/>\n\t<meta property=\"og:image:width\" content=\"800\" \/>\n\t<meta property=\"og:image:height\" content=\"800\" \/>\n\t<meta property=\"og:image:type\" content=\"image\/jpeg\" \/>\n<meta name=\"twitter:card\" content=\"summary_large_image\" \/>\n<meta name=\"twitter:site\" content=\"@huangpai688\" \/>\n<meta name=\"twitter:label1\" content=\"Gesch\u00e4tzte Lesezeit\" \/>\n\t<meta name=\"twitter:data1\" content=\"2 Minuten\" \/>\n<script type=\"application\/ld+json\" class=\"yoast-schema-graph\">{\"@context\":\"https:\/\/schema.org\",\"@graph\":[{\"@type\":\"WebPage\",\"@id\":\"https:\/\/govtfurniture.com\/sv\/produkt\/gzz05\/\",\"url\":\"https:\/\/govtfurniture.com\/sv\/produkt\/gzz05\/\",\"name\":\"Workstation Desk - office cubical screen -office furniture factory\",\"isPartOf\":{\"@id\":\"https:\/\/govtfurniture.com\/pt\/#website\"},\"primaryImageOfPage\":{\"@id\":\"https:\/\/govtfurniture.com\/sv\/produkt\/gzz05\/#primaryimage\"},\"image\":{\"@id\":\"https:\/\/govtfurniture.com\/sv\/produkt\/gzz05\/#primaryimage\"},\"thumbnailUrl\":\"https:\/\/govtfurniture.com\/wp-content\/uploads\/2024\/06\/\u5c4f\u98ce111-1.jpg\",\"datePublished\":\"2024-07-02T08:33:00+00:00\",\"dateModified\":\"2024-07-16T08:36:26+00:00\",\"description\":\"Our main products include Desk,Office chair,File cabinet,Conference table,Sofa,Coffee table,Partition,Bookshelf,Office worksation, etc.\",\"breadcrumb\":{\"@id\":\"https:\/\/govtfurniture.com\/sv\/produkt\/gzz05\/#breadcrumb\"},\"inLanguage\":\"de-CH\",\"potentialAction\":[{\"@type\":\"ReadAction\",\"target\":[\"https:\/\/govtfurniture.com\/sv\/produkt\/gzz05\/\"]}]},{\"@type\":\"ImageObject\",\"inLanguage\":\"de-CH\",\"@id\":\"https:\/\/govtfurniture.com\/sv\/produkt\/gzz05\/#primaryimage\",\"url\":\"https:\/\/govtfurniture.com\/wp-content\/uploads\/2024\/06\/\u5c4f\u98ce111-1.jpg\",\"contentUrl\":\"https:\/\/govtfurniture.com\/wp-content\/uploads\/2024\/06\/\u5c4f\u98ce111-1.jpg\",\"width\":800,\"height\":800,\"caption\":\"Public work furniture-Staff desks-office chairs\"},{\"@type\":\"BreadcrumbList\",\"@id\":\"https:\/\/govtfurniture.com\/sv\/produkt\/gzz05\/#breadcrumb\",\"itemListElement\":[{\"@type\":\"ListItem\",\"position\":1,\"name\":\"\u9996\u9875\",\"item\":\"https:\/\/govtfurniture.com\/\"},{\"@type\":\"ListItem\",\"position\":2,\"name\":\"Product\",\"item\":\"https:\/\/govtfurniture.com\/shop\/\"},{\"@type\":\"ListItem\",\"position\":3,\"name\":\"Office Interior Design Modern Call Center Office Furniture Work Station Workstation Desk office cubical screen\"}]},{\"@type\":\"WebSite\",\"@id\":\"https:\/\/govtfurniture.com\/pt\/#website\",\"url\":\"https:\/\/govtfurniture.com\/pt\/\",\"name\":\"ROYAL PRIDE Furniture Co., Ltd.\",\"description\":\"Government furniture customization Creating environmentally friendly, healthy and comfortable furniture products\",\"publisher\":{\"@id\":\"https:\/\/govtfurniture.com\/pt\/#organization\"},\"alternateName\":\"huangpai Furniture\",\"potentialAction\":[{\"@type\":\"SearchAction\",\"target\":{\"@type\":\"EntryPoint\",\"urlTemplate\":\"https:\/\/govtfurniture.com\/pt\/?s={search_term_string}\"},\"query-input\":{\"@type\":\"PropertyValueSpecification\",\"valueRequired\":true,\"valueName\":\"search_term_string\"}}],\"inLanguage\":\"de-CH\"},{\"@type\":\"Organization\",\"@id\":\"https:\/\/govtfurniture.com\/pt\/#organization\",\"name\":\"ROYAL PRIDE Furniture Co., Ltd.\",\"url\":\"https:\/\/govtfurniture.com\/pt\/\",\"logo\":{\"@type\":\"ImageObject\",\"inLanguage\":\"de-CH\",\"@id\":\"https:\/\/govtfurniture.com\/pt\/#\/schema\/logo\/image\/\",\"url\":\"https:\/\/govtfurniture.com\/wp-content\/uploads\/2024\/07\/logo3.jpg\",\"contentUrl\":\"https:\/\/govtfurniture.com\/wp-content\/uploads\/2024\/07\/logo3.jpg\",\"width\":512,\"height\":512,\"caption\":\"ROYAL PRIDE Furniture Co., Ltd.\"},\"image\":{\"@id\":\"https:\/\/govtfurniture.com\/pt\/#\/schema\/logo\/image\/\"},\"sameAs\":[\"https:\/\/www.facebook.com\/profile.php?id=61560913657184\",\"https:\/\/x.com\/huangpai688\",\"https:\/\/www.youtube.com\/@RoyalPrideFurniture\",\"https:\/\/www.pinterest.com\/pin\/890235051338475626\/\",\"https:\/\/www.tiktok.com\/@ryalprideofficefurniture\"]}]}<\/script>\n<!-- \/ Yoast SEO Premium plugin. -->","yoast_head_json":{"title":"Workstation Desk - office cubical screen -office furniture factory","description":"Our main products include Desk,Office chair,File cabinet,Conference table,Sofa,Coffee table,Partition,Bookshelf,Office worksation, etc.","robots":{"index":"index","follow":"follow","max-snippet":"max-snippet:-1","max-image-preview":"max-image-preview:large","max-video-preview":"max-video-preview:-1"},"canonical":"https:\/\/govtfurniture.com\/de_ch\/produkt\/gzz05\/","og_locale":"de_DE","og_type":"article","og_title":"Office Interior Design Modern Call Center Office Furniture Work Station Workstation Desk office cubical screen","og_description":"Our main products include Desk,Office chair,File cabinet,Conference table,Sofa,Coffee table,Partition,Bookshelf,Office worksation, etc.","og_url":"https:\/\/govtfurniture.com\/de_ch\/produkt\/gzz05\/","og_site_name":"ROYAL PRIDE Furniture Co., Ltd. Global Government Furniture Manufacturing","article_publisher":"https:\/\/www.facebook.com\/profile.php?id=61560913657184","article_modified_time":"2024-07-16T08:36:26+00:00","og_image":[{"width":800,"height":800,"url":"https:\/\/govtfurniture.com\/wp-content\/uploads\/2024\/06\/\u5c4f\u98ce111-1.jpg","type":"image\/jpeg"}],"twitter_card":"summary_large_image","twitter_site":"@huangpai688","twitter_misc":{"Gesch\u00e4tzte Lesezeit":"2 Minuten"},"schema":{"@context":"https:\/\/schema.org","@graph":[{"@type":"WebPage","@id":"https:\/\/govtfurniture.com\/sv\/produkt\/gzz05\/","url":"https:\/\/govtfurniture.com\/sv\/produkt\/gzz05\/","name":"Workstation Desk - office cubical screen -office furniture factory","isPartOf":{"@id":"https:\/\/govtfurniture.com\/pt\/#website"},"primaryImageOfPage":{"@id":"https:\/\/govtfurniture.com\/sv\/produkt\/gzz05\/#primaryimage"},"image":{"@id":"https:\/\/govtfurniture.com\/sv\/produkt\/gzz05\/#primaryimage"},"thumbnailUrl":"https:\/\/govtfurniture.com\/wp-content\/uploads\/2024\/06\/\u5c4f\u98ce111-1.jpg","datePublished":"2024-07-02T08:33:00+00:00","dateModified":"2024-07-16T08:36:26+00:00","description":"Our main products include Desk,Office chair,File cabinet,Conference table,Sofa,Coffee table,Partition,Bookshelf,Office worksation, etc.","breadcrumb":{"@id":"https:\/\/govtfurniture.com\/sv\/produkt\/gzz05\/#breadcrumb"},"inLanguage":"de-CH","potentialAction":[{"@type":"ReadAction","target":["https:\/\/govtfurniture.com\/sv\/produkt\/gzz05\/"]}]},{"@type":"ImageObject","inLanguage":"de-CH","@id":"https:\/\/govtfurniture.com\/sv\/produkt\/gzz05\/#primaryimage","url":"https:\/\/govtfurniture.com\/wp-content\/uploads\/2024\/06\/\u5c4f\u98ce111-1.jpg","contentUrl":"https:\/\/govtfurniture.com\/wp-content\/uploads\/2024\/06\/\u5c4f\u98ce111-1.jpg","width":800,"height":800,"caption":"Public work furniture-Staff desks-office chairs"},{"@type":"BreadcrumbList","@id":"https:\/\/govtfurniture.com\/sv\/produkt\/gzz05\/#breadcrumb","itemListElement":[{"@type":"ListItem","position":1,"name":"\u9996\u9875","item":"https:\/\/govtfurniture.com\/"},{"@type":"ListItem","position":2,"name":"Product","item":"https:\/\/govtfurniture.com\/shop\/"},{"@type":"ListItem","position":3,"name":"Office Interior Design Modern Call Center Office Furniture Work Station Workstation Desk office cubical screen"}]},{"@type":"WebSite","@id":"https:\/\/govtfurniture.com\/pt\/#website","url":"https:\/\/govtfurniture.com\/pt\/","name":"ROYAL PRIDE Furniture Co., Ltd.","description":"Government furniture customization Creating environmentally friendly, healthy and comfortable furniture products","publisher":{"@id":"https:\/\/govtfurniture.com\/pt\/#organization"},"alternateName":"huangpai Furniture","potentialAction":[{"@type":"SearchAction","target":{"@type":"EntryPoint","urlTemplate":"https:\/\/govtfurniture.com\/pt\/?s={search_term_string}"},"query-input":{"@type":"PropertyValueSpecification","valueRequired":true,"valueName":"search_term_string"}}],"inLanguage":"de-CH"},{"@type":"Organization","@id":"https:\/\/govtfurniture.com\/pt\/#organization","name":"ROYAL PRIDE Furniture Co., Ltd.","url":"https:\/\/govtfurniture.com\/pt\/","logo":{"@type":"ImageObject","inLanguage":"de-CH","@id":"https:\/\/govtfurniture.com\/pt\/#\/schema\/logo\/image\/","url":"https:\/\/govtfurniture.com\/wp-content\/uploads\/2024\/07\/logo3.jpg","contentUrl":"https:\/\/govtfurniture.com\/wp-content\/uploads\/2024\/07\/logo3.jpg","width":512,"height":512,"caption":"ROYAL PRIDE Furniture Co., Ltd."},"image":{"@id":"https:\/\/govtfurniture.com\/pt\/#\/schema\/logo\/image\/"},"sameAs":["https:\/\/www.facebook.com\/profile.php?id=61560913657184","https:\/\/x.com\/huangpai688","https:\/\/www.youtube.com\/@RoyalPrideFurniture","https:\/\/www.pinterest.com\/pin\/890235051338475626\/","https:\/\/www.tiktok.com\/@ryalprideofficefurniture"]}]}},"_links":{"self":[{"href":"https:\/\/govtfurniture.com\/de_ch\/wp-json\/wp\/v2\/product\/9750","targetHints":{"allow":["GET"]}}],"collection":[{"href":"https:\/\/govtfurniture.com\/de_ch\/wp-json\/wp\/v2\/product"}],"about":[{"href":"https:\/\/govtfurniture.com\/de_ch\/wp-json\/wp\/v2\/types\/product"}],"replies":[{"embeddable":true,"href":"https:\/\/govtfurniture.com\/de_ch\/wp-json\/wp\/v2\/comments?post=9750"}],"version-history":[{"count":11,"href":"https:\/\/govtfurniture.com\/de_ch\/wp-json\/wp\/v2\/product\/9750\/revisions"}],"predecessor-version":[{"id":10556,"href":"https:\/\/govtfurniture.com\/de_ch\/wp-json\/wp\/v2\/product\/9750\/revisions\/10556"}],"wp:featuredmedia":[{"embeddable":true,"href":"https:\/\/govtfurniture.com\/de_ch\/wp-json\/wp\/v2\/media\/9488"}],"wp:attachment":[{"href":"https:\/\/govtfurniture.com\/de_ch\/wp-json\/wp\/v2\/media?parent=9750"}],"wp:term":[{"taxonomy":"product_brand","embeddable":true,"href":"https:\/\/govtfurniture.com\/de_ch\/wp-json\/wp\/v2\/product_brand?post=9750"},{"taxonomy":"product_cat","embeddable":true,"href":"https:\/\/govtfurniture.com\/de_ch\/wp-json\/wp\/v2\/product_cat?post=9750"},{"taxonomy":"product_tag","embeddable":true,"href":"https:\/\/govtfurniture.com\/de_ch\/wp-json\/wp\/v2\/product_tag?post=9750"}],"curies":[{"name":"wp","href":"https:\/\/api.w.org\/{rel}","templated":true}]}}