{"id":9761,"date":"2024-07-02T16:42:30","date_gmt":"2024-07-02T08:42:30","guid":{"rendered":"http:\/\/govtfurniture.com\/?post_type=product&#038;p=9761"},"modified":"2024-07-16T19:20:21","modified_gmt":"2024-07-16T11:20:21","slug":"ggz006","status":"publish","type":"product","link":"https:\/\/govtfurniture.com\/de_ch\/produkt\/ggz006\/","title":{"rendered":"Fabrik Anpassung Hei\u00dfer Verkauf B\u00fcrom\u00f6bel Kabine hergestellt 120 Grad B\u00fcrom\u00f6bel Workstation"},"content":{"rendered":"<div data-elementor-type=\"product-post\" data-elementor-id=\"9761\" class=\"elementor elementor-9761\">\n\t\t\t\t\t\t<section class=\"elementor-section elementor-top-section elementor-element elementor-element-19edea63 elementor-section-boxed elementor-section-height-default elementor-section-height-default wd-section-disabled\" data-id=\"19edea63\" data-element_type=\"section\">\n\t\t\t\t\t\t<div class=\"elementor-container elementor-column-gap-default\">\n\t\t\t\t\t<div class=\"elementor-column elementor-col-100 elementor-top-column elementor-element elementor-element-14186b80\" data-id=\"14186b80\" data-element_type=\"column\">\n\t\t\t<div class=\"elementor-widget-wrap elementor-element-populated\">\n\t\t\t\t\t\t<section class=\"elementor-section elementor-inner-section elementor-element elementor-element-70e13e41 elementor-section-boxed elementor-section-height-default elementor-section-height-default wd-section-disabled\" data-id=\"70e13e41\" data-element_type=\"section\">\n\t\t\t\t\t\t<div class=\"elementor-container elementor-column-gap-default\">\n\t\t\t\t\t<div class=\"elementor-column elementor-col-50 elementor-inner-column elementor-element elementor-element-29201e2\" data-id=\"29201e2\" data-element_type=\"column\">\n\t\t\t<div class=\"elementor-widget-wrap elementor-element-populated\">\n\t\t\t\t\t\t<div class=\"elementor-element elementor-element-50585651 elementor-widget elementor-widget-image\" data-id=\"50585651\" data-element_type=\"widget\" data-widget_type=\"image.default\">\n\t\t\t\t\t\t\t\t\t\t\t\t\t\t\t<img fetchpriority=\"high\" decoding=\"async\" width=\"800\" height=\"800\" src=\"https:\/\/govtfurniture.com\/wp-content\/uploads\/2024\/06\/\u5c4f\u98ce68-1.jpg\" class=\"attachment-large size-large wp-image-9650\" alt=\"\u00d6ffentliche Arbeitsm\u00f6bel - Schreibtische f\u00fcr Mitarbeiter - B\u00fcrost\u00fchle\" srcset=\"https:\/\/govtfurniture.com\/wp-content\/uploads\/2024\/06\/\u5c4f\u98ce68-1.jpg 800w, https:\/\/govtfurniture.com\/wp-content\/uploads\/2024\/06\/\u5c4f\u98ce68-1-300x300.jpg 300w, https:\/\/govtfurniture.com\/wp-content\/uploads\/2024\/06\/\u5c4f\u98ce68-1-150x150.jpg 150w, https:\/\/govtfurniture.com\/wp-content\/uploads\/2024\/06\/\u5c4f\u98ce68-1-768x768.jpg 768w, https:\/\/govtfurniture.com\/wp-content\/uploads\/2024\/06\/\u5c4f\u98ce68-1-12x12.jpg 12w, https:\/\/govtfurniture.com\/wp-content\/uploads\/2024\/06\/\u5c4f\u98ce68-1-430x430.jpg 430w, https:\/\/govtfurniture.com\/wp-content\/uploads\/2024\/06\/\u5c4f\u98ce68-1-700x700.jpg 700w\" sizes=\"(max-width: 800px) 100vw, 800px\" \/>\t\t\t\t\t\t\t\t\t\t\t\t\t\t\t<\/div>\n\t\t\t\t\t<\/div>\n\t\t<\/div>\n\t\t\t\t<div class=\"elementor-column elementor-col-50 elementor-inner-column elementor-element elementor-element-3fd93497\" data-id=\"3fd93497\" data-element_type=\"column\">\n\t\t\t<div class=\"elementor-widget-wrap elementor-element-populated\">\n\t\t\t\t\t\t<div class=\"elementor-element elementor-element-51110982 elementor-widget elementor-widget-image\" data-id=\"51110982\" data-element_type=\"widget\" data-widget_type=\"image.default\">\n\t\t\t\t\t\t\t\t\t\t\t\t\t\t\t<img decoding=\"async\" width=\"800\" height=\"800\" src=\"https:\/\/govtfurniture.com\/wp-content\/uploads\/2024\/06\/\u5c4f\u98ce9-1.jpg\" class=\"attachment-large size-large wp-image-9674\" alt=\"\u00d6ffentliche Arbeitsm\u00f6bel - Schreibtische f\u00fcr Mitarbeiter - B\u00fcrost\u00fchle\" srcset=\"https:\/\/govtfurniture.com\/wp-content\/uploads\/2024\/06\/\u5c4f\u98ce9-1.jpg 800w, https:\/\/govtfurniture.com\/wp-content\/uploads\/2024\/06\/\u5c4f\u98ce9-1-300x300.jpg 300w, https:\/\/govtfurniture.com\/wp-content\/uploads\/2024\/06\/\u5c4f\u98ce9-1-150x150.jpg 150w, https:\/\/govtfurniture.com\/wp-content\/uploads\/2024\/06\/\u5c4f\u98ce9-1-768x768.jpg 768w, https:\/\/govtfurniture.com\/wp-content\/uploads\/2024\/06\/\u5c4f\u98ce9-1-12x12.jpg 12w, https:\/\/govtfurniture.com\/wp-content\/uploads\/2024\/06\/\u5c4f\u98ce9-1-430x430.jpg 430w, https:\/\/govtfurniture.com\/wp-content\/uploads\/2024\/06\/\u5c4f\u98ce9-1-700x700.jpg 700w\" sizes=\"(max-width: 800px) 100vw, 800px\" \/>\t\t\t\t\t\t\t\t\t\t\t\t\t\t\t<\/div>\n\t\t\t\t\t<\/div>\n\t\t<\/div>\n\t\t\t\t\t<\/div>\n\t\t<\/section>\n\t\t\t\t\t<\/div>\n\t\t<\/div>\n\t\t\t\t\t<\/div>\n\t\t<\/section>\n\t\t\t\t<section class=\"elementor-section elementor-top-section elementor-element elementor-element-67a85993 elementor-section-boxed elementor-section-height-default elementor-section-height-default wd-section-disabled\" data-id=\"67a85993\" data-element_type=\"section\">\n\t\t\t\t\t\t<div class=\"elementor-container elementor-column-gap-default\">\n\t\t\t\t\t<div class=\"elementor-column elementor-col-100 elementor-top-column elementor-element elementor-element-6e56d8e3\" data-id=\"6e56d8e3\" data-element_type=\"column\">\n\t\t\t<div class=\"elementor-widget-wrap elementor-element-populated\">\n\t\t\t\t\t\t<section class=\"elementor-section elementor-inner-section elementor-element elementor-element-40384552 elementor-section-boxed elementor-section-height-default elementor-section-height-default wd-section-disabled\" data-id=\"40384552\" data-element_type=\"section\">\n\t\t\t\t\t\t<div class=\"elementor-container elementor-column-gap-default\">\n\t\t\t\t\t<div class=\"elementor-column elementor-col-50 elementor-inner-column elementor-element elementor-element-2b3c13bf\" data-id=\"2b3c13bf\" data-element_type=\"column\">\n\t\t\t<div class=\"elementor-widget-wrap elementor-element-populated\">\n\t\t\t\t\t\t<div class=\"elementor-element elementor-element-7e08f5c8 elementor-widget elementor-widget-image\" data-id=\"7e08f5c8\" data-element_type=\"widget\" data-widget_type=\"image.default\">\n\t\t\t\t\t\t\t\t\t\t\t\t\t\t\t<img decoding=\"async\" width=\"800\" height=\"800\" src=\"https:\/\/govtfurniture.com\/wp-content\/uploads\/2024\/06\/\u5c4f\u98ce\u5e03\u5c40-4-800x800.jpg\" class=\"attachment-large size-large wp-image-9688\" alt=\"\u00d6ffentliche Arbeitsm\u00f6bel - Schreibtische f\u00fcr Mitarbeiter - B\u00fcrost\u00fchle\" srcset=\"https:\/\/govtfurniture.com\/wp-content\/uploads\/2024\/06\/\u5c4f\u98ce\u5e03\u5c40-4-800x800.jpg 800w, https:\/\/govtfurniture.com\/wp-content\/uploads\/2024\/06\/\u5c4f\u98ce\u5e03\u5c40-4-300x300.jpg 300w, https:\/\/govtfurniture.com\/wp-content\/uploads\/2024\/06\/\u5c4f\u98ce\u5e03\u5c40-4-150x150.jpg 150w, https:\/\/govtfurniture.com\/wp-content\/uploads\/2024\/06\/\u5c4f\u98ce\u5e03\u5c40-4-768x768.jpg 768w, https:\/\/govtfurniture.com\/wp-content\/uploads\/2024\/06\/\u5c4f\u98ce\u5e03\u5c40-4-12x12.jpg 12w, https:\/\/govtfurniture.com\/wp-content\/uploads\/2024\/06\/\u5c4f\u98ce\u5e03\u5c40-4-860x860.jpg 860w, https:\/\/govtfurniture.com\/wp-content\/uploads\/2024\/06\/\u5c4f\u98ce\u5e03\u5c40-4-430x430.jpg 430w, https:\/\/govtfurniture.com\/wp-content\/uploads\/2024\/06\/\u5c4f\u98ce\u5e03\u5c40-4-700x700.jpg 700w, https:\/\/govtfurniture.com\/wp-content\/uploads\/2024\/06\/\u5c4f\u98ce\u5e03\u5c40-4.jpg 1000w\" sizes=\"(max-width: 800px) 100vw, 800px\" \/>\t\t\t\t\t\t\t\t\t\t\t\t\t\t\t<\/div>\n\t\t\t\t\t<\/div>\n\t\t<\/div>\n\t\t\t\t<div class=\"elementor-column elementor-col-50 elementor-inner-column elementor-element elementor-element-2a118dd5\" data-id=\"2a118dd5\" data-element_type=\"column\">\n\t\t\t<div class=\"elementor-widget-wrap elementor-element-populated\">\n\t\t\t\t\t\t<div class=\"elementor-element elementor-element-72021292 elementor-widget elementor-widget-image\" data-id=\"72021292\" data-element_type=\"widget\" data-widget_type=\"image.default\">\n\t\t\t\t\t\t\t\t\t\t\t\t\t\t\t<img loading=\"lazy\" decoding=\"async\" width=\"800\" height=\"800\" src=\"https:\/\/govtfurniture.com\/wp-content\/uploads\/2024\/06\/\u5c4f\u98ce77-1.jpg\" class=\"attachment-large size-large wp-image-9660\" alt=\"\u00d6ffentliche Arbeitsm\u00f6bel - Schreibtische f\u00fcr Mitarbeiter - B\u00fcrost\u00fchle\" srcset=\"https:\/\/govtfurniture.com\/wp-content\/uploads\/2024\/06\/\u5c4f\u98ce77-1.jpg 800w, https:\/\/govtfurniture.com\/wp-content\/uploads\/2024\/06\/\u5c4f\u98ce77-1-300x300.jpg 300w, https:\/\/govtfurniture.com\/wp-content\/uploads\/2024\/06\/\u5c4f\u98ce77-1-150x150.jpg 150w, https:\/\/govtfurniture.com\/wp-content\/uploads\/2024\/06\/\u5c4f\u98ce77-1-768x768.jpg 768w, https:\/\/govtfurniture.com\/wp-content\/uploads\/2024\/06\/\u5c4f\u98ce77-1-12x12.jpg 12w, https:\/\/govtfurniture.com\/wp-content\/uploads\/2024\/06\/\u5c4f\u98ce77-1-430x430.jpg 430w, https:\/\/govtfurniture.com\/wp-content\/uploads\/2024\/06\/\u5c4f\u98ce77-1-700x700.jpg 700w\" sizes=\"(max-width: 800px) 100vw, 800px\" \/>\t\t\t\t\t\t\t\t\t\t\t\t\t\t\t<\/div>\n\t\t\t\t\t<\/div>\n\t\t<\/div>\n\t\t\t\t\t<\/div>\n\t\t<\/section>\n\t\t\t\t\t<\/div>\n\t\t<\/div>\n\t\t\t\t\t<\/div>\n\t\t<\/section>\n\t\t\t\t<section class=\"elementor-section elementor-top-section elementor-element elementor-element-497e381 elementor-section-boxed elementor-section-height-default elementor-section-height-default wd-section-disabled\" data-id=\"497e381\" data-element_type=\"section\">\n\t\t\t\t\t\t<div class=\"elementor-container elementor-column-gap-default\">\n\t\t\t\t\t<div class=\"elementor-column elementor-col-100 elementor-top-column elementor-element elementor-element-7a5cfcc\" data-id=\"7a5cfcc\" data-element_type=\"column\">\n\t\t\t<div class=\"elementor-widget-wrap elementor-element-populated\">\n\t\t\t\t\t\t<div class=\"elementor-element elementor-element-550d2de elementor-widget elementor-widget-wd_text_block\" data-id=\"550d2de\" data-element_type=\"widget\" data-widget_type=\"wd_text_block.default\">\n\t\t\t\t<div class=\"elementor-widget-container\">\n\t\t\t\t\t\t\t<div class=\"wd-text-block reset-last-child text-left\">\n\t\t\t\n\t\t\t<h1><strong><span style=\"color: rgba(0, 0, 0, 0.85); font-family: Inter, -apple-system, BlinkMacSystemFont, 'Segoe UI', 'SF Pro SC', 'SF Pro Display', 'SF Pro Icons', 'PingFang SC', 'Hiragino Sans GB', 'Microsoft YaHei', 'Helvetica Neue', Helvetica, Arial, sans-serif; font-size: 16px; font-style: normal; font-variant-ligatures: normal; font-variant-caps: normal; white-space-collapse: collapse;\">Die Vorteile des B\u00fcrobildschirmsystems: Schutz von Informationen am Arbeitsplatz, Verbesserung der Konzentration, Raum f\u00fcr pers\u00f6nliche Privatsph\u00e4re und Steigerung der Arbeitseffizienz.<\/span><\/strong><\/h1>\n\t\t\t\t\t<\/div>\n\t\t\t\t\t\t<\/div>\n\t\t\t\t<\/div>\n\t\t\t\t\t<\/div>\n\t\t<\/div>\n\t\t\t\t\t<\/div>\n\t\t<\/section>\n\t\t\t\t<\/div>","protected":false},"excerpt":{"rendered":"<p>Er besteht in der Regel aus mehreren unabh\u00e4ngigen Arbeitsbereichen, die durch Trennw\u00e4nde voneinander getrennt sind. Die H\u00f6he und das Material der Trennw\u00e4nde sind unterschiedlich. Einige sind halbhohe Glastrennw\u00e4nde, andere sind ganzhohe Paneelw\u00e4nde. Die Arbeitspl\u00e4tze sind in der Regel mit einer Grundausstattung an B\u00fcroger\u00e4ten wie Schreibtischen, B\u00fcrost\u00fchlen, Schubladen und Aktenschr\u00e4nken ausgestattet. So kann ein relativ unabh\u00e4ngiger und etwas privater Arbeitsbereich f\u00fcr die Mitarbeiter geschaffen werden, ohne dass die notwendige Kommunikation und Zusammenarbeit beeintr\u00e4chtigt wird. Dieses Design erf\u00fcllt nicht nur die Bed\u00fcrfnisse des Einzelnen nach Konzentration und Ruhe w\u00e4hrend der Arbeit, sondern erleichtert auch die Kommunikation und Interaktion zwischen den Teammitgliedern und macht den B\u00fcroraum effizienter, geordneter und komfortabler.<\/p>","protected":false},"featured_media":9494,"comment_status":"open","ping_status":"closed","template":"","meta":{"_monsterinsights_skip_tracking":false,"_monsterinsights_sitenote_active":false,"_monsterinsights_sitenote_note":"","_monsterinsights_sitenote_category":0},"product_brand":[],"product_cat":[132],"product_tag":[122,121],"class_list":{"0":"post-9761","1":"product","2":"type-product","3":"status-publish","4":"has-post-thumbnail","6":"product_cat-office-workstation-office-furniyture","7":"product_tag-122","8":"product_tag-121","10":"first","11":"instock","12":"featured","13":"shipping-taxable","14":"product-type-simple"},"yoast_head":"<!-- This site is optimized with the Yoast SEO Premium plugin v23.9 (Yoast SEO v25.1) - https:\/\/yoast.com\/wordpress\/plugins\/seo\/ -->\n<title>Factory customization office furniture - office furniture workstation<\/title>\n<meta name=\"description\" content=\"We specialize in the production and customizable of office desks\uff0cmeeting table, boss&#039;s table, office chair, filing cabinet, reception desk, sofa and so on\" \/>\n<meta name=\"robots\" content=\"index, follow, max-snippet:-1, max-image-preview:large, max-video-preview:-1\" \/>\n<link rel=\"canonical\" href=\"https:\/\/govtfurniture.com\/de_ch\/produkt\/ggz006\/\" \/>\n<meta property=\"og:locale\" content=\"de_DE\" \/>\n<meta property=\"og:type\" content=\"article\" \/>\n<meta property=\"og:title\" content=\"Factory customization Hot selling office furniture cubicle fabricated 120 degree office furniture workstation\" \/>\n<meta property=\"og:description\" content=\"We specialize in the production and customizable of office desks\uff0cmeeting table, boss&#039;s table, office chair, filing cabinet, reception desk, sofa and so on\" \/>\n<meta property=\"og:url\" content=\"https:\/\/govtfurniture.com\/de_ch\/produkt\/ggz006\/\" \/>\n<meta property=\"og:site_name\" content=\"ROYAL PRIDE Furniture Co., Ltd. Global Government Furniture Manufacturing\" \/>\n<meta property=\"article:publisher\" content=\"https:\/\/www.facebook.com\/profile.php?id=61560913657184\" \/>\n<meta property=\"article:modified_time\" content=\"2024-07-16T11:20:21+00:00\" \/>\n<meta property=\"og:image\" content=\"https:\/\/govtfurniture.com\/wp-content\/uploads\/2024\/06\/\u5c4f\u98ce117-1.jpg\" \/>\n\t<meta property=\"og:image:width\" content=\"800\" \/>\n\t<meta property=\"og:image:height\" content=\"800\" \/>\n\t<meta property=\"og:image:type\" content=\"image\/jpeg\" \/>\n<meta name=\"twitter:card\" content=\"summary_large_image\" \/>\n<meta name=\"twitter:site\" content=\"@huangpai688\" \/>\n<meta name=\"twitter:label1\" content=\"Gesch\u00e4tzte Lesezeit\" \/>\n\t<meta name=\"twitter:data1\" content=\"2 Minuten\" \/>\n<script type=\"application\/ld+json\" class=\"yoast-schema-graph\">{\"@context\":\"https:\/\/schema.org\",\"@graph\":[{\"@type\":\"WebPage\",\"@id\":\"https:\/\/govtfurniture.com\/de_ch\/produkt\/ggz006\/\",\"url\":\"https:\/\/govtfurniture.com\/de_ch\/produkt\/ggz006\/\",\"name\":\"Factory customization office furniture - office furniture workstation\",\"isPartOf\":{\"@id\":\"https:\/\/govtfurniture.com\/pt\/#website\"},\"primaryImageOfPage\":{\"@id\":\"https:\/\/govtfurniture.com\/de_ch\/produkt\/ggz006\/#primaryimage\"},\"image\":{\"@id\":\"https:\/\/govtfurniture.com\/de_ch\/produkt\/ggz006\/#primaryimage\"},\"thumbnailUrl\":\"https:\/\/govtfurniture.com\/wp-content\/uploads\/2024\/06\/\u5c4f\u98ce117-1.jpg\",\"datePublished\":\"2024-07-02T08:42:30+00:00\",\"dateModified\":\"2024-07-16T11:20:21+00:00\",\"description\":\"We specialize in the production and customizable of office desks\uff0cmeeting table, boss's table, office chair, filing cabinet, reception desk, sofa and so on\",\"breadcrumb\":{\"@id\":\"https:\/\/govtfurniture.com\/de_ch\/produkt\/ggz006\/#breadcrumb\"},\"inLanguage\":\"de-CH\",\"potentialAction\":[{\"@type\":\"ReadAction\",\"target\":[\"https:\/\/govtfurniture.com\/de_ch\/produkt\/ggz006\/\"]}]},{\"@type\":\"ImageObject\",\"inLanguage\":\"de-CH\",\"@id\":\"https:\/\/govtfurniture.com\/de_ch\/produkt\/ggz006\/#primaryimage\",\"url\":\"https:\/\/govtfurniture.com\/wp-content\/uploads\/2024\/06\/\u5c4f\u98ce117-1.jpg\",\"contentUrl\":\"https:\/\/govtfurniture.com\/wp-content\/uploads\/2024\/06\/\u5c4f\u98ce117-1.jpg\",\"width\":800,\"height\":800,\"caption\":\"Public work furniture-Staff desks-office chairs\"},{\"@type\":\"BreadcrumbList\",\"@id\":\"https:\/\/govtfurniture.com\/de_ch\/produkt\/ggz006\/#breadcrumb\",\"itemListElement\":[{\"@type\":\"ListItem\",\"position\":1,\"name\":\"\u9996\u9875\",\"item\":\"https:\/\/govtfurniture.com\/\"},{\"@type\":\"ListItem\",\"position\":2,\"name\":\"Product\",\"item\":\"https:\/\/govtfurniture.com\/shop\/\"},{\"@type\":\"ListItem\",\"position\":3,\"name\":\"Factory customization Hot selling office furniture cubicle fabricated 120 degree office furniture workstation\"}]},{\"@type\":\"WebSite\",\"@id\":\"https:\/\/govtfurniture.com\/pt\/#website\",\"url\":\"https:\/\/govtfurniture.com\/pt\/\",\"name\":\"ROYAL PRIDE Furniture Co., Ltd.\",\"description\":\"Government furniture customization Creating environmentally friendly, healthy and comfortable furniture products\",\"publisher\":{\"@id\":\"https:\/\/govtfurniture.com\/pt\/#organization\"},\"alternateName\":\"huangpai Furniture\",\"potentialAction\":[{\"@type\":\"SearchAction\",\"target\":{\"@type\":\"EntryPoint\",\"urlTemplate\":\"https:\/\/govtfurniture.com\/pt\/?s={search_term_string}\"},\"query-input\":{\"@type\":\"PropertyValueSpecification\",\"valueRequired\":true,\"valueName\":\"search_term_string\"}}],\"inLanguage\":\"de-CH\"},{\"@type\":\"Organization\",\"@id\":\"https:\/\/govtfurniture.com\/pt\/#organization\",\"name\":\"ROYAL PRIDE Furniture Co., Ltd.\",\"url\":\"https:\/\/govtfurniture.com\/pt\/\",\"logo\":{\"@type\":\"ImageObject\",\"inLanguage\":\"de-CH\",\"@id\":\"https:\/\/govtfurniture.com\/pt\/#\/schema\/logo\/image\/\",\"url\":\"https:\/\/govtfurniture.com\/wp-content\/uploads\/2024\/07\/logo3.jpg\",\"contentUrl\":\"https:\/\/govtfurniture.com\/wp-content\/uploads\/2024\/07\/logo3.jpg\",\"width\":512,\"height\":512,\"caption\":\"ROYAL PRIDE Furniture Co., Ltd.\"},\"image\":{\"@id\":\"https:\/\/govtfurniture.com\/pt\/#\/schema\/logo\/image\/\"},\"sameAs\":[\"https:\/\/www.facebook.com\/profile.php?id=61560913657184\",\"https:\/\/x.com\/huangpai688\",\"https:\/\/www.youtube.com\/@RoyalPrideFurniture\",\"https:\/\/www.pinterest.com\/pin\/890235051338475626\/\",\"https:\/\/www.tiktok.com\/@ryalprideofficefurniture\"]}]}<\/script>\n<!-- \/ Yoast SEO Premium plugin. -->","yoast_head_json":{"title":"Factory customization office furniture - office furniture workstation","description":"We specialize in the production and customizable of office desks\uff0cmeeting table, boss's table, office chair, filing cabinet, reception desk, sofa and so on","robots":{"index":"index","follow":"follow","max-snippet":"max-snippet:-1","max-image-preview":"max-image-preview:large","max-video-preview":"max-video-preview:-1"},"canonical":"https:\/\/govtfurniture.com\/de_ch\/produkt\/ggz006\/","og_locale":"de_DE","og_type":"article","og_title":"Factory customization Hot selling office furniture cubicle fabricated 120 degree office furniture workstation","og_description":"We specialize in the production and customizable of office desks\uff0cmeeting table, boss's table, office chair, filing cabinet, reception desk, sofa and so on","og_url":"https:\/\/govtfurniture.com\/de_ch\/produkt\/ggz006\/","og_site_name":"ROYAL PRIDE Furniture Co., Ltd. Global Government Furniture Manufacturing","article_publisher":"https:\/\/www.facebook.com\/profile.php?id=61560913657184","article_modified_time":"2024-07-16T11:20:21+00:00","og_image":[{"width":800,"height":800,"url":"https:\/\/govtfurniture.com\/wp-content\/uploads\/2024\/06\/\u5c4f\u98ce117-1.jpg","type":"image\/jpeg"}],"twitter_card":"summary_large_image","twitter_site":"@huangpai688","twitter_misc":{"Gesch\u00e4tzte Lesezeit":"2 Minuten"},"schema":{"@context":"https:\/\/schema.org","@graph":[{"@type":"WebPage","@id":"https:\/\/govtfurniture.com\/de_ch\/produkt\/ggz006\/","url":"https:\/\/govtfurniture.com\/de_ch\/produkt\/ggz006\/","name":"Factory customization office furniture - office furniture workstation","isPartOf":{"@id":"https:\/\/govtfurniture.com\/pt\/#website"},"primaryImageOfPage":{"@id":"https:\/\/govtfurniture.com\/de_ch\/produkt\/ggz006\/#primaryimage"},"image":{"@id":"https:\/\/govtfurniture.com\/de_ch\/produkt\/ggz006\/#primaryimage"},"thumbnailUrl":"https:\/\/govtfurniture.com\/wp-content\/uploads\/2024\/06\/\u5c4f\u98ce117-1.jpg","datePublished":"2024-07-02T08:42:30+00:00","dateModified":"2024-07-16T11:20:21+00:00","description":"We specialize in the production and customizable of office desks\uff0cmeeting table, boss's table, office chair, filing cabinet, reception desk, sofa and so on","breadcrumb":{"@id":"https:\/\/govtfurniture.com\/de_ch\/produkt\/ggz006\/#breadcrumb"},"inLanguage":"de-CH","potentialAction":[{"@type":"ReadAction","target":["https:\/\/govtfurniture.com\/de_ch\/produkt\/ggz006\/"]}]},{"@type":"ImageObject","inLanguage":"de-CH","@id":"https:\/\/govtfurniture.com\/de_ch\/produkt\/ggz006\/#primaryimage","url":"https:\/\/govtfurniture.com\/wp-content\/uploads\/2024\/06\/\u5c4f\u98ce117-1.jpg","contentUrl":"https:\/\/govtfurniture.com\/wp-content\/uploads\/2024\/06\/\u5c4f\u98ce117-1.jpg","width":800,"height":800,"caption":"Public work furniture-Staff desks-office chairs"},{"@type":"BreadcrumbList","@id":"https:\/\/govtfurniture.com\/de_ch\/produkt\/ggz006\/#breadcrumb","itemListElement":[{"@type":"ListItem","position":1,"name":"\u9996\u9875","item":"https:\/\/govtfurniture.com\/"},{"@type":"ListItem","position":2,"name":"Product","item":"https:\/\/govtfurniture.com\/shop\/"},{"@type":"ListItem","position":3,"name":"Factory customization Hot selling office furniture cubicle fabricated 120 degree office furniture workstation"}]},{"@type":"WebSite","@id":"https:\/\/govtfurniture.com\/pt\/#website","url":"https:\/\/govtfurniture.com\/pt\/","name":"ROYAL PRIDE Furniture Co., Ltd.","description":"Government furniture customization Creating environmentally friendly, healthy and comfortable furniture products","publisher":{"@id":"https:\/\/govtfurniture.com\/pt\/#organization"},"alternateName":"huangpai Furniture","potentialAction":[{"@type":"SearchAction","target":{"@type":"EntryPoint","urlTemplate":"https:\/\/govtfurniture.com\/pt\/?s={search_term_string}"},"query-input":{"@type":"PropertyValueSpecification","valueRequired":true,"valueName":"search_term_string"}}],"inLanguage":"de-CH"},{"@type":"Organization","@id":"https:\/\/govtfurniture.com\/pt\/#organization","name":"ROYAL PRIDE Furniture Co., Ltd.","url":"https:\/\/govtfurniture.com\/pt\/","logo":{"@type":"ImageObject","inLanguage":"de-CH","@id":"https:\/\/govtfurniture.com\/pt\/#\/schema\/logo\/image\/","url":"https:\/\/govtfurniture.com\/wp-content\/uploads\/2024\/07\/logo3.jpg","contentUrl":"https:\/\/govtfurniture.com\/wp-content\/uploads\/2024\/07\/logo3.jpg","width":512,"height":512,"caption":"ROYAL PRIDE Furniture Co., Ltd."},"image":{"@id":"https:\/\/govtfurniture.com\/pt\/#\/schema\/logo\/image\/"},"sameAs":["https:\/\/www.facebook.com\/profile.php?id=61560913657184","https:\/\/x.com\/huangpai688","https:\/\/www.youtube.com\/@RoyalPrideFurniture","https:\/\/www.pinterest.com\/pin\/890235051338475626\/","https:\/\/www.tiktok.com\/@ryalprideofficefurniture"]}]}},"_links":{"self":[{"href":"https:\/\/govtfurniture.com\/de_ch\/wp-json\/wp\/v2\/product\/9761","targetHints":{"allow":["GET"]}}],"collection":[{"href":"https:\/\/govtfurniture.com\/de_ch\/wp-json\/wp\/v2\/product"}],"about":[{"href":"https:\/\/govtfurniture.com\/de_ch\/wp-json\/wp\/v2\/types\/product"}],"replies":[{"embeddable":true,"href":"https:\/\/govtfurniture.com\/de_ch\/wp-json\/wp\/v2\/comments?post=9761"}],"version-history":[{"count":18,"href":"https:\/\/govtfurniture.com\/de_ch\/wp-json\/wp\/v2\/product\/9761\/revisions"}],"predecessor-version":[{"id":10615,"href":"https:\/\/govtfurniture.com\/de_ch\/wp-json\/wp\/v2\/product\/9761\/revisions\/10615"}],"wp:featuredmedia":[{"embeddable":true,"href":"https:\/\/govtfurniture.com\/de_ch\/wp-json\/wp\/v2\/media\/9494"}],"wp:attachment":[{"href":"https:\/\/govtfurniture.com\/de_ch\/wp-json\/wp\/v2\/media?parent=9761"}],"wp:term":[{"taxonomy":"product_brand","embeddable":true,"href":"https:\/\/govtfurniture.com\/de_ch\/wp-json\/wp\/v2\/product_brand?post=9761"},{"taxonomy":"product_cat","embeddable":true,"href":"https:\/\/govtfurniture.com\/de_ch\/wp-json\/wp\/v2\/product_cat?post=9761"},{"taxonomy":"product_tag","embeddable":true,"href":"https:\/\/govtfurniture.com\/de_ch\/wp-json\/wp\/v2\/product_tag?post=9761"}],"curies":[{"name":"wp","href":"https:\/\/api.w.org\/{rel}","templated":true}]}}