{"id":12666,"date":"2024-12-06T16:23:27","date_gmt":"2024-12-06T08:23:27","guid":{"rendered":"http:\/\/govtfurniture.com\/?post_type=product&#038;p=12666"},"modified":"2024-12-07T15:01:57","modified_gmt":"2024-12-07T07:01:57","slug":"government-furniture-file-cabinets","status":"publish","type":"product","link":"https:\/\/govtfurniture.com\/es_mx\/producto\/government-furniture-file-cabinets\/","title":{"rendered":"Mobiliario gubernamental Archivadores"},"content":{"rendered":"<p>Royalpride &#8211; A Global Government Furniture Brand<br \/>\nThe total production area of the Royalpride factory reaches 100,000 square meters, with an annual production capacity of 1 million pieces. It has more than 2,000 partners all over the world and boasts a powerful international technical team.<br \/>\nLa f\u00e1brica est\u00e1 situada en Foshan, Guangdong, que es el mayor centro de fabricaci\u00f3n de muebles del mundo. Es una gran empresa moderna de fabricaci\u00f3n de mobiliario gubernamental que integra investigaci\u00f3n y desarrollo, producci\u00f3n y ventas. Est\u00e1 comprometida con la creaci\u00f3n de productos de mobiliario gubernamental respetuosos con el medio ambiente y de alta calidad.<\/p>\n<div id=\"attachment_12673\" style=\"width: 760px\" class=\"wp-caption aligncenter\"><img fetchpriority=\"high\" decoding=\"async\" aria-describedby=\"caption-attachment-12673\" class=\"wp-image-12673\" title=\"Mobiliario Administrativo Archivadores07\" src=\"http:\/\/govtfurniture.com\/wp-content\/uploads\/2024\/12\/Government-Furniture-File-Cabinets07-333x300.jpg\" alt=\"Mobiliario Administrativo Archivadores07\" width=\"750\" height=\"676\" srcset=\"https:\/\/govtfurniture.com\/wp-content\/uploads\/2024\/12\/Government-Furniture-File-Cabinets07-333x300.jpg 333w, https:\/\/govtfurniture.com\/wp-content\/uploads\/2024\/12\/Government-Furniture-File-Cabinets07-13x12.jpg 13w, https:\/\/govtfurniture.com\/wp-content\/uploads\/2024\/12\/Government-Furniture-File-Cabinets07-430x388.jpg 430w, https:\/\/govtfurniture.com\/wp-content\/uploads\/2024\/12\/Government-Furniture-File-Cabinets07-700x631.jpg 700w, https:\/\/govtfurniture.com\/wp-content\/uploads\/2024\/12\/Government-Furniture-File-Cabinets07-150x135.jpg 150w, https:\/\/govtfurniture.com\/wp-content\/uploads\/2024\/12\/Government-Furniture-File-Cabinets07.jpg 750w\" sizes=\"(max-width: 750px) 100vw, 750px\" \/><p id=\"caption-attachment-12673\" class=\"wp-caption-text\">Government Furniture File Cabinets0<\/p><\/div>\n<div id=\"attachment_12672\" style=\"width: 760px\" class=\"wp-caption aligncenter\"><img decoding=\"async\" aria-describedby=\"caption-attachment-12672\" class=\"wp-image-12672\" title=\"Government Furniture File Cabinets06\" src=\"http:\/\/govtfurniture.com\/wp-content\/uploads\/2024\/12\/Government-Furniture-File-Cabinets06-238x300.jpg\" alt=\"Government Furniture File Cabinets06\" width=\"750\" height=\"945\" srcset=\"https:\/\/govtfurniture.com\/wp-content\/uploads\/2024\/12\/Government-Furniture-File-Cabinets06-238x300.jpg 238w, https:\/\/govtfurniture.com\/wp-content\/uploads\/2024\/12\/Government-Furniture-File-Cabinets06-635x800.jpg 635w, https:\/\/govtfurniture.com\/wp-content\/uploads\/2024\/12\/Government-Furniture-File-Cabinets06-10x12.jpg 10w, https:\/\/govtfurniture.com\/wp-content\/uploads\/2024\/12\/Government-Furniture-File-Cabinets06-430x542.jpg 430w, https:\/\/govtfurniture.com\/wp-content\/uploads\/2024\/12\/Government-Furniture-File-Cabinets06-700x882.jpg 700w, https:\/\/govtfurniture.com\/wp-content\/uploads\/2024\/12\/Government-Furniture-File-Cabinets06-150x189.jpg 150w, https:\/\/govtfurniture.com\/wp-content\/uploads\/2024\/12\/Government-Furniture-File-Cabinets06.jpg 750w\" sizes=\"(max-width: 750px) 100vw, 750px\" \/><p id=\"caption-attachment-12672\" class=\"wp-caption-text\">Government Furniture File Cabinets06<\/p><\/div>\n<p>&nbsp;<\/p>","protected":false},"excerpt":{"rendered":"<p>Royalpride &#8211; A Global Government Furniture Brand The total production area of the Royalpride factory reaches 100,000 square meters, with<\/p>","protected":false},"featured_media":12673,"comment_status":"open","ping_status":"closed","template":"","meta":{"_monsterinsights_skip_tracking":false,"_monsterinsights_sitenote_active":false,"_monsterinsights_sitenote_note":"","_monsterinsights_sitenote_category":0},"product_brand":[],"product_cat":[97,89,74,75],"product_tag":[189,188,190],"class_list":{"0":"post-12666","1":"product","2":"type-product","3":"status-publish","4":"has-post-thumbnail","6":"product_cat-cabinet-class","7":"product_cat-filing-cabinet","8":"product_cat-govt-furniture-2","9":"product_cat-office-furniyture","10":"product_tag-file-cabinets","11":"product_tag-government-furniture-file-cabinets0","12":"product_tag-office-furniture-file-cabinet","14":"first","15":"instock","16":"shipping-taxable","17":"product-type-simple"},"yoast_head":"<!-- This site is optimized with the Yoast SEO Premium plugin v23.9 (Yoast SEO v25.1) - https:\/\/yoast.com\/wordpress\/plugins\/seo\/ -->\n<title>Government Furniture File Cabinets - ROYAL PRIDE Furniture Co., Ltd. Global Government Furniture Manufacturing<\/title>\n<meta name=\"description\" content=\"Royalpride - A Global Government Furniture BrandThe total production area of the Royalpride factory reaches 100,000 square meters, with an annual production capacity of 1 million pieces. It has more than 2,000 partners all over the world and boasts a powerful international technical team.The factory is located in Foshan, Guangdong, which is the largest furniture manufacturing center in the world. It is a large modern manufacturing enterprise for government furniture integrating research and development, production, and sales. It is committed to creating environmentally friendly and high-quality government furniture products.\" \/>\n<meta name=\"robots\" content=\"index, follow, max-snippet:-1, max-image-preview:large, max-video-preview:-1\" \/>\n<link rel=\"canonical\" href=\"https:\/\/govtfurniture.com\/es_mx\/\u043f\u0440\u043e\u0434\u0443\u043a\u0442\/government-furniture-file-cabinets\/\" \/>\n<meta property=\"og:locale\" content=\"es_MX\" \/>\n<meta property=\"og:type\" content=\"article\" \/>\n<meta property=\"og:title\" content=\"Government Furniture File Cabinets\" \/>\n<meta property=\"og:description\" content=\"Royalpride - A Global Government Furniture BrandThe total production area of the Royalpride factory reaches 100,000 square meters, with an annual production capacity of 1 million pieces. It has more than 2,000 partners all over the world and boasts a powerful international technical team.The factory is located in Foshan, Guangdong, which is the largest furniture manufacturing center in the world. It is a large modern manufacturing enterprise for government furniture integrating research and development, production, and sales. It is committed to creating environmentally friendly and high-quality government furniture products.\" \/>\n<meta property=\"og:url\" content=\"https:\/\/govtfurniture.com\/es_mx\/\u043f\u0440\u043e\u0434\u0443\u043a\u0442\/government-furniture-file-cabinets\/\" \/>\n<meta property=\"og:site_name\" content=\"ROYAL PRIDE Furniture Co., Ltd. Global Government Furniture Manufacturing\" \/>\n<meta property=\"article:publisher\" content=\"https:\/\/www.facebook.com\/profile.php?id=61560913657184\" \/>\n<meta property=\"article:modified_time\" content=\"2024-12-07T07:01:57+00:00\" \/>\n<meta property=\"og:image\" content=\"https:\/\/govtfurniture.com\/wp-content\/uploads\/2024\/12\/Government-Furniture-File-Cabinets07.jpg\" \/>\n\t<meta property=\"og:image:width\" content=\"750\" \/>\n\t<meta property=\"og:image:height\" content=\"676\" \/>\n\t<meta property=\"og:image:type\" content=\"image\/jpeg\" \/>\n<meta name=\"twitter:card\" content=\"summary_large_image\" \/>\n<meta name=\"twitter:site\" content=\"@huangpai688\" \/>\n<meta name=\"twitter:label1\" content=\"Tiempo de lectura\" \/>\n\t<meta name=\"twitter:data1\" content=\"2 minutos\" \/>\n<script type=\"application\/ld+json\" class=\"yoast-schema-graph\">{\"@context\":\"https:\/\/schema.org\",\"@graph\":[{\"@type\":\"WebPage\",\"@id\":\"https:\/\/govtfurniture.com\/bg\/\u043f\u0440\u043e\u0434\u0443\u043a\u0442\/government-furniture-file-cabinets\/\",\"url\":\"https:\/\/govtfurniture.com\/bg\/\u043f\u0440\u043e\u0434\u0443\u043a\u0442\/government-furniture-file-cabinets\/\",\"name\":\"Government Furniture File Cabinets - ROYAL PRIDE Furniture Co., Ltd. Global Government Furniture Manufacturing\",\"isPartOf\":{\"@id\":\"https:\/\/govtfurniture.com\/pt\/#website\"},\"primaryImageOfPage\":{\"@id\":\"https:\/\/govtfurniture.com\/bg\/\u043f\u0440\u043e\u0434\u0443\u043a\u0442\/government-furniture-file-cabinets\/#primaryimage\"},\"image\":{\"@id\":\"https:\/\/govtfurniture.com\/bg\/\u043f\u0440\u043e\u0434\u0443\u043a\u0442\/government-furniture-file-cabinets\/#primaryimage\"},\"thumbnailUrl\":\"https:\/\/govtfurniture.com\/wp-content\/uploads\/2024\/12\/Government-Furniture-File-Cabinets07.jpg\",\"datePublished\":\"2024-12-06T08:23:27+00:00\",\"dateModified\":\"2024-12-07T07:01:57+00:00\",\"description\":\"Royalpride - A Global Government Furniture BrandThe total production area of the Royalpride factory reaches 100,000 square meters, with an annual production capacity of 1 million pieces. It has more than 2,000 partners all over the world and boasts a powerful international technical team.The factory is located in Foshan, Guangdong, which is the largest furniture manufacturing center in the world. It is a large modern manufacturing enterprise for government furniture integrating research and development, production, and sales. It is committed to creating environmentally friendly and high-quality government furniture products.\",\"breadcrumb\":{\"@id\":\"https:\/\/govtfurniture.com\/bg\/\u043f\u0440\u043e\u0434\u0443\u043a\u0442\/government-furniture-file-cabinets\/#breadcrumb\"},\"inLanguage\":\"es\",\"potentialAction\":[{\"@type\":\"ReadAction\",\"target\":[\"https:\/\/govtfurniture.com\/bg\/\u043f\u0440\u043e\u0434\u0443\u043a\u0442\/government-furniture-file-cabinets\/\"]}]},{\"@type\":\"ImageObject\",\"inLanguage\":\"es\",\"@id\":\"https:\/\/govtfurniture.com\/bg\/\u043f\u0440\u043e\u0434\u0443\u043a\u0442\/government-furniture-file-cabinets\/#primaryimage\",\"url\":\"https:\/\/govtfurniture.com\/wp-content\/uploads\/2024\/12\/Government-Furniture-File-Cabinets07.jpg\",\"contentUrl\":\"https:\/\/govtfurniture.com\/wp-content\/uploads\/2024\/12\/Government-Furniture-File-Cabinets07.jpg\",\"width\":750,\"height\":676,\"caption\":\"Government Furniture File Cabinets07\"},{\"@type\":\"BreadcrumbList\",\"@id\":\"https:\/\/govtfurniture.com\/bg\/\u043f\u0440\u043e\u0434\u0443\u043a\u0442\/government-furniture-file-cabinets\/#breadcrumb\",\"itemListElement\":[{\"@type\":\"ListItem\",\"position\":1,\"name\":\"\u9996\u9875\",\"item\":\"https:\/\/govtfurniture.com\/\"},{\"@type\":\"ListItem\",\"position\":2,\"name\":\"Product\",\"item\":\"https:\/\/govtfurniture.com\/shop\/\"},{\"@type\":\"ListItem\",\"position\":3,\"name\":\"Government Furniture File Cabinets\"}]},{\"@type\":\"WebSite\",\"@id\":\"https:\/\/govtfurniture.com\/pt\/#website\",\"url\":\"https:\/\/govtfurniture.com\/pt\/\",\"name\":\"ROYAL PRIDE Furniture Co., Ltd.\",\"description\":\"Government furniture customization Creating environmentally friendly, healthy and comfortable furniture products\",\"publisher\":{\"@id\":\"https:\/\/govtfurniture.com\/pt\/#organization\"},\"alternateName\":\"huangpai Furniture\",\"potentialAction\":[{\"@type\":\"SearchAction\",\"target\":{\"@type\":\"EntryPoint\",\"urlTemplate\":\"https:\/\/govtfurniture.com\/pt\/?s={search_term_string}\"},\"query-input\":{\"@type\":\"PropertyValueSpecification\",\"valueRequired\":true,\"valueName\":\"search_term_string\"}}],\"inLanguage\":\"es\"},{\"@type\":\"Organization\",\"@id\":\"https:\/\/govtfurniture.com\/pt\/#organization\",\"name\":\"ROYAL PRIDE Furniture Co., Ltd.\",\"url\":\"https:\/\/govtfurniture.com\/pt\/\",\"logo\":{\"@type\":\"ImageObject\",\"inLanguage\":\"es\",\"@id\":\"https:\/\/govtfurniture.com\/pt\/#\/schema\/logo\/image\/\",\"url\":\"https:\/\/govtfurniture.com\/wp-content\/uploads\/2024\/07\/logo3.jpg\",\"contentUrl\":\"https:\/\/govtfurniture.com\/wp-content\/uploads\/2024\/07\/logo3.jpg\",\"width\":512,\"height\":512,\"caption\":\"ROYAL PRIDE Furniture Co., Ltd.\"},\"image\":{\"@id\":\"https:\/\/govtfurniture.com\/pt\/#\/schema\/logo\/image\/\"},\"sameAs\":[\"https:\/\/www.facebook.com\/profile.php?id=61560913657184\",\"https:\/\/x.com\/huangpai688\",\"https:\/\/www.youtube.com\/@RoyalPrideFurniture\",\"https:\/\/www.pinterest.com\/pin\/890235051338475626\/\",\"https:\/\/www.tiktok.com\/@ryalprideofficefurniture\"]}]}<\/script>\n<!-- \/ Yoast SEO Premium plugin. -->","yoast_head_json":{"title":"Government Furniture File Cabinets - ROYAL PRIDE Furniture Co., Ltd. Global Government Furniture Manufacturing","description":"Royalpride - A Global Government Furniture BrandThe total production area of the Royalpride factory reaches 100,000 square meters, with an annual production capacity of 1 million pieces. It has more than 2,000 partners all over the world and boasts a powerful international technical team.The factory is located in Foshan, Guangdong, which is the largest furniture manufacturing center in the world. It is a large modern manufacturing enterprise for government furniture integrating research and development, production, and sales. It is committed to creating environmentally friendly and high-quality government furniture products.","robots":{"index":"index","follow":"follow","max-snippet":"max-snippet:-1","max-image-preview":"max-image-preview:large","max-video-preview":"max-video-preview:-1"},"canonical":"https:\/\/govtfurniture.com\/es_mx\/\u043f\u0440\u043e\u0434\u0443\u043a\u0442\/government-furniture-file-cabinets\/","og_locale":"es_MX","og_type":"article","og_title":"Government Furniture File Cabinets","og_description":"Royalpride - A Global Government Furniture BrandThe total production area of the Royalpride factory reaches 100,000 square meters, with an annual production capacity of 1 million pieces. It has more than 2,000 partners all over the world and boasts a powerful international technical team.The factory is located in Foshan, Guangdong, which is the largest furniture manufacturing center in the world. It is a large modern manufacturing enterprise for government furniture integrating research and development, production, and sales. It is committed to creating environmentally friendly and high-quality government furniture products.","og_url":"https:\/\/govtfurniture.com\/es_mx\/\u043f\u0440\u043e\u0434\u0443\u043a\u0442\/government-furniture-file-cabinets\/","og_site_name":"ROYAL PRIDE Furniture Co., Ltd. Global Government Furniture Manufacturing","article_publisher":"https:\/\/www.facebook.com\/profile.php?id=61560913657184","article_modified_time":"2024-12-07T07:01:57+00:00","og_image":[{"width":750,"height":676,"url":"https:\/\/govtfurniture.com\/wp-content\/uploads\/2024\/12\/Government-Furniture-File-Cabinets07.jpg","type":"image\/jpeg"}],"twitter_card":"summary_large_image","twitter_site":"@huangpai688","twitter_misc":{"Tiempo de lectura":"2 minutos"},"schema":{"@context":"https:\/\/schema.org","@graph":[{"@type":"WebPage","@id":"https:\/\/govtfurniture.com\/bg\/\u043f\u0440\u043e\u0434\u0443\u043a\u0442\/government-furniture-file-cabinets\/","url":"https:\/\/govtfurniture.com\/bg\/\u043f\u0440\u043e\u0434\u0443\u043a\u0442\/government-furniture-file-cabinets\/","name":"Government Furniture File Cabinets - ROYAL PRIDE Furniture Co., Ltd. Global Government Furniture Manufacturing","isPartOf":{"@id":"https:\/\/govtfurniture.com\/pt\/#website"},"primaryImageOfPage":{"@id":"https:\/\/govtfurniture.com\/bg\/\u043f\u0440\u043e\u0434\u0443\u043a\u0442\/government-furniture-file-cabinets\/#primaryimage"},"image":{"@id":"https:\/\/govtfurniture.com\/bg\/\u043f\u0440\u043e\u0434\u0443\u043a\u0442\/government-furniture-file-cabinets\/#primaryimage"},"thumbnailUrl":"https:\/\/govtfurniture.com\/wp-content\/uploads\/2024\/12\/Government-Furniture-File-Cabinets07.jpg","datePublished":"2024-12-06T08:23:27+00:00","dateModified":"2024-12-07T07:01:57+00:00","description":"Royalpride - A Global Government Furniture BrandThe total production area of the Royalpride factory reaches 100,000 square meters, with an annual production capacity of 1 million pieces. It has more than 2,000 partners all over the world and boasts a powerful international technical team.The factory is located in Foshan, Guangdong, which is the largest furniture manufacturing center in the world. It is a large modern manufacturing enterprise for government furniture integrating research and development, production, and sales. It is committed to creating environmentally friendly and high-quality government furniture products.","breadcrumb":{"@id":"https:\/\/govtfurniture.com\/bg\/\u043f\u0440\u043e\u0434\u0443\u043a\u0442\/government-furniture-file-cabinets\/#breadcrumb"},"inLanguage":"es","potentialAction":[{"@type":"ReadAction","target":["https:\/\/govtfurniture.com\/bg\/\u043f\u0440\u043e\u0434\u0443\u043a\u0442\/government-furniture-file-cabinets\/"]}]},{"@type":"ImageObject","inLanguage":"es","@id":"https:\/\/govtfurniture.com\/bg\/\u043f\u0440\u043e\u0434\u0443\u043a\u0442\/government-furniture-file-cabinets\/#primaryimage","url":"https:\/\/govtfurniture.com\/wp-content\/uploads\/2024\/12\/Government-Furniture-File-Cabinets07.jpg","contentUrl":"https:\/\/govtfurniture.com\/wp-content\/uploads\/2024\/12\/Government-Furniture-File-Cabinets07.jpg","width":750,"height":676,"caption":"Government Furniture File Cabinets07"},{"@type":"BreadcrumbList","@id":"https:\/\/govtfurniture.com\/bg\/\u043f\u0440\u043e\u0434\u0443\u043a\u0442\/government-furniture-file-cabinets\/#breadcrumb","itemListElement":[{"@type":"ListItem","position":1,"name":"\u9996\u9875","item":"https:\/\/govtfurniture.com\/"},{"@type":"ListItem","position":2,"name":"Product","item":"https:\/\/govtfurniture.com\/shop\/"},{"@type":"ListItem","position":3,"name":"Government Furniture File Cabinets"}]},{"@type":"WebSite","@id":"https:\/\/govtfurniture.com\/pt\/#website","url":"https:\/\/govtfurniture.com\/pt\/","name":"ROYAL PRIDE Furniture Co., Ltd.","description":"Government furniture customization Creating environmentally friendly, healthy and comfortable furniture products","publisher":{"@id":"https:\/\/govtfurniture.com\/pt\/#organization"},"alternateName":"huangpai Furniture","potentialAction":[{"@type":"SearchAction","target":{"@type":"EntryPoint","urlTemplate":"https:\/\/govtfurniture.com\/pt\/?s={search_term_string}"},"query-input":{"@type":"PropertyValueSpecification","valueRequired":true,"valueName":"search_term_string"}}],"inLanguage":"es"},{"@type":"Organization","@id":"https:\/\/govtfurniture.com\/pt\/#organization","name":"ROYAL PRIDE Furniture Co., Ltd.","url":"https:\/\/govtfurniture.com\/pt\/","logo":{"@type":"ImageObject","inLanguage":"es","@id":"https:\/\/govtfurniture.com\/pt\/#\/schema\/logo\/image\/","url":"https:\/\/govtfurniture.com\/wp-content\/uploads\/2024\/07\/logo3.jpg","contentUrl":"https:\/\/govtfurniture.com\/wp-content\/uploads\/2024\/07\/logo3.jpg","width":512,"height":512,"caption":"ROYAL PRIDE Furniture Co., Ltd."},"image":{"@id":"https:\/\/govtfurniture.com\/pt\/#\/schema\/logo\/image\/"},"sameAs":["https:\/\/www.facebook.com\/profile.php?id=61560913657184","https:\/\/x.com\/huangpai688","https:\/\/www.youtube.com\/@RoyalPrideFurniture","https:\/\/www.pinterest.com\/pin\/890235051338475626\/","https:\/\/www.tiktok.com\/@ryalprideofficefurniture"]}]}},"_links":{"self":[{"href":"https:\/\/govtfurniture.com\/es_mx\/wp-json\/wp\/v2\/product\/12666","targetHints":{"allow":["GET"]}}],"collection":[{"href":"https:\/\/govtfurniture.com\/es_mx\/wp-json\/wp\/v2\/product"}],"about":[{"href":"https:\/\/govtfurniture.com\/es_mx\/wp-json\/wp\/v2\/types\/product"}],"replies":[{"embeddable":true,"href":"https:\/\/govtfurniture.com\/es_mx\/wp-json\/wp\/v2\/comments?post=12666"}],"version-history":[{"count":1,"href":"https:\/\/govtfurniture.com\/es_mx\/wp-json\/wp\/v2\/product\/12666\/revisions"}],"predecessor-version":[{"id":12679,"href":"https:\/\/govtfurniture.com\/es_mx\/wp-json\/wp\/v2\/product\/12666\/revisions\/12679"}],"wp:featuredmedia":[{"embeddable":true,"href":"https:\/\/govtfurniture.com\/es_mx\/wp-json\/wp\/v2\/media\/12673"}],"wp:attachment":[{"href":"https:\/\/govtfurniture.com\/es_mx\/wp-json\/wp\/v2\/media?parent=12666"}],"wp:term":[{"taxonomy":"product_brand","embeddable":true,"href":"https:\/\/govtfurniture.com\/es_mx\/wp-json\/wp\/v2\/product_brand?post=12666"},{"taxonomy":"product_cat","embeddable":true,"href":"https:\/\/govtfurniture.com\/es_mx\/wp-json\/wp\/v2\/product_cat?post=12666"},{"taxonomy":"product_tag","embeddable":true,"href":"https:\/\/govtfurniture.com\/es_mx\/wp-json\/wp\/v2\/product_tag?post=12666"}],"curies":[{"name":"wp","href":"https:\/\/api.w.org\/{rel}","templated":true}]}}