{"id":9789,"date":"2024-07-02T17:33:19","date_gmt":"2024-07-02T09:33:19","guid":{"rendered":"http:\/\/govtfurniture.com\/?post_type=product&#038;p=9789"},"modified":"2024-07-16T18:38:05","modified_gmt":"2024-07-16T10:38:05","slug":"gzz008","status":"publish","type":"product","link":"https:\/\/govtfurniture.com\/es_mx\/producto\/gzz008\/","title":{"rendered":"Partici\u00f3n Extensible Ordenador Personal Escritorio Mesa 3 Persona Cub\u00edculo Tri\u00e1ngulo Oficina Cubical Estaci\u00f3n de Trabajo"},"content":{"rendered":"<div data-elementor-type=\"product-post\" data-elementor-id=\"9789\" class=\"elementor elementor-9789\">\n\t\t\t\t\t\t<section class=\"elementor-section elementor-top-section elementor-element elementor-element-6a748d09 elementor-section-boxed elementor-section-height-default elementor-section-height-default wd-section-disabled\" data-id=\"6a748d09\" data-element_type=\"section\">\n\t\t\t\t\t\t<div class=\"elementor-container elementor-column-gap-default\">\n\t\t\t\t\t<div class=\"elementor-column elementor-col-100 elementor-top-column elementor-element elementor-element-2b76b8c2\" data-id=\"2b76b8c2\" data-element_type=\"column\">\n\t\t\t<div class=\"elementor-widget-wrap elementor-element-populated\">\n\t\t\t\t\t\t<section class=\"elementor-section elementor-inner-section elementor-element elementor-element-4a02315d elementor-section-boxed elementor-section-height-default elementor-section-height-default wd-section-disabled\" data-id=\"4a02315d\" data-element_type=\"section\">\n\t\t\t\t\t\t<div class=\"elementor-container elementor-column-gap-default\">\n\t\t\t\t\t<div class=\"elementor-column elementor-col-50 elementor-inner-column elementor-element elementor-element-4aea962d\" data-id=\"4aea962d\" data-element_type=\"column\">\n\t\t\t<div class=\"elementor-widget-wrap elementor-element-populated\">\n\t\t\t\t\t\t<div class=\"elementor-element elementor-element-25c50ec2 elementor-widget elementor-widget-image\" data-id=\"25c50ec2\" data-element_type=\"widget\" data-widget_type=\"image.default\">\n\t\t\t\t\t\t\t\t\t\t\t\t\t\t\t<img fetchpriority=\"high\" decoding=\"async\" width=\"800\" height=\"800\" src=\"https:\/\/govtfurniture.com\/wp-content\/uploads\/2024\/06\/\u5c4f\u98ce64-1.jpg\" class=\"attachment-large size-large wp-image-9646\" alt=\"Mobiliario p\u00fablico de trabajo-escritorios de personal-sillas de oficina\" srcset=\"https:\/\/govtfurniture.com\/wp-content\/uploads\/2024\/06\/\u5c4f\u98ce64-1.jpg 800w, https:\/\/govtfurniture.com\/wp-content\/uploads\/2024\/06\/\u5c4f\u98ce64-1-300x300.jpg 300w, https:\/\/govtfurniture.com\/wp-content\/uploads\/2024\/06\/\u5c4f\u98ce64-1-150x150.jpg 150w, https:\/\/govtfurniture.com\/wp-content\/uploads\/2024\/06\/\u5c4f\u98ce64-1-768x768.jpg 768w, https:\/\/govtfurniture.com\/wp-content\/uploads\/2024\/06\/\u5c4f\u98ce64-1-12x12.jpg 12w, https:\/\/govtfurniture.com\/wp-content\/uploads\/2024\/06\/\u5c4f\u98ce64-1-430x430.jpg 430w, https:\/\/govtfurniture.com\/wp-content\/uploads\/2024\/06\/\u5c4f\u98ce64-1-700x700.jpg 700w\" sizes=\"(max-width: 800px) 100vw, 800px\" \/>\t\t\t\t\t\t\t\t\t\t\t\t\t\t\t<\/div>\n\t\t\t\t\t<\/div>\n\t\t<\/div>\n\t\t\t\t<div class=\"elementor-column elementor-col-50 elementor-inner-column elementor-element elementor-element-333bccd6\" data-id=\"333bccd6\" data-element_type=\"column\">\n\t\t\t<div class=\"elementor-widget-wrap elementor-element-populated\">\n\t\t\t\t\t\t<div class=\"elementor-element elementor-element-188d03b1 elementor-widget elementor-widget-image\" data-id=\"188d03b1\" data-element_type=\"widget\" data-widget_type=\"image.default\">\n\t\t\t\t\t\t\t\t\t\t\t\t\t\t\t<img decoding=\"async\" width=\"800\" height=\"800\" src=\"https:\/\/govtfurniture.com\/wp-content\/uploads\/2024\/06\/\u5c4f\u98ce25-1.jpg\" class=\"attachment-large size-large wp-image-9603\" alt=\"Mobiliario p\u00fablico de trabajo-escritorios de personal-sillas de oficina\" srcset=\"https:\/\/govtfurniture.com\/wp-content\/uploads\/2024\/06\/\u5c4f\u98ce25-1.jpg 800w, https:\/\/govtfurniture.com\/wp-content\/uploads\/2024\/06\/\u5c4f\u98ce25-1-300x300.jpg 300w, https:\/\/govtfurniture.com\/wp-content\/uploads\/2024\/06\/\u5c4f\u98ce25-1-150x150.jpg 150w, https:\/\/govtfurniture.com\/wp-content\/uploads\/2024\/06\/\u5c4f\u98ce25-1-768x768.jpg 768w, https:\/\/govtfurniture.com\/wp-content\/uploads\/2024\/06\/\u5c4f\u98ce25-1-12x12.jpg 12w, https:\/\/govtfurniture.com\/wp-content\/uploads\/2024\/06\/\u5c4f\u98ce25-1-430x430.jpg 430w, https:\/\/govtfurniture.com\/wp-content\/uploads\/2024\/06\/\u5c4f\u98ce25-1-700x700.jpg 700w\" sizes=\"(max-width: 800px) 100vw, 800px\" \/>\t\t\t\t\t\t\t\t\t\t\t\t\t\t\t<\/div>\n\t\t\t\t\t<\/div>\n\t\t<\/div>\n\t\t\t\t\t<\/div>\n\t\t<\/section>\n\t\t\t\t\t<\/div>\n\t\t<\/div>\n\t\t\t\t\t<\/div>\n\t\t<\/section>\n\t\t\t\t<section class=\"elementor-section elementor-top-section elementor-element elementor-element-569a2712 elementor-section-boxed elementor-section-height-default elementor-section-height-default wd-section-disabled\" data-id=\"569a2712\" data-element_type=\"section\">\n\t\t\t\t\t\t<div class=\"elementor-container elementor-column-gap-default\">\n\t\t\t\t\t<div class=\"elementor-column elementor-col-100 elementor-top-column elementor-element elementor-element-5c4aae3f\" data-id=\"5c4aae3f\" data-element_type=\"column\">\n\t\t\t<div class=\"elementor-widget-wrap elementor-element-populated\">\n\t\t\t\t\t\t<section class=\"elementor-section elementor-inner-section elementor-element elementor-element-2a3527c8 elementor-section-boxed elementor-section-height-default elementor-section-height-default wd-section-disabled\" data-id=\"2a3527c8\" data-element_type=\"section\">\n\t\t\t\t\t\t<div class=\"elementor-container elementor-column-gap-default\">\n\t\t\t\t\t<div class=\"elementor-column elementor-col-50 elementor-inner-column elementor-element elementor-element-2b0261a4\" data-id=\"2b0261a4\" data-element_type=\"column\">\n\t\t\t<div class=\"elementor-widget-wrap elementor-element-populated\">\n\t\t\t\t\t\t<div class=\"elementor-element elementor-element-693e733c elementor-widget elementor-widget-image\" data-id=\"693e733c\" data-element_type=\"widget\" data-widget_type=\"image.default\">\n\t\t\t\t\t\t\t\t\t\t\t\t\t\t\t<img decoding=\"async\" width=\"800\" height=\"800\" src=\"https:\/\/govtfurniture.com\/wp-content\/uploads\/2024\/06\/\u5c4f\u98ce9-1.jpg\" class=\"attachment-large size-large wp-image-9674\" alt=\"Mobiliario p\u00fablico de trabajo-escritorios de personal-sillas de oficina\" srcset=\"https:\/\/govtfurniture.com\/wp-content\/uploads\/2024\/06\/\u5c4f\u98ce9-1.jpg 800w, https:\/\/govtfurniture.com\/wp-content\/uploads\/2024\/06\/\u5c4f\u98ce9-1-300x300.jpg 300w, https:\/\/govtfurniture.com\/wp-content\/uploads\/2024\/06\/\u5c4f\u98ce9-1-150x150.jpg 150w, https:\/\/govtfurniture.com\/wp-content\/uploads\/2024\/06\/\u5c4f\u98ce9-1-768x768.jpg 768w, https:\/\/govtfurniture.com\/wp-content\/uploads\/2024\/06\/\u5c4f\u98ce9-1-12x12.jpg 12w, https:\/\/govtfurniture.com\/wp-content\/uploads\/2024\/06\/\u5c4f\u98ce9-1-430x430.jpg 430w, https:\/\/govtfurniture.com\/wp-content\/uploads\/2024\/06\/\u5c4f\u98ce9-1-700x700.jpg 700w\" sizes=\"(max-width: 800px) 100vw, 800px\" \/>\t\t\t\t\t\t\t\t\t\t\t\t\t\t\t<\/div>\n\t\t\t\t\t<\/div>\n\t\t<\/div>\n\t\t\t\t<div class=\"elementor-column elementor-col-50 elementor-inner-column elementor-element elementor-element-2b604f00\" data-id=\"2b604f00\" data-element_type=\"column\">\n\t\t\t<div class=\"elementor-widget-wrap elementor-element-populated\">\n\t\t\t\t\t\t<div class=\"elementor-element elementor-element-4897b0fb elementor-widget elementor-widget-image\" data-id=\"4897b0fb\" data-element_type=\"widget\" data-widget_type=\"image.default\">\n\t\t\t\t\t\t\t\t\t\t\t\t\t\t\t<img loading=\"lazy\" decoding=\"async\" width=\"800\" height=\"800\" src=\"https:\/\/govtfurniture.com\/wp-content\/uploads\/2024\/06\/\u672a\u6807\u9898-10-800x800.jpg\" class=\"attachment-large size-large wp-image-9695\" alt=\"Mobiliario p\u00fablico de trabajo-escritorios de personal-sillas de oficina\" srcset=\"https:\/\/govtfurniture.com\/wp-content\/uploads\/2024\/06\/\u672a\u6807\u9898-10-800x800.jpg 800w, https:\/\/govtfurniture.com\/wp-content\/uploads\/2024\/06\/\u672a\u6807\u9898-10-300x300.jpg 300w, https:\/\/govtfurniture.com\/wp-content\/uploads\/2024\/06\/\u672a\u6807\u9898-10-150x150.jpg 150w, https:\/\/govtfurniture.com\/wp-content\/uploads\/2024\/06\/\u672a\u6807\u9898-10-768x768.jpg 768w, https:\/\/govtfurniture.com\/wp-content\/uploads\/2024\/06\/\u672a\u6807\u9898-10-12x12.jpg 12w, https:\/\/govtfurniture.com\/wp-content\/uploads\/2024\/06\/\u672a\u6807\u9898-10-860x860.jpg 860w, https:\/\/govtfurniture.com\/wp-content\/uploads\/2024\/06\/\u672a\u6807\u9898-10-430x430.jpg 430w, https:\/\/govtfurniture.com\/wp-content\/uploads\/2024\/06\/\u672a\u6807\u9898-10-700x700.jpg 700w, https:\/\/govtfurniture.com\/wp-content\/uploads\/2024\/06\/\u672a\u6807\u9898-10.jpg 1000w\" sizes=\"(max-width: 800px) 100vw, 800px\" \/>\t\t\t\t\t\t\t\t\t\t\t\t\t\t\t<\/div>\n\t\t\t\t\t<\/div>\n\t\t<\/div>\n\t\t\t\t\t<\/div>\n\t\t<\/section>\n\t\t\t\t\t<\/div>\n\t\t<\/div>\n\t\t\t\t\t<\/div>\n\t\t<\/section>\n\t\t\t\t<section class=\"elementor-section elementor-top-section elementor-element elementor-element-aa6f96c elementor-section-boxed elementor-section-height-default elementor-section-height-default wd-section-disabled\" data-id=\"aa6f96c\" data-element_type=\"section\">\n\t\t\t\t\t\t<div class=\"elementor-container elementor-column-gap-default\">\n\t\t\t\t\t<div class=\"elementor-column elementor-col-100 elementor-top-column elementor-element elementor-element-cdd56ec\" data-id=\"cdd56ec\" data-element_type=\"column\">\n\t\t\t<div class=\"elementor-widget-wrap elementor-element-populated\">\n\t\t\t\t\t\t<div class=\"elementor-element elementor-element-0002ecd elementor-widget elementor-widget-wd_text_block\" data-id=\"0002ecd\" data-element_type=\"widget\" data-widget_type=\"wd_text_block.default\">\n\t\t\t\t<div class=\"elementor-widget-container\">\n\t\t\t\t\t\t\t<div class=\"wd-text-block reset-last-child text-left\">\n\t\t\t\n\t\t\t<h1>Las ventajas del sistema de pantallas de oficina: protecci\u00f3n de la informaci\u00f3n del lugar de trabajo, mejora de la concentraci\u00f3n, espacio de privacidad personal y mejora de la eficacia del trabajo.<\/h1>\n\t\t\t\t\t<\/div>\n\t\t\t\t\t\t<\/div>\n\t\t\t\t<\/div>\n\t\t\t\t\t<\/div>\n\t\t<\/div>\n\t\t\t\t\t<\/div>\n\t\t<\/section>\n\t\t\t\t<\/div>","protected":false},"excerpt":{"rendered":"<p>It is usually composed of multiple independent work areas, and each work area is separated by partitions. The height and materials of the partitions are diverse. Some are semi-high glass partitions, and some are full-height panel partitions. Workstations are generally equipped with basic office facilities such as desks, office chairs, drawers and file cabinets. It can create a relatively independent and somewhat private working space for employees, while not affecting necessary communication and collaboration. This design not only meets the needs of individuals for concentration and quietness during work, but also facilitates communication and interaction among team members, making the office space more efficient, orderly and comfortable.<\/p>","protected":false},"featured_media":9543,"comment_status":"open","ping_status":"closed","template":"","meta":{"_monsterinsights_skip_tracking":false,"_monsterinsights_sitenote_active":false,"_monsterinsights_sitenote_note":"","_monsterinsights_sitenote_category":0},"product_brand":[],"product_cat":[132],"product_tag":[122,121],"class_list":{"0":"post-9789","1":"product","2":"type-product","3":"status-publish","4":"has-post-thumbnail","6":"product_cat-office-workstation-office-furniyture","7":"product_tag-122","8":"product_tag-121","10":"first","11":"instock","12":"featured","13":"shipping-taxable","14":"product-type-simple"},"yoast_head":"<!-- This site is optimized with the Yoast SEO Premium plugin v23.9 (Yoast SEO v25.1) - https:\/\/yoast.com\/wordpress\/plugins\/seo\/ -->\n<title>office desks -office workstation-Office Cubical Workstation<\/title>\n<meta name=\"description\" content=\"Our main products include boss desk, office desk, conference table, office sofa, filing cabinet, reception desk, office chair, etc.Support customization\" \/>\n<meta name=\"robots\" content=\"index, follow, max-snippet:-1, max-image-preview:large, max-video-preview:-1\" \/>\n<link rel=\"canonical\" href=\"https:\/\/govtfurniture.com\/es_mx\/\u03c0\u03c1\u03bf\u03ca\u03cc\u03bd\/gzz008\/\" \/>\n<meta property=\"og:locale\" content=\"es_MX\" \/>\n<meta property=\"og:type\" content=\"article\" \/>\n<meta property=\"og:title\" content=\"Extendable Partition Computer Staff Desk Table 3 Person Cubicle Triangle Office Cubical Workstation\" \/>\n<meta property=\"og:description\" content=\"Our main products include boss desk, office desk, conference table, office sofa, filing cabinet, reception desk, office chair, etc.Support customization\" \/>\n<meta property=\"og:url\" content=\"https:\/\/govtfurniture.com\/es_mx\/\u03c0\u03c1\u03bf\u03ca\u03cc\u03bd\/gzz008\/\" \/>\n<meta property=\"og:site_name\" content=\"ROYAL PRIDE Furniture Co., Ltd. Global Government Furniture Manufacturing\" \/>\n<meta property=\"article:publisher\" content=\"https:\/\/www.facebook.com\/profile.php?id=61560913657184\" \/>\n<meta property=\"article:modified_time\" content=\"2024-07-16T10:38:05+00:00\" \/>\n<meta property=\"og:image\" content=\"https:\/\/govtfurniture.com\/wp-content\/uploads\/2024\/06\/\u5c4f\u98ce161-1.jpg\" \/>\n\t<meta property=\"og:image:width\" content=\"800\" \/>\n\t<meta property=\"og:image:height\" content=\"800\" \/>\n\t<meta property=\"og:image:type\" content=\"image\/jpeg\" \/>\n<meta name=\"twitter:card\" content=\"summary_large_image\" \/>\n<meta name=\"twitter:site\" content=\"@huangpai688\" \/>\n<meta name=\"twitter:label1\" content=\"Tiempo de lectura\" \/>\n\t<meta name=\"twitter:data1\" content=\"2 minutos\" \/>\n<script type=\"application\/ld+json\" class=\"yoast-schema-graph\">{\"@context\":\"https:\/\/schema.org\",\"@graph\":[{\"@type\":\"WebPage\",\"@id\":\"https:\/\/govtfurniture.com\/el\/\u03c0\u03c1\u03bf\u03ca\u03cc\u03bd\/gzz008\/\",\"url\":\"https:\/\/govtfurniture.com\/el\/\u03c0\u03c1\u03bf\u03ca\u03cc\u03bd\/gzz008\/\",\"name\":\"office desks -office workstation-Office Cubical Workstation\",\"isPartOf\":{\"@id\":\"https:\/\/govtfurniture.com\/pt\/#website\"},\"primaryImageOfPage\":{\"@id\":\"https:\/\/govtfurniture.com\/el\/\u03c0\u03c1\u03bf\u03ca\u03cc\u03bd\/gzz008\/#primaryimage\"},\"image\":{\"@id\":\"https:\/\/govtfurniture.com\/el\/\u03c0\u03c1\u03bf\u03ca\u03cc\u03bd\/gzz008\/#primaryimage\"},\"thumbnailUrl\":\"https:\/\/govtfurniture.com\/wp-content\/uploads\/2024\/06\/\u5c4f\u98ce161-1.jpg\",\"datePublished\":\"2024-07-02T09:33:19+00:00\",\"dateModified\":\"2024-07-16T10:38:05+00:00\",\"description\":\"Our main products include boss desk, office desk, conference table, office sofa, filing cabinet, reception desk, office chair, etc.Support customization\",\"breadcrumb\":{\"@id\":\"https:\/\/govtfurniture.com\/el\/\u03c0\u03c1\u03bf\u03ca\u03cc\u03bd\/gzz008\/#breadcrumb\"},\"inLanguage\":\"es\",\"potentialAction\":[{\"@type\":\"ReadAction\",\"target\":[\"https:\/\/govtfurniture.com\/el\/\u03c0\u03c1\u03bf\u03ca\u03cc\u03bd\/gzz008\/\"]}]},{\"@type\":\"ImageObject\",\"inLanguage\":\"es\",\"@id\":\"https:\/\/govtfurniture.com\/el\/\u03c0\u03c1\u03bf\u03ca\u03cc\u03bd\/gzz008\/#primaryimage\",\"url\":\"https:\/\/govtfurniture.com\/wp-content\/uploads\/2024\/06\/\u5c4f\u98ce161-1.jpg\",\"contentUrl\":\"https:\/\/govtfurniture.com\/wp-content\/uploads\/2024\/06\/\u5c4f\u98ce161-1.jpg\",\"width\":800,\"height\":800,\"caption\":\"Public work furniture-Staff desks-office chairs\"},{\"@type\":\"BreadcrumbList\",\"@id\":\"https:\/\/govtfurniture.com\/el\/\u03c0\u03c1\u03bf\u03ca\u03cc\u03bd\/gzz008\/#breadcrumb\",\"itemListElement\":[{\"@type\":\"ListItem\",\"position\":1,\"name\":\"\u9996\u9875\",\"item\":\"https:\/\/govtfurniture.com\/\"},{\"@type\":\"ListItem\",\"position\":2,\"name\":\"Product\",\"item\":\"https:\/\/govtfurniture.com\/shop\/\"},{\"@type\":\"ListItem\",\"position\":3,\"name\":\"Extendable Partition Computer Staff Desk Table 3 Person Cubicle Triangle Office Cubical Workstation\"}]},{\"@type\":\"WebSite\",\"@id\":\"https:\/\/govtfurniture.com\/pt\/#website\",\"url\":\"https:\/\/govtfurniture.com\/pt\/\",\"name\":\"ROYAL PRIDE Furniture Co., Ltd.\",\"description\":\"Government furniture customization Creating environmentally friendly, healthy and comfortable furniture products\",\"publisher\":{\"@id\":\"https:\/\/govtfurniture.com\/pt\/#organization\"},\"alternateName\":\"huangpai Furniture\",\"potentialAction\":[{\"@type\":\"SearchAction\",\"target\":{\"@type\":\"EntryPoint\",\"urlTemplate\":\"https:\/\/govtfurniture.com\/pt\/?s={search_term_string}\"},\"query-input\":{\"@type\":\"PropertyValueSpecification\",\"valueRequired\":true,\"valueName\":\"search_term_string\"}}],\"inLanguage\":\"es\"},{\"@type\":\"Organization\",\"@id\":\"https:\/\/govtfurniture.com\/pt\/#organization\",\"name\":\"ROYAL PRIDE Furniture Co., Ltd.\",\"url\":\"https:\/\/govtfurniture.com\/pt\/\",\"logo\":{\"@type\":\"ImageObject\",\"inLanguage\":\"es\",\"@id\":\"https:\/\/govtfurniture.com\/pt\/#\/schema\/logo\/image\/\",\"url\":\"https:\/\/govtfurniture.com\/wp-content\/uploads\/2024\/07\/logo3.jpg\",\"contentUrl\":\"https:\/\/govtfurniture.com\/wp-content\/uploads\/2024\/07\/logo3.jpg\",\"width\":512,\"height\":512,\"caption\":\"ROYAL PRIDE Furniture Co., Ltd.\"},\"image\":{\"@id\":\"https:\/\/govtfurniture.com\/pt\/#\/schema\/logo\/image\/\"},\"sameAs\":[\"https:\/\/www.facebook.com\/profile.php?id=61560913657184\",\"https:\/\/x.com\/huangpai688\",\"https:\/\/www.youtube.com\/@RoyalPrideFurniture\",\"https:\/\/www.pinterest.com\/pin\/890235051338475626\/\",\"https:\/\/www.tiktok.com\/@ryalprideofficefurniture\"]}]}<\/script>\n<!-- \/ Yoast SEO Premium plugin. -->","yoast_head_json":{"title":"office desks -office workstation-Office Cubical Workstation","description":"Our main products include boss desk, office desk, conference table, office sofa, filing cabinet, reception desk, office chair, etc.Support customization","robots":{"index":"index","follow":"follow","max-snippet":"max-snippet:-1","max-image-preview":"max-image-preview:large","max-video-preview":"max-video-preview:-1"},"canonical":"https:\/\/govtfurniture.com\/es_mx\/\u03c0\u03c1\u03bf\u03ca\u03cc\u03bd\/gzz008\/","og_locale":"es_MX","og_type":"article","og_title":"Extendable Partition Computer Staff Desk Table 3 Person Cubicle Triangle Office Cubical Workstation","og_description":"Our main products include boss desk, office desk, conference table, office sofa, filing cabinet, reception desk, office chair, etc.Support customization","og_url":"https:\/\/govtfurniture.com\/es_mx\/\u03c0\u03c1\u03bf\u03ca\u03cc\u03bd\/gzz008\/","og_site_name":"ROYAL PRIDE Furniture Co., Ltd. Global Government Furniture Manufacturing","article_publisher":"https:\/\/www.facebook.com\/profile.php?id=61560913657184","article_modified_time":"2024-07-16T10:38:05+00:00","og_image":[{"width":800,"height":800,"url":"https:\/\/govtfurniture.com\/wp-content\/uploads\/2024\/06\/\u5c4f\u98ce161-1.jpg","type":"image\/jpeg"}],"twitter_card":"summary_large_image","twitter_site":"@huangpai688","twitter_misc":{"Tiempo de lectura":"2 minutos"},"schema":{"@context":"https:\/\/schema.org","@graph":[{"@type":"WebPage","@id":"https:\/\/govtfurniture.com\/el\/\u03c0\u03c1\u03bf\u03ca\u03cc\u03bd\/gzz008\/","url":"https:\/\/govtfurniture.com\/el\/\u03c0\u03c1\u03bf\u03ca\u03cc\u03bd\/gzz008\/","name":"office desks -office workstation-Office Cubical Workstation","isPartOf":{"@id":"https:\/\/govtfurniture.com\/pt\/#website"},"primaryImageOfPage":{"@id":"https:\/\/govtfurniture.com\/el\/\u03c0\u03c1\u03bf\u03ca\u03cc\u03bd\/gzz008\/#primaryimage"},"image":{"@id":"https:\/\/govtfurniture.com\/el\/\u03c0\u03c1\u03bf\u03ca\u03cc\u03bd\/gzz008\/#primaryimage"},"thumbnailUrl":"https:\/\/govtfurniture.com\/wp-content\/uploads\/2024\/06\/\u5c4f\u98ce161-1.jpg","datePublished":"2024-07-02T09:33:19+00:00","dateModified":"2024-07-16T10:38:05+00:00","description":"Our main products include boss desk, office desk, conference table, office sofa, filing cabinet, reception desk, office chair, etc.Support customization","breadcrumb":{"@id":"https:\/\/govtfurniture.com\/el\/\u03c0\u03c1\u03bf\u03ca\u03cc\u03bd\/gzz008\/#breadcrumb"},"inLanguage":"es","potentialAction":[{"@type":"ReadAction","target":["https:\/\/govtfurniture.com\/el\/\u03c0\u03c1\u03bf\u03ca\u03cc\u03bd\/gzz008\/"]}]},{"@type":"ImageObject","inLanguage":"es","@id":"https:\/\/govtfurniture.com\/el\/\u03c0\u03c1\u03bf\u03ca\u03cc\u03bd\/gzz008\/#primaryimage","url":"https:\/\/govtfurniture.com\/wp-content\/uploads\/2024\/06\/\u5c4f\u98ce161-1.jpg","contentUrl":"https:\/\/govtfurniture.com\/wp-content\/uploads\/2024\/06\/\u5c4f\u98ce161-1.jpg","width":800,"height":800,"caption":"Public work furniture-Staff desks-office chairs"},{"@type":"BreadcrumbList","@id":"https:\/\/govtfurniture.com\/el\/\u03c0\u03c1\u03bf\u03ca\u03cc\u03bd\/gzz008\/#breadcrumb","itemListElement":[{"@type":"ListItem","position":1,"name":"\u9996\u9875","item":"https:\/\/govtfurniture.com\/"},{"@type":"ListItem","position":2,"name":"Product","item":"https:\/\/govtfurniture.com\/shop\/"},{"@type":"ListItem","position":3,"name":"Extendable Partition Computer Staff Desk Table 3 Person Cubicle Triangle Office Cubical Workstation"}]},{"@type":"WebSite","@id":"https:\/\/govtfurniture.com\/pt\/#website","url":"https:\/\/govtfurniture.com\/pt\/","name":"ROYAL PRIDE Furniture Co., Ltd.","description":"Government furniture customization Creating environmentally friendly, healthy and comfortable furniture products","publisher":{"@id":"https:\/\/govtfurniture.com\/pt\/#organization"},"alternateName":"huangpai Furniture","potentialAction":[{"@type":"SearchAction","target":{"@type":"EntryPoint","urlTemplate":"https:\/\/govtfurniture.com\/pt\/?s={search_term_string}"},"query-input":{"@type":"PropertyValueSpecification","valueRequired":true,"valueName":"search_term_string"}}],"inLanguage":"es"},{"@type":"Organization","@id":"https:\/\/govtfurniture.com\/pt\/#organization","name":"ROYAL PRIDE Furniture Co., Ltd.","url":"https:\/\/govtfurniture.com\/pt\/","logo":{"@type":"ImageObject","inLanguage":"es","@id":"https:\/\/govtfurniture.com\/pt\/#\/schema\/logo\/image\/","url":"https:\/\/govtfurniture.com\/wp-content\/uploads\/2024\/07\/logo3.jpg","contentUrl":"https:\/\/govtfurniture.com\/wp-content\/uploads\/2024\/07\/logo3.jpg","width":512,"height":512,"caption":"ROYAL PRIDE Furniture Co., Ltd."},"image":{"@id":"https:\/\/govtfurniture.com\/pt\/#\/schema\/logo\/image\/"},"sameAs":["https:\/\/www.facebook.com\/profile.php?id=61560913657184","https:\/\/x.com\/huangpai688","https:\/\/www.youtube.com\/@RoyalPrideFurniture","https:\/\/www.pinterest.com\/pin\/890235051338475626\/","https:\/\/www.tiktok.com\/@ryalprideofficefurniture"]}]}},"_links":{"self":[{"href":"https:\/\/govtfurniture.com\/es_mx\/wp-json\/wp\/v2\/product\/9789","targetHints":{"allow":["GET"]}}],"collection":[{"href":"https:\/\/govtfurniture.com\/es_mx\/wp-json\/wp\/v2\/product"}],"about":[{"href":"https:\/\/govtfurniture.com\/es_mx\/wp-json\/wp\/v2\/types\/product"}],"replies":[{"embeddable":true,"href":"https:\/\/govtfurniture.com\/es_mx\/wp-json\/wp\/v2\/comments?post=9789"}],"version-history":[{"count":6,"href":"https:\/\/govtfurniture.com\/es_mx\/wp-json\/wp\/v2\/product\/9789\/revisions"}],"predecessor-version":[{"id":10610,"href":"https:\/\/govtfurniture.com\/es_mx\/wp-json\/wp\/v2\/product\/9789\/revisions\/10610"}],"wp:featuredmedia":[{"embeddable":true,"href":"https:\/\/govtfurniture.com\/es_mx\/wp-json\/wp\/v2\/media\/9543"}],"wp:attachment":[{"href":"https:\/\/govtfurniture.com\/es_mx\/wp-json\/wp\/v2\/media?parent=9789"}],"wp:term":[{"taxonomy":"product_brand","embeddable":true,"href":"https:\/\/govtfurniture.com\/es_mx\/wp-json\/wp\/v2\/product_brand?post=9789"},{"taxonomy":"product_cat","embeddable":true,"href":"https:\/\/govtfurniture.com\/es_mx\/wp-json\/wp\/v2\/product_cat?post=9789"},{"taxonomy":"product_tag","embeddable":true,"href":"https:\/\/govtfurniture.com\/es_mx\/wp-json\/wp\/v2\/product_tag?post=9789"}],"curies":[{"name":"wp","href":"https:\/\/api.w.org\/{rel}","templated":true}]}}