{"id":8887,"date":"2024-06-26T14:42:20","date_gmt":"2024-06-26T06:42:20","guid":{"rendered":"http:\/\/govtfurniture.com\/?post_type=product&#038;p=8887"},"modified":"2024-07-16T18:07:23","modified_gmt":"2024-07-16T10:07:23","slug":"328","status":"publish","type":"product","link":"https:\/\/govtfurniture.com\/fr\/produit\/328\/","title":{"rendered":"Chaise de bureau moderne et confortable Chaise de bureau ergonomique Chaise de bureau en maille pivotante"},"content":{"rendered":"<div data-elementor-type=\"product-post\" data-elementor-id=\"8887\" class=\"elementor elementor-8887\">\n\t\t\t\t\t\t<section class=\"elementor-section elementor-top-section elementor-element elementor-element-4277cf8 elementor-section-boxed elementor-section-height-default elementor-section-height-default wd-section-disabled\" data-id=\"4277cf8\" data-element_type=\"section\">\n\t\t\t\t\t\t<div class=\"elementor-container elementor-column-gap-default\">\n\t\t\t\t\t<div class=\"elementor-column elementor-col-50 elementor-top-column elementor-element elementor-element-a937d65\" data-id=\"a937d65\" data-element_type=\"column\">\n\t\t\t<div class=\"elementor-widget-wrap elementor-element-populated\">\n\t\t\t\t\t\t<div class=\"elementor-element elementor-element-246ae4c elementor-widget elementor-widget-wd_image_or_svg\" data-id=\"246ae4c\" data-element_type=\"widget\" data-widget_type=\"wd_image_or_svg.default\">\n\t\t\t\t<div class=\"elementor-widget-container\">\n\t\t\t\t\t\n\t\t<div class=\"wd-image text-left\">\n\t\t\t\t\t\t\t\t<img fetchpriority=\"high\" decoding=\"async\" width=\"2560\" height=\"2525\" src=\"https:\/\/govtfurniture.com\/wp-content\/uploads\/2024\/07\/IMG_1168-scaled.jpg\" class=\"attachment-full size-full wp-image-10211\" alt=\"Chaise de bureau\" srcset=\"https:\/\/govtfurniture.com\/wp-content\/uploads\/2024\/07\/IMG_1168-scaled.jpg 2560w, https:\/\/govtfurniture.com\/wp-content\/uploads\/2024\/07\/IMG_1168-304x300.jpg 304w, https:\/\/govtfurniture.com\/wp-content\/uploads\/2024\/07\/IMG_1168-811x800.jpg 811w, https:\/\/govtfurniture.com\/wp-content\/uploads\/2024\/07\/IMG_1168-768x757.jpg 768w, https:\/\/govtfurniture.com\/wp-content\/uploads\/2024\/07\/IMG_1168-1536x1515.jpg 1536w, https:\/\/govtfurniture.com\/wp-content\/uploads\/2024\/07\/IMG_1168-2048x2020.jpg 2048w, https:\/\/govtfurniture.com\/wp-content\/uploads\/2024\/07\/IMG_1168-12x12.jpg 12w, https:\/\/govtfurniture.com\/wp-content\/uploads\/2024\/07\/IMG_1168-860x848.jpg 860w, https:\/\/govtfurniture.com\/wp-content\/uploads\/2024\/07\/IMG_1168-430x424.jpg 430w, https:\/\/govtfurniture.com\/wp-content\/uploads\/2024\/07\/IMG_1168-700x690.jpg 700w, https:\/\/govtfurniture.com\/wp-content\/uploads\/2024\/07\/IMG_1168-150x148.jpg 150w\" sizes=\"(max-width: 2560px) 100vw, 2560px\" \/>\t\t\t\t\t<\/div>\n\n\t\t\t\t\t\t<\/div>\n\t\t\t\t<\/div>\n\t\t\t\t\t<\/div>\n\t\t<\/div>\n\t\t\t\t<div class=\"elementor-column elementor-col-50 elementor-top-column elementor-element elementor-element-cd66676\" data-id=\"cd66676\" data-element_type=\"column\">\n\t\t\t<div class=\"elementor-widget-wrap elementor-element-populated\">\n\t\t\t\t\t\t<div class=\"elementor-element elementor-element-88363c6 elementor-widget elementor-widget-wd_image_or_svg\" data-id=\"88363c6\" data-element_type=\"widget\" data-widget_type=\"wd_image_or_svg.default\">\n\t\t\t\t<div class=\"elementor-widget-container\">\n\t\t\t\t\t\n\t\t<div class=\"wd-image text-left\">\n\t\t\t\t\t\t\t\t<img decoding=\"async\" width=\"2301\" height=\"2560\" src=\"https:\/\/govtfurniture.com\/wp-content\/uploads\/2024\/07\/IMG_1170-scaled.jpg\" class=\"attachment-full size-full wp-image-10209\" alt=\"Chaise de bureau\" srcset=\"https:\/\/govtfurniture.com\/wp-content\/uploads\/2024\/07\/IMG_1170-scaled.jpg 2301w, https:\/\/govtfurniture.com\/wp-content\/uploads\/2024\/07\/IMG_1170-270x300.jpg 270w, https:\/\/govtfurniture.com\/wp-content\/uploads\/2024\/07\/IMG_1170-719x800.jpg 719w, https:\/\/govtfurniture.com\/wp-content\/uploads\/2024\/07\/IMG_1170-768x854.jpg 768w, https:\/\/govtfurniture.com\/wp-content\/uploads\/2024\/07\/IMG_1170-1381x1536.jpg 1381w, https:\/\/govtfurniture.com\/wp-content\/uploads\/2024\/07\/IMG_1170-1841x2048.jpg 1841w, https:\/\/govtfurniture.com\/wp-content\/uploads\/2024\/07\/IMG_1170-11x12.jpg 11w, https:\/\/govtfurniture.com\/wp-content\/uploads\/2024\/07\/IMG_1170-860x957.jpg 860w, https:\/\/govtfurniture.com\/wp-content\/uploads\/2024\/07\/IMG_1170-430x478.jpg 430w, https:\/\/govtfurniture.com\/wp-content\/uploads\/2024\/07\/IMG_1170-700x779.jpg 700w, https:\/\/govtfurniture.com\/wp-content\/uploads\/2024\/07\/IMG_1170-150x167.jpg 150w\" sizes=\"(max-width: 2301px) 100vw, 2301px\" \/>\t\t\t\t\t<\/div>\n\n\t\t\t\t\t\t<\/div>\n\t\t\t\t<\/div>\n\t\t\t\t\t<\/div>\n\t\t<\/div>\n\t\t\t\t\t<\/div>\n\t\t<\/section>\n\t\t\t\t<section class=\"elementor-section elementor-top-section elementor-element elementor-element-1ce38817 elementor-section-content-middle elementor-section-boxed elementor-section-height-default elementor-section-height-default wd-section-disabled\" data-id=\"1ce38817\" data-element_type=\"section\">\n\t\t\t\t\t\t<div class=\"elementor-container elementor-column-gap-default\">\n\t\t\t\t\t<div class=\"elementor-column elementor-col-50 elementor-top-column elementor-element elementor-element-4b9b2f6c\" data-id=\"4b9b2f6c\" data-element_type=\"column\">\n\t\t\t<div class=\"elementor-widget-wrap elementor-element-populated\">\n\t\t\t\t\t\t<div class=\"elementor-element elementor-element-2990787c elementor-widget elementor-widget-wd_3d_view\" data-id=\"2990787c\" data-element_type=\"widget\" data-widget_type=\"wd_3d_view.default\">\n\t\t\t\t<div class=\"elementor-widget-container\">\n\t\t\t\t\t\t\t<div class=\"wd-threed-view\" data-args='{\"frames_count\":10,\"images\":[\"https:\\\/\\\/govtfurniture.com\\\/wp-content\\\/uploads\\\/2024\\\/07\\\/IMG_1161-827x800.jpg\",\"https:\\\/\\\/govtfurniture.com\\\/wp-content\\\/uploads\\\/2024\\\/07\\\/IMG_1162-813x800.jpg\",\"https:\\\/\\\/govtfurniture.com\\\/wp-content\\\/uploads\\\/2024\\\/07\\\/IMG_1163-804x800.jpg\",\"https:\\\/\\\/govtfurniture.com\\\/wp-content\\\/uploads\\\/2024\\\/07\\\/IMG_1164-753x800.jpg\",\"https:\\\/\\\/govtfurniture.com\\\/wp-content\\\/uploads\\\/2024\\\/07\\\/IMG_1165-756x800.jpg\",\"https:\\\/\\\/govtfurniture.com\\\/wp-content\\\/uploads\\\/2024\\\/07\\\/IMG_1167-761x800.jpg\",\"https:\\\/\\\/govtfurniture.com\\\/wp-content\\\/uploads\\\/2024\\\/07\\\/IMG_1168-811x800.jpg\",\"https:\\\/\\\/govtfurniture.com\\\/wp-content\\\/uploads\\\/2024\\\/07\\\/IMG_1169-756x800.jpg\",\"https:\\\/\\\/govtfurniture.com\\\/wp-content\\\/uploads\\\/2024\\\/07\\\/IMG_1170-719x800.jpg\",\"https:\\\/\\\/govtfurniture.com\\\/wp-content\\\/uploads\\\/2024\\\/07\\\/IMG_1166-767x800.jpg\"],\"width\":827,\"height\":800}'>\n\t\t\t<ul class=\"threed-view-images\"><\/ul>\n\t\t\t<div class=\"spinner\">\n\t\t\t\t<span>0%<\/span>\n\t\t\t<\/div>\n\t\t<\/div>\n\t\t\t\t\t\t<\/div>\n\t\t\t\t<\/div>\n\t\t\t\t\t<\/div>\n\t\t<\/div>\n\t\t\t\t<div class=\"elementor-column elementor-col-50 elementor-top-column elementor-element elementor-element-3185c6ff text-center\" data-id=\"3185c6ff\" data-element_type=\"column\">\n\t\t\t<div class=\"elementor-widget-wrap elementor-element-populated\">\n\t\t\t\t\t\t<div class=\"elementor-element elementor-element-90f05fa elementor-widget elementor-widget-wd_title\" data-id=\"90f05fa\" data-element_type=\"widget\" data-widget_type=\"wd_title.default\">\n\t\t\t\t<div class=\"elementor-widget-container\">\n\t\t\t\t\t\t\t<div class=\"title-wrapper set-mb-s reset-last-child wd-title-color-default wd-title-style-default wd-title-size-extra-large text-center\">\n\n\t\t\t\n\t\t\t<div class=\"liner-continer\">\n\t\t\t\t<h4 class=\"woodmart-title-container title wd-fontsize-xxxl\"><\/h4> \n\t\t\t\t\t\t\t<\/div>\n\n\t\t\t\t\t\t\t<div class=\"title-after_title set-cont-mb-s reset-last-child wd-fontsize-s\">\n\t\t\t\t\t<h1>Chaises de bureau de haute qualit\u00e9 pour le personnel<\/h1>\t\t\t\t<\/div>\n\t\t\t\t\t<\/div>\n\t\t\t\t\t\t<\/div>\n\t\t\t\t<\/div>\n\t\t\t\t<div class=\"elementor-element elementor-element-3a77341a elementor-widget__width-auto elementor-widget elementor-widget-wd_button\" data-id=\"3a77341a\" data-element_type=\"widget\" data-widget_type=\"wd_button.default\">\n\t\t\t\t<div class=\"elementor-widget-container\">\n\t\t\t\t\t\t\t<div class=\"wd-button-wrapper text-center\" >\n\t\t\t<a class=\"btn btn-style-default btn-style-rectangle btn-size-default btn-color-black btn-icon-pos-right\"  href=\"#\">\n\t\t\t\t<span class=\"wd-btn-text\" data-elementor-setting-key=\"text\">\n\t\t\t\t\tSHOP NOW\t\t\t\t<\/span>\n\n\t\t\t\t\t\t\t<\/a>\n\t\t<\/div>\n\t\t\t\t\t\t<\/div>\n\t\t\t\t<\/div>\n\t\t\t\t<div class=\"elementor-element elementor-element-0be04f4 elementor-widget elementor-widget-wd_title\" data-id=\"0be04f4\" data-element_type=\"widget\" data-widget_type=\"wd_title.default\">\n\t\t\t\t<div class=\"elementor-widget-container\">\n\t\t\t\t\t\t\t<div class=\"title-wrapper set-mb-s reset-last-child wd-title-color-default wd-title-style-default wd-title-size-extra-large text-center\">\n\n\t\t\t\n\t\t\t<div class=\"liner-continer\">\n\t\t\t\t<h4 class=\"woodmart-title-container title wd-fontsize-xxxl\"><\/h4> \n\t\t\t\t\t\t\t<\/div>\n\n\t\t\t\t\t\t\t<div class=\"title-after_title set-cont-mb-s reset-last-child wd-fontsize-s\">\n\t\t\t\t\t<h4>r\u00e9glage sans souci, soutien de la taille, r\u00e9partition de la pression sur la colonne vert\u00e9brale, cadre dorsal tr\u00e8s dur, inclinaison par gravit\u00e9, ch\u00e2ssis antid\u00e9flagrant \u00e9paissi, double garantie, pieds en nylon \u00e0 cinq \u00e9toiles, stable, respectueux de l'environnement, roues universelles en PU, r\u00e9sistantes \u00e0 l'usure et antid\u00e9rapantes.\u00a0<\/h4>\t\t\t\t<\/div>\n\t\t\t\t\t<\/div>\n\t\t\t\t\t\t<\/div>\n\t\t\t\t<\/div>\n\t\t\t\t<div class=\"elementor-element elementor-element-1713de26 elementor-widget__width-auto elementor-widget elementor-widget-wd_button\" data-id=\"1713de26\" data-element_type=\"widget\" data-widget_type=\"wd_button.default\">\n\t\t\t\t<div class=\"elementor-widget-container\">\n\t\t\t\t\t\t\t<div class=\"wd-button-wrapper text-center\" >\n\t\t\t<a class=\"btn btn-style-bordered btn-style-rectangle btn-size-default btn-color-default btn-icon-pos-right\"  href=\"#\">\n\t\t\t\t<span class=\"wd-btn-text\" data-elementor-setting-key=\"text\">\n\t\t\t\t\tVOIR PLUS\t\t\t\t<\/span>\n\n\t\t\t\t\t\t\t<\/a>\n\t\t<\/div>\n\t\t\t\t\t\t<\/div>\n\t\t\t\t<\/div>\n\t\t\t\t\t<\/div>\n\t\t<\/div>\n\t\t\t\t\t<\/div>\n\t\t<\/section>\n\t\t\t\t<\/div>","protected":false},"excerpt":{"rendered":"<p>0% High-quality staff office chairs\u200b SHOP NOW carefree adjustment, waist support, disperse the pressure on the spine, high-hard back frame,\u00a0<\/p>","protected":false},"featured_media":8890,"comment_status":"open","ping_status":"closed","template":"","meta":{"_monsterinsights_skip_tracking":false,"_monsterinsights_sitenote_active":false,"_monsterinsights_sitenote_note":"","_monsterinsights_sitenote_category":0},"product_brand":[],"product_cat":[123,125],"product_tag":[129],"class_list":{"0":"post-8887","1":"product","2":"type-product","3":"status-publish","4":"has-post-thumbnail","6":"product_cat-office-chair-series","7":"product_cat-staff-chair","8":"product_tag-129","10":"first","11":"instock","12":"sale","13":"featured","14":"shipping-taxable","15":"purchasable","16":"product-type-simple"},"yoast_head":"<!-- This site is optimized with the Yoast SEO Premium plugin v23.9 (Yoast SEO v25.1) - https:\/\/yoast.com\/wordpress\/plugins\/seo\/ -->\n<title>office chairs - Modern comfortable office chair- Staff&#039;s office chair<\/title>\n<meta name=\"description\" content=\"We are a Chinese enterprise engaged in the research, development and production of various office furniture.Reach out to us to learn more\" \/>\n<meta name=\"robots\" content=\"index, follow, max-snippet:-1, max-image-preview:large, max-video-preview:-1\" \/>\n<link rel=\"canonical\" href=\"https:\/\/govtfurniture.com\/fr\/product\/328\/\" \/>\n<meta property=\"og:locale\" content=\"fr_FR\" \/>\n<meta property=\"og:type\" content=\"article\" \/>\n<meta property=\"og:title\" content=\"Modern comfortable office chair ergonomic office chairs swivel mesh office chair\" \/>\n<meta property=\"og:description\" content=\"We are a Chinese enterprise engaged in the research, development and production of various office furniture.Reach out to us to learn more\" \/>\n<meta property=\"og:url\" content=\"https:\/\/govtfurniture.com\/fr\/product\/328\/\" \/>\n<meta property=\"og:site_name\" content=\"ROYAL PRIDE Furniture Co., Ltd. Global Government Furniture Manufacturing\" \/>\n<meta property=\"article:publisher\" content=\"https:\/\/www.facebook.com\/profile.php?id=61560913657184\" \/>\n<meta property=\"article:modified_time\" content=\"2024-07-16T10:07:23+00:00\" \/>\n<meta property=\"og:image\" content=\"https:\/\/govtfurniture.com\/wp-content\/uploads\/2024\/06\/328\u4e3b\u56fe11.jpg\" \/>\n\t<meta property=\"og:image:width\" content=\"800\" \/>\n\t<meta property=\"og:image:height\" content=\"800\" \/>\n\t<meta property=\"og:image:type\" content=\"image\/jpeg\" \/>\n<meta name=\"twitter:card\" content=\"summary_large_image\" \/>\n<meta name=\"twitter:site\" content=\"@huangpai688\" \/>\n<meta name=\"twitter:label1\" content=\"Dur\u00e9e de lecture estim\u00e9e\" \/>\n\t<meta name=\"twitter:data1\" content=\"1 minute\" \/>\n<script type=\"application\/ld+json\" class=\"yoast-schema-graph\">{\"@context\":\"https:\/\/schema.org\",\"@graph\":[{\"@type\":\"WebPage\",\"@id\":\"https:\/\/govtfurniture.com\/az\/product\/328\/\",\"url\":\"https:\/\/govtfurniture.com\/az\/product\/328\/\",\"name\":\"office chairs - Modern comfortable office chair- Staff's office chair\",\"isPartOf\":{\"@id\":\"https:\/\/govtfurniture.com\/pt\/#website\"},\"primaryImageOfPage\":{\"@id\":\"https:\/\/govtfurniture.com\/az\/product\/328\/#primaryimage\"},\"image\":{\"@id\":\"https:\/\/govtfurniture.com\/az\/product\/328\/#primaryimage\"},\"thumbnailUrl\":\"https:\/\/govtfurniture.com\/wp-content\/uploads\/2024\/06\/328\u4e3b\u56fe11.jpg\",\"datePublished\":\"2024-06-26T06:42:20+00:00\",\"dateModified\":\"2024-07-16T10:07:23+00:00\",\"description\":\"We are a Chinese enterprise engaged in the research, development and production of various office furniture.Reach out to us to learn more\",\"breadcrumb\":{\"@id\":\"https:\/\/govtfurniture.com\/az\/product\/328\/#breadcrumb\"},\"inLanguage\":\"fr-FR\",\"potentialAction\":[{\"@type\":\"ReadAction\",\"target\":[\"https:\/\/govtfurniture.com\/az\/product\/328\/\"]}]},{\"@type\":\"ImageObject\",\"inLanguage\":\"fr-FR\",\"@id\":\"https:\/\/govtfurniture.com\/az\/product\/328\/#primaryimage\",\"url\":\"https:\/\/govtfurniture.com\/wp-content\/uploads\/2024\/06\/328\u4e3b\u56fe11.jpg\",\"contentUrl\":\"https:\/\/govtfurniture.com\/wp-content\/uploads\/2024\/06\/328\u4e3b\u56fe11.jpg\",\"width\":800,\"height\":800,\"caption\":\"Office Chair,Ergonomic Chair,Mesh Chair\"},{\"@type\":\"BreadcrumbList\",\"@id\":\"https:\/\/govtfurniture.com\/az\/product\/328\/#breadcrumb\",\"itemListElement\":[{\"@type\":\"ListItem\",\"position\":1,\"name\":\"\u9996\u9875\",\"item\":\"https:\/\/govtfurniture.com\/\"},{\"@type\":\"ListItem\",\"position\":2,\"name\":\"Product\",\"item\":\"https:\/\/govtfurniture.com\/shop\/\"},{\"@type\":\"ListItem\",\"position\":3,\"name\":\"Modern comfortable office chair ergonomic office chairs swivel mesh office chair\"}]},{\"@type\":\"WebSite\",\"@id\":\"https:\/\/govtfurniture.com\/pt\/#website\",\"url\":\"https:\/\/govtfurniture.com\/pt\/\",\"name\":\"ROYAL PRIDE Furniture Co., Ltd.\",\"description\":\"Government furniture customization Creating environmentally friendly, healthy and comfortable furniture products\",\"publisher\":{\"@id\":\"https:\/\/govtfurniture.com\/pt\/#organization\"},\"alternateName\":\"huangpai Furniture\",\"potentialAction\":[{\"@type\":\"SearchAction\",\"target\":{\"@type\":\"EntryPoint\",\"urlTemplate\":\"https:\/\/govtfurniture.com\/pt\/?s={search_term_string}\"},\"query-input\":{\"@type\":\"PropertyValueSpecification\",\"valueRequired\":true,\"valueName\":\"search_term_string\"}}],\"inLanguage\":\"fr-FR\"},{\"@type\":\"Organization\",\"@id\":\"https:\/\/govtfurniture.com\/pt\/#organization\",\"name\":\"ROYAL PRIDE Furniture Co., Ltd.\",\"url\":\"https:\/\/govtfurniture.com\/pt\/\",\"logo\":{\"@type\":\"ImageObject\",\"inLanguage\":\"fr-FR\",\"@id\":\"https:\/\/govtfurniture.com\/pt\/#\/schema\/logo\/image\/\",\"url\":\"https:\/\/govtfurniture.com\/wp-content\/uploads\/2024\/07\/logo3.jpg\",\"contentUrl\":\"https:\/\/govtfurniture.com\/wp-content\/uploads\/2024\/07\/logo3.jpg\",\"width\":512,\"height\":512,\"caption\":\"ROYAL PRIDE Furniture Co., Ltd.\"},\"image\":{\"@id\":\"https:\/\/govtfurniture.com\/pt\/#\/schema\/logo\/image\/\"},\"sameAs\":[\"https:\/\/www.facebook.com\/profile.php?id=61560913657184\",\"https:\/\/x.com\/huangpai688\",\"https:\/\/www.youtube.com\/@RoyalPrideFurniture\",\"https:\/\/www.pinterest.com\/pin\/890235051338475626\/\",\"https:\/\/www.tiktok.com\/@ryalprideofficefurniture\"]}]}<\/script>\n<!-- \/ Yoast SEO Premium plugin. -->","yoast_head_json":{"title":"office chairs - Modern comfortable office chair- Staff's office chair","description":"We are a Chinese enterprise engaged in the research, development and production of various office furniture.Reach out to us to learn more","robots":{"index":"index","follow":"follow","max-snippet":"max-snippet:-1","max-image-preview":"max-image-preview:large","max-video-preview":"max-video-preview:-1"},"canonical":"https:\/\/govtfurniture.com\/fr\/product\/328\/","og_locale":"fr_FR","og_type":"article","og_title":"Modern comfortable office chair ergonomic office chairs swivel mesh office chair","og_description":"We are a Chinese enterprise engaged in the research, development and production of various office furniture.Reach out to us to learn more","og_url":"https:\/\/govtfurniture.com\/fr\/product\/328\/","og_site_name":"ROYAL PRIDE Furniture Co., Ltd. Global Government Furniture Manufacturing","article_publisher":"https:\/\/www.facebook.com\/profile.php?id=61560913657184","article_modified_time":"2024-07-16T10:07:23+00:00","og_image":[{"width":800,"height":800,"url":"https:\/\/govtfurniture.com\/wp-content\/uploads\/2024\/06\/328\u4e3b\u56fe11.jpg","type":"image\/jpeg"}],"twitter_card":"summary_large_image","twitter_site":"@huangpai688","twitter_misc":{"Dur\u00e9e de lecture estim\u00e9e":"1 minute"},"schema":{"@context":"https:\/\/schema.org","@graph":[{"@type":"WebPage","@id":"https:\/\/govtfurniture.com\/az\/product\/328\/","url":"https:\/\/govtfurniture.com\/az\/product\/328\/","name":"office chairs - Modern comfortable office chair- Staff's office chair","isPartOf":{"@id":"https:\/\/govtfurniture.com\/pt\/#website"},"primaryImageOfPage":{"@id":"https:\/\/govtfurniture.com\/az\/product\/328\/#primaryimage"},"image":{"@id":"https:\/\/govtfurniture.com\/az\/product\/328\/#primaryimage"},"thumbnailUrl":"https:\/\/govtfurniture.com\/wp-content\/uploads\/2024\/06\/328\u4e3b\u56fe11.jpg","datePublished":"2024-06-26T06:42:20+00:00","dateModified":"2024-07-16T10:07:23+00:00","description":"We are a Chinese enterprise engaged in the research, development and production of various office furniture.Reach out to us to learn more","breadcrumb":{"@id":"https:\/\/govtfurniture.com\/az\/product\/328\/#breadcrumb"},"inLanguage":"fr-FR","potentialAction":[{"@type":"ReadAction","target":["https:\/\/govtfurniture.com\/az\/product\/328\/"]}]},{"@type":"ImageObject","inLanguage":"fr-FR","@id":"https:\/\/govtfurniture.com\/az\/product\/328\/#primaryimage","url":"https:\/\/govtfurniture.com\/wp-content\/uploads\/2024\/06\/328\u4e3b\u56fe11.jpg","contentUrl":"https:\/\/govtfurniture.com\/wp-content\/uploads\/2024\/06\/328\u4e3b\u56fe11.jpg","width":800,"height":800,"caption":"Office Chair,Ergonomic Chair,Mesh Chair"},{"@type":"BreadcrumbList","@id":"https:\/\/govtfurniture.com\/az\/product\/328\/#breadcrumb","itemListElement":[{"@type":"ListItem","position":1,"name":"\u9996\u9875","item":"https:\/\/govtfurniture.com\/"},{"@type":"ListItem","position":2,"name":"Product","item":"https:\/\/govtfurniture.com\/shop\/"},{"@type":"ListItem","position":3,"name":"Modern comfortable office chair ergonomic office chairs swivel mesh office chair"}]},{"@type":"WebSite","@id":"https:\/\/govtfurniture.com\/pt\/#website","url":"https:\/\/govtfurniture.com\/pt\/","name":"ROYAL PRIDE Furniture Co., Ltd.","description":"Government furniture customization Creating environmentally friendly, healthy and comfortable furniture products","publisher":{"@id":"https:\/\/govtfurniture.com\/pt\/#organization"},"alternateName":"huangpai Furniture","potentialAction":[{"@type":"SearchAction","target":{"@type":"EntryPoint","urlTemplate":"https:\/\/govtfurniture.com\/pt\/?s={search_term_string}"},"query-input":{"@type":"PropertyValueSpecification","valueRequired":true,"valueName":"search_term_string"}}],"inLanguage":"fr-FR"},{"@type":"Organization","@id":"https:\/\/govtfurniture.com\/pt\/#organization","name":"ROYAL PRIDE Furniture Co., Ltd.","url":"https:\/\/govtfurniture.com\/pt\/","logo":{"@type":"ImageObject","inLanguage":"fr-FR","@id":"https:\/\/govtfurniture.com\/pt\/#\/schema\/logo\/image\/","url":"https:\/\/govtfurniture.com\/wp-content\/uploads\/2024\/07\/logo3.jpg","contentUrl":"https:\/\/govtfurniture.com\/wp-content\/uploads\/2024\/07\/logo3.jpg","width":512,"height":512,"caption":"ROYAL PRIDE Furniture Co., Ltd."},"image":{"@id":"https:\/\/govtfurniture.com\/pt\/#\/schema\/logo\/image\/"},"sameAs":["https:\/\/www.facebook.com\/profile.php?id=61560913657184","https:\/\/x.com\/huangpai688","https:\/\/www.youtube.com\/@RoyalPrideFurniture","https:\/\/www.pinterest.com\/pin\/890235051338475626\/","https:\/\/www.tiktok.com\/@ryalprideofficefurniture"]}]}},"_links":{"self":[{"href":"https:\/\/govtfurniture.com\/fr\/wp-json\/wp\/v2\/product\/8887","targetHints":{"allow":["GET"]}}],"collection":[{"href":"https:\/\/govtfurniture.com\/fr\/wp-json\/wp\/v2\/product"}],"about":[{"href":"https:\/\/govtfurniture.com\/fr\/wp-json\/wp\/v2\/types\/product"}],"replies":[{"embeddable":true,"href":"https:\/\/govtfurniture.com\/fr\/wp-json\/wp\/v2\/comments?post=8887"}],"version-history":[{"count":35,"href":"https:\/\/govtfurniture.com\/fr\/wp-json\/wp\/v2\/product\/8887\/revisions"}],"predecessor-version":[{"id":10580,"href":"https:\/\/govtfurniture.com\/fr\/wp-json\/wp\/v2\/product\/8887\/revisions\/10580"}],"wp:featuredmedia":[{"embeddable":true,"href":"https:\/\/govtfurniture.com\/fr\/wp-json\/wp\/v2\/media\/8890"}],"wp:attachment":[{"href":"https:\/\/govtfurniture.com\/fr\/wp-json\/wp\/v2\/media?parent=8887"}],"wp:term":[{"taxonomy":"product_brand","embeddable":true,"href":"https:\/\/govtfurniture.com\/fr\/wp-json\/wp\/v2\/product_brand?post=8887"},{"taxonomy":"product_cat","embeddable":true,"href":"https:\/\/govtfurniture.com\/fr\/wp-json\/wp\/v2\/product_cat?post=8887"},{"taxonomy":"product_tag","embeddable":true,"href":"https:\/\/govtfurniture.com\/fr\/wp-json\/wp\/v2\/product_tag?post=8887"}],"curies":[{"name":"wp","href":"https:\/\/api.w.org\/{rel}","templated":true}]}}