{"id":9916,"date":"2024-07-03T16:40:33","date_gmt":"2024-07-03T08:40:33","guid":{"rendered":"http:\/\/govtfurniture.com\/?post_type=product&#038;p=9916"},"modified":"2024-07-17T15:20:31","modified_gmt":"2024-07-17T07:20:31","slug":"159","status":"publish","type":"product","link":"https:\/\/govtfurniture.com\/fr\/produit\/159\/","title":{"rendered":"chaise ergonomique de conf\u00e9rence, de jeu, d'ordinateur, de patron, de bureau de direction, en maille"},"content":{"rendered":"<div data-elementor-type=\"product-post\" data-elementor-id=\"9916\" class=\"elementor elementor-9916\">\n\t\t\t\t\t\t<section class=\"elementor-section elementor-top-section elementor-element elementor-element-c405384 elementor-section-boxed elementor-section-height-default elementor-section-height-default wd-section-disabled\" data-id=\"c405384\" data-element_type=\"section\">\n\t\t\t\t\t\t<div class=\"elementor-container elementor-column-gap-default\">\n\t\t\t\t\t<div class=\"elementor-column elementor-col-100 elementor-top-column elementor-element elementor-element-f789641\" data-id=\"f789641\" data-element_type=\"column\">\n\t\t\t<div class=\"elementor-widget-wrap elementor-element-populated\">\n\t\t\t\t\t\t<div class=\"elementor-element elementor-element-2802df6 elementor-widget elementor-widget-wd_text_block\" data-id=\"2802df6\" data-element_type=\"widget\" data-widget_type=\"wd_text_block.default\">\n\t\t\t\t<div class=\"elementor-widget-container\">\n\t\t\t\t\t\t\t<div class=\"wd-text-block reset-last-child text-left\">\n\t\t\t\n\t\t\t<h1>\u00a0La chaise s'adapte \u00e0 l'harmonie de votre corps gr\u00e2ce \u00e0 9 points de r\u00e9glage, prenant en charge les trois principaux modes d'assise.<\/h1>\n\t\t\t\t\t<\/div>\n\t\t\t\t\t\t<\/div>\n\t\t\t\t<\/div>\n\t\t\t\t\t<\/div>\n\t\t<\/div>\n\t\t\t\t\t<\/div>\n\t\t<\/section>\n\t\t\t\t<\/div>","protected":false},"excerpt":{"rendered":"<p>\u00a0La chaise s'adapte \u00e0 l'harmonie de votre corps gr\u00e2ce \u00e0 9 points de r\u00e9glage, prenant en charge les trois principaux modes d'assise.<\/p>","protected":false},"featured_media":10008,"comment_status":"open","ping_status":"closed","template":"","meta":{"_monsterinsights_skip_tracking":false,"_monsterinsights_sitenote_active":false,"_monsterinsights_sitenote_note":"","_monsterinsights_sitenote_category":0},"product_brand":[],"product_cat":[124,123],"product_tag":[],"class_list":{"0":"post-9916","1":"product","2":"type-product","3":"status-publish","4":"has-post-thumbnail","6":"product_cat-ergonomic-chair","7":"product_cat-office-chair-series","9":"first","10":"instock","11":"sale","12":"featured","13":"shipping-taxable","14":"purchasable","15":"product-type-simple"},"yoast_head":"<!-- This site is optimized with the Yoast SEO Premium plugin v23.9 (Yoast SEO v25.1) - https:\/\/yoast.com\/wordpress\/plugins\/seo\/ -->\n<title>office ergonomic chair - boss executive chair factory-<\/title>\n<meta name=\"description\" content=\"Our main products include boss desk, office desk, conference table, office sofa, filing cabinet, reception desk, office chair, office cubical screen\uff0cetc.\" \/>\n<meta name=\"robots\" content=\"index, follow, max-snippet:-1, max-image-preview:large, max-video-preview:-1\" \/>\n<link rel=\"canonical\" href=\"https:\/\/govtfurniture.com\/fr\/produkt\/159\/\" \/>\n<meta property=\"og:locale\" content=\"fr_FR\" \/>\n<meta property=\"og:type\" content=\"article\" \/>\n<meta property=\"og:title\" content=\"mesh conference gaming task computer boss executive office ergonomic chair\" \/>\n<meta property=\"og:description\" content=\"Our main products include boss desk, office desk, conference table, office sofa, filing cabinet, reception desk, office chair, office cubical screen\uff0cetc.\" \/>\n<meta property=\"og:url\" content=\"https:\/\/govtfurniture.com\/fr\/produkt\/159\/\" \/>\n<meta property=\"og:site_name\" content=\"ROYAL PRIDE Furniture Co., Ltd. Global Government Furniture Manufacturing\" \/>\n<meta property=\"article:publisher\" content=\"https:\/\/www.facebook.com\/profile.php?id=61560913657184\" \/>\n<meta property=\"article:modified_time\" content=\"2024-07-17T07:20:31+00:00\" \/>\n<meta property=\"og:image\" content=\"https:\/\/govtfurniture.com\/wp-content\/uploads\/2024\/07\/SJA159-KT\u7c89\u8272\u4fa7\u8eba-scaled.jpg\" \/>\n\t<meta property=\"og:image:width\" content=\"2560\" \/>\n\t<meta property=\"og:image:height\" content=\"2560\" \/>\n\t<meta property=\"og:image:type\" content=\"image\/jpeg\" \/>\n<meta name=\"twitter:card\" content=\"summary_large_image\" \/>\n<meta name=\"twitter:site\" content=\"@huangpai688\" \/>\n<meta name=\"twitter:label1\" content=\"Dur\u00e9e de lecture estim\u00e9e\" \/>\n\t<meta name=\"twitter:data1\" content=\"1 minute\" \/>\n<script type=\"application\/ld+json\" class=\"yoast-schema-graph\">{\"@context\":\"https:\/\/schema.org\",\"@graph\":[{\"@type\":\"WebPage\",\"@id\":\"https:\/\/govtfurniture.com\/cs\/produkt\/159\/\",\"url\":\"https:\/\/govtfurniture.com\/cs\/produkt\/159\/\",\"name\":\"office ergonomic chair - boss executive chair factory-\",\"isPartOf\":{\"@id\":\"https:\/\/govtfurniture.com\/pt\/#website\"},\"primaryImageOfPage\":{\"@id\":\"https:\/\/govtfurniture.com\/cs\/produkt\/159\/#primaryimage\"},\"image\":{\"@id\":\"https:\/\/govtfurniture.com\/cs\/produkt\/159\/#primaryimage\"},\"thumbnailUrl\":\"https:\/\/govtfurniture.com\/wp-content\/uploads\/2024\/07\/SJA159-KT\u7c89\u8272\u4fa7\u8eba-scaled.jpg\",\"datePublished\":\"2024-07-03T08:40:33+00:00\",\"dateModified\":\"2024-07-17T07:20:31+00:00\",\"description\":\"Our main products include boss desk, office desk, conference table, office sofa, filing cabinet, reception desk, office chair, office cubical screen\uff0cetc.\",\"breadcrumb\":{\"@id\":\"https:\/\/govtfurniture.com\/cs\/produkt\/159\/#breadcrumb\"},\"inLanguage\":\"fr-FR\",\"potentialAction\":[{\"@type\":\"ReadAction\",\"target\":[\"https:\/\/govtfurniture.com\/cs\/produkt\/159\/\"]}]},{\"@type\":\"ImageObject\",\"inLanguage\":\"fr-FR\",\"@id\":\"https:\/\/govtfurniture.com\/cs\/produkt\/159\/#primaryimage\",\"url\":\"https:\/\/govtfurniture.com\/wp-content\/uploads\/2024\/07\/SJA159-KT\u7c89\u8272\u4fa7\u8eba-scaled.jpg\",\"contentUrl\":\"https:\/\/govtfurniture.com\/wp-content\/uploads\/2024\/07\/SJA159-KT\u7c89\u8272\u4fa7\u8eba-scaled.jpg\",\"width\":2560,\"height\":2560,\"caption\":\"Office Chair,Ergonomic Chair,Mesh Chair\"},{\"@type\":\"BreadcrumbList\",\"@id\":\"https:\/\/govtfurniture.com\/cs\/produkt\/159\/#breadcrumb\",\"itemListElement\":[{\"@type\":\"ListItem\",\"position\":1,\"name\":\"\u9996\u9875\",\"item\":\"https:\/\/govtfurniture.com\/\"},{\"@type\":\"ListItem\",\"position\":2,\"name\":\"Product\",\"item\":\"https:\/\/govtfurniture.com\/shop\/\"},{\"@type\":\"ListItem\",\"position\":3,\"name\":\"mesh conference gaming task computer boss executive office ergonomic chair\"}]},{\"@type\":\"WebSite\",\"@id\":\"https:\/\/govtfurniture.com\/pt\/#website\",\"url\":\"https:\/\/govtfurniture.com\/pt\/\",\"name\":\"ROYAL PRIDE Furniture Co., Ltd.\",\"description\":\"Government furniture customization Creating environmentally friendly, healthy and comfortable furniture products\",\"publisher\":{\"@id\":\"https:\/\/govtfurniture.com\/pt\/#organization\"},\"alternateName\":\"huangpai Furniture\",\"potentialAction\":[{\"@type\":\"SearchAction\",\"target\":{\"@type\":\"EntryPoint\",\"urlTemplate\":\"https:\/\/govtfurniture.com\/pt\/?s={search_term_string}\"},\"query-input\":{\"@type\":\"PropertyValueSpecification\",\"valueRequired\":true,\"valueName\":\"search_term_string\"}}],\"inLanguage\":\"fr-FR\"},{\"@type\":\"Organization\",\"@id\":\"https:\/\/govtfurniture.com\/pt\/#organization\",\"name\":\"ROYAL PRIDE Furniture Co., Ltd.\",\"url\":\"https:\/\/govtfurniture.com\/pt\/\",\"logo\":{\"@type\":\"ImageObject\",\"inLanguage\":\"fr-FR\",\"@id\":\"https:\/\/govtfurniture.com\/pt\/#\/schema\/logo\/image\/\",\"url\":\"https:\/\/govtfurniture.com\/wp-content\/uploads\/2024\/07\/logo3.jpg\",\"contentUrl\":\"https:\/\/govtfurniture.com\/wp-content\/uploads\/2024\/07\/logo3.jpg\",\"width\":512,\"height\":512,\"caption\":\"ROYAL PRIDE Furniture Co., Ltd.\"},\"image\":{\"@id\":\"https:\/\/govtfurniture.com\/pt\/#\/schema\/logo\/image\/\"},\"sameAs\":[\"https:\/\/www.facebook.com\/profile.php?id=61560913657184\",\"https:\/\/x.com\/huangpai688\",\"https:\/\/www.youtube.com\/@RoyalPrideFurniture\",\"https:\/\/www.pinterest.com\/pin\/890235051338475626\/\",\"https:\/\/www.tiktok.com\/@ryalprideofficefurniture\"]}]}<\/script>\n<!-- \/ Yoast SEO Premium plugin. -->","yoast_head_json":{"title":"office ergonomic chair - boss executive chair factory-","description":"Our main products include boss desk, office desk, conference table, office sofa, filing cabinet, reception desk, office chair, office cubical screen\uff0cetc.","robots":{"index":"index","follow":"follow","max-snippet":"max-snippet:-1","max-image-preview":"max-image-preview:large","max-video-preview":"max-video-preview:-1"},"canonical":"https:\/\/govtfurniture.com\/fr\/produkt\/159\/","og_locale":"fr_FR","og_type":"article","og_title":"mesh conference gaming task computer boss executive office ergonomic chair","og_description":"Our main products include boss desk, office desk, conference table, office sofa, filing cabinet, reception desk, office chair, office cubical screen\uff0cetc.","og_url":"https:\/\/govtfurniture.com\/fr\/produkt\/159\/","og_site_name":"ROYAL PRIDE Furniture Co., Ltd. Global Government Furniture Manufacturing","article_publisher":"https:\/\/www.facebook.com\/profile.php?id=61560913657184","article_modified_time":"2024-07-17T07:20:31+00:00","og_image":[{"width":2560,"height":2560,"url":"https:\/\/govtfurniture.com\/wp-content\/uploads\/2024\/07\/SJA159-KT\u7c89\u8272\u4fa7\u8eba-scaled.jpg","type":"image\/jpeg"}],"twitter_card":"summary_large_image","twitter_site":"@huangpai688","twitter_misc":{"Dur\u00e9e de lecture estim\u00e9e":"1 minute"},"schema":{"@context":"https:\/\/schema.org","@graph":[{"@type":"WebPage","@id":"https:\/\/govtfurniture.com\/cs\/produkt\/159\/","url":"https:\/\/govtfurniture.com\/cs\/produkt\/159\/","name":"office ergonomic chair - boss executive chair factory-","isPartOf":{"@id":"https:\/\/govtfurniture.com\/pt\/#website"},"primaryImageOfPage":{"@id":"https:\/\/govtfurniture.com\/cs\/produkt\/159\/#primaryimage"},"image":{"@id":"https:\/\/govtfurniture.com\/cs\/produkt\/159\/#primaryimage"},"thumbnailUrl":"https:\/\/govtfurniture.com\/wp-content\/uploads\/2024\/07\/SJA159-KT\u7c89\u8272\u4fa7\u8eba-scaled.jpg","datePublished":"2024-07-03T08:40:33+00:00","dateModified":"2024-07-17T07:20:31+00:00","description":"Our main products include boss desk, office desk, conference table, office sofa, filing cabinet, reception desk, office chair, office cubical screen\uff0cetc.","breadcrumb":{"@id":"https:\/\/govtfurniture.com\/cs\/produkt\/159\/#breadcrumb"},"inLanguage":"fr-FR","potentialAction":[{"@type":"ReadAction","target":["https:\/\/govtfurniture.com\/cs\/produkt\/159\/"]}]},{"@type":"ImageObject","inLanguage":"fr-FR","@id":"https:\/\/govtfurniture.com\/cs\/produkt\/159\/#primaryimage","url":"https:\/\/govtfurniture.com\/wp-content\/uploads\/2024\/07\/SJA159-KT\u7c89\u8272\u4fa7\u8eba-scaled.jpg","contentUrl":"https:\/\/govtfurniture.com\/wp-content\/uploads\/2024\/07\/SJA159-KT\u7c89\u8272\u4fa7\u8eba-scaled.jpg","width":2560,"height":2560,"caption":"Office Chair,Ergonomic Chair,Mesh Chair"},{"@type":"BreadcrumbList","@id":"https:\/\/govtfurniture.com\/cs\/produkt\/159\/#breadcrumb","itemListElement":[{"@type":"ListItem","position":1,"name":"\u9996\u9875","item":"https:\/\/govtfurniture.com\/"},{"@type":"ListItem","position":2,"name":"Product","item":"https:\/\/govtfurniture.com\/shop\/"},{"@type":"ListItem","position":3,"name":"mesh conference gaming task computer boss executive office ergonomic chair"}]},{"@type":"WebSite","@id":"https:\/\/govtfurniture.com\/pt\/#website","url":"https:\/\/govtfurniture.com\/pt\/","name":"ROYAL PRIDE Furniture Co., Ltd.","description":"Government furniture customization Creating environmentally friendly, healthy and comfortable furniture products","publisher":{"@id":"https:\/\/govtfurniture.com\/pt\/#organization"},"alternateName":"huangpai Furniture","potentialAction":[{"@type":"SearchAction","target":{"@type":"EntryPoint","urlTemplate":"https:\/\/govtfurniture.com\/pt\/?s={search_term_string}"},"query-input":{"@type":"PropertyValueSpecification","valueRequired":true,"valueName":"search_term_string"}}],"inLanguage":"fr-FR"},{"@type":"Organization","@id":"https:\/\/govtfurniture.com\/pt\/#organization","name":"ROYAL PRIDE Furniture Co., Ltd.","url":"https:\/\/govtfurniture.com\/pt\/","logo":{"@type":"ImageObject","inLanguage":"fr-FR","@id":"https:\/\/govtfurniture.com\/pt\/#\/schema\/logo\/image\/","url":"https:\/\/govtfurniture.com\/wp-content\/uploads\/2024\/07\/logo3.jpg","contentUrl":"https:\/\/govtfurniture.com\/wp-content\/uploads\/2024\/07\/logo3.jpg","width":512,"height":512,"caption":"ROYAL PRIDE Furniture Co., Ltd."},"image":{"@id":"https:\/\/govtfurniture.com\/pt\/#\/schema\/logo\/image\/"},"sameAs":["https:\/\/www.facebook.com\/profile.php?id=61560913657184","https:\/\/x.com\/huangpai688","https:\/\/www.youtube.com\/@RoyalPrideFurniture","https:\/\/www.pinterest.com\/pin\/890235051338475626\/","https:\/\/www.tiktok.com\/@ryalprideofficefurniture"]}]}},"_links":{"self":[{"href":"https:\/\/govtfurniture.com\/fr\/wp-json\/wp\/v2\/product\/9916","targetHints":{"allow":["GET"]}}],"collection":[{"href":"https:\/\/govtfurniture.com\/fr\/wp-json\/wp\/v2\/product"}],"about":[{"href":"https:\/\/govtfurniture.com\/fr\/wp-json\/wp\/v2\/types\/product"}],"replies":[{"embeddable":true,"href":"https:\/\/govtfurniture.com\/fr\/wp-json\/wp\/v2\/comments?post=9916"}],"version-history":[{"count":11,"href":"https:\/\/govtfurniture.com\/fr\/wp-json\/wp\/v2\/product\/9916\/revisions"}],"predecessor-version":[{"id":10713,"href":"https:\/\/govtfurniture.com\/fr\/wp-json\/wp\/v2\/product\/9916\/revisions\/10713"}],"wp:featuredmedia":[{"embeddable":true,"href":"https:\/\/govtfurniture.com\/fr\/wp-json\/wp\/v2\/media\/10008"}],"wp:attachment":[{"href":"https:\/\/govtfurniture.com\/fr\/wp-json\/wp\/v2\/media?parent=9916"}],"wp:term":[{"taxonomy":"product_brand","embeddable":true,"href":"https:\/\/govtfurniture.com\/fr\/wp-json\/wp\/v2\/product_brand?post=9916"},{"taxonomy":"product_cat","embeddable":true,"href":"https:\/\/govtfurniture.com\/fr\/wp-json\/wp\/v2\/product_cat?post=9916"},{"taxonomy":"product_tag","embeddable":true,"href":"https:\/\/govtfurniture.com\/fr\/wp-json\/wp\/v2\/product_tag?post=9916"}],"curies":[{"name":"wp","href":"https:\/\/api.w.org\/{rel}","templated":true}]}}