{"id":12515,"date":"2024-12-05T09:26:38","date_gmt":"2024-12-05T01:26:38","guid":{"rendered":"http:\/\/govtfurniture.com\/?post_type=product&#038;p=12515"},"modified":"2024-12-05T09:26:39","modified_gmt":"2024-12-05T01:26:39","slug":"government-conference-room-furniture","status":"publish","type":"product","link":"https:\/\/govtfurniture.com\/pt\/produto\/mobiliario-para-salas-de-conferencias-publicas\/","title":{"rendered":"Mobili\u00e1rio para salas de confer\u00eancias governamentais"},"content":{"rendered":"<p>ROYALPRIDE-Marcas de mobili\u00e1rio governamental global<br \/>\nA f\u00e1brica ROYALPRIDE \u00e9 especializada na personaliza\u00e7\u00e3o de mesas de confer\u00eancia governamentais de alta qualidade, incluindo mesas de confer\u00eancia com formas especiais, mesas de confer\u00eancia sem papel, personaliza\u00e7\u00e3o de mobili\u00e1rio para grandes salas de confer\u00eancia, etc. Durante 18 anos, fornecemos mesas e cadeiras de confer\u00eancia de alta qualidade e solu\u00e7\u00f5es de mobili\u00e1rio de sala de confer\u00eancia para v\u00e1rios locais de confer\u00eancia de grande dimens\u00e3o constru\u00eddos por muitos governos em todo o mundo. Por favor, contacte-nos.<\/p>\n<div id=\"attachment_12517\" style=\"width: 760px\" class=\"wp-caption aligncenter\"><img fetchpriority=\"high\" decoding=\"async\" aria-describedby=\"caption-attachment-12517\" class=\"wp-image-12517\" title=\"mmexport1560438360934\" src=\"http:\/\/govtfurniture.com\/wp-content\/uploads\/2024\/12\/mmexport1560438360934-225x300.jpg\" alt=\"mmexport1560438360934\" width=\"750\" height=\"1000\" srcset=\"https:\/\/govtfurniture.com\/wp-content\/uploads\/2024\/12\/mmexport1560438360934-225x300.jpg 225w, https:\/\/govtfurniture.com\/wp-content\/uploads\/2024\/12\/mmexport1560438360934-600x800.jpg 600w, https:\/\/govtfurniture.com\/wp-content\/uploads\/2024\/12\/mmexport1560438360934-768x1024.jpg 768w, https:\/\/govtfurniture.com\/wp-content\/uploads\/2024\/12\/mmexport1560438360934-9x12.jpg 9w, https:\/\/govtfurniture.com\/wp-content\/uploads\/2024\/12\/mmexport1560438360934-860x1147.jpg 860w, https:\/\/govtfurniture.com\/wp-content\/uploads\/2024\/12\/mmexport1560438360934-430x573.jpg 430w, https:\/\/govtfurniture.com\/wp-content\/uploads\/2024\/12\/mmexport1560438360934-700x933.jpg 700w, https:\/\/govtfurniture.com\/wp-content\/uploads\/2024\/12\/mmexport1560438360934-150x200.jpg 150w, https:\/\/govtfurniture.com\/wp-content\/uploads\/2024\/12\/mmexport1560438360934.jpg 1080w\" sizes=\"(max-width: 750px) 100vw, 750px\" \/><p id=\"caption-attachment-12517\" class=\"wp-caption-text\">\u00a0<\/p><\/div>\n<div id=\"attachment_12519\" style=\"width: 760px\" class=\"wp-caption aligncenter\"><img decoding=\"async\" aria-describedby=\"caption-attachment-12519\" class=\"wp-image-12519\" title=\"mmexport1562629158714\" src=\"http:\/\/govtfurniture.com\/wp-content\/uploads\/2024\/12\/mmexport1562629158714-400x300.jpg\" alt=\"mmexport1562629158714\" width=\"750\" height=\"563\" srcset=\"https:\/\/govtfurniture.com\/wp-content\/uploads\/2024\/12\/mmexport1562629158714-400x300.jpg 400w, https:\/\/govtfurniture.com\/wp-content\/uploads\/2024\/12\/mmexport1562629158714-768x576.jpg 768w, https:\/\/govtfurniture.com\/wp-content\/uploads\/2024\/12\/mmexport1562629158714-16x12.jpg 16w, https:\/\/govtfurniture.com\/wp-content\/uploads\/2024\/12\/mmexport1562629158714-430x323.jpg 430w, https:\/\/govtfurniture.com\/wp-content\/uploads\/2024\/12\/mmexport1562629158714-700x525.jpg 700w, https:\/\/govtfurniture.com\/wp-content\/uploads\/2024\/12\/mmexport1562629158714-150x113.jpg 150w, https:\/\/govtfurniture.com\/wp-content\/uploads\/2024\/12\/mmexport1562629158714.jpg 800w\" sizes=\"(max-width: 750px) 100vw, 750px\" \/><p id=\"caption-attachment-12519\" class=\"wp-caption-text\">\u00a0<\/p><\/div>\n<div id=\"attachment_12520\" style=\"width: 760px\" class=\"wp-caption aligncenter\"><img decoding=\"async\" aria-describedby=\"caption-attachment-12520\" class=\"wp-image-12520\" title=\"mmexport1578669771333\" src=\"http:\/\/govtfurniture.com\/wp-content\/uploads\/2024\/12\/mmexport1578669771333-400x300.jpg\" alt=\"mmexport1578669771333\" width=\"750\" height=\"563\" srcset=\"https:\/\/govtfurniture.com\/wp-content\/uploads\/2024\/12\/mmexport1578669771333-400x300.jpg 400w, https:\/\/govtfurniture.com\/wp-content\/uploads\/2024\/12\/mmexport1578669771333-1067x800.jpg 1067w, https:\/\/govtfurniture.com\/wp-content\/uploads\/2024\/12\/mmexport1578669771333-768x576.jpg 768w, https:\/\/govtfurniture.com\/wp-content\/uploads\/2024\/12\/mmexport1578669771333-16x12.jpg 16w, https:\/\/govtfurniture.com\/wp-content\/uploads\/2024\/12\/mmexport1578669771333-860x645.jpg 860w, https:\/\/govtfurniture.com\/wp-content\/uploads\/2024\/12\/mmexport1578669771333-430x323.jpg 430w, https:\/\/govtfurniture.com\/wp-content\/uploads\/2024\/12\/mmexport1578669771333-700x525.jpg 700w, https:\/\/govtfurniture.com\/wp-content\/uploads\/2024\/12\/mmexport1578669771333-150x113.jpg 150w, https:\/\/govtfurniture.com\/wp-content\/uploads\/2024\/12\/mmexport1578669771333.jpg 1440w\" sizes=\"(max-width: 750px) 100vw, 750px\" \/><p id=\"caption-attachment-12520\" class=\"wp-caption-text\">\u00a0<\/p><\/div>\n<div id=\"attachment_12521\" style=\"width: 760px\" class=\"wp-caption aligncenter\"><img loading=\"lazy\" decoding=\"async\" aria-describedby=\"caption-attachment-12521\" class=\"wp-image-12521\" title=\"mmexport1601048787795\" src=\"http:\/\/govtfurniture.com\/wp-content\/uploads\/2024\/12\/mmexport1601048787795-400x249.jpg\" alt=\"mmexport1601048787795\" width=\"750\" height=\"467\" srcset=\"https:\/\/govtfurniture.com\/wp-content\/uploads\/2024\/12\/mmexport1601048787795-400x249.jpg 400w, https:\/\/govtfurniture.com\/wp-content\/uploads\/2024\/12\/mmexport1601048787795-768x479.jpg 768w, https:\/\/govtfurniture.com\/wp-content\/uploads\/2024\/12\/mmexport1601048787795-18x12.jpg 18w, https:\/\/govtfurniture.com\/wp-content\/uploads\/2024\/12\/mmexport1601048787795-860x536.jpg 860w, https:\/\/govtfurniture.com\/wp-content\/uploads\/2024\/12\/mmexport1601048787795-430x268.jpg 430w, https:\/\/govtfurniture.com\/wp-content\/uploads\/2024\/12\/mmexport1601048787795-700x436.jpg 700w, https:\/\/govtfurniture.com\/wp-content\/uploads\/2024\/12\/mmexport1601048787795-150x93.jpg 150w, https:\/\/govtfurniture.com\/wp-content\/uploads\/2024\/12\/mmexport1601048787795.jpg 1178w\" sizes=\"(max-width: 750px) 100vw, 750px\" \/><p id=\"caption-attachment-12521\" class=\"wp-caption-text\">\u00a0<\/p><\/div>\n<div id=\"attachment_12522\" style=\"width: 760px\" class=\"wp-caption aligncenter\"><img loading=\"lazy\" decoding=\"async\" aria-describedby=\"caption-attachment-12522\" class=\"wp-image-12522\" title=\"mmexport1619186259163\" src=\"http:\/\/govtfurniture.com\/wp-content\/uploads\/2024\/12\/mmexport1619186259163-300x300.jpg\" alt=\"mmexport1619186259163\" width=\"750\" height=\"750\" srcset=\"https:\/\/govtfurniture.com\/wp-content\/uploads\/2024\/12\/mmexport1619186259163-300x300.jpg 300w, https:\/\/govtfurniture.com\/wp-content\/uploads\/2024\/12\/mmexport1619186259163-800x800.jpg 800w, https:\/\/govtfurniture.com\/wp-content\/uploads\/2024\/12\/mmexport1619186259163-150x150.jpg 150w, https:\/\/govtfurniture.com\/wp-content\/uploads\/2024\/12\/mmexport1619186259163-768x768.jpg 768w, https:\/\/govtfurniture.com\/wp-content\/uploads\/2024\/12\/mmexport1619186259163-12x12.jpg 12w, https:\/\/govtfurniture.com\/wp-content\/uploads\/2024\/12\/mmexport1619186259163-860x860.jpg 860w, https:\/\/govtfurniture.com\/wp-content\/uploads\/2024\/12\/mmexport1619186259163-430x430.jpg 430w, https:\/\/govtfurniture.com\/wp-content\/uploads\/2024\/12\/mmexport1619186259163-700x700.jpg 700w, https:\/\/govtfurniture.com\/wp-content\/uploads\/2024\/12\/mmexport1619186259163.jpg 1080w\" sizes=\"(max-width: 750px) 100vw, 750px\" \/><p id=\"caption-attachment-12522\" class=\"wp-caption-text\">\u00a0<\/p><\/div>\n<div id=\"attachment_12523\" style=\"width: 760px\" class=\"wp-caption aligncenter\"><img loading=\"lazy\" decoding=\"async\" aria-describedby=\"caption-attachment-12523\" class=\"wp-image-12523\" title=\"mmexport1627862285404\" src=\"http:\/\/govtfurniture.com\/wp-content\/uploads\/2024\/12\/mmexport1627862285404-400x300.jpg\" alt=\"mmexport1627862285404\" width=\"750\" height=\"563\" srcset=\"https:\/\/govtfurniture.com\/wp-content\/uploads\/2024\/12\/mmexport1627862285404-400x300.jpg 400w, https:\/\/govtfurniture.com\/wp-content\/uploads\/2024\/12\/mmexport1627862285404-768x576.jpg 768w, https:\/\/govtfurniture.com\/wp-content\/uploads\/2024\/12\/mmexport1627862285404-16x12.jpg 16w, https:\/\/govtfurniture.com\/wp-content\/uploads\/2024\/12\/mmexport1627862285404-860x645.jpg 860w, https:\/\/govtfurniture.com\/wp-content\/uploads\/2024\/12\/mmexport1627862285404-430x323.jpg 430w, https:\/\/govtfurniture.com\/wp-content\/uploads\/2024\/12\/mmexport1627862285404-700x525.jpg 700w, https:\/\/govtfurniture.com\/wp-content\/uploads\/2024\/12\/mmexport1627862285404-150x113.jpg 150w, https:\/\/govtfurniture.com\/wp-content\/uploads\/2024\/12\/mmexport1627862285404.jpg 960w\" sizes=\"(max-width: 750px) 100vw, 750px\" \/><p id=\"caption-attachment-12523\" class=\"wp-caption-text\">\u00a0<\/p><\/div>","protected":false},"excerpt":{"rendered":"<p>ROYALPRIDE-Global Government Furniture Brands ROYALPRIDE factory specializes in customizing high-quality government conference tables, including special-shaped conference tables, paperless conference tables,<\/p>","protected":false},"featured_media":12523,"comment_status":"open","ping_status":"closed","template":"","meta":{"_monsterinsights_skip_tracking":false,"_monsterinsights_sitenote_active":false,"_monsterinsights_sitenote_note":"","_monsterinsights_sitenote_category":0},"product_brand":[],"product_cat":[79,101,100,74,84],"product_tag":[171,174,173,170,172,167],"class_list":{"0":"post-12515","1":"product","2":"type-product","3":"status-publish","4":"has-post-thumbnail","6":"product_cat-conference-furniture","7":"product_cat-curved-conference-table-case","8":"product_cat-customized-shaped-conference-table","9":"product_cat-govt-furniture-2","10":"product_cat-national-assembly-hallr-furniture","11":"product_tag-conference-room-furniture-ideas","12":"product_tag-conference-room-furniture-layout","13":"product_tag-conference-room-furniture-renta","14":"product_tag-conference-room-furniture-set","15":"product_tag-conference-room-office-fumniture","16":"product_tag-console-manufacturers","18":"first","19":"instock","20":"shipping-taxable","21":"product-type-simple"},"yoast_head":"<!-- This site is optimized with the Yoast SEO Premium plugin v23.9 (Yoast SEO v25.1) - https:\/\/yoast.com\/wordpress\/plugins\/seo\/ -->\n<title>Government conference room furniture customization factory<\/title>\n<meta name=\"description\" content=\"ROYALPRIDE-Global Government Furniture BrandsROYALPRIDE factory specializes in customizing high-quality government conference tables, including special-shaped conference tables, paperless conference tables, large conference hall furniture customization, etc. For 18 years, we have provided high-quality conference tables and chairs and conference room furniture solutions for various large conference venues built by many governments around the world. Please contact us.\" \/>\n<meta name=\"robots\" content=\"index, follow, max-snippet:-1, max-image-preview:large, max-video-preview:-1\" \/>\n<link rel=\"canonical\" href=\"https:\/\/govtfurniture.com\/pt\/\u043f\u0440\u043e\u0434\u0443\u043a\u0442\/government-conference-room-furniture\/\" \/>\n<meta property=\"og:locale\" content=\"pt_PT\" \/>\n<meta property=\"og:type\" content=\"article\" \/>\n<meta property=\"og:title\" content=\"Government conference room furniture\" \/>\n<meta property=\"og:description\" content=\"ROYALPRIDE-Global Government Furniture BrandsROYALPRIDE factory specializes in customizing high-quality government conference tables, including special-shaped conference tables, paperless conference tables, large conference hall furniture customization, etc. For 18 years, we have provided high-quality conference tables and chairs and conference room furniture solutions for various large conference venues built by many governments around the world. Please contact us.\" \/>\n<meta property=\"og:url\" content=\"https:\/\/govtfurniture.com\/pt\/\u043f\u0440\u043e\u0434\u0443\u043a\u0442\/government-conference-room-furniture\/\" \/>\n<meta property=\"og:site_name\" content=\"ROYAL PRIDE Furniture Co., Ltd. Global Government Furniture Manufacturing\" \/>\n<meta property=\"article:publisher\" content=\"https:\/\/www.facebook.com\/profile.php?id=61560913657184\" \/>\n<meta property=\"article:modified_time\" content=\"2024-12-05T01:26:39+00:00\" \/>\n<meta property=\"og:image\" content=\"https:\/\/govtfurniture.com\/wp-content\/uploads\/2024\/12\/mmexport1627862285404.jpg\" \/>\n\t<meta property=\"og:image:width\" content=\"960\" \/>\n\t<meta property=\"og:image:height\" content=\"720\" \/>\n\t<meta property=\"og:image:type\" content=\"image\/jpeg\" \/>\n<meta name=\"twitter:card\" content=\"summary_large_image\" \/>\n<meta name=\"twitter:site\" content=\"@huangpai688\" \/>\n<meta name=\"twitter:label1\" content=\"Tempo estimado de leitura\" \/>\n\t<meta name=\"twitter:data1\" content=\"2 minutos\" \/>\n<script type=\"application\/ld+json\" class=\"yoast-schema-graph\">{\"@context\":\"https:\/\/schema.org\",\"@graph\":[{\"@type\":\"WebPage\",\"@id\":\"https:\/\/govtfurniture.com\/ru_ru\/\u043f\u0440\u043e\u0434\u0443\u043a\u0442\/government-conference-room-furniture\/\",\"url\":\"https:\/\/govtfurniture.com\/ru_ru\/\u043f\u0440\u043e\u0434\u0443\u043a\u0442\/government-conference-room-furniture\/\",\"name\":\"Government conference room furniture customization factory\",\"isPartOf\":{\"@id\":\"https:\/\/govtfurniture.com\/pt\/#website\"},\"primaryImageOfPage\":{\"@id\":\"https:\/\/govtfurniture.com\/ru_ru\/\u043f\u0440\u043e\u0434\u0443\u043a\u0442\/government-conference-room-furniture\/#primaryimage\"},\"image\":{\"@id\":\"https:\/\/govtfurniture.com\/ru_ru\/\u043f\u0440\u043e\u0434\u0443\u043a\u0442\/government-conference-room-furniture\/#primaryimage\"},\"thumbnailUrl\":\"https:\/\/govtfurniture.com\/wp-content\/uploads\/2024\/12\/mmexport1627862285404.jpg\",\"datePublished\":\"2024-12-05T01:26:38+00:00\",\"dateModified\":\"2024-12-05T01:26:39+00:00\",\"description\":\"ROYALPRIDE-Global Government Furniture BrandsROYALPRIDE factory specializes in customizing high-quality government conference tables, including special-shaped conference tables, paperless conference tables, large conference hall furniture customization, etc. For 18 years, we have provided high-quality conference tables and chairs and conference room furniture solutions for various large conference venues built by many governments around the world. Please contact us.\",\"breadcrumb\":{\"@id\":\"https:\/\/govtfurniture.com\/ru_ru\/\u043f\u0440\u043e\u0434\u0443\u043a\u0442\/government-conference-room-furniture\/#breadcrumb\"},\"inLanguage\":\"pt-PT\",\"potentialAction\":[{\"@type\":\"ReadAction\",\"target\":[\"https:\/\/govtfurniture.com\/ru_ru\/\u043f\u0440\u043e\u0434\u0443\u043a\u0442\/government-conference-room-furniture\/\"]}]},{\"@type\":\"ImageObject\",\"inLanguage\":\"pt-PT\",\"@id\":\"https:\/\/govtfurniture.com\/ru_ru\/\u043f\u0440\u043e\u0434\u0443\u043a\u0442\/government-conference-room-furniture\/#primaryimage\",\"url\":\"https:\/\/govtfurniture.com\/wp-content\/uploads\/2024\/12\/mmexport1627862285404.jpg\",\"contentUrl\":\"https:\/\/govtfurniture.com\/wp-content\/uploads\/2024\/12\/mmexport1627862285404.jpg\",\"width\":960,\"height\":720,\"caption\":\"mmexport1627862285404\"},{\"@type\":\"BreadcrumbList\",\"@id\":\"https:\/\/govtfurniture.com\/ru_ru\/\u043f\u0440\u043e\u0434\u0443\u043a\u0442\/government-conference-room-furniture\/#breadcrumb\",\"itemListElement\":[{\"@type\":\"ListItem\",\"position\":1,\"name\":\"\u9996\u9875\",\"item\":\"https:\/\/govtfurniture.com\/\"},{\"@type\":\"ListItem\",\"position\":2,\"name\":\"Product\",\"item\":\"https:\/\/govtfurniture.com\/shop\/\"},{\"@type\":\"ListItem\",\"position\":3,\"name\":\"Government conference room furniture\"}]},{\"@type\":\"WebSite\",\"@id\":\"https:\/\/govtfurniture.com\/pt\/#website\",\"url\":\"https:\/\/govtfurniture.com\/pt\/\",\"name\":\"ROYAL PRIDE Furniture Co., Ltd.\",\"description\":\"Government furniture customization Creating environmentally friendly, healthy and comfortable furniture products\",\"publisher\":{\"@id\":\"https:\/\/govtfurniture.com\/pt\/#organization\"},\"alternateName\":\"huangpai Furniture\",\"potentialAction\":[{\"@type\":\"SearchAction\",\"target\":{\"@type\":\"EntryPoint\",\"urlTemplate\":\"https:\/\/govtfurniture.com\/pt\/?s={search_term_string}\"},\"query-input\":{\"@type\":\"PropertyValueSpecification\",\"valueRequired\":true,\"valueName\":\"search_term_string\"}}],\"inLanguage\":\"pt-PT\"},{\"@type\":\"Organization\",\"@id\":\"https:\/\/govtfurniture.com\/pt\/#organization\",\"name\":\"ROYAL PRIDE Furniture Co., Ltd.\",\"url\":\"https:\/\/govtfurniture.com\/pt\/\",\"logo\":{\"@type\":\"ImageObject\",\"inLanguage\":\"pt-PT\",\"@id\":\"https:\/\/govtfurniture.com\/pt\/#\/schema\/logo\/image\/\",\"url\":\"https:\/\/govtfurniture.com\/wp-content\/uploads\/2024\/07\/logo3.jpg\",\"contentUrl\":\"https:\/\/govtfurniture.com\/wp-content\/uploads\/2024\/07\/logo3.jpg\",\"width\":512,\"height\":512,\"caption\":\"ROYAL PRIDE Furniture Co., Ltd.\"},\"image\":{\"@id\":\"https:\/\/govtfurniture.com\/pt\/#\/schema\/logo\/image\/\"},\"sameAs\":[\"https:\/\/www.facebook.com\/profile.php?id=61560913657184\",\"https:\/\/x.com\/huangpai688\",\"https:\/\/www.youtube.com\/@RoyalPrideFurniture\",\"https:\/\/www.pinterest.com\/pin\/890235051338475626\/\",\"https:\/\/www.tiktok.com\/@ryalprideofficefurniture\"]}]}<\/script>\n<!-- \/ Yoast SEO Premium plugin. -->","yoast_head_json":{"title":"Government conference room furniture customization factory","description":"ROYALPRIDE-Global Government Furniture BrandsROYALPRIDE factory specializes in customizing high-quality government conference tables, including special-shaped conference tables, paperless conference tables, large conference hall furniture customization, etc. For 18 years, we have provided high-quality conference tables and chairs and conference room furniture solutions for various large conference venues built by many governments around the world. Please contact us.","robots":{"index":"index","follow":"follow","max-snippet":"max-snippet:-1","max-image-preview":"max-image-preview:large","max-video-preview":"max-video-preview:-1"},"canonical":"https:\/\/govtfurniture.com\/pt\/\u043f\u0440\u043e\u0434\u0443\u043a\u0442\/government-conference-room-furniture\/","og_locale":"pt_PT","og_type":"article","og_title":"Government conference room furniture","og_description":"ROYALPRIDE-Global Government Furniture BrandsROYALPRIDE factory specializes in customizing high-quality government conference tables, including special-shaped conference tables, paperless conference tables, large conference hall furniture customization, etc. For 18 years, we have provided high-quality conference tables and chairs and conference room furniture solutions for various large conference venues built by many governments around the world. Please contact us.","og_url":"https:\/\/govtfurniture.com\/pt\/\u043f\u0440\u043e\u0434\u0443\u043a\u0442\/government-conference-room-furniture\/","og_site_name":"ROYAL PRIDE Furniture Co., Ltd. Global Government Furniture Manufacturing","article_publisher":"https:\/\/www.facebook.com\/profile.php?id=61560913657184","article_modified_time":"2024-12-05T01:26:39+00:00","og_image":[{"width":960,"height":720,"url":"https:\/\/govtfurniture.com\/wp-content\/uploads\/2024\/12\/mmexport1627862285404.jpg","type":"image\/jpeg"}],"twitter_card":"summary_large_image","twitter_site":"@huangpai688","twitter_misc":{"Tempo estimado de leitura":"2 minutos"},"schema":{"@context":"https:\/\/schema.org","@graph":[{"@type":"WebPage","@id":"https:\/\/govtfurniture.com\/ru_ru\/\u043f\u0440\u043e\u0434\u0443\u043a\u0442\/government-conference-room-furniture\/","url":"https:\/\/govtfurniture.com\/ru_ru\/\u043f\u0440\u043e\u0434\u0443\u043a\u0442\/government-conference-room-furniture\/","name":"Government conference room furniture customization factory","isPartOf":{"@id":"https:\/\/govtfurniture.com\/pt\/#website"},"primaryImageOfPage":{"@id":"https:\/\/govtfurniture.com\/ru_ru\/\u043f\u0440\u043e\u0434\u0443\u043a\u0442\/government-conference-room-furniture\/#primaryimage"},"image":{"@id":"https:\/\/govtfurniture.com\/ru_ru\/\u043f\u0440\u043e\u0434\u0443\u043a\u0442\/government-conference-room-furniture\/#primaryimage"},"thumbnailUrl":"https:\/\/govtfurniture.com\/wp-content\/uploads\/2024\/12\/mmexport1627862285404.jpg","datePublished":"2024-12-05T01:26:38+00:00","dateModified":"2024-12-05T01:26:39+00:00","description":"ROYALPRIDE-Global Government Furniture BrandsROYALPRIDE factory specializes in customizing high-quality government conference tables, including special-shaped conference tables, paperless conference tables, large conference hall furniture customization, etc. For 18 years, we have provided high-quality conference tables and chairs and conference room furniture solutions for various large conference venues built by many governments around the world. Please contact us.","breadcrumb":{"@id":"https:\/\/govtfurniture.com\/ru_ru\/\u043f\u0440\u043e\u0434\u0443\u043a\u0442\/government-conference-room-furniture\/#breadcrumb"},"inLanguage":"pt-PT","potentialAction":[{"@type":"ReadAction","target":["https:\/\/govtfurniture.com\/ru_ru\/\u043f\u0440\u043e\u0434\u0443\u043a\u0442\/government-conference-room-furniture\/"]}]},{"@type":"ImageObject","inLanguage":"pt-PT","@id":"https:\/\/govtfurniture.com\/ru_ru\/\u043f\u0440\u043e\u0434\u0443\u043a\u0442\/government-conference-room-furniture\/#primaryimage","url":"https:\/\/govtfurniture.com\/wp-content\/uploads\/2024\/12\/mmexport1627862285404.jpg","contentUrl":"https:\/\/govtfurniture.com\/wp-content\/uploads\/2024\/12\/mmexport1627862285404.jpg","width":960,"height":720,"caption":"mmexport1627862285404"},{"@type":"BreadcrumbList","@id":"https:\/\/govtfurniture.com\/ru_ru\/\u043f\u0440\u043e\u0434\u0443\u043a\u0442\/government-conference-room-furniture\/#breadcrumb","itemListElement":[{"@type":"ListItem","position":1,"name":"\u9996\u9875","item":"https:\/\/govtfurniture.com\/"},{"@type":"ListItem","position":2,"name":"Product","item":"https:\/\/govtfurniture.com\/shop\/"},{"@type":"ListItem","position":3,"name":"Government conference room furniture"}]},{"@type":"WebSite","@id":"https:\/\/govtfurniture.com\/pt\/#website","url":"https:\/\/govtfurniture.com\/pt\/","name":"ROYAL PRIDE Furniture Co., Ltd.","description":"Government furniture customization Creating environmentally friendly, healthy and comfortable furniture products","publisher":{"@id":"https:\/\/govtfurniture.com\/pt\/#organization"},"alternateName":"huangpai Furniture","potentialAction":[{"@type":"SearchAction","target":{"@type":"EntryPoint","urlTemplate":"https:\/\/govtfurniture.com\/pt\/?s={search_term_string}"},"query-input":{"@type":"PropertyValueSpecification","valueRequired":true,"valueName":"search_term_string"}}],"inLanguage":"pt-PT"},{"@type":"Organization","@id":"https:\/\/govtfurniture.com\/pt\/#organization","name":"ROYAL PRIDE Furniture Co., Ltd.","url":"https:\/\/govtfurniture.com\/pt\/","logo":{"@type":"ImageObject","inLanguage":"pt-PT","@id":"https:\/\/govtfurniture.com\/pt\/#\/schema\/logo\/image\/","url":"https:\/\/govtfurniture.com\/wp-content\/uploads\/2024\/07\/logo3.jpg","contentUrl":"https:\/\/govtfurniture.com\/wp-content\/uploads\/2024\/07\/logo3.jpg","width":512,"height":512,"caption":"ROYAL PRIDE Furniture Co., Ltd."},"image":{"@id":"https:\/\/govtfurniture.com\/pt\/#\/schema\/logo\/image\/"},"sameAs":["https:\/\/www.facebook.com\/profile.php?id=61560913657184","https:\/\/x.com\/huangpai688","https:\/\/www.youtube.com\/@RoyalPrideFurniture","https:\/\/www.pinterest.com\/pin\/890235051338475626\/","https:\/\/www.tiktok.com\/@ryalprideofficefurniture"]}]}},"_links":{"self":[{"href":"https:\/\/govtfurniture.com\/pt\/wp-json\/wp\/v2\/product\/12515","targetHints":{"allow":["GET"]}}],"collection":[{"href":"https:\/\/govtfurniture.com\/pt\/wp-json\/wp\/v2\/product"}],"about":[{"href":"https:\/\/govtfurniture.com\/pt\/wp-json\/wp\/v2\/types\/product"}],"replies":[{"embeddable":true,"href":"https:\/\/govtfurniture.com\/pt\/wp-json\/wp\/v2\/comments?post=12515"}],"version-history":[{"count":1,"href":"https:\/\/govtfurniture.com\/pt\/wp-json\/wp\/v2\/product\/12515\/revisions"}],"predecessor-version":[{"id":12524,"href":"https:\/\/govtfurniture.com\/pt\/wp-json\/wp\/v2\/product\/12515\/revisions\/12524"}],"wp:featuredmedia":[{"embeddable":true,"href":"https:\/\/govtfurniture.com\/pt\/wp-json\/wp\/v2\/media\/12523"}],"wp:attachment":[{"href":"https:\/\/govtfurniture.com\/pt\/wp-json\/wp\/v2\/media?parent=12515"}],"wp:term":[{"taxonomy":"product_brand","embeddable":true,"href":"https:\/\/govtfurniture.com\/pt\/wp-json\/wp\/v2\/product_brand?post=12515"},{"taxonomy":"product_cat","embeddable":true,"href":"https:\/\/govtfurniture.com\/pt\/wp-json\/wp\/v2\/product_cat?post=12515"},{"taxonomy":"product_tag","embeddable":true,"href":"https:\/\/govtfurniture.com\/pt\/wp-json\/wp\/v2\/product_tag?post=12515"}],"curies":[{"name":"wp","href":"https:\/\/api.w.org\/{rel}","templated":true}]}}