{"id":9819,"date":"2024-07-03T10:40:20","date_gmt":"2024-07-03T02:40:20","guid":{"rendered":"http:\/\/govtfurniture.com\/?post_type=product&#038;p=9819"},"modified":"2024-07-17T10:28:52","modified_gmt":"2024-07-17T02:28:52","slug":"7003","status":"publish","type":"product","link":"https:\/\/govtfurniture.com\/pt\/produto\/7003\/","title":{"rendered":"2024 Novo estilo de cadeira executiva de luxo de malha ajust\u00e1vel de alta qualidade Com apoio para os p\u00e9s Cadeira de escrit\u00f3rio Cadeira ergon\u00f3mica"},"content":{"rendered":"<div data-elementor-type=\"product-post\" data-elementor-id=\"9819\" class=\"elementor elementor-9819\">\n\t\t\t\t\t\t<section class=\"elementor-section elementor-top-section elementor-element elementor-element-27c2d75e elementor-section-boxed elementor-section-height-default elementor-section-height-default wd-section-disabled\" data-id=\"27c2d75e\" data-element_type=\"section\">\n\t\t\t\t\t\t<div class=\"elementor-container elementor-column-gap-default\">\n\t\t\t\t\t<div class=\"elementor-column elementor-col-100 elementor-top-column elementor-element elementor-element-2360e4bc\" data-id=\"2360e4bc\" data-element_type=\"column\">\n\t\t\t<div class=\"elementor-widget-wrap elementor-element-populated\">\n\t\t\t\t\t\t<div class=\"elementor-element elementor-element-4f949c3c color-scheme-inherit text-left elementor-widget elementor-widget-text-editor\" data-id=\"4f949c3c\" data-element_type=\"widget\" data-widget_type=\"text-editor.default\">\n\t\t\t\t\t\t\t\t\t<p><strong><img fetchpriority=\"high\" decoding=\"async\" class=\"alignnone size-full wp-image-9891\" src=\"http:\/\/govtfurniture.com\/wp-content\/uploads\/2024\/07\/\u5929\u5e55-15.png\" alt=\"\" width=\"4316\" height=\"2672\" srcset=\"https:\/\/govtfurniture.com\/wp-content\/uploads\/2024\/07\/\u5929\u5e55-15.png 4316w, https:\/\/govtfurniture.com\/wp-content\/uploads\/2024\/07\/\u5929\u5e55-15-400x248.png 400w, https:\/\/govtfurniture.com\/wp-content\/uploads\/2024\/07\/\u5929\u5e55-15-1292x800.png 1292w, https:\/\/govtfurniture.com\/wp-content\/uploads\/2024\/07\/\u5929\u5e55-15-768x475.png 768w, https:\/\/govtfurniture.com\/wp-content\/uploads\/2024\/07\/\u5929\u5e55-15-1536x951.png 1536w, https:\/\/govtfurniture.com\/wp-content\/uploads\/2024\/07\/\u5929\u5e55-15-2048x1268.png 2048w, https:\/\/govtfurniture.com\/wp-content\/uploads\/2024\/07\/\u5929\u5e55-15-18x12.png 18w, https:\/\/govtfurniture.com\/wp-content\/uploads\/2024\/07\/\u5929\u5e55-15-860x532.png 860w, https:\/\/govtfurniture.com\/wp-content\/uploads\/2024\/07\/\u5929\u5e55-15-430x266.png 430w, https:\/\/govtfurniture.com\/wp-content\/uploads\/2024\/07\/\u5929\u5e55-15-700x433.png 700w, https:\/\/govtfurniture.com\/wp-content\/uploads\/2024\/07\/\u5929\u5e55-15-150x93.png 150w\" sizes=\"(max-width: 4316px) 100vw, 4316px\" \/><\/strong><\/p><h2><img decoding=\"async\" class=\"alignnone size-full wp-image-9894\" style=\"font-size: 14px; background-color: var(--bgcolor-white); color: var(--wd-text-color);\" src=\"http:\/\/govtfurniture.com\/wp-content\/uploads\/2024\/07\/\u5929\u5e55-13222-scaled.jpg\" alt=\"\" width=\"2560\" height=\"1912\" srcset=\"https:\/\/govtfurniture.com\/wp-content\/uploads\/2024\/07\/\u5929\u5e55-13222-scaled.jpg 2560w, https:\/\/govtfurniture.com\/wp-content\/uploads\/2024\/07\/\u5929\u5e55-13222-400x300.jpg 400w, https:\/\/govtfurniture.com\/wp-content\/uploads\/2024\/07\/\u5929\u5e55-13222-1071x800.jpg 1071w, https:\/\/govtfurniture.com\/wp-content\/uploads\/2024\/07\/\u5929\u5e55-13222-768x574.jpg 768w, https:\/\/govtfurniture.com\/wp-content\/uploads\/2024\/07\/\u5929\u5e55-13222-1536x1147.jpg 1536w, https:\/\/govtfurniture.com\/wp-content\/uploads\/2024\/07\/\u5929\u5e55-13222-2048x1530.jpg 2048w, https:\/\/govtfurniture.com\/wp-content\/uploads\/2024\/07\/\u5929\u5e55-13222-16x12.jpg 16w, https:\/\/govtfurniture.com\/wp-content\/uploads\/2024\/07\/\u5929\u5e55-13222-860x642.jpg 860w, https:\/\/govtfurniture.com\/wp-content\/uploads\/2024\/07\/\u5929\u5e55-13222-430x321.jpg 430w, https:\/\/govtfurniture.com\/wp-content\/uploads\/2024\/07\/\u5929\u5e55-13222-700x523.jpg 700w, https:\/\/govtfurniture.com\/wp-content\/uploads\/2024\/07\/\u5929\u5e55-13222-150x112.jpg 150w\" sizes=\"(max-width: 2560px) 100vw, 2560px\" \/><\/h2><h2>\u00a0<\/h2>\t\t\t\t\t\t\t\t<\/div>\n\t\t\t\t\t<\/div>\n\t\t<\/div>\n\t\t\t\t\t<\/div>\n\t\t<\/section>\n\t\t\t\t<section class=\"elementor-section elementor-top-section elementor-element elementor-element-5d6f4c84 elementor-section-content-middle elementor-section-boxed elementor-section-height-default elementor-section-height-default wd-section-disabled\" data-id=\"5d6f4c84\" data-element_type=\"section\">\n\t\t\t\t\t\t<div class=\"elementor-container elementor-column-gap-default\">\n\t\t\t\t\t<div class=\"elementor-column elementor-col-50 elementor-top-column elementor-element elementor-element-220653bf\" data-id=\"220653bf\" data-element_type=\"column\">\n\t\t\t<div class=\"elementor-widget-wrap elementor-element-populated\">\n\t\t\t\t\t\t<div class=\"elementor-element elementor-element-7226c8d2 elementor-widget elementor-widget-wd_3d_view\" data-id=\"7226c8d2\" data-element_type=\"widget\" data-widget_type=\"wd_3d_view.default\">\n\t\t\t\t<div class=\"elementor-widget-container\">\n\t\t\t\t\t\t\t<div class=\"wd-threed-view\" data-args='{\"frames_count\":7,\"images\":[\"https:\\\/\\\/govtfurniture.com\\\/wp-content\\\/uploads\\\/2024\\\/07\\\/\\u5929\\u5e55\\u4e3b\\u56fe3.jpg\",\"https:\\\/\\\/govtfurniture.com\\\/wp-content\\\/uploads\\\/2024\\\/07\\\/\\u5929\\u5e55\\u4e3b\\u56fe6.jpg\",\"https:\\\/\\\/govtfurniture.com\\\/wp-content\\\/uploads\\\/2024\\\/07\\\/\\u5929\\u5e55\\u4e3b\\u56fe2.jpg\",\"https:\\\/\\\/govtfurniture.com\\\/wp-content\\\/uploads\\\/2024\\\/07\\\/\\u5929\\u5e55\\u4e3b\\u56fe57.jpg\",\"https:\\\/\\\/govtfurniture.com\\\/wp-content\\\/uploads\\\/2024\\\/07\\\/\\u5929\\u5e55\\u4e3b\\u56fe58.jpg\",\"https:\\\/\\\/govtfurniture.com\\\/wp-content\\\/uploads\\\/2024\\\/07\\\/\\u5929\\u5e55\\u4e3b\\u56fe59.jpg\",\"https:\\\/\\\/govtfurniture.com\\\/wp-content\\\/uploads\\\/2024\\\/07\\\/\\u5929\\u5e55\\u4e3b\\u56fe60.jpg\"],\"width\":800,\"height\":800}'>\n\t\t\t<ul class=\"threed-view-images\"><\/ul>\n\t\t\t<div class=\"spinner\">\n\t\t\t\t<span>0%<\/span>\n\t\t\t<\/div>\n\t\t<\/div>\n\t\t\t\t\t\t<\/div>\n\t\t\t\t<\/div>\n\t\t\t\t\t<\/div>\n\t\t<\/div>\n\t\t\t\t<div class=\"elementor-column elementor-col-50 elementor-top-column elementor-element elementor-element-20b99dc text-center\" data-id=\"20b99dc\" data-element_type=\"column\">\n\t\t\t<div class=\"elementor-widget-wrap elementor-element-populated\">\n\t\t\t\t\t\t<div class=\"elementor-element elementor-element-1c923aa4 elementor-widget elementor-widget-wd_title\" data-id=\"1c923aa4\" data-element_type=\"widget\" data-widget_type=\"wd_title.default\">\n\t\t\t\t<div class=\"elementor-widget-container\">\n\t\t\t\t\t\t\t<div class=\"title-wrapper set-mb-s reset-last-child wd-title-color-primary wd-title-style-default wd-title-size-large text-left\">\n\n\t\t\t\n\t\t\t<div class=\"liner-continer\">\n\t\t\t\t<h4 class=\"woodmart-title-container title wd-fontsize-xxl\">Cadeira de escrit\u00f3rio ergon\u00f3mica<br \/>\n<\/h4> \n\t\t\t\t\t\t\t<\/div>\n\n\t\t\t\t\t\t\t<div class=\"title-after_title set-cont-mb-s reset-last-child wd-fontsize-s\">\n\t\t\t\t\t<h3>altura do assento ajust\u00e1vel, profundidade da almofada, \u00e2ngulo do encosto, apoio lombar para ajuste \u00e0 frente e \u00e0s costas, apoios de bra\u00e7os 4D e apoio de cabe\u00e7a 3D.<\/h3>\t\t\t\t<\/div>\n\t\t\t\t\t<\/div>\n\t\t\t\t\t\t<\/div>\n\t\t\t\t<\/div>\n\t\t\t\t<div class=\"elementor-element elementor-element-5806b05d elementor-widget__width-auto elementor-widget elementor-widget-wd_button\" data-id=\"5806b05d\" data-element_type=\"widget\" data-widget_type=\"wd_button.default\">\n\t\t\t\t<div class=\"elementor-widget-container\">\n\t\t\t\t\t\t\t<div class=\"wd-button-wrapper text-center\" >\n\t\t\t<a class=\"btn btn-style-default btn-style-rectangle btn-size-default btn-color-black btn-icon-pos-right\"  href=\"#\">\n\t\t\t\t<span class=\"wd-btn-text\" data-elementor-setting-key=\"text\">\n\t\t\t\t\tCOMPRAR AGORA\t\t\t\t<\/span>\n\n\t\t\t\t\t\t\t<\/a>\n\t\t<\/div>\n\t\t\t\t\t\t<\/div>\n\t\t\t\t<\/div>\n\t\t\t\t<div class=\"elementor-element elementor-element-3bf0d232 elementor-widget__width-auto elementor-widget elementor-widget-wd_button\" data-id=\"3bf0d232\" data-element_type=\"widget\" data-widget_type=\"wd_button.default\">\n\t\t\t\t<div class=\"elementor-widget-container\">\n\t\t\t\t\t\t\t<div class=\"wd-button-wrapper text-center\" >\n\t\t\t<a class=\"btn btn-style-bordered btn-style-rectangle btn-size-default btn-color-default btn-icon-pos-right\"  href=\"#\">\n\t\t\t\t<span class=\"wd-btn-text\" data-elementor-setting-key=\"text\">\n\t\t\t\t\tVER MAIS\t\t\t\t<\/span>\n\n\t\t\t\t\t\t\t<\/a>\n\t\t<\/div>\n\t\t\t\t\t\t<\/div>\n\t\t\t\t<\/div>\n\t\t\t\t\t<\/div>\n\t\t<\/div>\n\t\t\t\t\t<\/div>\n\t\t<\/section>\n\t\t\t\t<section class=\"elementor-section elementor-top-section elementor-element elementor-element-2f84cdd elementor-section-boxed elementor-section-height-default elementor-section-height-default wd-section-disabled\" data-id=\"2f84cdd\" data-element_type=\"section\">\n\t\t\t\t\t\t<div class=\"elementor-container elementor-column-gap-default\">\n\t\t\t\t\t<div class=\"elementor-column elementor-col-100 elementor-top-column elementor-element elementor-element-0e22ece\" data-id=\"0e22ece\" data-element_type=\"column\">\n\t\t\t<div class=\"elementor-widget-wrap\">\n\t\t\t\t\t\t\t<\/div>\n\t\t<\/div>\n\t\t\t\t\t<\/div>\n\t\t<\/section>\n\t\t\t\t<\/div>","protected":false},"excerpt":{"rendered":"<p>0% Ergonomic office chair adjustable seat height, cushion depth, backrest angle, lumbar support for front and back adjustment, 4D armrests,<\/p>","protected":false},"featured_media":9827,"comment_status":"open","ping_status":"closed","template":"","meta":{"_monsterinsights_skip_tracking":false,"_monsterinsights_sitenote_active":false,"_monsterinsights_sitenote_note":"","_monsterinsights_sitenote_category":0},"product_brand":[],"product_cat":[124,123],"product_tag":[],"class_list":{"0":"post-9819","1":"product","2":"type-product","3":"status-publish","4":"has-post-thumbnail","6":"product_cat-ergonomic-chair","7":"product_cat-office-chair-series","9":"first","10":"instock","11":"featured","12":"shipping-taxable","13":"product-type-simple"},"yoast_head":"<!-- This site is optimized with the Yoast SEO Premium plugin v23.9 (Yoast SEO v25.1) - https:\/\/yoast.com\/wordpress\/plugins\/seo\/ -->\n<title>Ergonomic chair factory, Office chair, President Chair<\/title>\n<meta name=\"description\" content=\"We are a furniture manufacturing factory in China, which can tailor the furniture products you want according to the requirements.\" \/>\n<meta name=\"robots\" content=\"index, follow, max-snippet:-1, max-image-preview:large, max-video-preview:-1\" \/>\n<link rel=\"canonical\" href=\"https:\/\/govtfurniture.com\/pt\/producto\/7003\/\" \/>\n<meta property=\"og:locale\" content=\"pt_PT\" \/>\n<meta property=\"og:type\" content=\"article\" \/>\n<meta property=\"og:title\" content=\"2024 New Style high quality adjustable mesh luxury executive chair With Footrest Office Chair Ergonomic Chair\" \/>\n<meta property=\"og:description\" content=\"We are a furniture manufacturing factory in China, which can tailor the furniture products you want according to the requirements.\" \/>\n<meta property=\"og:url\" content=\"https:\/\/govtfurniture.com\/pt\/producto\/7003\/\" \/>\n<meta property=\"og:site_name\" content=\"ROYAL PRIDE Furniture Co., Ltd. Global Government Furniture Manufacturing\" \/>\n<meta property=\"article:publisher\" content=\"https:\/\/www.facebook.com\/profile.php?id=61560913657184\" \/>\n<meta property=\"article:modified_time\" content=\"2024-07-17T02:28:52+00:00\" \/>\n<meta property=\"og:image\" content=\"https:\/\/govtfurniture.com\/wp-content\/uploads\/2024\/07\/\u5929\u5e55-37.jpg\" \/>\n\t<meta property=\"og:image:width\" content=\"1211\" \/>\n\t<meta property=\"og:image:height\" content=\"1195\" \/>\n\t<meta property=\"og:image:type\" content=\"image\/jpeg\" \/>\n<meta name=\"twitter:card\" content=\"summary_large_image\" \/>\n<meta name=\"twitter:site\" content=\"@huangpai688\" \/>\n<meta name=\"twitter:label1\" content=\"Tempo estimado de leitura\" \/>\n\t<meta name=\"twitter:data1\" content=\"1 minuto\" \/>\n<script type=\"application\/ld+json\" class=\"yoast-schema-graph\">{\"@context\":\"https:\/\/schema.org\",\"@graph\":[{\"@type\":\"WebPage\",\"@id\":\"https:\/\/govtfurniture.com\/es_mx\/producto\/7003\/\",\"url\":\"https:\/\/govtfurniture.com\/es_mx\/producto\/7003\/\",\"name\":\"Ergonomic chair factory, Office chair, President Chair\",\"isPartOf\":{\"@id\":\"https:\/\/govtfurniture.com\/pt\/#website\"},\"primaryImageOfPage\":{\"@id\":\"https:\/\/govtfurniture.com\/es_mx\/producto\/7003\/#primaryimage\"},\"image\":{\"@id\":\"https:\/\/govtfurniture.com\/es_mx\/producto\/7003\/#primaryimage\"},\"thumbnailUrl\":\"https:\/\/govtfurniture.com\/wp-content\/uploads\/2024\/07\/\u5929\u5e55-37.jpg\",\"datePublished\":\"2024-07-03T02:40:20+00:00\",\"dateModified\":\"2024-07-17T02:28:52+00:00\",\"description\":\"We are a furniture manufacturing factory in China, which can tailor the furniture products you want according to the requirements.\",\"breadcrumb\":{\"@id\":\"https:\/\/govtfurniture.com\/es_mx\/producto\/7003\/#breadcrumb\"},\"inLanguage\":\"pt-PT\",\"potentialAction\":[{\"@type\":\"ReadAction\",\"target\":[\"https:\/\/govtfurniture.com\/es_mx\/producto\/7003\/\"]}]},{\"@type\":\"ImageObject\",\"inLanguage\":\"pt-PT\",\"@id\":\"https:\/\/govtfurniture.com\/es_mx\/producto\/7003\/#primaryimage\",\"url\":\"https:\/\/govtfurniture.com\/wp-content\/uploads\/2024\/07\/\u5929\u5e55-37.jpg\",\"contentUrl\":\"https:\/\/govtfurniture.com\/wp-content\/uploads\/2024\/07\/\u5929\u5e55-37.jpg\",\"width\":1211,\"height\":1195,\"caption\":\"\u5929\u5e55 37\"},{\"@type\":\"BreadcrumbList\",\"@id\":\"https:\/\/govtfurniture.com\/es_mx\/producto\/7003\/#breadcrumb\",\"itemListElement\":[{\"@type\":\"ListItem\",\"position\":1,\"name\":\"\u9996\u9875\",\"item\":\"https:\/\/govtfurniture.com\/\"},{\"@type\":\"ListItem\",\"position\":2,\"name\":\"Product\",\"item\":\"https:\/\/govtfurniture.com\/shop\/\"},{\"@type\":\"ListItem\",\"position\":3,\"name\":\"2024 New Style high quality adjustable mesh luxury executive chair With Footrest Office Chair Ergonomic Chair\"}]},{\"@type\":\"WebSite\",\"@id\":\"https:\/\/govtfurniture.com\/pt\/#website\",\"url\":\"https:\/\/govtfurniture.com\/pt\/\",\"name\":\"ROYAL PRIDE Furniture Co., Ltd.\",\"description\":\"Government furniture customization Creating environmentally friendly, healthy and comfortable furniture products\",\"publisher\":{\"@id\":\"https:\/\/govtfurniture.com\/pt\/#organization\"},\"alternateName\":\"huangpai Furniture\",\"potentialAction\":[{\"@type\":\"SearchAction\",\"target\":{\"@type\":\"EntryPoint\",\"urlTemplate\":\"https:\/\/govtfurniture.com\/pt\/?s={search_term_string}\"},\"query-input\":{\"@type\":\"PropertyValueSpecification\",\"valueRequired\":true,\"valueName\":\"search_term_string\"}}],\"inLanguage\":\"pt-PT\"},{\"@type\":\"Organization\",\"@id\":\"https:\/\/govtfurniture.com\/pt\/#organization\",\"name\":\"ROYAL PRIDE Furniture Co., Ltd.\",\"url\":\"https:\/\/govtfurniture.com\/pt\/\",\"logo\":{\"@type\":\"ImageObject\",\"inLanguage\":\"pt-PT\",\"@id\":\"https:\/\/govtfurniture.com\/pt\/#\/schema\/logo\/image\/\",\"url\":\"https:\/\/govtfurniture.com\/wp-content\/uploads\/2024\/07\/logo3.jpg\",\"contentUrl\":\"https:\/\/govtfurniture.com\/wp-content\/uploads\/2024\/07\/logo3.jpg\",\"width\":512,\"height\":512,\"caption\":\"ROYAL PRIDE Furniture Co., Ltd.\"},\"image\":{\"@id\":\"https:\/\/govtfurniture.com\/pt\/#\/schema\/logo\/image\/\"},\"sameAs\":[\"https:\/\/www.facebook.com\/profile.php?id=61560913657184\",\"https:\/\/x.com\/huangpai688\",\"https:\/\/www.youtube.com\/@RoyalPrideFurniture\",\"https:\/\/www.pinterest.com\/pin\/890235051338475626\/\",\"https:\/\/www.tiktok.com\/@ryalprideofficefurniture\"]}]}<\/script>\n<!-- \/ Yoast SEO Premium plugin. -->","yoast_head_json":{"title":"Ergonomic chair factory, Office chair, President Chair","description":"We are a furniture manufacturing factory in China, which can tailor the furniture products you want according to the requirements.","robots":{"index":"index","follow":"follow","max-snippet":"max-snippet:-1","max-image-preview":"max-image-preview:large","max-video-preview":"max-video-preview:-1"},"canonical":"https:\/\/govtfurniture.com\/pt\/producto\/7003\/","og_locale":"pt_PT","og_type":"article","og_title":"2024 New Style high quality adjustable mesh luxury executive chair With Footrest Office Chair Ergonomic Chair","og_description":"We are a furniture manufacturing factory in China, which can tailor the furniture products you want according to the requirements.","og_url":"https:\/\/govtfurniture.com\/pt\/producto\/7003\/","og_site_name":"ROYAL PRIDE Furniture Co., Ltd. Global Government Furniture Manufacturing","article_publisher":"https:\/\/www.facebook.com\/profile.php?id=61560913657184","article_modified_time":"2024-07-17T02:28:52+00:00","og_image":[{"width":1211,"height":1195,"url":"https:\/\/govtfurniture.com\/wp-content\/uploads\/2024\/07\/\u5929\u5e55-37.jpg","type":"image\/jpeg"}],"twitter_card":"summary_large_image","twitter_site":"@huangpai688","twitter_misc":{"Tempo estimado de leitura":"1 minuto"},"schema":{"@context":"https:\/\/schema.org","@graph":[{"@type":"WebPage","@id":"https:\/\/govtfurniture.com\/es_mx\/producto\/7003\/","url":"https:\/\/govtfurniture.com\/es_mx\/producto\/7003\/","name":"Ergonomic chair factory, Office chair, President Chair","isPartOf":{"@id":"https:\/\/govtfurniture.com\/pt\/#website"},"primaryImageOfPage":{"@id":"https:\/\/govtfurniture.com\/es_mx\/producto\/7003\/#primaryimage"},"image":{"@id":"https:\/\/govtfurniture.com\/es_mx\/producto\/7003\/#primaryimage"},"thumbnailUrl":"https:\/\/govtfurniture.com\/wp-content\/uploads\/2024\/07\/\u5929\u5e55-37.jpg","datePublished":"2024-07-03T02:40:20+00:00","dateModified":"2024-07-17T02:28:52+00:00","description":"We are a furniture manufacturing factory in China, which can tailor the furniture products you want according to the requirements.","breadcrumb":{"@id":"https:\/\/govtfurniture.com\/es_mx\/producto\/7003\/#breadcrumb"},"inLanguage":"pt-PT","potentialAction":[{"@type":"ReadAction","target":["https:\/\/govtfurniture.com\/es_mx\/producto\/7003\/"]}]},{"@type":"ImageObject","inLanguage":"pt-PT","@id":"https:\/\/govtfurniture.com\/es_mx\/producto\/7003\/#primaryimage","url":"https:\/\/govtfurniture.com\/wp-content\/uploads\/2024\/07\/\u5929\u5e55-37.jpg","contentUrl":"https:\/\/govtfurniture.com\/wp-content\/uploads\/2024\/07\/\u5929\u5e55-37.jpg","width":1211,"height":1195,"caption":"\u5929\u5e55 37"},{"@type":"BreadcrumbList","@id":"https:\/\/govtfurniture.com\/es_mx\/producto\/7003\/#breadcrumb","itemListElement":[{"@type":"ListItem","position":1,"name":"\u9996\u9875","item":"https:\/\/govtfurniture.com\/"},{"@type":"ListItem","position":2,"name":"Product","item":"https:\/\/govtfurniture.com\/shop\/"},{"@type":"ListItem","position":3,"name":"2024 New Style high quality adjustable mesh luxury executive chair With Footrest Office Chair Ergonomic Chair"}]},{"@type":"WebSite","@id":"https:\/\/govtfurniture.com\/pt\/#website","url":"https:\/\/govtfurniture.com\/pt\/","name":"ROYAL PRIDE Furniture Co., Ltd.","description":"Government furniture customization Creating environmentally friendly, healthy and comfortable furniture products","publisher":{"@id":"https:\/\/govtfurniture.com\/pt\/#organization"},"alternateName":"huangpai Furniture","potentialAction":[{"@type":"SearchAction","target":{"@type":"EntryPoint","urlTemplate":"https:\/\/govtfurniture.com\/pt\/?s={search_term_string}"},"query-input":{"@type":"PropertyValueSpecification","valueRequired":true,"valueName":"search_term_string"}}],"inLanguage":"pt-PT"},{"@type":"Organization","@id":"https:\/\/govtfurniture.com\/pt\/#organization","name":"ROYAL PRIDE Furniture Co., Ltd.","url":"https:\/\/govtfurniture.com\/pt\/","logo":{"@type":"ImageObject","inLanguage":"pt-PT","@id":"https:\/\/govtfurniture.com\/pt\/#\/schema\/logo\/image\/","url":"https:\/\/govtfurniture.com\/wp-content\/uploads\/2024\/07\/logo3.jpg","contentUrl":"https:\/\/govtfurniture.com\/wp-content\/uploads\/2024\/07\/logo3.jpg","width":512,"height":512,"caption":"ROYAL PRIDE Furniture Co., Ltd."},"image":{"@id":"https:\/\/govtfurniture.com\/pt\/#\/schema\/logo\/image\/"},"sameAs":["https:\/\/www.facebook.com\/profile.php?id=61560913657184","https:\/\/x.com\/huangpai688","https:\/\/www.youtube.com\/@RoyalPrideFurniture","https:\/\/www.pinterest.com\/pin\/890235051338475626\/","https:\/\/www.tiktok.com\/@ryalprideofficefurniture"]}]}},"_links":{"self":[{"href":"https:\/\/govtfurniture.com\/pt\/wp-json\/wp\/v2\/product\/9819","targetHints":{"allow":["GET"]}}],"collection":[{"href":"https:\/\/govtfurniture.com\/pt\/wp-json\/wp\/v2\/product"}],"about":[{"href":"https:\/\/govtfurniture.com\/pt\/wp-json\/wp\/v2\/types\/product"}],"replies":[{"embeddable":true,"href":"https:\/\/govtfurniture.com\/pt\/wp-json\/wp\/v2\/comments?post=9819"}],"version-history":[{"count":8,"href":"https:\/\/govtfurniture.com\/pt\/wp-json\/wp\/v2\/product\/9819\/revisions"}],"predecessor-version":[{"id":10642,"href":"https:\/\/govtfurniture.com\/pt\/wp-json\/wp\/v2\/product\/9819\/revisions\/10642"}],"wp:featuredmedia":[{"embeddable":true,"href":"https:\/\/govtfurniture.com\/pt\/wp-json\/wp\/v2\/media\/9827"}],"wp:attachment":[{"href":"https:\/\/govtfurniture.com\/pt\/wp-json\/wp\/v2\/media?parent=9819"}],"wp:term":[{"taxonomy":"product_brand","embeddable":true,"href":"https:\/\/govtfurniture.com\/pt\/wp-json\/wp\/v2\/product_brand?post=9819"},{"taxonomy":"product_cat","embeddable":true,"href":"https:\/\/govtfurniture.com\/pt\/wp-json\/wp\/v2\/product_cat?post=9819"},{"taxonomy":"product_tag","embeddable":true,"href":"https:\/\/govtfurniture.com\/pt\/wp-json\/wp\/v2\/product_tag?post=9819"}],"curies":[{"name":"wp","href":"https:\/\/api.w.org\/{rel}","templated":true}]}}