{"id":11142,"date":"2024-07-18T18:29:21","date_gmt":"2024-07-18T10:29:21","guid":{"rendered":"http:\/\/govtfurniture.com\/?post_type=product&#038;p=11142"},"modified":"2024-07-19T10:20:34","modified_gmt":"2024-07-19T02:20:34","slug":"mg02","status":"publish","type":"product","link":"https:\/\/govtfurniture.com\/vi\/san-pham\/mg02\/","title":{"rendered":"B\u00e0n l\u00e0m vi\u1ec7c \u0111i\u1ec1u h\u00e0nh cao c\u1ea5p hi\u1ec7n \u0111\u1ea1i 2.8m cho CEO, b\u00e0n l\u00e0m vi\u1ec7c g\u1ed7 sang tr\u1ecdng cho s\u1ebfp"},"content":{"rendered":"<div data-elementor-type=\"product-post\" data-elementor-id=\"11142\" class=\"elementor elementor-11142\">\n\t\t\t\t\t\t<section class=\"elementor-section elementor-top-section elementor-element elementor-element-75e4f12 elementor-section-boxed elementor-section-height-default elementor-section-height-default wd-section-disabled\" data-id=\"75e4f12\" data-element_type=\"section\">\n\t\t\t\t\t\t<div class=\"elementor-container elementor-column-gap-default\">\n\t\t\t\t\t<div class=\"elementor-column elementor-col-50 elementor-top-column elementor-element elementor-element-5768363\" data-id=\"5768363\" data-element_type=\"column\">\n\t\t\t<div class=\"elementor-widget-wrap elementor-element-populated\">\n\t\t\t\t\t\t<div class=\"elementor-element elementor-element-295cc6a elementor-widget elementor-widget-wd_image_or_svg\" data-id=\"295cc6a\" data-element_type=\"widget\" data-widget_type=\"wd_image_or_svg.default\">\n\t\t\t\t<div class=\"elementor-widget-container\">\n\t\t\t\t\t\n\t\t<div class=\"wd-image text-left\">\n\t\t\t\t\t\t\t\t<img fetchpriority=\"high\" decoding=\"async\" width=\"1000\" height=\"1000\" src=\"https:\/\/govtfurniture.com\/wp-content\/uploads\/2024\/07\/\u9b45\u683c\u4e3b\u56fe03.webp\" class=\"attachment-full size-full wp-image-11095\" alt=\"Company Deluxe Conference Table\" srcset=\"https:\/\/govtfurniture.com\/wp-content\/uploads\/2024\/07\/\u9b45\u683c\u4e3b\u56fe03.webp 1000w, https:\/\/govtfurniture.com\/wp-content\/uploads\/2024\/07\/\u9b45\u683c\u4e3b\u56fe03-300x300.webp 300w, https:\/\/govtfurniture.com\/wp-content\/uploads\/2024\/07\/\u9b45\u683c\u4e3b\u56fe03-800x800.webp 800w, https:\/\/govtfurniture.com\/wp-content\/uploads\/2024\/07\/\u9b45\u683c\u4e3b\u56fe03-150x150.webp 150w, https:\/\/govtfurniture.com\/wp-content\/uploads\/2024\/07\/\u9b45\u683c\u4e3b\u56fe03-768x768.webp 768w, https:\/\/govtfurniture.com\/wp-content\/uploads\/2024\/07\/\u9b45\u683c\u4e3b\u56fe03-12x12.webp 12w, https:\/\/govtfurniture.com\/wp-content\/uploads\/2024\/07\/\u9b45\u683c\u4e3b\u56fe03-860x860.webp 860w, https:\/\/govtfurniture.com\/wp-content\/uploads\/2024\/07\/\u9b45\u683c\u4e3b\u56fe03-430x430.webp 430w, https:\/\/govtfurniture.com\/wp-content\/uploads\/2024\/07\/\u9b45\u683c\u4e3b\u56fe03-700x700.webp 700w\" sizes=\"(max-width: 1000px) 100vw, 1000px\" \/>\t\t\t\t\t<\/div>\n\n\t\t\t\t\t\t<\/div>\n\t\t\t\t<\/div>\n\t\t\t\t\t<\/div>\n\t\t<\/div>\n\t\t\t\t<div class=\"elementor-column elementor-col-50 elementor-top-column elementor-element elementor-element-7e6ca47\" data-id=\"7e6ca47\" data-element_type=\"column\">\n\t\t\t<div class=\"elementor-widget-wrap elementor-element-populated\">\n\t\t\t\t\t\t<div class=\"elementor-element elementor-element-717b8e2 elementor-widget elementor-widget-wd_image_or_svg\" data-id=\"717b8e2\" data-element_type=\"widget\" data-widget_type=\"wd_image_or_svg.default\">\n\t\t\t\t<div class=\"elementor-widget-container\">\n\t\t\t\t\t\n\t\t<div class=\"wd-image text-left\">\n\t\t\t\t\t\t\t\t<img decoding=\"async\" width=\"1000\" height=\"1000\" src=\"https:\/\/govtfurniture.com\/wp-content\/uploads\/2024\/07\/\u9b45\u683c\u4e3b\u56fe02.webp\" class=\"attachment-full size-full wp-image-11094\" alt=\"Company Deluxe Conference Table\" srcset=\"https:\/\/govtfurniture.com\/wp-content\/uploads\/2024\/07\/\u9b45\u683c\u4e3b\u56fe02.webp 1000w, https:\/\/govtfurniture.com\/wp-content\/uploads\/2024\/07\/\u9b45\u683c\u4e3b\u56fe02-300x300.webp 300w, https:\/\/govtfurniture.com\/wp-content\/uploads\/2024\/07\/\u9b45\u683c\u4e3b\u56fe02-800x800.webp 800w, https:\/\/govtfurniture.com\/wp-content\/uploads\/2024\/07\/\u9b45\u683c\u4e3b\u56fe02-150x150.webp 150w, https:\/\/govtfurniture.com\/wp-content\/uploads\/2024\/07\/\u9b45\u683c\u4e3b\u56fe02-768x768.webp 768w, https:\/\/govtfurniture.com\/wp-content\/uploads\/2024\/07\/\u9b45\u683c\u4e3b\u56fe02-12x12.webp 12w, https:\/\/govtfurniture.com\/wp-content\/uploads\/2024\/07\/\u9b45\u683c\u4e3b\u56fe02-860x860.webp 860w, https:\/\/govtfurniture.com\/wp-content\/uploads\/2024\/07\/\u9b45\u683c\u4e3b\u56fe02-430x430.webp 430w, https:\/\/govtfurniture.com\/wp-content\/uploads\/2024\/07\/\u9b45\u683c\u4e3b\u56fe02-700x700.webp 700w\" sizes=\"(max-width: 1000px) 100vw, 1000px\" \/>\t\t\t\t\t<\/div>\n\n\t\t\t\t\t\t<\/div>\n\t\t\t\t<\/div>\n\t\t\t\t\t<\/div>\n\t\t<\/div>\n\t\t\t\t\t<\/div>\n\t\t<\/section>\n\t\t\t\t<section class=\"elementor-section elementor-top-section elementor-element elementor-element-05a7482 elementor-section-boxed elementor-section-height-default elementor-section-height-default wd-section-disabled\" data-id=\"05a7482\" data-element_type=\"section\">\n\t\t\t\t\t\t<div class=\"elementor-container elementor-column-gap-default\">\n\t\t\t\t\t<div class=\"elementor-column elementor-col-50 elementor-top-column elementor-element elementor-element-1019eb3\" data-id=\"1019eb3\" data-element_type=\"column\">\n\t\t\t<div class=\"elementor-widget-wrap elementor-element-populated\">\n\t\t\t\t\t\t<div class=\"elementor-element elementor-element-dfa3f69 elementor-widget elementor-widget-wd_image_or_svg\" data-id=\"dfa3f69\" data-element_type=\"widget\" data-widget_type=\"wd_image_or_svg.default\">\n\t\t\t\t<div class=\"elementor-widget-container\">\n\t\t\t\t\t\n\t\t<div class=\"wd-image text-left\">\n\t\t\t\t\t\t\t\t<img decoding=\"async\" width=\"1000\" height=\"1000\" src=\"https:\/\/govtfurniture.com\/wp-content\/uploads\/2024\/07\/\u9b45\u683c\u4e3b\u56fe05.webp\" class=\"attachment-full size-full wp-image-11097\" alt=\"B\u00e0n tr\u00e0 cao c\u1ea5p, B\u00e0n tr\u00e0 d\u00e0nh cho doanh nghi\u1ec7p\" srcset=\"https:\/\/govtfurniture.com\/wp-content\/uploads\/2024\/07\/\u9b45\u683c\u4e3b\u56fe05.webp 1000w, https:\/\/govtfurniture.com\/wp-content\/uploads\/2024\/07\/\u9b45\u683c\u4e3b\u56fe05-300x300.webp 300w, https:\/\/govtfurniture.com\/wp-content\/uploads\/2024\/07\/\u9b45\u683c\u4e3b\u56fe05-800x800.webp 800w, https:\/\/govtfurniture.com\/wp-content\/uploads\/2024\/07\/\u9b45\u683c\u4e3b\u56fe05-150x150.webp 150w, https:\/\/govtfurniture.com\/wp-content\/uploads\/2024\/07\/\u9b45\u683c\u4e3b\u56fe05-768x768.webp 768w, https:\/\/govtfurniture.com\/wp-content\/uploads\/2024\/07\/\u9b45\u683c\u4e3b\u56fe05-12x12.webp 12w, https:\/\/govtfurniture.com\/wp-content\/uploads\/2024\/07\/\u9b45\u683c\u4e3b\u56fe05-860x860.webp 860w, https:\/\/govtfurniture.com\/wp-content\/uploads\/2024\/07\/\u9b45\u683c\u4e3b\u56fe05-430x430.webp 430w, https:\/\/govtfurniture.com\/wp-content\/uploads\/2024\/07\/\u9b45\u683c\u4e3b\u56fe05-700x700.webp 700w\" sizes=\"(max-width: 1000px) 100vw, 1000px\" \/>\t\t\t\t\t<\/div>\n\n\t\t\t\t\t\t<\/div>\n\t\t\t\t<\/div>\n\t\t\t\t\t<\/div>\n\t\t<\/div>\n\t\t\t\t<div class=\"elementor-column elementor-col-50 elementor-top-column elementor-element elementor-element-89f2bc3\" data-id=\"89f2bc3\" data-element_type=\"column\">\n\t\t\t<div class=\"elementor-widget-wrap elementor-element-populated\">\n\t\t\t\t\t\t<div class=\"elementor-element elementor-element-8683150 elementor-widget elementor-widget-wd_image_or_svg\" data-id=\"8683150\" data-element_type=\"widget\" data-widget_type=\"wd_image_or_svg.default\">\n\t\t\t\t<div class=\"elementor-widget-container\">\n\t\t\t\t\t\n\t\t<div class=\"wd-image text-left\">\n\t\t\t\t\t\t\t\t<img loading=\"lazy\" decoding=\"async\" width=\"1000\" height=\"1000\" src=\"https:\/\/govtfurniture.com\/wp-content\/uploads\/2024\/07\/\u9b45\u683c\u4e3b\u56fe04.webp\" class=\"attachment-full size-full wp-image-11096\" alt=\"B\u00e0n l\u00e0m vi\u1ec7c cao c\u1ea5p cho gi\u00e1m \u0111\u1ed1c, b\u00e0n l\u00e0m vi\u1ec7c cho t\u1ed5ng gi\u00e1m \u0111\u1ed1c, b\u00e0n l\u00e0m vi\u1ec7c cho gi\u00e1m \u0111\u1ed1c \u0111i\u1ec1u h\u00e0nh\" srcset=\"https:\/\/govtfurniture.com\/wp-content\/uploads\/2024\/07\/\u9b45\u683c\u4e3b\u56fe04.webp 1000w, https:\/\/govtfurniture.com\/wp-content\/uploads\/2024\/07\/\u9b45\u683c\u4e3b\u56fe04-300x300.webp 300w, https:\/\/govtfurniture.com\/wp-content\/uploads\/2024\/07\/\u9b45\u683c\u4e3b\u56fe04-800x800.webp 800w, https:\/\/govtfurniture.com\/wp-content\/uploads\/2024\/07\/\u9b45\u683c\u4e3b\u56fe04-150x150.webp 150w, https:\/\/govtfurniture.com\/wp-content\/uploads\/2024\/07\/\u9b45\u683c\u4e3b\u56fe04-768x768.webp 768w, https:\/\/govtfurniture.com\/wp-content\/uploads\/2024\/07\/\u9b45\u683c\u4e3b\u56fe04-12x12.webp 12w, https:\/\/govtfurniture.com\/wp-content\/uploads\/2024\/07\/\u9b45\u683c\u4e3b\u56fe04-860x860.webp 860w, https:\/\/govtfurniture.com\/wp-content\/uploads\/2024\/07\/\u9b45\u683c\u4e3b\u56fe04-430x430.webp 430w, https:\/\/govtfurniture.com\/wp-content\/uploads\/2024\/07\/\u9b45\u683c\u4e3b\u56fe04-700x700.webp 700w\" sizes=\"(max-width: 1000px) 100vw, 1000px\" \/>\t\t\t\t\t<\/div>\n\n\t\t\t\t\t\t<\/div>\n\t\t\t\t<\/div>\n\t\t\t\t\t<\/div>\n\t\t<\/div>\n\t\t\t\t\t<\/div>\n\t\t<\/section>\n\t\t\t\t<section class=\"elementor-section elementor-top-section elementor-element elementor-element-47f210f elementor-section-boxed elementor-section-height-default elementor-section-height-default wd-section-disabled\" data-id=\"47f210f\" data-element_type=\"section\">\n\t\t\t\t\t\t<div class=\"elementor-container elementor-column-gap-default\">\n\t\t\t\t\t<div class=\"elementor-column elementor-col-50 elementor-top-column elementor-element elementor-element-a2f34ad\" data-id=\"a2f34ad\" data-element_type=\"column\">\n\t\t\t<div class=\"elementor-widget-wrap elementor-element-populated\">\n\t\t\t\t\t\t<div class=\"elementor-element elementor-element-c74b494 elementor-widget elementor-widget-wd_image_or_svg\" data-id=\"c74b494\" data-element_type=\"widget\" data-widget_type=\"wd_image_or_svg.default\">\n\t\t\t\t<div class=\"elementor-widget-container\">\n\t\t\t\t\t\n\t\t<div class=\"wd-image text-left\">\n\t\t\t\t\t\t\t\t<img loading=\"lazy\" decoding=\"async\" width=\"1000\" height=\"1000\" src=\"https:\/\/govtfurniture.com\/wp-content\/uploads\/2024\/07\/\u9b45\u683c\u4e3b\u56fe07.webp\" class=\"attachment-full size-full wp-image-10995\" alt=\"B\u1ed9 b\u00e0n v\u00e0 gh\u1ebf l\u00e0m vi\u1ec7c cao c\u1ea5p cho qu\u1ea3n l\u00fd\" srcset=\"https:\/\/govtfurniture.com\/wp-content\/uploads\/2024\/07\/\u9b45\u683c\u4e3b\u56fe07.webp 1000w, https:\/\/govtfurniture.com\/wp-content\/uploads\/2024\/07\/\u9b45\u683c\u4e3b\u56fe07-300x300.webp 300w, https:\/\/govtfurniture.com\/wp-content\/uploads\/2024\/07\/\u9b45\u683c\u4e3b\u56fe07-800x800.webp 800w, https:\/\/govtfurniture.com\/wp-content\/uploads\/2024\/07\/\u9b45\u683c\u4e3b\u56fe07-150x150.webp 150w, https:\/\/govtfurniture.com\/wp-content\/uploads\/2024\/07\/\u9b45\u683c\u4e3b\u56fe07-768x768.webp 768w, https:\/\/govtfurniture.com\/wp-content\/uploads\/2024\/07\/\u9b45\u683c\u4e3b\u56fe07-12x12.webp 12w, https:\/\/govtfurniture.com\/wp-content\/uploads\/2024\/07\/\u9b45\u683c\u4e3b\u56fe07-860x860.webp 860w, https:\/\/govtfurniture.com\/wp-content\/uploads\/2024\/07\/\u9b45\u683c\u4e3b\u56fe07-430x430.webp 430w, https:\/\/govtfurniture.com\/wp-content\/uploads\/2024\/07\/\u9b45\u683c\u4e3b\u56fe07-700x700.webp 700w\" sizes=\"(max-width: 1000px) 100vw, 1000px\" \/>\t\t\t\t\t<\/div>\n\n\t\t\t\t\t\t<\/div>\n\t\t\t\t<\/div>\n\t\t\t\t\t<\/div>\n\t\t<\/div>\n\t\t\t\t<div class=\"elementor-column elementor-col-50 elementor-top-column elementor-element elementor-element-09d53b1\" data-id=\"09d53b1\" data-element_type=\"column\">\n\t\t\t<div class=\"elementor-widget-wrap elementor-element-populated\">\n\t\t\t\t\t\t<div class=\"elementor-element elementor-element-d05381e elementor-widget elementor-widget-wd_image_or_svg\" data-id=\"d05381e\" data-element_type=\"widget\" data-widget_type=\"wd_image_or_svg.default\">\n\t\t\t\t<div class=\"elementor-widget-container\">\n\t\t\t\t\t\n\t\t<div class=\"wd-image text-left\">\n\t\t\t\t\t\t\t\t<img loading=\"lazy\" decoding=\"async\" width=\"1000\" height=\"1000\" src=\"https:\/\/govtfurniture.com\/wp-content\/uploads\/2024\/07\/\u9b45\u683c\u4e3b\u56fe06.webp\" class=\"attachment-full size-full wp-image-10994\" alt=\"B\u00e0n tr\u00e0 cao c\u1ea5p, B\u00e0n tr\u00e0 d\u00e0nh cho doanh nghi\u1ec7p\" srcset=\"https:\/\/govtfurniture.com\/wp-content\/uploads\/2024\/07\/\u9b45\u683c\u4e3b\u56fe06.webp 1000w, https:\/\/govtfurniture.com\/wp-content\/uploads\/2024\/07\/\u9b45\u683c\u4e3b\u56fe06-300x300.webp 300w, https:\/\/govtfurniture.com\/wp-content\/uploads\/2024\/07\/\u9b45\u683c\u4e3b\u56fe06-800x800.webp 800w, https:\/\/govtfurniture.com\/wp-content\/uploads\/2024\/07\/\u9b45\u683c\u4e3b\u56fe06-150x150.webp 150w, https:\/\/govtfurniture.com\/wp-content\/uploads\/2024\/07\/\u9b45\u683c\u4e3b\u56fe06-768x768.webp 768w, https:\/\/govtfurniture.com\/wp-content\/uploads\/2024\/07\/\u9b45\u683c\u4e3b\u56fe06-12x12.webp 12w, https:\/\/govtfurniture.com\/wp-content\/uploads\/2024\/07\/\u9b45\u683c\u4e3b\u56fe06-860x860.webp 860w, https:\/\/govtfurniture.com\/wp-content\/uploads\/2024\/07\/\u9b45\u683c\u4e3b\u56fe06-430x430.webp 430w, https:\/\/govtfurniture.com\/wp-content\/uploads\/2024\/07\/\u9b45\u683c\u4e3b\u56fe06-700x700.webp 700w\" sizes=\"(max-width: 1000px) 100vw, 1000px\" \/>\t\t\t\t\t<\/div>\n\n\t\t\t\t\t\t<\/div>\n\t\t\t\t<\/div>\n\t\t\t\t\t<\/div>\n\t\t<\/div>\n\t\t\t\t\t<\/div>\n\t\t<\/section>\n\t\t\t\t<section class=\"elementor-section elementor-top-section elementor-element elementor-element-3a7c4d9 elementor-section-boxed elementor-section-height-default elementor-section-height-default wd-section-disabled\" data-id=\"3a7c4d9\" data-element_type=\"section\">\n\t\t\t\t\t\t<div class=\"elementor-container elementor-column-gap-default\">\n\t\t\t\t\t<div class=\"elementor-column elementor-col-100 elementor-top-column elementor-element elementor-element-49b89be\" data-id=\"49b89be\" data-element_type=\"column\">\n\t\t\t<div class=\"elementor-widget-wrap elementor-element-populated\">\n\t\t\t\t\t\t<div class=\"elementor-element elementor-element-0f2fd20 elementor-widget elementor-widget-wd_text_block\" data-id=\"0f2fd20\" data-element_type=\"widget\" data-widget_type=\"wd_text_block.default\">\n\t\t\t\t<div class=\"elementor-widget-container\">\n\t\t\t\t\t\t\t<div class=\"wd-text-block reset-last-child text-left\">\n\t\t\t\n\t\t\t<h1>We can produce and customize all kinds of office desks, office chairs, sofas, filing cabinets and other furniture. Welcome to consult.<\/h1>\n\t\t\t\t\t<\/div>\n\t\t\t\t\t\t<\/div>\n\t\t\t\t<\/div>\n\t\t\t\t\t<\/div>\n\t\t<\/div>\n\t\t\t\t\t<\/div>\n\t\t<\/section>\n\t\t\t\t<\/div>","protected":false},"excerpt":{"rendered":"<p>We can produce and customize all kinds of office desks, office chairs, sofas, filing cabinets and other furniture. Welcome to<\/p>","protected":false},"featured_media":11089,"comment_status":"open","ping_status":"closed","template":"","meta":{"_monsterinsights_skip_tracking":false,"_monsterinsights_sitenote_active":false,"_monsterinsights_sitenote_note":"","_monsterinsights_sitenote_category":0},"product_brand":[],"product_cat":[85,94,83],"product_tag":[],"class_list":{"0":"post-11142","1":"product","2":"type-product","3":"status-publish","4":"has-post-thumbnail","6":"product_cat-paperless-meeting-desk","7":"product_cat-executive-desk","8":"product_cat-executive-furniture","10":"first","11":"instock","12":"featured","13":"shipping-taxable","14":"product-type-simple"},"yoast_head":"<!-- This site is optimized with the Yoast SEO Premium plugin v23.9 (Yoast SEO v25.1) - https:\/\/yoast.com\/wordpress\/plugins\/seo\/ -->\n<title>CEO desk - Modern Luxury Office Desk- Business Desk<\/title>\n<meta name=\"description\" content=\"We specialize in the production and customization of office desks, meeting table, boss&#039;s table, office chair, filing cabinet, reception desk, and so on.\" \/>\n<meta name=\"robots\" content=\"index, follow, max-snippet:-1, max-image-preview:large, max-video-preview:-1\" \/>\n<link rel=\"canonical\" href=\"https:\/\/govtfurniture.com\/vi\/produto\/mg02\/\" \/>\n<meta property=\"og:locale\" content=\"vi_VN\" \/>\n<meta property=\"og:type\" content=\"article\" \/>\n<meta property=\"og:title\" content=\"Leadership Modern Luxury Office Executive 2.8m CEO Desk Wooden Business Desk Boss Desk\" \/>\n<meta property=\"og:description\" content=\"We specialize in the production and customization of office desks, meeting table, boss&#039;s table, office chair, filing cabinet, reception desk, and so on.\" \/>\n<meta property=\"og:url\" content=\"https:\/\/govtfurniture.com\/vi\/produto\/mg02\/\" \/>\n<meta property=\"og:site_name\" content=\"ROYAL PRIDE Furniture Co., Ltd. Global Government Furniture Manufacturing\" \/>\n<meta property=\"article:publisher\" content=\"https:\/\/www.facebook.com\/profile.php?id=61560913657184\" \/>\n<meta property=\"article:modified_time\" content=\"2024-07-19T02:20:34+00:00\" \/>\n<meta property=\"og:image\" content=\"https:\/\/govtfurniture.com\/wp-content\/uploads\/2024\/07\/\u9b45\u683c\u4e3b\u56fe97.webp\" \/>\n\t<meta property=\"og:image:width\" content=\"1000\" \/>\n\t<meta property=\"og:image:height\" content=\"1000\" \/>\n\t<meta property=\"og:image:type\" content=\"image\/webp\" \/>\n<meta name=\"twitter:card\" content=\"summary_large_image\" \/>\n<meta name=\"twitter:site\" content=\"@huangpai688\" \/>\n<meta name=\"twitter:label1\" content=\"\u01af\u1edbc t\u00ednh th\u1eddi gian \u0111\u1ecdc\" \/>\n\t<meta name=\"twitter:data1\" content=\"2 ph\u00fat\" \/>\n<script type=\"application\/ld+json\" class=\"yoast-schema-graph\">{\"@context\":\"https:\/\/schema.org\",\"@graph\":[{\"@type\":\"WebPage\",\"@id\":\"https:\/\/govtfurniture.com\/pt\/produto\/mg02\/\",\"url\":\"https:\/\/govtfurniture.com\/pt\/produto\/mg02\/\",\"name\":\"CEO desk - Modern Luxury Office Desk- Business Desk\",\"isPartOf\":{\"@id\":\"https:\/\/govtfurniture.com\/pt\/#website\"},\"primaryImageOfPage\":{\"@id\":\"https:\/\/govtfurniture.com\/pt\/produto\/mg02\/#primaryimage\"},\"image\":{\"@id\":\"https:\/\/govtfurniture.com\/pt\/produto\/mg02\/#primaryimage\"},\"thumbnailUrl\":\"https:\/\/govtfurniture.com\/wp-content\/uploads\/2024\/07\/\u9b45\u683c\u4e3b\u56fe97.webp\",\"datePublished\":\"2024-07-18T10:29:21+00:00\",\"dateModified\":\"2024-07-19T02:20:34+00:00\",\"description\":\"We specialize in the production and customization of office desks, meeting table, boss's table, office chair, filing cabinet, reception desk, and so on.\",\"breadcrumb\":{\"@id\":\"https:\/\/govtfurniture.com\/pt\/produto\/mg02\/#breadcrumb\"},\"inLanguage\":\"vi\",\"potentialAction\":[{\"@type\":\"ReadAction\",\"target\":[\"https:\/\/govtfurniture.com\/pt\/produto\/mg02\/\"]}]},{\"@type\":\"ImageObject\",\"inLanguage\":\"vi\",\"@id\":\"https:\/\/govtfurniture.com\/pt\/produto\/mg02\/#primaryimage\",\"url\":\"https:\/\/govtfurniture.com\/wp-content\/uploads\/2024\/07\/\u9b45\u683c\u4e3b\u56fe97.webp\",\"contentUrl\":\"https:\/\/govtfurniture.com\/wp-content\/uploads\/2024\/07\/\u9b45\u683c\u4e3b\u56fe97.webp\",\"width\":1000,\"height\":1000,\"caption\":\"Luxury boss desk, president desk, general manager desk\"},{\"@type\":\"BreadcrumbList\",\"@id\":\"https:\/\/govtfurniture.com\/pt\/produto\/mg02\/#breadcrumb\",\"itemListElement\":[{\"@type\":\"ListItem\",\"position\":1,\"name\":\"\u9996\u9875\",\"item\":\"https:\/\/govtfurniture.com\/\"},{\"@type\":\"ListItem\",\"position\":2,\"name\":\"Product\",\"item\":\"https:\/\/govtfurniture.com\/shop\/\"},{\"@type\":\"ListItem\",\"position\":3,\"name\":\"Leadership Modern Luxury Office Executive 2.8m CEO Desk Wooden Business Desk Boss Desk\"}]},{\"@type\":\"WebSite\",\"@id\":\"https:\/\/govtfurniture.com\/pt\/#website\",\"url\":\"https:\/\/govtfurniture.com\/pt\/\",\"name\":\"ROYAL PRIDE Furniture Co., Ltd.\",\"description\":\"Government furniture customization Creating environmentally friendly, healthy and comfortable furniture products\",\"publisher\":{\"@id\":\"https:\/\/govtfurniture.com\/pt\/#organization\"},\"alternateName\":\"huangpai Furniture\",\"potentialAction\":[{\"@type\":\"SearchAction\",\"target\":{\"@type\":\"EntryPoint\",\"urlTemplate\":\"https:\/\/govtfurniture.com\/pt\/?s={search_term_string}\"},\"query-input\":{\"@type\":\"PropertyValueSpecification\",\"valueRequired\":true,\"valueName\":\"search_term_string\"}}],\"inLanguage\":\"vi\"},{\"@type\":\"Organization\",\"@id\":\"https:\/\/govtfurniture.com\/pt\/#organization\",\"name\":\"ROYAL PRIDE Furniture Co., Ltd.\",\"url\":\"https:\/\/govtfurniture.com\/pt\/\",\"logo\":{\"@type\":\"ImageObject\",\"inLanguage\":\"vi\",\"@id\":\"https:\/\/govtfurniture.com\/pt\/#\/schema\/logo\/image\/\",\"url\":\"https:\/\/govtfurniture.com\/wp-content\/uploads\/2024\/07\/logo3.jpg\",\"contentUrl\":\"https:\/\/govtfurniture.com\/wp-content\/uploads\/2024\/07\/logo3.jpg\",\"width\":512,\"height\":512,\"caption\":\"ROYAL PRIDE Furniture Co., Ltd.\"},\"image\":{\"@id\":\"https:\/\/govtfurniture.com\/pt\/#\/schema\/logo\/image\/\"},\"sameAs\":[\"https:\/\/www.facebook.com\/profile.php?id=61560913657184\",\"https:\/\/x.com\/huangpai688\",\"https:\/\/www.youtube.com\/@RoyalPrideFurniture\",\"https:\/\/www.pinterest.com\/pin\/890235051338475626\/\",\"https:\/\/www.tiktok.com\/@ryalprideofficefurniture\"]}]}<\/script>\n<!-- \/ Yoast SEO Premium plugin. -->","yoast_head_json":{"title":"CEO desk - Modern Luxury Office Desk- Business Desk","description":"We specialize in the production and customization of office desks, meeting table, boss's table, office chair, filing cabinet, reception desk, and so on.","robots":{"index":"index","follow":"follow","max-snippet":"max-snippet:-1","max-image-preview":"max-image-preview:large","max-video-preview":"max-video-preview:-1"},"canonical":"https:\/\/govtfurniture.com\/vi\/produto\/mg02\/","og_locale":"vi_VN","og_type":"article","og_title":"Leadership Modern Luxury Office Executive 2.8m CEO Desk Wooden Business Desk Boss Desk","og_description":"We specialize in the production and customization of office desks, meeting table, boss's table, office chair, filing cabinet, reception desk, and so on.","og_url":"https:\/\/govtfurniture.com\/vi\/produto\/mg02\/","og_site_name":"ROYAL PRIDE Furniture Co., Ltd. Global Government Furniture Manufacturing","article_publisher":"https:\/\/www.facebook.com\/profile.php?id=61560913657184","article_modified_time":"2024-07-19T02:20:34+00:00","og_image":[{"width":1000,"height":1000,"url":"https:\/\/govtfurniture.com\/wp-content\/uploads\/2024\/07\/\u9b45\u683c\u4e3b\u56fe97.webp","type":"image\/webp"}],"twitter_card":"summary_large_image","twitter_site":"@huangpai688","twitter_misc":{"\u01af\u1edbc t\u00ednh th\u1eddi gian \u0111\u1ecdc":"2 ph\u00fat"},"schema":{"@context":"https:\/\/schema.org","@graph":[{"@type":"WebPage","@id":"https:\/\/govtfurniture.com\/pt\/produto\/mg02\/","url":"https:\/\/govtfurniture.com\/pt\/produto\/mg02\/","name":"CEO desk - Modern Luxury Office Desk- Business Desk","isPartOf":{"@id":"https:\/\/govtfurniture.com\/pt\/#website"},"primaryImageOfPage":{"@id":"https:\/\/govtfurniture.com\/pt\/produto\/mg02\/#primaryimage"},"image":{"@id":"https:\/\/govtfurniture.com\/pt\/produto\/mg02\/#primaryimage"},"thumbnailUrl":"https:\/\/govtfurniture.com\/wp-content\/uploads\/2024\/07\/\u9b45\u683c\u4e3b\u56fe97.webp","datePublished":"2024-07-18T10:29:21+00:00","dateModified":"2024-07-19T02:20:34+00:00","description":"We specialize in the production and customization of office desks, meeting table, boss's table, office chair, filing cabinet, reception desk, and so on.","breadcrumb":{"@id":"https:\/\/govtfurniture.com\/pt\/produto\/mg02\/#breadcrumb"},"inLanguage":"vi","potentialAction":[{"@type":"ReadAction","target":["https:\/\/govtfurniture.com\/pt\/produto\/mg02\/"]}]},{"@type":"ImageObject","inLanguage":"vi","@id":"https:\/\/govtfurniture.com\/pt\/produto\/mg02\/#primaryimage","url":"https:\/\/govtfurniture.com\/wp-content\/uploads\/2024\/07\/\u9b45\u683c\u4e3b\u56fe97.webp","contentUrl":"https:\/\/govtfurniture.com\/wp-content\/uploads\/2024\/07\/\u9b45\u683c\u4e3b\u56fe97.webp","width":1000,"height":1000,"caption":"Luxury boss desk, president desk, general manager desk"},{"@type":"BreadcrumbList","@id":"https:\/\/govtfurniture.com\/pt\/produto\/mg02\/#breadcrumb","itemListElement":[{"@type":"ListItem","position":1,"name":"\u9996\u9875","item":"https:\/\/govtfurniture.com\/"},{"@type":"ListItem","position":2,"name":"Product","item":"https:\/\/govtfurniture.com\/shop\/"},{"@type":"ListItem","position":3,"name":"Leadership Modern Luxury Office Executive 2.8m CEO Desk Wooden Business Desk Boss Desk"}]},{"@type":"WebSite","@id":"https:\/\/govtfurniture.com\/pt\/#website","url":"https:\/\/govtfurniture.com\/pt\/","name":"ROYAL PRIDE Furniture Co., Ltd.","description":"Government furniture customization Creating environmentally friendly, healthy and comfortable furniture products","publisher":{"@id":"https:\/\/govtfurniture.com\/pt\/#organization"},"alternateName":"huangpai Furniture","potentialAction":[{"@type":"SearchAction","target":{"@type":"EntryPoint","urlTemplate":"https:\/\/govtfurniture.com\/pt\/?s={search_term_string}"},"query-input":{"@type":"PropertyValueSpecification","valueRequired":true,"valueName":"search_term_string"}}],"inLanguage":"vi"},{"@type":"Organization","@id":"https:\/\/govtfurniture.com\/pt\/#organization","name":"ROYAL PRIDE Furniture Co., Ltd.","url":"https:\/\/govtfurniture.com\/pt\/","logo":{"@type":"ImageObject","inLanguage":"vi","@id":"https:\/\/govtfurniture.com\/pt\/#\/schema\/logo\/image\/","url":"https:\/\/govtfurniture.com\/wp-content\/uploads\/2024\/07\/logo3.jpg","contentUrl":"https:\/\/govtfurniture.com\/wp-content\/uploads\/2024\/07\/logo3.jpg","width":512,"height":512,"caption":"ROYAL PRIDE Furniture Co., Ltd."},"image":{"@id":"https:\/\/govtfurniture.com\/pt\/#\/schema\/logo\/image\/"},"sameAs":["https:\/\/www.facebook.com\/profile.php?id=61560913657184","https:\/\/x.com\/huangpai688","https:\/\/www.youtube.com\/@RoyalPrideFurniture","https:\/\/www.pinterest.com\/pin\/890235051338475626\/","https:\/\/www.tiktok.com\/@ryalprideofficefurniture"]}]}},"_links":{"self":[{"href":"https:\/\/govtfurniture.com\/vi\/wp-json\/wp\/v2\/product\/11142","targetHints":{"allow":["GET"]}}],"collection":[{"href":"https:\/\/govtfurniture.com\/vi\/wp-json\/wp\/v2\/product"}],"about":[{"href":"https:\/\/govtfurniture.com\/vi\/wp-json\/wp\/v2\/types\/product"}],"replies":[{"embeddable":true,"href":"https:\/\/govtfurniture.com\/vi\/wp-json\/wp\/v2\/comments?post=11142"}],"version-history":[{"count":1,"href":"https:\/\/govtfurniture.com\/vi\/wp-json\/wp\/v2\/product\/11142\/revisions"}],"predecessor-version":[{"id":11154,"href":"https:\/\/govtfurniture.com\/vi\/wp-json\/wp\/v2\/product\/11142\/revisions\/11154"}],"wp:featuredmedia":[{"embeddable":true,"href":"https:\/\/govtfurniture.com\/vi\/wp-json\/wp\/v2\/media\/11089"}],"wp:attachment":[{"href":"https:\/\/govtfurniture.com\/vi\/wp-json\/wp\/v2\/media?parent=11142"}],"wp:term":[{"taxonomy":"product_brand","embeddable":true,"href":"https:\/\/govtfurniture.com\/vi\/wp-json\/wp\/v2\/product_brand?post=11142"},{"taxonomy":"product_cat","embeddable":true,"href":"https:\/\/govtfurniture.com\/vi\/wp-json\/wp\/v2\/product_cat?post=11142"},{"taxonomy":"product_tag","embeddable":true,"href":"https:\/\/govtfurniture.com\/vi\/wp-json\/wp\/v2\/product_tag?post=11142"}],"curies":[{"name":"wp","href":"https:\/\/api.w.org\/{rel}","templated":true}]}}