{"id":11211,"date":"2024-07-19T10:54:21","date_gmt":"2024-07-19T02:54:21","guid":{"rendered":"http:\/\/govtfurniture.com\/?post_type=product&#038;p=11211"},"modified":"2024-07-19T11:02:03","modified_gmt":"2024-07-19T03:02:03","slug":"italian-style-office-furniture-high-grade-luxury-boss-desk-lightweight-and-luxurious-ceo-desk-office-desk-office-table","status":"publish","type":"product","link":"https:\/\/govtfurniture.com\/vi\/san-pham\/italian-style-office-furniture-high-grade-luxury-boss-desk-lightweight-and-luxurious-ceo-desk-office-desk-office-table\/","title":{"rendered":"B\u00e0n l\u00e0m vi\u1ec7c phong c\u00e1ch \u00dd cao c\u1ea5p, sang tr\u1ecdng, d\u00e0nh cho s\u1ebfp, nh\u1eb9 nh\u00e0ng v\u00e0 sang tr\u1ecdng, b\u00e0n l\u00e0m vi\u1ec7c cho CEO, b\u00e0n l\u00e0m vi\u1ec7c v\u0103n ph\u00f2ng, b\u00e0n l\u00e0m vi\u1ec7c."},"content":{"rendered":"<div data-elementor-type=\"product-post\" data-elementor-id=\"11211\" class=\"elementor elementor-11211\">\n\t\t\t\t\t\t<section class=\"elementor-section elementor-top-section elementor-element elementor-element-75e4f12 elementor-section-boxed elementor-section-height-default elementor-section-height-default wd-section-disabled\" data-id=\"75e4f12\" data-element_type=\"section\">\n\t\t\t\t\t\t<div class=\"elementor-container elementor-column-gap-default\">\n\t\t\t\t\t<div class=\"elementor-column elementor-col-50 elementor-top-column elementor-element elementor-element-5768363\" data-id=\"5768363\" data-element_type=\"column\">\n\t\t\t<div class=\"elementor-widget-wrap elementor-element-populated\">\n\t\t\t\t\t\t<div class=\"elementor-element elementor-element-295cc6a elementor-widget elementor-widget-wd_image_or_svg\" data-id=\"295cc6a\" data-element_type=\"widget\" data-widget_type=\"wd_image_or_svg.default\">\n\t\t\t\t<div class=\"elementor-widget-container\">\n\t\t\t\t\t\n\t\t<div class=\"wd-image text-left\">\n\t\t\t\t\t\t\t\t<img fetchpriority=\"high\" decoding=\"async\" width=\"1000\" height=\"1000\" src=\"https:\/\/govtfurniture.com\/wp-content\/uploads\/2024\/07\/\u9b45\u683c\u4e3b\u56fe41.webp\" class=\"attachment-full size-full wp-image-11030\" alt=\"B\u00e0n l\u00e0m vi\u1ec7c v\u00e0 gh\u1ebf c\u1ee7a ng\u01b0\u1eddi gi\u00e1m s\u00e1t\" srcset=\"https:\/\/govtfurniture.com\/wp-content\/uploads\/2024\/07\/\u9b45\u683c\u4e3b\u56fe41.webp 1000w, https:\/\/govtfurniture.com\/wp-content\/uploads\/2024\/07\/\u9b45\u683c\u4e3b\u56fe41-300x300.webp 300w, https:\/\/govtfurniture.com\/wp-content\/uploads\/2024\/07\/\u9b45\u683c\u4e3b\u56fe41-800x800.webp 800w, https:\/\/govtfurniture.com\/wp-content\/uploads\/2024\/07\/\u9b45\u683c\u4e3b\u56fe41-150x150.webp 150w, https:\/\/govtfurniture.com\/wp-content\/uploads\/2024\/07\/\u9b45\u683c\u4e3b\u56fe41-768x768.webp 768w, https:\/\/govtfurniture.com\/wp-content\/uploads\/2024\/07\/\u9b45\u683c\u4e3b\u56fe41-12x12.webp 12w, https:\/\/govtfurniture.com\/wp-content\/uploads\/2024\/07\/\u9b45\u683c\u4e3b\u56fe41-860x860.webp 860w, https:\/\/govtfurniture.com\/wp-content\/uploads\/2024\/07\/\u9b45\u683c\u4e3b\u56fe41-430x430.webp 430w, https:\/\/govtfurniture.com\/wp-content\/uploads\/2024\/07\/\u9b45\u683c\u4e3b\u56fe41-700x700.webp 700w\" sizes=\"(max-width: 1000px) 100vw, 1000px\" \/>\t\t\t\t\t<\/div>\n\n\t\t\t\t\t\t<\/div>\n\t\t\t\t<\/div>\n\t\t\t\t\t<\/div>\n\t\t<\/div>\n\t\t\t\t<div class=\"elementor-column elementor-col-50 elementor-top-column elementor-element elementor-element-7e6ca47\" data-id=\"7e6ca47\" data-element_type=\"column\">\n\t\t\t<div class=\"elementor-widget-wrap elementor-element-populated\">\n\t\t\t\t\t\t<div class=\"elementor-element elementor-element-717b8e2 elementor-widget elementor-widget-wd_image_or_svg\" data-id=\"717b8e2\" data-element_type=\"widget\" data-widget_type=\"wd_image_or_svg.default\">\n\t\t\t\t<div class=\"elementor-widget-container\">\n\t\t\t\t\t\n\t\t<div class=\"wd-image text-left\">\n\t\t\t\t\t\t\t\t<img decoding=\"async\" width=\"1000\" height=\"1000\" src=\"https:\/\/govtfurniture.com\/wp-content\/uploads\/2024\/07\/\u9b45\u683c\u4e3b\u56fe46.webp\" class=\"attachment-full size-full wp-image-11035\" alt=\"\u9b45\u683c\u4e3b\u56fe46\" srcset=\"https:\/\/govtfurniture.com\/wp-content\/uploads\/2024\/07\/\u9b45\u683c\u4e3b\u56fe46.webp 1000w, https:\/\/govtfurniture.com\/wp-content\/uploads\/2024\/07\/\u9b45\u683c\u4e3b\u56fe46-300x300.webp 300w, https:\/\/govtfurniture.com\/wp-content\/uploads\/2024\/07\/\u9b45\u683c\u4e3b\u56fe46-800x800.webp 800w, https:\/\/govtfurniture.com\/wp-content\/uploads\/2024\/07\/\u9b45\u683c\u4e3b\u56fe46-150x150.webp 150w, https:\/\/govtfurniture.com\/wp-content\/uploads\/2024\/07\/\u9b45\u683c\u4e3b\u56fe46-768x768.webp 768w, https:\/\/govtfurniture.com\/wp-content\/uploads\/2024\/07\/\u9b45\u683c\u4e3b\u56fe46-12x12.webp 12w, https:\/\/govtfurniture.com\/wp-content\/uploads\/2024\/07\/\u9b45\u683c\u4e3b\u56fe46-860x860.webp 860w, https:\/\/govtfurniture.com\/wp-content\/uploads\/2024\/07\/\u9b45\u683c\u4e3b\u56fe46-430x430.webp 430w, https:\/\/govtfurniture.com\/wp-content\/uploads\/2024\/07\/\u9b45\u683c\u4e3b\u56fe46-700x700.webp 700w\" sizes=\"(max-width: 1000px) 100vw, 1000px\" \/>\t\t\t\t\t<\/div>\n\n\t\t\t\t\t\t<\/div>\n\t\t\t\t<\/div>\n\t\t\t\t\t<\/div>\n\t\t<\/div>\n\t\t\t\t\t<\/div>\n\t\t<\/section>\n\t\t\t\t<section class=\"elementor-section elementor-top-section elementor-element elementor-element-05a7482 elementor-section-boxed elementor-section-height-default elementor-section-height-default wd-section-disabled\" data-id=\"05a7482\" data-element_type=\"section\">\n\t\t\t\t\t\t<div class=\"elementor-container elementor-column-gap-default\">\n\t\t\t\t\t<div class=\"elementor-column elementor-col-50 elementor-top-column elementor-element elementor-element-1019eb3\" data-id=\"1019eb3\" data-element_type=\"column\">\n\t\t\t<div class=\"elementor-widget-wrap elementor-element-populated\">\n\t\t\t\t\t\t<div class=\"elementor-element elementor-element-dfa3f69 elementor-widget elementor-widget-wd_image_or_svg\" data-id=\"dfa3f69\" data-element_type=\"widget\" data-widget_type=\"wd_image_or_svg.default\">\n\t\t\t\t<div class=\"elementor-widget-container\">\n\t\t\t\t\t\n\t\t<div class=\"wd-image text-left\">\n\t\t\t\t\t\t\t\t<img decoding=\"async\" width=\"1000\" height=\"1000\" src=\"https:\/\/govtfurniture.com\/wp-content\/uploads\/2024\/07\/\u9b45\u683c\u4e3b\u56fe48.webp\" class=\"attachment-full size-full wp-image-11037\" alt=\"\u9b45\u683c\u4e3b\u56fe48\" srcset=\"https:\/\/govtfurniture.com\/wp-content\/uploads\/2024\/07\/\u9b45\u683c\u4e3b\u56fe48.webp 1000w, https:\/\/govtfurniture.com\/wp-content\/uploads\/2024\/07\/\u9b45\u683c\u4e3b\u56fe48-300x300.webp 300w, https:\/\/govtfurniture.com\/wp-content\/uploads\/2024\/07\/\u9b45\u683c\u4e3b\u56fe48-800x800.webp 800w, https:\/\/govtfurniture.com\/wp-content\/uploads\/2024\/07\/\u9b45\u683c\u4e3b\u56fe48-150x150.webp 150w, https:\/\/govtfurniture.com\/wp-content\/uploads\/2024\/07\/\u9b45\u683c\u4e3b\u56fe48-768x768.webp 768w, https:\/\/govtfurniture.com\/wp-content\/uploads\/2024\/07\/\u9b45\u683c\u4e3b\u56fe48-12x12.webp 12w, https:\/\/govtfurniture.com\/wp-content\/uploads\/2024\/07\/\u9b45\u683c\u4e3b\u56fe48-860x860.webp 860w, https:\/\/govtfurniture.com\/wp-content\/uploads\/2024\/07\/\u9b45\u683c\u4e3b\u56fe48-430x430.webp 430w, https:\/\/govtfurniture.com\/wp-content\/uploads\/2024\/07\/\u9b45\u683c\u4e3b\u56fe48-700x700.webp 700w\" sizes=\"(max-width: 1000px) 100vw, 1000px\" \/>\t\t\t\t\t<\/div>\n\n\t\t\t\t\t\t<\/div>\n\t\t\t\t<\/div>\n\t\t\t\t\t<\/div>\n\t\t<\/div>\n\t\t\t\t<div class=\"elementor-column elementor-col-50 elementor-top-column elementor-element elementor-element-89f2bc3\" data-id=\"89f2bc3\" data-element_type=\"column\">\n\t\t\t<div class=\"elementor-widget-wrap elementor-element-populated\">\n\t\t\t\t\t\t<div class=\"elementor-element elementor-element-8683150 elementor-widget elementor-widget-wd_image_or_svg\" data-id=\"8683150\" data-element_type=\"widget\" data-widget_type=\"wd_image_or_svg.default\">\n\t\t\t\t<div class=\"elementor-widget-container\">\n\t\t\t\t\t\n\t\t<div class=\"wd-image text-left\">\n\t\t\t\t\t\t\t\t<img loading=\"lazy\" decoding=\"async\" width=\"1000\" height=\"1000\" src=\"https:\/\/govtfurniture.com\/wp-content\/uploads\/2024\/07\/\u9b45\u683c\u4e3b\u56fe49.webp\" class=\"attachment-full size-full wp-image-11038\" alt=\"\u9b45\u683c\u4e3b\u56fe49\" srcset=\"https:\/\/govtfurniture.com\/wp-content\/uploads\/2024\/07\/\u9b45\u683c\u4e3b\u56fe49.webp 1000w, https:\/\/govtfurniture.com\/wp-content\/uploads\/2024\/07\/\u9b45\u683c\u4e3b\u56fe49-300x300.webp 300w, https:\/\/govtfurniture.com\/wp-content\/uploads\/2024\/07\/\u9b45\u683c\u4e3b\u56fe49-800x800.webp 800w, https:\/\/govtfurniture.com\/wp-content\/uploads\/2024\/07\/\u9b45\u683c\u4e3b\u56fe49-150x150.webp 150w, https:\/\/govtfurniture.com\/wp-content\/uploads\/2024\/07\/\u9b45\u683c\u4e3b\u56fe49-768x768.webp 768w, https:\/\/govtfurniture.com\/wp-content\/uploads\/2024\/07\/\u9b45\u683c\u4e3b\u56fe49-12x12.webp 12w, https:\/\/govtfurniture.com\/wp-content\/uploads\/2024\/07\/\u9b45\u683c\u4e3b\u56fe49-860x860.webp 860w, https:\/\/govtfurniture.com\/wp-content\/uploads\/2024\/07\/\u9b45\u683c\u4e3b\u56fe49-430x430.webp 430w, https:\/\/govtfurniture.com\/wp-content\/uploads\/2024\/07\/\u9b45\u683c\u4e3b\u56fe49-700x700.webp 700w\" sizes=\"(max-width: 1000px) 100vw, 1000px\" \/>\t\t\t\t\t<\/div>\n\n\t\t\t\t\t\t<\/div>\n\t\t\t\t<\/div>\n\t\t\t\t\t<\/div>\n\t\t<\/div>\n\t\t\t\t\t<\/div>\n\t\t<\/section>\n\t\t\t\t<section class=\"elementor-section elementor-top-section elementor-element elementor-element-3a7c4d9 elementor-section-boxed elementor-section-height-default elementor-section-height-default wd-section-disabled\" data-id=\"3a7c4d9\" data-element_type=\"section\">\n\t\t\t\t\t\t<div class=\"elementor-container elementor-column-gap-default\">\n\t\t\t\t\t<div class=\"elementor-column elementor-col-100 elementor-top-column elementor-element elementor-element-49b89be\" data-id=\"49b89be\" data-element_type=\"column\">\n\t\t\t<div class=\"elementor-widget-wrap elementor-element-populated\">\n\t\t\t\t\t\t<div class=\"elementor-element elementor-element-0f2fd20 elementor-widget elementor-widget-wd_text_block\" data-id=\"0f2fd20\" data-element_type=\"widget\" data-widget_type=\"wd_text_block.default\">\n\t\t\t\t<div class=\"elementor-widget-container\">\n\t\t\t\t\t\t\t<div class=\"wd-text-block reset-last-child text-left\">\n\t\t\t\n\t\t\t<h1>We can produce and customize all kinds of office desks, office chairs, sofas, filing cabinets and other furniture. Welcome to consult.<\/h1>\n\t\t\t\t\t<\/div>\n\t\t\t\t\t\t<\/div>\n\t\t\t\t<\/div>\n\t\t\t\t\t<\/div>\n\t\t<\/div>\n\t\t\t\t\t<\/div>\n\t\t<\/section>\n\t\t\t\t<\/div>","protected":false},"excerpt":{"rendered":"<p>We can produce and customize all kinds of office desks, office chairs, sofas, filing cabinets and other furniture. Welcome to<\/p>","protected":false},"featured_media":11033,"comment_status":"open","ping_status":"closed","template":"","meta":{"_monsterinsights_skip_tracking":false,"_monsterinsights_sitenote_active":false,"_monsterinsights_sitenote_note":"","_monsterinsights_sitenote_category":0},"product_brand":[],"product_cat":[85,94,83],"product_tag":[],"class_list":{"0":"post-11211","1":"product","2":"type-product","3":"status-publish","4":"has-post-thumbnail","6":"product_cat-paperless-meeting-desk","7":"product_cat-executive-desk","8":"product_cat-executive-furniture","10":"first","11":"instock","12":"featured","13":"shipping-taxable","14":"product-type-simple"},"yoast_head":"<!-- This site is optimized with the Yoast SEO Premium plugin v23.9 (Yoast SEO v25.1) - https:\/\/yoast.com\/wordpress\/plugins\/seo\/ -->\n<title>CEO desk - Italian style Office furniture- high-grade luxury boss desk<\/title>\n<meta name=\"description\" content=\"We specialize in the production and customization of office desks, meeting table, boss&#039;s table, office chair, filing cabinet, reception desk, and so on.\" \/>\n<meta name=\"robots\" content=\"index, follow, max-snippet:-1, max-image-preview:large, max-video-preview:-1\" \/>\n<link rel=\"canonical\" href=\"https:\/\/govtfurniture.com\/vi\/\u4ea7\u54c1\/\u610f\u5927\u5229\u5f0f\u529e\u516c\u5bb6\u5177-\u9ad8\u6863\u8c6a\u534e\u8001\u677f\u684c-\u8f7b\u5de7\u8c6a\u534e-ceo-\u529e\u516c\/\" \/>\n<meta property=\"og:locale\" content=\"vi_VN\" \/>\n<meta property=\"og:type\" content=\"article\" \/>\n<meta property=\"og:title\" content=\"Italian style Office furniture high-grade luxury boss desk lightweight and luxurious ceo desk office desk office table\" \/>\n<meta property=\"og:description\" content=\"We specialize in the production and customization of office desks, meeting table, boss&#039;s table, office chair, filing cabinet, reception desk, and so on.\" \/>\n<meta property=\"og:url\" content=\"https:\/\/govtfurniture.com\/vi\/\u4ea7\u54c1\/\u610f\u5927\u5229\u5f0f\u529e\u516c\u5bb6\u5177-\u9ad8\u6863\u8c6a\u534e\u8001\u677f\u684c-\u8f7b\u5de7\u8c6a\u534e-ceo-\u529e\u516c\/\" \/>\n<meta property=\"og:site_name\" content=\"ROYAL PRIDE Furniture Co., Ltd. Global Government Furniture Manufacturing\" \/>\n<meta property=\"article:publisher\" content=\"https:\/\/www.facebook.com\/profile.php?id=61560913657184\" \/>\n<meta property=\"article:modified_time\" content=\"2024-07-19T03:02:03+00:00\" \/>\n<meta property=\"og:image\" content=\"https:\/\/govtfurniture.com\/wp-content\/uploads\/2024\/07\/\u9b45\u683c\u4e3b\u56fe44.webp\" \/>\n\t<meta property=\"og:image:width\" content=\"1000\" \/>\n\t<meta property=\"og:image:height\" content=\"1000\" \/>\n\t<meta property=\"og:image:type\" content=\"image\/webp\" \/>\n<meta name=\"twitter:card\" content=\"summary_large_image\" \/>\n<meta name=\"twitter:site\" content=\"@huangpai688\" \/>\n<meta name=\"twitter:label1\" content=\"\u01af\u1edbc t\u00ednh th\u1eddi gian \u0111\u1ecdc\" \/>\n\t<meta name=\"twitter:data1\" content=\"2 ph\u00fat\" \/>\n<script type=\"application\/ld+json\" class=\"yoast-schema-graph\">{\"@context\":\"https:\/\/schema.org\",\"@graph\":[{\"@type\":\"WebPage\",\"@id\":\"https:\/\/govtfurniture.com\/zh\/\u4ea7\u54c1\/\u610f\u5927\u5229\u5f0f\u529e\u516c\u5bb6\u5177-\u9ad8\u6863\u8c6a\u534e\u8001\u677f\u684c-\u8f7b\u5de7\u8c6a\u534e-ceo-\u529e\u516c\/\",\"url\":\"https:\/\/govtfurniture.com\/zh\/\u4ea7\u54c1\/\u610f\u5927\u5229\u5f0f\u529e\u516c\u5bb6\u5177-\u9ad8\u6863\u8c6a\u534e\u8001\u677f\u684c-\u8f7b\u5de7\u8c6a\u534e-ceo-\u529e\u516c\/\",\"name\":\"CEO desk - Italian style Office furniture- high-grade luxury boss desk\",\"isPartOf\":{\"@id\":\"https:\/\/govtfurniture.com\/pt\/#website\"},\"primaryImageOfPage\":{\"@id\":\"https:\/\/govtfurniture.com\/zh\/\u4ea7\u54c1\/\u610f\u5927\u5229\u5f0f\u529e\u516c\u5bb6\u5177-\u9ad8\u6863\u8c6a\u534e\u8001\u677f\u684c-\u8f7b\u5de7\u8c6a\u534e-ceo-\u529e\u516c\/#primaryimage\"},\"image\":{\"@id\":\"https:\/\/govtfurniture.com\/zh\/\u4ea7\u54c1\/\u610f\u5927\u5229\u5f0f\u529e\u516c\u5bb6\u5177-\u9ad8\u6863\u8c6a\u534e\u8001\u677f\u684c-\u8f7b\u5de7\u8c6a\u534e-ceo-\u529e\u516c\/#primaryimage\"},\"thumbnailUrl\":\"https:\/\/govtfurniture.com\/wp-content\/uploads\/2024\/07\/\u9b45\u683c\u4e3b\u56fe44.webp\",\"datePublished\":\"2024-07-19T02:54:21+00:00\",\"dateModified\":\"2024-07-19T03:02:03+00:00\",\"description\":\"We specialize in the production and customization of office desks, meeting table, boss's table, office chair, filing cabinet, reception desk, and so on.\",\"breadcrumb\":{\"@id\":\"https:\/\/govtfurniture.com\/zh\/\u4ea7\u54c1\/\u610f\u5927\u5229\u5f0f\u529e\u516c\u5bb6\u5177-\u9ad8\u6863\u8c6a\u534e\u8001\u677f\u684c-\u8f7b\u5de7\u8c6a\u534e-ceo-\u529e\u516c\/#breadcrumb\"},\"inLanguage\":\"vi\",\"potentialAction\":[{\"@type\":\"ReadAction\",\"target\":[\"https:\/\/govtfurniture.com\/zh\/\u4ea7\u54c1\/\u610f\u5927\u5229\u5f0f\u529e\u516c\u5bb6\u5177-\u9ad8\u6863\u8c6a\u534e\u8001\u677f\u684c-\u8f7b\u5de7\u8c6a\u534e-ceo-\u529e\u516c\/\"]}]},{\"@type\":\"ImageObject\",\"inLanguage\":\"vi\",\"@id\":\"https:\/\/govtfurniture.com\/zh\/\u4ea7\u54c1\/\u610f\u5927\u5229\u5f0f\u529e\u516c\u5bb6\u5177-\u9ad8\u6863\u8c6a\u534e\u8001\u677f\u684c-\u8f7b\u5de7\u8c6a\u534e-ceo-\u529e\u516c\/#primaryimage\",\"url\":\"https:\/\/govtfurniture.com\/wp-content\/uploads\/2024\/07\/\u9b45\u683c\u4e3b\u56fe44.webp\",\"contentUrl\":\"https:\/\/govtfurniture.com\/wp-content\/uploads\/2024\/07\/\u9b45\u683c\u4e3b\u56fe44.webp\",\"width\":1000,\"height\":1000,\"caption\":\"\u9b45\u683c\u4e3b\u56fe44\"},{\"@type\":\"BreadcrumbList\",\"@id\":\"https:\/\/govtfurniture.com\/zh\/\u4ea7\u54c1\/\u610f\u5927\u5229\u5f0f\u529e\u516c\u5bb6\u5177-\u9ad8\u6863\u8c6a\u534e\u8001\u677f\u684c-\u8f7b\u5de7\u8c6a\u534e-ceo-\u529e\u516c\/#breadcrumb\",\"itemListElement\":[{\"@type\":\"ListItem\",\"position\":1,\"name\":\"\u9996\u9875\",\"item\":\"https:\/\/govtfurniture.com\/\"},{\"@type\":\"ListItem\",\"position\":2,\"name\":\"Product\",\"item\":\"https:\/\/govtfurniture.com\/shop\/\"},{\"@type\":\"ListItem\",\"position\":3,\"name\":\"Italian style Office furniture high-grade luxury boss desk lightweight and luxurious ceo desk office desk office table\"}]},{\"@type\":\"WebSite\",\"@id\":\"https:\/\/govtfurniture.com\/pt\/#website\",\"url\":\"https:\/\/govtfurniture.com\/pt\/\",\"name\":\"ROYAL PRIDE Furniture Co., Ltd.\",\"description\":\"Government furniture customization Creating environmentally friendly, healthy and comfortable furniture products\",\"publisher\":{\"@id\":\"https:\/\/govtfurniture.com\/pt\/#organization\"},\"alternateName\":\"huangpai Furniture\",\"potentialAction\":[{\"@type\":\"SearchAction\",\"target\":{\"@type\":\"EntryPoint\",\"urlTemplate\":\"https:\/\/govtfurniture.com\/pt\/?s={search_term_string}\"},\"query-input\":{\"@type\":\"PropertyValueSpecification\",\"valueRequired\":true,\"valueName\":\"search_term_string\"}}],\"inLanguage\":\"vi\"},{\"@type\":\"Organization\",\"@id\":\"https:\/\/govtfurniture.com\/pt\/#organization\",\"name\":\"ROYAL PRIDE Furniture Co., Ltd.\",\"url\":\"https:\/\/govtfurniture.com\/pt\/\",\"logo\":{\"@type\":\"ImageObject\",\"inLanguage\":\"vi\",\"@id\":\"https:\/\/govtfurniture.com\/pt\/#\/schema\/logo\/image\/\",\"url\":\"https:\/\/govtfurniture.com\/wp-content\/uploads\/2024\/07\/logo3.jpg\",\"contentUrl\":\"https:\/\/govtfurniture.com\/wp-content\/uploads\/2024\/07\/logo3.jpg\",\"width\":512,\"height\":512,\"caption\":\"ROYAL PRIDE Furniture Co., Ltd.\"},\"image\":{\"@id\":\"https:\/\/govtfurniture.com\/pt\/#\/schema\/logo\/image\/\"},\"sameAs\":[\"https:\/\/www.facebook.com\/profile.php?id=61560913657184\",\"https:\/\/x.com\/huangpai688\",\"https:\/\/www.youtube.com\/@RoyalPrideFurniture\",\"https:\/\/www.pinterest.com\/pin\/890235051338475626\/\",\"https:\/\/www.tiktok.com\/@ryalprideofficefurniture\"]}]}<\/script>\n<!-- \/ Yoast SEO Premium plugin. -->","yoast_head_json":{"title":"CEO desk - Italian style Office furniture- high-grade luxury boss desk","description":"We specialize in the production and customization of office desks, meeting table, boss's table, office chair, filing cabinet, reception desk, and so on.","robots":{"index":"index","follow":"follow","max-snippet":"max-snippet:-1","max-image-preview":"max-image-preview:large","max-video-preview":"max-video-preview:-1"},"canonical":"https:\/\/govtfurniture.com\/vi\/\u4ea7\u54c1\/\u610f\u5927\u5229\u5f0f\u529e\u516c\u5bb6\u5177-\u9ad8\u6863\u8c6a\u534e\u8001\u677f\u684c-\u8f7b\u5de7\u8c6a\u534e-ceo-\u529e\u516c\/","og_locale":"vi_VN","og_type":"article","og_title":"Italian style Office furniture high-grade luxury boss desk lightweight and luxurious ceo desk office desk office table","og_description":"We specialize in the production and customization of office desks, meeting table, boss's table, office chair, filing cabinet, reception desk, and so on.","og_url":"https:\/\/govtfurniture.com\/vi\/\u4ea7\u54c1\/\u610f\u5927\u5229\u5f0f\u529e\u516c\u5bb6\u5177-\u9ad8\u6863\u8c6a\u534e\u8001\u677f\u684c-\u8f7b\u5de7\u8c6a\u534e-ceo-\u529e\u516c\/","og_site_name":"ROYAL PRIDE Furniture Co., Ltd. Global Government Furniture Manufacturing","article_publisher":"https:\/\/www.facebook.com\/profile.php?id=61560913657184","article_modified_time":"2024-07-19T03:02:03+00:00","og_image":[{"width":1000,"height":1000,"url":"https:\/\/govtfurniture.com\/wp-content\/uploads\/2024\/07\/\u9b45\u683c\u4e3b\u56fe44.webp","type":"image\/webp"}],"twitter_card":"summary_large_image","twitter_site":"@huangpai688","twitter_misc":{"\u01af\u1edbc t\u00ednh th\u1eddi gian \u0111\u1ecdc":"2 ph\u00fat"},"schema":{"@context":"https:\/\/schema.org","@graph":[{"@type":"WebPage","@id":"https:\/\/govtfurniture.com\/zh\/\u4ea7\u54c1\/\u610f\u5927\u5229\u5f0f\u529e\u516c\u5bb6\u5177-\u9ad8\u6863\u8c6a\u534e\u8001\u677f\u684c-\u8f7b\u5de7\u8c6a\u534e-ceo-\u529e\u516c\/","url":"https:\/\/govtfurniture.com\/zh\/\u4ea7\u54c1\/\u610f\u5927\u5229\u5f0f\u529e\u516c\u5bb6\u5177-\u9ad8\u6863\u8c6a\u534e\u8001\u677f\u684c-\u8f7b\u5de7\u8c6a\u534e-ceo-\u529e\u516c\/","name":"CEO desk - Italian style Office furniture- high-grade luxury boss desk","isPartOf":{"@id":"https:\/\/govtfurniture.com\/pt\/#website"},"primaryImageOfPage":{"@id":"https:\/\/govtfurniture.com\/zh\/\u4ea7\u54c1\/\u610f\u5927\u5229\u5f0f\u529e\u516c\u5bb6\u5177-\u9ad8\u6863\u8c6a\u534e\u8001\u677f\u684c-\u8f7b\u5de7\u8c6a\u534e-ceo-\u529e\u516c\/#primaryimage"},"image":{"@id":"https:\/\/govtfurniture.com\/zh\/\u4ea7\u54c1\/\u610f\u5927\u5229\u5f0f\u529e\u516c\u5bb6\u5177-\u9ad8\u6863\u8c6a\u534e\u8001\u677f\u684c-\u8f7b\u5de7\u8c6a\u534e-ceo-\u529e\u516c\/#primaryimage"},"thumbnailUrl":"https:\/\/govtfurniture.com\/wp-content\/uploads\/2024\/07\/\u9b45\u683c\u4e3b\u56fe44.webp","datePublished":"2024-07-19T02:54:21+00:00","dateModified":"2024-07-19T03:02:03+00:00","description":"We specialize in the production and customization of office desks, meeting table, boss's table, office chair, filing cabinet, reception desk, and so on.","breadcrumb":{"@id":"https:\/\/govtfurniture.com\/zh\/\u4ea7\u54c1\/\u610f\u5927\u5229\u5f0f\u529e\u516c\u5bb6\u5177-\u9ad8\u6863\u8c6a\u534e\u8001\u677f\u684c-\u8f7b\u5de7\u8c6a\u534e-ceo-\u529e\u516c\/#breadcrumb"},"inLanguage":"vi","potentialAction":[{"@type":"ReadAction","target":["https:\/\/govtfurniture.com\/zh\/\u4ea7\u54c1\/\u610f\u5927\u5229\u5f0f\u529e\u516c\u5bb6\u5177-\u9ad8\u6863\u8c6a\u534e\u8001\u677f\u684c-\u8f7b\u5de7\u8c6a\u534e-ceo-\u529e\u516c\/"]}]},{"@type":"ImageObject","inLanguage":"vi","@id":"https:\/\/govtfurniture.com\/zh\/\u4ea7\u54c1\/\u610f\u5927\u5229\u5f0f\u529e\u516c\u5bb6\u5177-\u9ad8\u6863\u8c6a\u534e\u8001\u677f\u684c-\u8f7b\u5de7\u8c6a\u534e-ceo-\u529e\u516c\/#primaryimage","url":"https:\/\/govtfurniture.com\/wp-content\/uploads\/2024\/07\/\u9b45\u683c\u4e3b\u56fe44.webp","contentUrl":"https:\/\/govtfurniture.com\/wp-content\/uploads\/2024\/07\/\u9b45\u683c\u4e3b\u56fe44.webp","width":1000,"height":1000,"caption":"\u9b45\u683c\u4e3b\u56fe44"},{"@type":"BreadcrumbList","@id":"https:\/\/govtfurniture.com\/zh\/\u4ea7\u54c1\/\u610f\u5927\u5229\u5f0f\u529e\u516c\u5bb6\u5177-\u9ad8\u6863\u8c6a\u534e\u8001\u677f\u684c-\u8f7b\u5de7\u8c6a\u534e-ceo-\u529e\u516c\/#breadcrumb","itemListElement":[{"@type":"ListItem","position":1,"name":"\u9996\u9875","item":"https:\/\/govtfurniture.com\/"},{"@type":"ListItem","position":2,"name":"Product","item":"https:\/\/govtfurniture.com\/shop\/"},{"@type":"ListItem","position":3,"name":"Italian style Office furniture high-grade luxury boss desk lightweight and luxurious ceo desk office desk office table"}]},{"@type":"WebSite","@id":"https:\/\/govtfurniture.com\/pt\/#website","url":"https:\/\/govtfurniture.com\/pt\/","name":"ROYAL PRIDE Furniture Co., Ltd.","description":"Government furniture customization Creating environmentally friendly, healthy and comfortable furniture products","publisher":{"@id":"https:\/\/govtfurniture.com\/pt\/#organization"},"alternateName":"huangpai Furniture","potentialAction":[{"@type":"SearchAction","target":{"@type":"EntryPoint","urlTemplate":"https:\/\/govtfurniture.com\/pt\/?s={search_term_string}"},"query-input":{"@type":"PropertyValueSpecification","valueRequired":true,"valueName":"search_term_string"}}],"inLanguage":"vi"},{"@type":"Organization","@id":"https:\/\/govtfurniture.com\/pt\/#organization","name":"ROYAL PRIDE Furniture Co., Ltd.","url":"https:\/\/govtfurniture.com\/pt\/","logo":{"@type":"ImageObject","inLanguage":"vi","@id":"https:\/\/govtfurniture.com\/pt\/#\/schema\/logo\/image\/","url":"https:\/\/govtfurniture.com\/wp-content\/uploads\/2024\/07\/logo3.jpg","contentUrl":"https:\/\/govtfurniture.com\/wp-content\/uploads\/2024\/07\/logo3.jpg","width":512,"height":512,"caption":"ROYAL PRIDE Furniture Co., Ltd."},"image":{"@id":"https:\/\/govtfurniture.com\/pt\/#\/schema\/logo\/image\/"},"sameAs":["https:\/\/www.facebook.com\/profile.php?id=61560913657184","https:\/\/x.com\/huangpai688","https:\/\/www.youtube.com\/@RoyalPrideFurniture","https:\/\/www.pinterest.com\/pin\/890235051338475626\/","https:\/\/www.tiktok.com\/@ryalprideofficefurniture"]}]}},"_links":{"self":[{"href":"https:\/\/govtfurniture.com\/vi\/wp-json\/wp\/v2\/product\/11211","targetHints":{"allow":["GET"]}}],"collection":[{"href":"https:\/\/govtfurniture.com\/vi\/wp-json\/wp\/v2\/product"}],"about":[{"href":"https:\/\/govtfurniture.com\/vi\/wp-json\/wp\/v2\/types\/product"}],"replies":[{"embeddable":true,"href":"https:\/\/govtfurniture.com\/vi\/wp-json\/wp\/v2\/comments?post=11211"}],"version-history":[{"count":5,"href":"https:\/\/govtfurniture.com\/vi\/wp-json\/wp\/v2\/product\/11211\/revisions"}],"predecessor-version":[{"id":11217,"href":"https:\/\/govtfurniture.com\/vi\/wp-json\/wp\/v2\/product\/11211\/revisions\/11217"}],"wp:featuredmedia":[{"embeddable":true,"href":"https:\/\/govtfurniture.com\/vi\/wp-json\/wp\/v2\/media\/11033"}],"wp:attachment":[{"href":"https:\/\/govtfurniture.com\/vi\/wp-json\/wp\/v2\/media?parent=11211"}],"wp:term":[{"taxonomy":"product_brand","embeddable":true,"href":"https:\/\/govtfurniture.com\/vi\/wp-json\/wp\/v2\/product_brand?post=11211"},{"taxonomy":"product_cat","embeddable":true,"href":"https:\/\/govtfurniture.com\/vi\/wp-json\/wp\/v2\/product_cat?post=11211"},{"taxonomy":"product_tag","embeddable":true,"href":"https:\/\/govtfurniture.com\/vi\/wp-json\/wp\/v2\/product_tag?post=11211"}],"curies":[{"name":"wp","href":"https:\/\/api.w.org\/{rel}","templated":true}]}}