{"id":11218,"date":"2024-07-19T11:07:52","date_gmt":"2024-07-19T03:07:52","guid":{"rendered":"http:\/\/govtfurniture.com\/?post_type=product&#038;p=11218"},"modified":"2024-07-19T11:17:56","modified_gmt":"2024-07-19T03:17:56","slug":"mg05","status":"publish","type":"product","link":"https:\/\/govtfurniture.com\/vi\/san-pham\/mg05\/","title":{"rendered":"N\u1ed9i th\u1ea5t v\u0103n ph\u00f2ng cao c\u1ea5p cho CEO b\u00e1n ch\u1ea1y nh\u1ea5t l\u00e0m t\u1eeb MDF c\u00f3 th\u1ec3 \u0111\u01b0\u1ee3c t\u00f9y ch\u1ec9nh v\u1edbi c\u00e1c ng\u0103n k\u00e9o h\u00ecnh ch\u1eef L \u0111a n\u0103ng v\u00e0 b\u00e0n l\u00e0m vi\u1ec7c cho s\u1ebfp."},"content":{"rendered":"<div data-elementor-type=\"product-post\" data-elementor-id=\"11218\" class=\"elementor elementor-11218\">\n\t\t\t\t\t\t<section class=\"elementor-section elementor-top-section elementor-element elementor-element-75e4f12 elementor-section-boxed elementor-section-height-default elementor-section-height-default wd-section-disabled\" data-id=\"75e4f12\" data-element_type=\"section\">\n\t\t\t\t\t\t<div class=\"elementor-container elementor-column-gap-default\">\n\t\t\t\t\t<div class=\"elementor-column elementor-col-50 elementor-top-column elementor-element elementor-element-5768363\" data-id=\"5768363\" data-element_type=\"column\">\n\t\t\t<div class=\"elementor-widget-wrap elementor-element-populated\">\n\t\t\t\t\t\t<div class=\"elementor-element elementor-element-295cc6a elementor-widget elementor-widget-wd_image_or_svg\" data-id=\"295cc6a\" data-element_type=\"widget\" data-widget_type=\"wd_image_or_svg.default\">\n\t\t\t\t<div class=\"elementor-widget-container\">\n\t\t\t\t\t\n\t\t<div class=\"wd-image text-left\">\n\t\t\t\t\t\t\t\t<img fetchpriority=\"high\" decoding=\"async\" width=\"1000\" height=\"1000\" src=\"https:\/\/govtfurniture.com\/wp-content\/uploads\/2024\/07\/\u9b45\u683c\u4e3b\u56fe60.webp\" class=\"attachment-full size-full wp-image-11052\" alt=\"B\u1ed9 b\u00e0n v\u00e0 gh\u1ebf l\u00e0m vi\u1ec7c cao c\u1ea5p cho qu\u1ea3n l\u00fd\" srcset=\"https:\/\/govtfurniture.com\/wp-content\/uploads\/2024\/07\/\u9b45\u683c\u4e3b\u56fe60.webp 1000w, https:\/\/govtfurniture.com\/wp-content\/uploads\/2024\/07\/\u9b45\u683c\u4e3b\u56fe60-300x300.webp 300w, https:\/\/govtfurniture.com\/wp-content\/uploads\/2024\/07\/\u9b45\u683c\u4e3b\u56fe60-800x800.webp 800w, https:\/\/govtfurniture.com\/wp-content\/uploads\/2024\/07\/\u9b45\u683c\u4e3b\u56fe60-150x150.webp 150w, https:\/\/govtfurniture.com\/wp-content\/uploads\/2024\/07\/\u9b45\u683c\u4e3b\u56fe60-768x768.webp 768w, https:\/\/govtfurniture.com\/wp-content\/uploads\/2024\/07\/\u9b45\u683c\u4e3b\u56fe60-12x12.webp 12w, https:\/\/govtfurniture.com\/wp-content\/uploads\/2024\/07\/\u9b45\u683c\u4e3b\u56fe60-860x860.webp 860w, https:\/\/govtfurniture.com\/wp-content\/uploads\/2024\/07\/\u9b45\u683c\u4e3b\u56fe60-430x430.webp 430w, https:\/\/govtfurniture.com\/wp-content\/uploads\/2024\/07\/\u9b45\u683c\u4e3b\u56fe60-700x700.webp 700w\" sizes=\"(max-width: 1000px) 100vw, 1000px\" \/>\t\t\t\t\t<\/div>\n\n\t\t\t\t\t\t<\/div>\n\t\t\t\t<\/div>\n\t\t\t\t\t<\/div>\n\t\t<\/div>\n\t\t\t\t<div class=\"elementor-column elementor-col-50 elementor-top-column elementor-element elementor-element-7e6ca47\" data-id=\"7e6ca47\" data-element_type=\"column\">\n\t\t\t<div class=\"elementor-widget-wrap elementor-element-populated\">\n\t\t\t\t\t\t<div class=\"elementor-element elementor-element-717b8e2 elementor-widget elementor-widget-wd_image_or_svg\" data-id=\"717b8e2\" data-element_type=\"widget\" data-widget_type=\"wd_image_or_svg.default\">\n\t\t\t\t<div class=\"elementor-widget-container\">\n\t\t\t\t\t\n\t\t<div class=\"wd-image text-left\">\n\t\t\t\t\t\t\t\t<img decoding=\"async\" width=\"1000\" height=\"1000\" src=\"https:\/\/govtfurniture.com\/wp-content\/uploads\/2024\/07\/\u9b45\u683c\u4e3b\u56fe59.webp\" class=\"attachment-full size-full wp-image-11051\" alt=\"B\u1ed9 b\u00e0n v\u00e0 gh\u1ebf l\u00e0m vi\u1ec7c cao c\u1ea5p cho qu\u1ea3n l\u00fd\" srcset=\"https:\/\/govtfurniture.com\/wp-content\/uploads\/2024\/07\/\u9b45\u683c\u4e3b\u56fe59.webp 1000w, https:\/\/govtfurniture.com\/wp-content\/uploads\/2024\/07\/\u9b45\u683c\u4e3b\u56fe59-300x300.webp 300w, https:\/\/govtfurniture.com\/wp-content\/uploads\/2024\/07\/\u9b45\u683c\u4e3b\u56fe59-800x800.webp 800w, https:\/\/govtfurniture.com\/wp-content\/uploads\/2024\/07\/\u9b45\u683c\u4e3b\u56fe59-150x150.webp 150w, https:\/\/govtfurniture.com\/wp-content\/uploads\/2024\/07\/\u9b45\u683c\u4e3b\u56fe59-768x768.webp 768w, https:\/\/govtfurniture.com\/wp-content\/uploads\/2024\/07\/\u9b45\u683c\u4e3b\u56fe59-12x12.webp 12w, https:\/\/govtfurniture.com\/wp-content\/uploads\/2024\/07\/\u9b45\u683c\u4e3b\u56fe59-860x860.webp 860w, https:\/\/govtfurniture.com\/wp-content\/uploads\/2024\/07\/\u9b45\u683c\u4e3b\u56fe59-430x430.webp 430w, https:\/\/govtfurniture.com\/wp-content\/uploads\/2024\/07\/\u9b45\u683c\u4e3b\u56fe59-700x700.webp 700w\" sizes=\"(max-width: 1000px) 100vw, 1000px\" \/>\t\t\t\t\t<\/div>\n\n\t\t\t\t\t\t<\/div>\n\t\t\t\t<\/div>\n\t\t\t\t\t<\/div>\n\t\t<\/div>\n\t\t\t\t\t<\/div>\n\t\t<\/section>\n\t\t\t\t<section class=\"elementor-section elementor-top-section elementor-element elementor-element-05a7482 elementor-section-boxed elementor-section-height-default elementor-section-height-default wd-section-disabled\" data-id=\"05a7482\" data-element_type=\"section\">\n\t\t\t\t\t\t<div class=\"elementor-container elementor-column-gap-default\">\n\t\t\t\t\t<div class=\"elementor-column elementor-col-50 elementor-top-column elementor-element elementor-element-1019eb3\" data-id=\"1019eb3\" data-element_type=\"column\">\n\t\t\t<div class=\"elementor-widget-wrap elementor-element-populated\">\n\t\t\t\t\t\t<div class=\"elementor-element elementor-element-dfa3f69 elementor-widget elementor-widget-wd_image_or_svg\" data-id=\"dfa3f69\" data-element_type=\"widget\" data-widget_type=\"wd_image_or_svg.default\">\n\t\t\t\t<div class=\"elementor-widget-container\">\n\t\t\t\t\t\n\t\t<div class=\"wd-image text-left\">\n\t\t\t\t\t\t\t\t<img decoding=\"async\" width=\"1000\" height=\"1000\" src=\"https:\/\/govtfurniture.com\/wp-content\/uploads\/2024\/07\/\u9b45\u683c\u4e3b\u56fe63.webp\" class=\"attachment-full size-full wp-image-11055\" alt=\"B\u00e0n l\u00e0m vi\u1ec7c cao c\u1ea5p cho gi\u00e1m \u0111\u1ed1c, b\u00e0n l\u00e0m vi\u1ec7c cho t\u1ed5ng gi\u00e1m \u0111\u1ed1c, b\u00e0n l\u00e0m vi\u1ec7c cho gi\u00e1m \u0111\u1ed1c \u0111i\u1ec1u h\u00e0nh\" srcset=\"https:\/\/govtfurniture.com\/wp-content\/uploads\/2024\/07\/\u9b45\u683c\u4e3b\u56fe63.webp 1000w, https:\/\/govtfurniture.com\/wp-content\/uploads\/2024\/07\/\u9b45\u683c\u4e3b\u56fe63-300x300.webp 300w, https:\/\/govtfurniture.com\/wp-content\/uploads\/2024\/07\/\u9b45\u683c\u4e3b\u56fe63-800x800.webp 800w, https:\/\/govtfurniture.com\/wp-content\/uploads\/2024\/07\/\u9b45\u683c\u4e3b\u56fe63-150x150.webp 150w, https:\/\/govtfurniture.com\/wp-content\/uploads\/2024\/07\/\u9b45\u683c\u4e3b\u56fe63-768x768.webp 768w, https:\/\/govtfurniture.com\/wp-content\/uploads\/2024\/07\/\u9b45\u683c\u4e3b\u56fe63-12x12.webp 12w, https:\/\/govtfurniture.com\/wp-content\/uploads\/2024\/07\/\u9b45\u683c\u4e3b\u56fe63-860x860.webp 860w, https:\/\/govtfurniture.com\/wp-content\/uploads\/2024\/07\/\u9b45\u683c\u4e3b\u56fe63-430x430.webp 430w, https:\/\/govtfurniture.com\/wp-content\/uploads\/2024\/07\/\u9b45\u683c\u4e3b\u56fe63-700x700.webp 700w\" sizes=\"(max-width: 1000px) 100vw, 1000px\" \/>\t\t\t\t\t<\/div>\n\n\t\t\t\t\t\t<\/div>\n\t\t\t\t<\/div>\n\t\t\t\t\t<\/div>\n\t\t<\/div>\n\t\t\t\t<div class=\"elementor-column elementor-col-50 elementor-top-column elementor-element elementor-element-89f2bc3\" data-id=\"89f2bc3\" data-element_type=\"column\">\n\t\t\t<div class=\"elementor-widget-wrap elementor-element-populated\">\n\t\t\t\t\t\t<div class=\"elementor-element elementor-element-8683150 elementor-widget elementor-widget-wd_image_or_svg\" data-id=\"8683150\" data-element_type=\"widget\" data-widget_type=\"wd_image_or_svg.default\">\n\t\t\t\t<div class=\"elementor-widget-container\">\n\t\t\t\t\t\n\t\t<div class=\"wd-image text-left\">\n\t\t\t\t\t\t\t\t<img loading=\"lazy\" decoding=\"async\" width=\"1000\" height=\"1000\" src=\"https:\/\/govtfurniture.com\/wp-content\/uploads\/2024\/07\/\u9b45\u683c\u4e3b\u56fe66.webp\" class=\"attachment-full size-full wp-image-11058\" alt=\"B\u1ed9 b\u00e0n v\u00e0 gh\u1ebf l\u00e0m vi\u1ec7c cao c\u1ea5p cho qu\u1ea3n l\u00fd\" srcset=\"https:\/\/govtfurniture.com\/wp-content\/uploads\/2024\/07\/\u9b45\u683c\u4e3b\u56fe66.webp 1000w, https:\/\/govtfurniture.com\/wp-content\/uploads\/2024\/07\/\u9b45\u683c\u4e3b\u56fe66-300x300.webp 300w, https:\/\/govtfurniture.com\/wp-content\/uploads\/2024\/07\/\u9b45\u683c\u4e3b\u56fe66-800x800.webp 800w, https:\/\/govtfurniture.com\/wp-content\/uploads\/2024\/07\/\u9b45\u683c\u4e3b\u56fe66-150x150.webp 150w, https:\/\/govtfurniture.com\/wp-content\/uploads\/2024\/07\/\u9b45\u683c\u4e3b\u56fe66-768x768.webp 768w, https:\/\/govtfurniture.com\/wp-content\/uploads\/2024\/07\/\u9b45\u683c\u4e3b\u56fe66-12x12.webp 12w, https:\/\/govtfurniture.com\/wp-content\/uploads\/2024\/07\/\u9b45\u683c\u4e3b\u56fe66-860x860.webp 860w, https:\/\/govtfurniture.com\/wp-content\/uploads\/2024\/07\/\u9b45\u683c\u4e3b\u56fe66-430x430.webp 430w, https:\/\/govtfurniture.com\/wp-content\/uploads\/2024\/07\/\u9b45\u683c\u4e3b\u56fe66-700x700.webp 700w\" sizes=\"(max-width: 1000px) 100vw, 1000px\" \/>\t\t\t\t\t<\/div>\n\n\t\t\t\t\t\t<\/div>\n\t\t\t\t<\/div>\n\t\t\t\t\t<\/div>\n\t\t<\/div>\n\t\t\t\t\t<\/div>\n\t\t<\/section>\n\t\t\t\t<section class=\"elementor-section elementor-top-section elementor-element elementor-element-3a7c4d9 elementor-section-boxed elementor-section-height-default elementor-section-height-default wd-section-disabled\" data-id=\"3a7c4d9\" data-element_type=\"section\">\n\t\t\t\t\t\t<div class=\"elementor-container elementor-column-gap-default\">\n\t\t\t\t\t<div class=\"elementor-column elementor-col-100 elementor-top-column elementor-element elementor-element-49b89be\" data-id=\"49b89be\" data-element_type=\"column\">\n\t\t\t<div class=\"elementor-widget-wrap elementor-element-populated\">\n\t\t\t\t\t\t<div class=\"elementor-element elementor-element-0f2fd20 elementor-widget elementor-widget-wd_text_block\" data-id=\"0f2fd20\" data-element_type=\"widget\" data-widget_type=\"wd_text_block.default\">\n\t\t\t\t<div class=\"elementor-widget-container\">\n\t\t\t\t\t\t\t<div class=\"wd-text-block reset-last-child text-left\">\n\t\t\t\n\t\t\t<h1>We can produce and customize all kinds of office desks, office chairs, sofas, filing cabinets and other furniture. Welcome to consult.<\/h1>\n\t\t\t\t\t<\/div>\n\t\t\t\t\t\t<\/div>\n\t\t\t\t<\/div>\n\t\t\t\t\t<\/div>\n\t\t<\/div>\n\t\t\t\t\t<\/div>\n\t\t<\/section>\n\t\t\t\t<\/div>","protected":false},"excerpt":{"rendered":"<p>We can produce and customize all kinds of office desks, office chairs, sofas, filing cabinets and other furniture. Welcome to<\/p>","protected":false},"featured_media":11044,"comment_status":"open","ping_status":"closed","template":"","meta":{"_monsterinsights_skip_tracking":false,"_monsterinsights_sitenote_active":false,"_monsterinsights_sitenote_note":"","_monsterinsights_sitenote_category":0},"product_brand":[],"product_cat":[85,94,83],"product_tag":[],"class_list":{"0":"post-11218","1":"product","2":"type-product","3":"status-publish","4":"has-post-thumbnail","6":"product_cat-paperless-meeting-desk","7":"product_cat-executive-desk","8":"product_cat-executive-furniture","10":"first","11":"instock","12":"featured","13":"shipping-taxable","14":"product-type-simple"},"yoast_head":"<!-- This site is optimized with the Yoast SEO Premium plugin v23.9 (Yoast SEO v25.1) - https:\/\/yoast.com\/wordpress\/plugins\/seo\/ -->\n<title>CEO office furniture - Italian style Office furniture- boss&#039;s desk<\/title>\n<meta name=\"description\" content=\"We specialize in the production and customization of office desks, meeting table, boss&#039;s table, office chair, filing cabinet, reception desk, and so on.\" \/>\n<meta name=\"robots\" content=\"index, follow, max-snippet:-1, max-image-preview:large, max-video-preview:-1\" \/>\n<link rel=\"canonical\" href=\"https:\/\/govtfurniture.com\/vi\/\u043f\u0440\u043e\u0434\u0443\u043a\u0442\/\u043c\u043305\/\" \/>\n<meta property=\"og:locale\" content=\"vi_VN\" \/>\n<meta property=\"og:type\" content=\"article\" \/>\n<meta property=\"og:title\" content=\"Top selling luxury CEO office furniture MDF can be customized with multifunctional L-shaped drawers, boss&#039;s desk\" \/>\n<meta property=\"og:description\" content=\"We specialize in the production and customization of office desks, meeting table, boss&#039;s table, office chair, filing cabinet, reception desk, and so on.\" \/>\n<meta property=\"og:url\" content=\"https:\/\/govtfurniture.com\/vi\/\u043f\u0440\u043e\u0434\u0443\u043a\u0442\/\u043c\u043305\/\" \/>\n<meta property=\"og:site_name\" content=\"ROYAL PRIDE Furniture Co., Ltd. Global Government Furniture Manufacturing\" \/>\n<meta property=\"article:publisher\" content=\"https:\/\/www.facebook.com\/profile.php?id=61560913657184\" \/>\n<meta property=\"article:modified_time\" content=\"2024-07-19T03:17:56+00:00\" \/>\n<meta property=\"og:image\" content=\"https:\/\/govtfurniture.com\/wp-content\/uploads\/2024\/07\/\u9b45\u683c\u4e3b\u56fe55.webp\" \/>\n\t<meta property=\"og:image:width\" content=\"1000\" \/>\n\t<meta property=\"og:image:height\" content=\"1000\" \/>\n\t<meta property=\"og:image:type\" content=\"image\/webp\" \/>\n<meta name=\"twitter:card\" content=\"summary_large_image\" \/>\n<meta name=\"twitter:site\" content=\"@huangpai688\" \/>\n<meta name=\"twitter:label1\" content=\"\u01af\u1edbc t\u00ednh th\u1eddi gian \u0111\u1ecdc\" \/>\n\t<meta name=\"twitter:data1\" content=\"2 ph\u00fat\" \/>\n<script type=\"application\/ld+json\" class=\"yoast-schema-graph\">{\"@context\":\"https:\/\/schema.org\",\"@graph\":[{\"@type\":\"WebPage\",\"@id\":\"https:\/\/govtfurniture.com\/ru_ru\/\u043f\u0440\u043e\u0434\u0443\u043a\u0442\/\u043c\u043305\/\",\"url\":\"https:\/\/govtfurniture.com\/ru_ru\/\u043f\u0440\u043e\u0434\u0443\u043a\u0442\/\u043c\u043305\/\",\"name\":\"CEO office furniture - Italian style Office furniture- boss's desk\",\"isPartOf\":{\"@id\":\"https:\/\/govtfurniture.com\/pt\/#website\"},\"primaryImageOfPage\":{\"@id\":\"https:\/\/govtfurniture.com\/ru_ru\/\u043f\u0440\u043e\u0434\u0443\u043a\u0442\/\u043c\u043305\/#primaryimage\"},\"image\":{\"@id\":\"https:\/\/govtfurniture.com\/ru_ru\/\u043f\u0440\u043e\u0434\u0443\u043a\u0442\/\u043c\u043305\/#primaryimage\"},\"thumbnailUrl\":\"https:\/\/govtfurniture.com\/wp-content\/uploads\/2024\/07\/\u9b45\u683c\u4e3b\u56fe55.webp\",\"datePublished\":\"2024-07-19T03:07:52+00:00\",\"dateModified\":\"2024-07-19T03:17:56+00:00\",\"description\":\"We specialize in the production and customization of office desks, meeting table, boss's table, office chair, filing cabinet, reception desk, and so on.\",\"breadcrumb\":{\"@id\":\"https:\/\/govtfurniture.com\/ru_ru\/\u043f\u0440\u043e\u0434\u0443\u043a\u0442\/\u043c\u043305\/#breadcrumb\"},\"inLanguage\":\"vi\",\"potentialAction\":[{\"@type\":\"ReadAction\",\"target\":[\"https:\/\/govtfurniture.com\/ru_ru\/\u043f\u0440\u043e\u0434\u0443\u043a\u0442\/\u043c\u043305\/\"]}]},{\"@type\":\"ImageObject\",\"inLanguage\":\"vi\",\"@id\":\"https:\/\/govtfurniture.com\/ru_ru\/\u043f\u0440\u043e\u0434\u0443\u043a\u0442\/\u043c\u043305\/#primaryimage\",\"url\":\"https:\/\/govtfurniture.com\/wp-content\/uploads\/2024\/07\/\u9b45\u683c\u4e3b\u56fe55.webp\",\"contentUrl\":\"https:\/\/govtfurniture.com\/wp-content\/uploads\/2024\/07\/\u9b45\u683c\u4e3b\u56fe55.webp\",\"width\":1000,\"height\":1000,\"caption\":\"Deluxe Manager's Desk and Chair\"},{\"@type\":\"BreadcrumbList\",\"@id\":\"https:\/\/govtfurniture.com\/ru_ru\/\u043f\u0440\u043e\u0434\u0443\u043a\u0442\/\u043c\u043305\/#breadcrumb\",\"itemListElement\":[{\"@type\":\"ListItem\",\"position\":1,\"name\":\"\u9996\u9875\",\"item\":\"https:\/\/govtfurniture.com\/\"},{\"@type\":\"ListItem\",\"position\":2,\"name\":\"Product\",\"item\":\"https:\/\/govtfurniture.com\/shop\/\"},{\"@type\":\"ListItem\",\"position\":3,\"name\":\"Top selling luxury CEO office furniture MDF can be customized with multifunctional L-shaped drawers, boss&#8217;s desk\"}]},{\"@type\":\"WebSite\",\"@id\":\"https:\/\/govtfurniture.com\/pt\/#website\",\"url\":\"https:\/\/govtfurniture.com\/pt\/\",\"name\":\"ROYAL PRIDE Furniture Co., Ltd.\",\"description\":\"Government furniture customization Creating environmentally friendly, healthy and comfortable furniture products\",\"publisher\":{\"@id\":\"https:\/\/govtfurniture.com\/pt\/#organization\"},\"alternateName\":\"huangpai Furniture\",\"potentialAction\":[{\"@type\":\"SearchAction\",\"target\":{\"@type\":\"EntryPoint\",\"urlTemplate\":\"https:\/\/govtfurniture.com\/pt\/?s={search_term_string}\"},\"query-input\":{\"@type\":\"PropertyValueSpecification\",\"valueRequired\":true,\"valueName\":\"search_term_string\"}}],\"inLanguage\":\"vi\"},{\"@type\":\"Organization\",\"@id\":\"https:\/\/govtfurniture.com\/pt\/#organization\",\"name\":\"ROYAL PRIDE Furniture Co., Ltd.\",\"url\":\"https:\/\/govtfurniture.com\/pt\/\",\"logo\":{\"@type\":\"ImageObject\",\"inLanguage\":\"vi\",\"@id\":\"https:\/\/govtfurniture.com\/pt\/#\/schema\/logo\/image\/\",\"url\":\"https:\/\/govtfurniture.com\/wp-content\/uploads\/2024\/07\/logo3.jpg\",\"contentUrl\":\"https:\/\/govtfurniture.com\/wp-content\/uploads\/2024\/07\/logo3.jpg\",\"width\":512,\"height\":512,\"caption\":\"ROYAL PRIDE Furniture Co., Ltd.\"},\"image\":{\"@id\":\"https:\/\/govtfurniture.com\/pt\/#\/schema\/logo\/image\/\"},\"sameAs\":[\"https:\/\/www.facebook.com\/profile.php?id=61560913657184\",\"https:\/\/x.com\/huangpai688\",\"https:\/\/www.youtube.com\/@RoyalPrideFurniture\",\"https:\/\/www.pinterest.com\/pin\/890235051338475626\/\",\"https:\/\/www.tiktok.com\/@ryalprideofficefurniture\"]}]}<\/script>\n<!-- \/ Yoast SEO Premium plugin. -->","yoast_head_json":{"title":"CEO office furniture - Italian style Office furniture- boss's desk","description":"We specialize in the production and customization of office desks, meeting table, boss's table, office chair, filing cabinet, reception desk, and so on.","robots":{"index":"index","follow":"follow","max-snippet":"max-snippet:-1","max-image-preview":"max-image-preview:large","max-video-preview":"max-video-preview:-1"},"canonical":"https:\/\/govtfurniture.com\/vi\/\u043f\u0440\u043e\u0434\u0443\u043a\u0442\/\u043c\u043305\/","og_locale":"vi_VN","og_type":"article","og_title":"Top selling luxury CEO office furniture MDF can be customized with multifunctional L-shaped drawers, boss's desk","og_description":"We specialize in the production and customization of office desks, meeting table, boss's table, office chair, filing cabinet, reception desk, and so on.","og_url":"https:\/\/govtfurniture.com\/vi\/\u043f\u0440\u043e\u0434\u0443\u043a\u0442\/\u043c\u043305\/","og_site_name":"ROYAL PRIDE Furniture Co., Ltd. Global Government Furniture Manufacturing","article_publisher":"https:\/\/www.facebook.com\/profile.php?id=61560913657184","article_modified_time":"2024-07-19T03:17:56+00:00","og_image":[{"width":1000,"height":1000,"url":"https:\/\/govtfurniture.com\/wp-content\/uploads\/2024\/07\/\u9b45\u683c\u4e3b\u56fe55.webp","type":"image\/webp"}],"twitter_card":"summary_large_image","twitter_site":"@huangpai688","twitter_misc":{"\u01af\u1edbc t\u00ednh th\u1eddi gian \u0111\u1ecdc":"2 ph\u00fat"},"schema":{"@context":"https:\/\/schema.org","@graph":[{"@type":"WebPage","@id":"https:\/\/govtfurniture.com\/ru_ru\/\u043f\u0440\u043e\u0434\u0443\u043a\u0442\/\u043c\u043305\/","url":"https:\/\/govtfurniture.com\/ru_ru\/\u043f\u0440\u043e\u0434\u0443\u043a\u0442\/\u043c\u043305\/","name":"CEO office furniture - Italian style Office furniture- boss's desk","isPartOf":{"@id":"https:\/\/govtfurniture.com\/pt\/#website"},"primaryImageOfPage":{"@id":"https:\/\/govtfurniture.com\/ru_ru\/\u043f\u0440\u043e\u0434\u0443\u043a\u0442\/\u043c\u043305\/#primaryimage"},"image":{"@id":"https:\/\/govtfurniture.com\/ru_ru\/\u043f\u0440\u043e\u0434\u0443\u043a\u0442\/\u043c\u043305\/#primaryimage"},"thumbnailUrl":"https:\/\/govtfurniture.com\/wp-content\/uploads\/2024\/07\/\u9b45\u683c\u4e3b\u56fe55.webp","datePublished":"2024-07-19T03:07:52+00:00","dateModified":"2024-07-19T03:17:56+00:00","description":"We specialize in the production and customization of office desks, meeting table, boss's table, office chair, filing cabinet, reception desk, and so on.","breadcrumb":{"@id":"https:\/\/govtfurniture.com\/ru_ru\/\u043f\u0440\u043e\u0434\u0443\u043a\u0442\/\u043c\u043305\/#breadcrumb"},"inLanguage":"vi","potentialAction":[{"@type":"ReadAction","target":["https:\/\/govtfurniture.com\/ru_ru\/\u043f\u0440\u043e\u0434\u0443\u043a\u0442\/\u043c\u043305\/"]}]},{"@type":"ImageObject","inLanguage":"vi","@id":"https:\/\/govtfurniture.com\/ru_ru\/\u043f\u0440\u043e\u0434\u0443\u043a\u0442\/\u043c\u043305\/#primaryimage","url":"https:\/\/govtfurniture.com\/wp-content\/uploads\/2024\/07\/\u9b45\u683c\u4e3b\u56fe55.webp","contentUrl":"https:\/\/govtfurniture.com\/wp-content\/uploads\/2024\/07\/\u9b45\u683c\u4e3b\u56fe55.webp","width":1000,"height":1000,"caption":"Deluxe Manager's Desk and Chair"},{"@type":"BreadcrumbList","@id":"https:\/\/govtfurniture.com\/ru_ru\/\u043f\u0440\u043e\u0434\u0443\u043a\u0442\/\u043c\u043305\/#breadcrumb","itemListElement":[{"@type":"ListItem","position":1,"name":"\u9996\u9875","item":"https:\/\/govtfurniture.com\/"},{"@type":"ListItem","position":2,"name":"Product","item":"https:\/\/govtfurniture.com\/shop\/"},{"@type":"ListItem","position":3,"name":"Top selling luxury CEO office furniture MDF can be customized with multifunctional L-shaped drawers, boss&#8217;s desk"}]},{"@type":"WebSite","@id":"https:\/\/govtfurniture.com\/pt\/#website","url":"https:\/\/govtfurniture.com\/pt\/","name":"ROYAL PRIDE Furniture Co., Ltd.","description":"Government furniture customization Creating environmentally friendly, healthy and comfortable furniture products","publisher":{"@id":"https:\/\/govtfurniture.com\/pt\/#organization"},"alternateName":"huangpai Furniture","potentialAction":[{"@type":"SearchAction","target":{"@type":"EntryPoint","urlTemplate":"https:\/\/govtfurniture.com\/pt\/?s={search_term_string}"},"query-input":{"@type":"PropertyValueSpecification","valueRequired":true,"valueName":"search_term_string"}}],"inLanguage":"vi"},{"@type":"Organization","@id":"https:\/\/govtfurniture.com\/pt\/#organization","name":"ROYAL PRIDE Furniture Co., Ltd.","url":"https:\/\/govtfurniture.com\/pt\/","logo":{"@type":"ImageObject","inLanguage":"vi","@id":"https:\/\/govtfurniture.com\/pt\/#\/schema\/logo\/image\/","url":"https:\/\/govtfurniture.com\/wp-content\/uploads\/2024\/07\/logo3.jpg","contentUrl":"https:\/\/govtfurniture.com\/wp-content\/uploads\/2024\/07\/logo3.jpg","width":512,"height":512,"caption":"ROYAL PRIDE Furniture Co., Ltd."},"image":{"@id":"https:\/\/govtfurniture.com\/pt\/#\/schema\/logo\/image\/"},"sameAs":["https:\/\/www.facebook.com\/profile.php?id=61560913657184","https:\/\/x.com\/huangpai688","https:\/\/www.youtube.com\/@RoyalPrideFurniture","https:\/\/www.pinterest.com\/pin\/890235051338475626\/","https:\/\/www.tiktok.com\/@ryalprideofficefurniture"]}]}},"_links":{"self":[{"href":"https:\/\/govtfurniture.com\/vi\/wp-json\/wp\/v2\/product\/11218","targetHints":{"allow":["GET"]}}],"collection":[{"href":"https:\/\/govtfurniture.com\/vi\/wp-json\/wp\/v2\/product"}],"about":[{"href":"https:\/\/govtfurniture.com\/vi\/wp-json\/wp\/v2\/types\/product"}],"replies":[{"embeddable":true,"href":"https:\/\/govtfurniture.com\/vi\/wp-json\/wp\/v2\/comments?post=11218"}],"version-history":[{"count":5,"href":"https:\/\/govtfurniture.com\/vi\/wp-json\/wp\/v2\/product\/11218\/revisions"}],"predecessor-version":[{"id":11223,"href":"https:\/\/govtfurniture.com\/vi\/wp-json\/wp\/v2\/product\/11218\/revisions\/11223"}],"wp:featuredmedia":[{"embeddable":true,"href":"https:\/\/govtfurniture.com\/vi\/wp-json\/wp\/v2\/media\/11044"}],"wp:attachment":[{"href":"https:\/\/govtfurniture.com\/vi\/wp-json\/wp\/v2\/media?parent=11218"}],"wp:term":[{"taxonomy":"product_brand","embeddable":true,"href":"https:\/\/govtfurniture.com\/vi\/wp-json\/wp\/v2\/product_brand?post=11218"},{"taxonomy":"product_cat","embeddable":true,"href":"https:\/\/govtfurniture.com\/vi\/wp-json\/wp\/v2\/product_cat?post=11218"},{"taxonomy":"product_tag","embeddable":true,"href":"https:\/\/govtfurniture.com\/vi\/wp-json\/wp\/v2\/product_tag?post=11218"}],"curies":[{"name":"wp","href":"https:\/\/api.w.org\/{rel}","templated":true}]}}