{"id":11431,"date":"2024-09-04T11:14:41","date_gmt":"2024-09-04T03:14:41","guid":{"rendered":"http:\/\/govtfurniture.com\/?post_type=product&#038;p=11431"},"modified":"2024-09-04T11:23:10","modified_gmt":"2024-09-04T03:23:10","slug":"hot-selling-modern-office-l-shaped-boss-desks-modern-executive-desk-office-table-design-office-table-%e5%a4%8d%e5%88%b6","status":"publish","type":"product","link":"https:\/\/govtfurniture.com\/vi\/san-pham\/hot-selling-modern-office-l-shaped-boss-desks-modern-executive-desk-office-table-design-office-table-%e5%a4%8d%e5%88%b6\/","title":{"rendered":"B\u1ed9 b\u00e0n l\u00e0m vi\u1ec7c v\u0103n ph\u00f2ng g\u1ed7 melamine thi\u1ebft k\u1ebf m\u1edbi, k\u1ebft h\u1ee3p phong c\u00e1ch c\u1ed5 \u0111i\u1ec3n v\u00e0 hi\u1ec7n \u0111\u1ea1i, sang tr\u1ecdng, d\u00e0nh cho gi\u00e1m \u0111\u1ed1c, qu\u1ea3n l\u00fd, CEO v\u00e0 c\u00e1c v\u1ecb tr\u00ed \u0111i\u1ec1u h\u00e0nh. B\u00e0n l\u00e0m vi\u1ec7c h\u00ecnh"},"content":{"rendered":"<div data-elementor-type=\"product-post\" data-elementor-id=\"11431\" class=\"elementor elementor-11431\">\n\t\t\t\t\t\t<section class=\"elementor-section elementor-top-section elementor-element elementor-element-75e4f12 elementor-section-boxed elementor-section-height-default elementor-section-height-default wd-section-disabled\" data-id=\"75e4f12\" data-element_type=\"section\">\n\t\t\t\t\t\t<div class=\"elementor-container elementor-column-gap-default\">\n\t\t\t\t\t<div class=\"elementor-column elementor-col-50 elementor-top-column elementor-element elementor-element-5768363\" data-id=\"5768363\" data-element_type=\"column\">\n\t\t\t<div class=\"elementor-widget-wrap elementor-element-populated\">\n\t\t\t\t\t\t<div class=\"elementor-element elementor-element-295cc6a elementor-widget elementor-widget-wd_image_or_svg\" data-id=\"295cc6a\" data-element_type=\"widget\" data-widget_type=\"wd_image_or_svg.default\">\n\t\t\t\t<div class=\"elementor-widget-container\">\n\t\t\t\t\t\n\t\t<div class=\"wd-image text-left\">\n\t\t\t\t\t\t\t\t<img fetchpriority=\"high\" decoding=\"async\" width=\"1000\" height=\"1000\" src=\"https:\/\/govtfurniture.com\/wp-content\/uploads\/2024\/09\/\u672a\u6765\u4e3b\u56fe-591.webp\" class=\"attachment-full size-full wp-image-11437\" alt=\"\u672a\u6765\u4e3b\u56fe (59)~1\" srcset=\"https:\/\/govtfurniture.com\/wp-content\/uploads\/2024\/09\/\u672a\u6765\u4e3b\u56fe-591.webp 1000w, https:\/\/govtfurniture.com\/wp-content\/uploads\/2024\/09\/\u672a\u6765\u4e3b\u56fe-591-300x300.webp 300w, https:\/\/govtfurniture.com\/wp-content\/uploads\/2024\/09\/\u672a\u6765\u4e3b\u56fe-591-800x800.webp 800w, https:\/\/govtfurniture.com\/wp-content\/uploads\/2024\/09\/\u672a\u6765\u4e3b\u56fe-591-150x150.webp 150w, https:\/\/govtfurniture.com\/wp-content\/uploads\/2024\/09\/\u672a\u6765\u4e3b\u56fe-591-768x768.webp 768w, https:\/\/govtfurniture.com\/wp-content\/uploads\/2024\/09\/\u672a\u6765\u4e3b\u56fe-591-12x12.webp 12w, https:\/\/govtfurniture.com\/wp-content\/uploads\/2024\/09\/\u672a\u6765\u4e3b\u56fe-591-860x860.webp 860w, https:\/\/govtfurniture.com\/wp-content\/uploads\/2024\/09\/\u672a\u6765\u4e3b\u56fe-591-430x430.webp 430w, https:\/\/govtfurniture.com\/wp-content\/uploads\/2024\/09\/\u672a\u6765\u4e3b\u56fe-591-700x700.webp 700w\" sizes=\"(max-width: 1000px) 100vw, 1000px\" \/>\t\t\t\t\t<\/div>\n\n\t\t\t\t\t\t<\/div>\n\t\t\t\t<\/div>\n\t\t\t\t\t<\/div>\n\t\t<\/div>\n\t\t\t\t<div class=\"elementor-column elementor-col-50 elementor-top-column elementor-element elementor-element-7e6ca47\" data-id=\"7e6ca47\" data-element_type=\"column\">\n\t\t\t<div class=\"elementor-widget-wrap elementor-element-populated\">\n\t\t\t\t\t\t<div class=\"elementor-element elementor-element-717b8e2 elementor-widget elementor-widget-wd_image_or_svg\" data-id=\"717b8e2\" data-element_type=\"widget\" data-widget_type=\"wd_image_or_svg.default\">\n\t\t\t\t<div class=\"elementor-widget-container\">\n\t\t\t\t\t\n\t\t<div class=\"wd-image text-left\">\n\t\t\t\t\t\t\t\t<img decoding=\"async\" width=\"1000\" height=\"1000\" src=\"https:\/\/govtfurniture.com\/wp-content\/uploads\/2024\/09\/\u672a\u6765\u4e3b\u56fe-581-1.webp\" class=\"attachment-full size-full wp-image-11439\" alt=\"\u672a\u6765\u4e3b\u56fe (58)~1\" srcset=\"https:\/\/govtfurniture.com\/wp-content\/uploads\/2024\/09\/\u672a\u6765\u4e3b\u56fe-581-1.webp 1000w, https:\/\/govtfurniture.com\/wp-content\/uploads\/2024\/09\/\u672a\u6765\u4e3b\u56fe-581-1-300x300.webp 300w, https:\/\/govtfurniture.com\/wp-content\/uploads\/2024\/09\/\u672a\u6765\u4e3b\u56fe-581-1-800x800.webp 800w, https:\/\/govtfurniture.com\/wp-content\/uploads\/2024\/09\/\u672a\u6765\u4e3b\u56fe-581-1-150x150.webp 150w, https:\/\/govtfurniture.com\/wp-content\/uploads\/2024\/09\/\u672a\u6765\u4e3b\u56fe-581-1-768x768.webp 768w, https:\/\/govtfurniture.com\/wp-content\/uploads\/2024\/09\/\u672a\u6765\u4e3b\u56fe-581-1-12x12.webp 12w, https:\/\/govtfurniture.com\/wp-content\/uploads\/2024\/09\/\u672a\u6765\u4e3b\u56fe-581-1-860x860.webp 860w, https:\/\/govtfurniture.com\/wp-content\/uploads\/2024\/09\/\u672a\u6765\u4e3b\u56fe-581-1-430x430.webp 430w, https:\/\/govtfurniture.com\/wp-content\/uploads\/2024\/09\/\u672a\u6765\u4e3b\u56fe-581-1-700x700.webp 700w\" sizes=\"(max-width: 1000px) 100vw, 1000px\" \/>\t\t\t\t\t<\/div>\n\n\t\t\t\t\t\t<\/div>\n\t\t\t\t<\/div>\n\t\t\t\t\t<\/div>\n\t\t<\/div>\n\t\t\t\t\t<\/div>\n\t\t<\/section>\n\t\t\t\t<section class=\"elementor-section elementor-top-section elementor-element elementor-element-3a7c4d9 elementor-section-boxed elementor-section-height-default elementor-section-height-default wd-section-disabled\" data-id=\"3a7c4d9\" data-element_type=\"section\">\n\t\t\t\t\t\t<div class=\"elementor-container elementor-column-gap-default\">\n\t\t\t\t\t<div class=\"elementor-column elementor-col-100 elementor-top-column elementor-element elementor-element-49b89be\" data-id=\"49b89be\" data-element_type=\"column\">\n\t\t\t<div class=\"elementor-widget-wrap elementor-element-populated\">\n\t\t\t\t\t\t<div class=\"elementor-element elementor-element-0f2fd20 elementor-widget elementor-widget-wd_text_block\" data-id=\"0f2fd20\" data-element_type=\"widget\" data-widget_type=\"wd_text_block.default\">\n\t\t\t\t<div class=\"elementor-widget-container\">\n\t\t\t\t\t\t\t<div class=\"wd-text-block reset-last-child text-left\">\n\t\t\t\n\t\t\t<h1>We can produce and customize all kinds of office desks, office chairs, sofas, filing cabinets and other furniture. Welcome to consult.<\/h1>\n\t\t\t\t\t<\/div>\n\t\t\t\t\t\t<\/div>\n\t\t\t\t<\/div>\n\t\t\t\t\t<\/div>\n\t\t<\/div>\n\t\t\t\t\t<\/div>\n\t\t<\/section>\n\t\t\t\t<section class=\"elementor-section elementor-top-section elementor-element elementor-element-4015c0a elementor-section-boxed elementor-section-height-default elementor-section-height-default wd-section-disabled\" data-id=\"4015c0a\" data-element_type=\"section\">\n\t\t\t\t\t\t<div class=\"elementor-container elementor-column-gap-default\">\n\t\t\t\t\t<div class=\"elementor-column elementor-col-50 elementor-top-column elementor-element elementor-element-fa3b515\" data-id=\"fa3b515\" data-element_type=\"column\">\n\t\t\t<div class=\"elementor-widget-wrap elementor-element-populated\">\n\t\t\t\t\t\t<div class=\"elementor-element elementor-element-b045d62 elementor-widget elementor-widget-wd_image_or_svg\" data-id=\"b045d62\" data-element_type=\"widget\" data-widget_type=\"wd_image_or_svg.default\">\n\t\t\t\t<div class=\"elementor-widget-container\">\n\t\t\t\t\t\n\t\t<div class=\"wd-image text-left\">\n\t\t\t\t\t\t\t\t<img decoding=\"async\" width=\"1000\" height=\"1000\" src=\"https:\/\/govtfurniture.com\/wp-content\/uploads\/2024\/09\/\u672a\u6765\u4e3b\u56fe-601.webp\" class=\"attachment-full size-full wp-image-11440\" alt=\"\u672a\u6765\u4e3b\u56fe (60)~1\" srcset=\"https:\/\/govtfurniture.com\/wp-content\/uploads\/2024\/09\/\u672a\u6765\u4e3b\u56fe-601.webp 1000w, https:\/\/govtfurniture.com\/wp-content\/uploads\/2024\/09\/\u672a\u6765\u4e3b\u56fe-601-300x300.webp 300w, https:\/\/govtfurniture.com\/wp-content\/uploads\/2024\/09\/\u672a\u6765\u4e3b\u56fe-601-800x800.webp 800w, https:\/\/govtfurniture.com\/wp-content\/uploads\/2024\/09\/\u672a\u6765\u4e3b\u56fe-601-150x150.webp 150w, https:\/\/govtfurniture.com\/wp-content\/uploads\/2024\/09\/\u672a\u6765\u4e3b\u56fe-601-768x768.webp 768w, https:\/\/govtfurniture.com\/wp-content\/uploads\/2024\/09\/\u672a\u6765\u4e3b\u56fe-601-12x12.webp 12w, https:\/\/govtfurniture.com\/wp-content\/uploads\/2024\/09\/\u672a\u6765\u4e3b\u56fe-601-860x860.webp 860w, https:\/\/govtfurniture.com\/wp-content\/uploads\/2024\/09\/\u672a\u6765\u4e3b\u56fe-601-430x430.webp 430w, https:\/\/govtfurniture.com\/wp-content\/uploads\/2024\/09\/\u672a\u6765\u4e3b\u56fe-601-700x700.webp 700w\" sizes=\"(max-width: 1000px) 100vw, 1000px\" \/>\t\t\t\t\t<\/div>\n\n\t\t\t\t\t\t<\/div>\n\t\t\t\t<\/div>\n\t\t\t\t\t<\/div>\n\t\t<\/div>\n\t\t\t\t<div class=\"elementor-column elementor-col-50 elementor-top-column elementor-element elementor-element-8768b7f\" data-id=\"8768b7f\" data-element_type=\"column\">\n\t\t\t<div class=\"elementor-widget-wrap elementor-element-populated\">\n\t\t\t\t\t\t<div class=\"elementor-element elementor-element-08bb304 elementor-widget elementor-widget-wd_image_or_svg\" data-id=\"08bb304\" data-element_type=\"widget\" data-widget_type=\"wd_image_or_svg.default\">\n\t\t\t\t<div class=\"elementor-widget-container\">\n\t\t\t\t\t\n\t\t<div class=\"wd-image text-left\">\n\t\t\t\t\t\t\t\t<img loading=\"lazy\" decoding=\"async\" width=\"1000\" height=\"1000\" src=\"https:\/\/govtfurniture.com\/wp-content\/uploads\/2024\/09\/\u672a\u6765\u4e3b\u56fe-621.webp\" class=\"attachment-full size-full wp-image-11441\" alt=\"\u672a\u6765\u4e3b\u56fe (62)~1\" srcset=\"https:\/\/govtfurniture.com\/wp-content\/uploads\/2024\/09\/\u672a\u6765\u4e3b\u56fe-621.webp 1000w, https:\/\/govtfurniture.com\/wp-content\/uploads\/2024\/09\/\u672a\u6765\u4e3b\u56fe-621-300x300.webp 300w, https:\/\/govtfurniture.com\/wp-content\/uploads\/2024\/09\/\u672a\u6765\u4e3b\u56fe-621-800x800.webp 800w, https:\/\/govtfurniture.com\/wp-content\/uploads\/2024\/09\/\u672a\u6765\u4e3b\u56fe-621-150x150.webp 150w, https:\/\/govtfurniture.com\/wp-content\/uploads\/2024\/09\/\u672a\u6765\u4e3b\u56fe-621-768x768.webp 768w, https:\/\/govtfurniture.com\/wp-content\/uploads\/2024\/09\/\u672a\u6765\u4e3b\u56fe-621-12x12.webp 12w, https:\/\/govtfurniture.com\/wp-content\/uploads\/2024\/09\/\u672a\u6765\u4e3b\u56fe-621-860x860.webp 860w, https:\/\/govtfurniture.com\/wp-content\/uploads\/2024\/09\/\u672a\u6765\u4e3b\u56fe-621-430x430.webp 430w, https:\/\/govtfurniture.com\/wp-content\/uploads\/2024\/09\/\u672a\u6765\u4e3b\u56fe-621-700x700.webp 700w\" sizes=\"(max-width: 1000px) 100vw, 1000px\" \/>\t\t\t\t\t<\/div>\n\n\t\t\t\t\t\t<\/div>\n\t\t\t\t<\/div>\n\t\t\t\t\t<\/div>\n\t\t<\/div>\n\t\t\t\t\t<\/div>\n\t\t<\/section>\n\t\t\t\t<\/div>","protected":false},"excerpt":{"rendered":"<p>We can produce and customize all kinds of office desks, office chairs, sofas, filing cabinets and other furniture. Welcome to<\/p>","protected":false},"featured_media":11433,"comment_status":"open","ping_status":"closed","template":"","meta":{"_monsterinsights_skip_tracking":false,"_monsterinsights_sitenote_active":false,"_monsterinsights_sitenote_note":"","_monsterinsights_sitenote_category":0},"product_brand":[],"product_cat":[85,94,83],"product_tag":[],"class_list":{"0":"post-11431","1":"product","2":"type-product","3":"status-publish","4":"has-post-thumbnail","6":"product_cat-paperless-meeting-desk","7":"product_cat-executive-desk","8":"product_cat-executive-furniture","10":"first","11":"instock","12":"featured","13":"shipping-taxable","14":"product-type-simple"},"yoast_head":"<!-- This site is optimized with the Yoast SEO Premium plugin v23.9 (Yoast SEO v25.1) - https:\/\/yoast.com\/wordpress\/plugins\/seo\/ -->\n<title>-Classic Modern Luxury Wooden Melamine Working Office Furniture<\/title>\n<meta name=\"description\" content=\"We specialize in the production and customization of office desks, meeting table, boss&#039;s table, office chair, filing cabinet, reception desk, and so on.\" \/>\n<meta name=\"robots\" content=\"index, follow, max-snippet:-1, max-image-preview:large, max-video-preview:-1\" \/>\n<link rel=\"canonical\" href=\"https:\/\/govtfurniture.com\/vi\/san-pham\/hot-selling-modern-office-l-shaped-boss-desks-modern-executive-desk-office-table-design-office-table-\u590d\u5236\/\" \/>\n<meta property=\"og:locale\" content=\"vi_VN\" \/>\n<meta property=\"og:type\" content=\"article\" \/>\n<meta property=\"og:title\" content=\"New Design Classic Modern Luxury Wooden Melamine Working Office Furniture L Shape Director Manager CEO Executive Office Desk\" \/>\n<meta property=\"og:description\" content=\"We specialize in the production and customization of office desks, meeting table, boss&#039;s table, office chair, filing cabinet, reception desk, and so on.\" \/>\n<meta property=\"og:url\" content=\"https:\/\/govtfurniture.com\/vi\/san-pham\/hot-selling-modern-office-l-shaped-boss-desks-modern-executive-desk-office-table-design-office-table-\u590d\u5236\/\" \/>\n<meta property=\"og:site_name\" content=\"ROYAL PRIDE Furniture Co., Ltd. Global Government Furniture Manufacturing\" \/>\n<meta property=\"article:publisher\" content=\"https:\/\/www.facebook.com\/profile.php?id=61560913657184\" \/>\n<meta property=\"article:modified_time\" content=\"2024-09-04T03:23:10+00:00\" \/>\n<meta property=\"og:image\" content=\"https:\/\/govtfurniture.com\/wp-content\/uploads\/2024\/09\/\u672a\u6765\u4e3b\u56fe-541.webp\" \/>\n\t<meta property=\"og:image:width\" content=\"1000\" \/>\n\t<meta property=\"og:image:height\" content=\"1000\" \/>\n\t<meta property=\"og:image:type\" content=\"image\/webp\" \/>\n<meta name=\"twitter:card\" content=\"summary_large_image\" \/>\n<meta name=\"twitter:site\" content=\"@huangpai688\" \/>\n<meta name=\"twitter:label1\" content=\"\u01af\u1edbc t\u00ednh th\u1eddi gian \u0111\u1ecdc\" \/>\n\t<meta name=\"twitter:data1\" content=\"2 ph\u00fat\" \/>\n<script type=\"application\/ld+json\" class=\"yoast-schema-graph\">{\"@context\":\"https:\/\/schema.org\",\"@graph\":[{\"@type\":\"WebPage\",\"@id\":\"https:\/\/govtfurniture.com\/product\/hot-selling-modern-office-l-shaped-boss-desks-modern-executive-desk-office-table-design-office-table-%e5%a4%8d%e5%88%b6\/\",\"url\":\"https:\/\/govtfurniture.com\/product\/hot-selling-modern-office-l-shaped-boss-desks-modern-executive-desk-office-table-design-office-table-%e5%a4%8d%e5%88%b6\/\",\"name\":\"-Classic Modern Luxury Wooden Melamine Working Office Furniture\",\"isPartOf\":{\"@id\":\"https:\/\/govtfurniture.com\/pt\/#website\"},\"primaryImageOfPage\":{\"@id\":\"https:\/\/govtfurniture.com\/product\/hot-selling-modern-office-l-shaped-boss-desks-modern-executive-desk-office-table-design-office-table-%e5%a4%8d%e5%88%b6\/#primaryimage\"},\"image\":{\"@id\":\"https:\/\/govtfurniture.com\/product\/hot-selling-modern-office-l-shaped-boss-desks-modern-executive-desk-office-table-design-office-table-%e5%a4%8d%e5%88%b6\/#primaryimage\"},\"thumbnailUrl\":\"https:\/\/govtfurniture.com\/wp-content\/uploads\/2024\/09\/\u672a\u6765\u4e3b\u56fe-541.webp\",\"datePublished\":\"2024-09-04T03:14:41+00:00\",\"dateModified\":\"2024-09-04T03:23:10+00:00\",\"description\":\"We specialize in the production and customization of office desks, meeting table, boss's table, office chair, filing cabinet, reception desk, and so on.\",\"breadcrumb\":{\"@id\":\"https:\/\/govtfurniture.com\/product\/hot-selling-modern-office-l-shaped-boss-desks-modern-executive-desk-office-table-design-office-table-%e5%a4%8d%e5%88%b6\/#breadcrumb\"},\"inLanguage\":\"vi\",\"potentialAction\":[{\"@type\":\"ReadAction\",\"target\":[\"https:\/\/govtfurniture.com\/product\/hot-selling-modern-office-l-shaped-boss-desks-modern-executive-desk-office-table-design-office-table-%e5%a4%8d%e5%88%b6\/\"]}]},{\"@type\":\"ImageObject\",\"inLanguage\":\"vi\",\"@id\":\"https:\/\/govtfurniture.com\/product\/hot-selling-modern-office-l-shaped-boss-desks-modern-executive-desk-office-table-design-office-table-%e5%a4%8d%e5%88%b6\/#primaryimage\",\"url\":\"https:\/\/govtfurniture.com\/wp-content\/uploads\/2024\/09\/\u672a\u6765\u4e3b\u56fe-541.webp\",\"contentUrl\":\"https:\/\/govtfurniture.com\/wp-content\/uploads\/2024\/09\/\u672a\u6765\u4e3b\u56fe-541.webp\",\"width\":1000,\"height\":1000,\"caption\":\"\u672a\u6765\u4e3b\u56fe (54)~1\"},{\"@type\":\"BreadcrumbList\",\"@id\":\"https:\/\/govtfurniture.com\/product\/hot-selling-modern-office-l-shaped-boss-desks-modern-executive-desk-office-table-design-office-table-%e5%a4%8d%e5%88%b6\/#breadcrumb\",\"itemListElement\":[{\"@type\":\"ListItem\",\"position\":1,\"name\":\"\u9996\u9875\",\"item\":\"https:\/\/govtfurniture.com\/\"},{\"@type\":\"ListItem\",\"position\":2,\"name\":\"Product\",\"item\":\"https:\/\/govtfurniture.com\/shop\/\"},{\"@type\":\"ListItem\",\"position\":3,\"name\":\"New Design Classic Modern Luxury Wooden Melamine Working Office Furniture L Shape Director Manager CEO Executive Office Desk\"}]},{\"@type\":\"WebSite\",\"@id\":\"https:\/\/govtfurniture.com\/pt\/#website\",\"url\":\"https:\/\/govtfurniture.com\/pt\/\",\"name\":\"ROYAL PRIDE Furniture Co., Ltd.\",\"description\":\"Government furniture customization Creating environmentally friendly, healthy and comfortable furniture products\",\"publisher\":{\"@id\":\"https:\/\/govtfurniture.com\/pt\/#organization\"},\"alternateName\":\"huangpai Furniture\",\"potentialAction\":[{\"@type\":\"SearchAction\",\"target\":{\"@type\":\"EntryPoint\",\"urlTemplate\":\"https:\/\/govtfurniture.com\/pt\/?s={search_term_string}\"},\"query-input\":{\"@type\":\"PropertyValueSpecification\",\"valueRequired\":true,\"valueName\":\"search_term_string\"}}],\"inLanguage\":\"vi\"},{\"@type\":\"Organization\",\"@id\":\"https:\/\/govtfurniture.com\/pt\/#organization\",\"name\":\"ROYAL PRIDE Furniture Co., Ltd.\",\"url\":\"https:\/\/govtfurniture.com\/pt\/\",\"logo\":{\"@type\":\"ImageObject\",\"inLanguage\":\"vi\",\"@id\":\"https:\/\/govtfurniture.com\/pt\/#\/schema\/logo\/image\/\",\"url\":\"https:\/\/govtfurniture.com\/wp-content\/uploads\/2024\/07\/logo3.jpg\",\"contentUrl\":\"https:\/\/govtfurniture.com\/wp-content\/uploads\/2024\/07\/logo3.jpg\",\"width\":512,\"height\":512,\"caption\":\"ROYAL PRIDE Furniture Co., Ltd.\"},\"image\":{\"@id\":\"https:\/\/govtfurniture.com\/pt\/#\/schema\/logo\/image\/\"},\"sameAs\":[\"https:\/\/www.facebook.com\/profile.php?id=61560913657184\",\"https:\/\/x.com\/huangpai688\",\"https:\/\/www.youtube.com\/@RoyalPrideFurniture\",\"https:\/\/www.pinterest.com\/pin\/890235051338475626\/\",\"https:\/\/www.tiktok.com\/@ryalprideofficefurniture\"]}]}<\/script>\n<!-- \/ Yoast SEO Premium plugin. -->","yoast_head_json":{"title":"-Classic Modern Luxury Wooden Melamine Working Office Furniture","description":"We specialize in the production and customization of office desks, meeting table, boss's table, office chair, filing cabinet, reception desk, and so on.","robots":{"index":"index","follow":"follow","max-snippet":"max-snippet:-1","max-image-preview":"max-image-preview:large","max-video-preview":"max-video-preview:-1"},"canonical":"https:\/\/govtfurniture.com\/vi\/san-pham\/hot-selling-modern-office-l-shaped-boss-desks-modern-executive-desk-office-table-design-office-table-\u590d\u5236\/","og_locale":"vi_VN","og_type":"article","og_title":"New Design Classic Modern Luxury Wooden Melamine Working Office Furniture L Shape Director Manager CEO Executive Office Desk","og_description":"We specialize in the production and customization of office desks, meeting table, boss's table, office chair, filing cabinet, reception desk, and so on.","og_url":"https:\/\/govtfurniture.com\/vi\/san-pham\/hot-selling-modern-office-l-shaped-boss-desks-modern-executive-desk-office-table-design-office-table-\u590d\u5236\/","og_site_name":"ROYAL PRIDE Furniture Co., Ltd. Global Government Furniture Manufacturing","article_publisher":"https:\/\/www.facebook.com\/profile.php?id=61560913657184","article_modified_time":"2024-09-04T03:23:10+00:00","og_image":[{"width":1000,"height":1000,"url":"https:\/\/govtfurniture.com\/wp-content\/uploads\/2024\/09\/\u672a\u6765\u4e3b\u56fe-541.webp","type":"image\/webp"}],"twitter_card":"summary_large_image","twitter_site":"@huangpai688","twitter_misc":{"\u01af\u1edbc t\u00ednh th\u1eddi gian \u0111\u1ecdc":"2 ph\u00fat"},"schema":{"@context":"https:\/\/schema.org","@graph":[{"@type":"WebPage","@id":"https:\/\/govtfurniture.com\/product\/hot-selling-modern-office-l-shaped-boss-desks-modern-executive-desk-office-table-design-office-table-%e5%a4%8d%e5%88%b6\/","url":"https:\/\/govtfurniture.com\/product\/hot-selling-modern-office-l-shaped-boss-desks-modern-executive-desk-office-table-design-office-table-%e5%a4%8d%e5%88%b6\/","name":"-Classic Modern Luxury Wooden Melamine Working Office Furniture","isPartOf":{"@id":"https:\/\/govtfurniture.com\/pt\/#website"},"primaryImageOfPage":{"@id":"https:\/\/govtfurniture.com\/product\/hot-selling-modern-office-l-shaped-boss-desks-modern-executive-desk-office-table-design-office-table-%e5%a4%8d%e5%88%b6\/#primaryimage"},"image":{"@id":"https:\/\/govtfurniture.com\/product\/hot-selling-modern-office-l-shaped-boss-desks-modern-executive-desk-office-table-design-office-table-%e5%a4%8d%e5%88%b6\/#primaryimage"},"thumbnailUrl":"https:\/\/govtfurniture.com\/wp-content\/uploads\/2024\/09\/\u672a\u6765\u4e3b\u56fe-541.webp","datePublished":"2024-09-04T03:14:41+00:00","dateModified":"2024-09-04T03:23:10+00:00","description":"We specialize in the production and customization of office desks, meeting table, boss's table, office chair, filing cabinet, reception desk, and so on.","breadcrumb":{"@id":"https:\/\/govtfurniture.com\/product\/hot-selling-modern-office-l-shaped-boss-desks-modern-executive-desk-office-table-design-office-table-%e5%a4%8d%e5%88%b6\/#breadcrumb"},"inLanguage":"vi","potentialAction":[{"@type":"ReadAction","target":["https:\/\/govtfurniture.com\/product\/hot-selling-modern-office-l-shaped-boss-desks-modern-executive-desk-office-table-design-office-table-%e5%a4%8d%e5%88%b6\/"]}]},{"@type":"ImageObject","inLanguage":"vi","@id":"https:\/\/govtfurniture.com\/product\/hot-selling-modern-office-l-shaped-boss-desks-modern-executive-desk-office-table-design-office-table-%e5%a4%8d%e5%88%b6\/#primaryimage","url":"https:\/\/govtfurniture.com\/wp-content\/uploads\/2024\/09\/\u672a\u6765\u4e3b\u56fe-541.webp","contentUrl":"https:\/\/govtfurniture.com\/wp-content\/uploads\/2024\/09\/\u672a\u6765\u4e3b\u56fe-541.webp","width":1000,"height":1000,"caption":"\u672a\u6765\u4e3b\u56fe (54)~1"},{"@type":"BreadcrumbList","@id":"https:\/\/govtfurniture.com\/product\/hot-selling-modern-office-l-shaped-boss-desks-modern-executive-desk-office-table-design-office-table-%e5%a4%8d%e5%88%b6\/#breadcrumb","itemListElement":[{"@type":"ListItem","position":1,"name":"\u9996\u9875","item":"https:\/\/govtfurniture.com\/"},{"@type":"ListItem","position":2,"name":"Product","item":"https:\/\/govtfurniture.com\/shop\/"},{"@type":"ListItem","position":3,"name":"New Design Classic Modern Luxury Wooden Melamine Working Office Furniture L Shape Director Manager CEO Executive Office Desk"}]},{"@type":"WebSite","@id":"https:\/\/govtfurniture.com\/pt\/#website","url":"https:\/\/govtfurniture.com\/pt\/","name":"ROYAL PRIDE Furniture Co., Ltd.","description":"Government furniture customization Creating environmentally friendly, healthy and comfortable furniture products","publisher":{"@id":"https:\/\/govtfurniture.com\/pt\/#organization"},"alternateName":"huangpai Furniture","potentialAction":[{"@type":"SearchAction","target":{"@type":"EntryPoint","urlTemplate":"https:\/\/govtfurniture.com\/pt\/?s={search_term_string}"},"query-input":{"@type":"PropertyValueSpecification","valueRequired":true,"valueName":"search_term_string"}}],"inLanguage":"vi"},{"@type":"Organization","@id":"https:\/\/govtfurniture.com\/pt\/#organization","name":"ROYAL PRIDE Furniture Co., Ltd.","url":"https:\/\/govtfurniture.com\/pt\/","logo":{"@type":"ImageObject","inLanguage":"vi","@id":"https:\/\/govtfurniture.com\/pt\/#\/schema\/logo\/image\/","url":"https:\/\/govtfurniture.com\/wp-content\/uploads\/2024\/07\/logo3.jpg","contentUrl":"https:\/\/govtfurniture.com\/wp-content\/uploads\/2024\/07\/logo3.jpg","width":512,"height":512,"caption":"ROYAL PRIDE Furniture Co., Ltd."},"image":{"@id":"https:\/\/govtfurniture.com\/pt\/#\/schema\/logo\/image\/"},"sameAs":["https:\/\/www.facebook.com\/profile.php?id=61560913657184","https:\/\/x.com\/huangpai688","https:\/\/www.youtube.com\/@RoyalPrideFurniture","https:\/\/www.pinterest.com\/pin\/890235051338475626\/","https:\/\/www.tiktok.com\/@ryalprideofficefurniture"]}]}},"_links":{"self":[{"href":"https:\/\/govtfurniture.com\/vi\/wp-json\/wp\/v2\/product\/11431","targetHints":{"allow":["GET"]}}],"collection":[{"href":"https:\/\/govtfurniture.com\/vi\/wp-json\/wp\/v2\/product"}],"about":[{"href":"https:\/\/govtfurniture.com\/vi\/wp-json\/wp\/v2\/types\/product"}],"replies":[{"embeddable":true,"href":"https:\/\/govtfurniture.com\/vi\/wp-json\/wp\/v2\/comments?post=11431"}],"version-history":[{"count":5,"href":"https:\/\/govtfurniture.com\/vi\/wp-json\/wp\/v2\/product\/11431\/revisions"}],"predecessor-version":[{"id":11445,"href":"https:\/\/govtfurniture.com\/vi\/wp-json\/wp\/v2\/product\/11431\/revisions\/11445"}],"wp:featuredmedia":[{"embeddable":true,"href":"https:\/\/govtfurniture.com\/vi\/wp-json\/wp\/v2\/media\/11433"}],"wp:attachment":[{"href":"https:\/\/govtfurniture.com\/vi\/wp-json\/wp\/v2\/media?parent=11431"}],"wp:term":[{"taxonomy":"product_brand","embeddable":true,"href":"https:\/\/govtfurniture.com\/vi\/wp-json\/wp\/v2\/product_brand?post=11431"},{"taxonomy":"product_cat","embeddable":true,"href":"https:\/\/govtfurniture.com\/vi\/wp-json\/wp\/v2\/product_cat?post=11431"},{"taxonomy":"product_tag","embeddable":true,"href":"https:\/\/govtfurniture.com\/vi\/wp-json\/wp\/v2\/product_tag?post=11431"}],"curies":[{"name":"wp","href":"https:\/\/api.w.org\/{rel}","templated":true}]}}